{"id":10596,"date":"2021-10-22T18:33:08","date_gmt":"2021-10-22T16:33:08","guid":{"rendered":"https:\/\/dialozi.uni-plovdiv.bg\/?page_id=10596"},"modified":"2022-08-29T15:24:04","modified_gmt":"2022-08-29T13:24:04","slug":"%d0%ba%d0%bd%d0%b8%d0%b6%d0%ba%d0%b0-28-2021","status":"publish","type":"page","link":"https:\/\/dialozi.uni-plovdiv.bg\/?page_id=10596","title":{"rendered":"\u041a\u043d\u0438\u0436\u043a\u0430 28, 2021"},"content":{"rendered":"<div class=\"wp-block-media-text alignwide is-stacked-on-mobile is-vertically-aligned-bottom\"><figure class=\"wp-block-media-text__media\"><a href=\"https:\/\/dialozi.uni-plovdiv.bg\/?attachment_id=10599\"><img loading=\"lazy\" decoding=\"async\" width=\"374\" height=\"500\" src=\"https:\/\/dialozi.uni-plovdiv.bg\/wp-content\/uploads\/2021\/10\/SD_28_cover-500-1.jpg\" alt=\"\" class=\"wp-image-10599 size-full\" srcset=\"https:\/\/dialozi.uni-plovdiv.bg\/wp-content\/uploads\/2021\/10\/SD_28_cover-500-1.jpg 374w, https:\/\/dialozi.uni-plovdiv.bg\/wp-content\/uploads\/2021\/10\/SD_28_cover-500-1-224x300.jpg 224w\" sizes=\"auto, (max-width: 374px) 100vw, 374px\" \/><\/a><\/figure><div class=\"wp-block-media-text__content\">\n<h5>\u041d\u0430 \u043a\u043e\u0440\u0438\u0446\u0430\u0442\u0430: \u042f\u0440\u043e\u0441\u043b\u0430\u0432 \u0421\u0430\u0439\u0444\u0435\u0440\u0442 (\u0444\u043e\u0442\u043e\u0433\u0440\u0430\u0444\u0438\u0438)<\/h5>\n<\/div><\/div>\n\n\n\n<div class=\"wp-block-file\"><a href=\"https:\/\/dialozi.uni-plovdiv.bg\/wp-content\/uploads\/2021\/12\/Slavyanski_dialozi_2021_28.pdf\">Slavyanski_dialozi_2021_28<\/a><a href=\"https:\/\/dialozi.uni-plovdiv.bg\/wp-content\/uploads\/2021\/12\/Slavyanski_dialozi_2021_28.pdf\" class=\"wp-block-file__button\" download>\u0418\u0437\u0442\u0435\u0433\u043b\u044f\u043d\u0435<\/a><\/div>\n\n\n<h2><br \/>\u00a0 <span style=\"color: #000000;\">\u0422\u0435\u043c\u0430 \u043d\u0430 \u0431\u0440\u043e\u044f: <span class=\"has-inline-color has-vivid-red-color\" style=\"color: #008080;\">\u042f\u0420\u041e\u0421\u041b\u0410\u0412 \u0421\u0410\u0419\u0424\u0415\u0420\u0422 (1901 \u2013 1986)<\/span><\/span><\/h2>\n<p><em>\u00a0 <a href=\"https:\/\/dialozi.uni-plovdiv.bg\/?p=12565\"><strong>\u041a\u044a\u043c \u0447\u0438\u0442\u0430\u0442\u0435\u043b\u0438\u0442\u0435<\/strong><\/a><\/em><\/p>\n<h4>\u00a0 \u041b\u0418\u0422\u0415\u0420\u0410\u0422\u0423\u0420\u041e\u0417\u041d\u0410\u041d\u0418\u0415<\/h4>\n<p><strong><a href=\"https:\/\/dialozi.uni-plovdiv.bg\/?page_id=4623\">\u0416\u043e\u0440\u0436\u0435\u0442\u0430 \u0427\u043e\u043b\u0430\u043a\u043e\u0432\u0430<\/a> (\u041f\u043b\u043e\u0432\u0434\u0438\u0432)<\/strong><br \/><a href=\"https:\/\/dialozi.uni-plovdiv.bg\/?p=11321\">\u042f\u0440\u043e\u0441\u043b\u0430\u0432 \u0421\u0430\u0439\u0444\u0435\u0440\u0442 \u2013 \u0432\u044a\u043f\u043b\u044a\u0442\u0435\u043d\u043e\u0442\u043e \u0441\u043b\u043e\u0432\u043e \u043d\u0430 \u043f\u043e\u0435\u0437\u0438\u044f\u0442\u0430<\/a><\/p>\n<p><strong><a href=\"https:\/\/dialozi.uni-plovdiv.bg\/?page_id=10992\">\u0418\u0440\u0436\u0438 \u041e\u043f\u0435\u043b\u0438\u043a<\/a> (\u041f\u0440\u0430\u0433\u0430)<\/strong><br \/><a href=\"https:\/\/dialozi.uni-plovdiv.bg\/?p=11302\">\u0410\u043d\u0433\u0435\u043b\u0438\u0442\u0435 \u043d\u0430 \u042f\u0440\u043e\u0441\u043b\u0430\u0432 \u0421\u0430\u0439\u0444\u0435\u0440\u0442<\/a><br \/>\u041f\u0440\u0435\u0432\u043e\u0434 \u043e\u0442 \u0447\u0435\u0448\u043a\u0438:<a href=\"https:\/\/dialozi.uni-plovdiv.bg\/?page_id=4643\"> \u0420\u0430\u0434\u043e\u0441\u0442 \u0416\u0435\u043b\u0435\u0437\u0430\u0440\u043e\u0432\u0430<\/a><\/p>\n<p><strong><a href=\"https:\/\/dialozi.uni-plovdiv.bg\/?page_id=11019\">\u0414\u0436\u043e\u043d\u0430\u0442\u0430\u043d \u0411\u043e\u043b\u0442\u044a\u043d<\/a> (\u0425\u0430\u0440\u0432\u0430\u0440\u0434)<\/strong><br \/><a href=\"https:\/\/dialozi.uni-plovdiv.bg\/?p=11273\">\u0415\u043b\u0435\u0433\u0438\u0438 \u043e\u0431\u0449\u0435\u0441\u0442\u0432\u0435\u043d\u0438 \u0438 \u043b\u0438\u0447\u043d\u0438. \u041c\u0435\u043b\u0430\u043d\u0445\u043e\u043b\u0438\u044f\u0442\u0430 \u043f\u0440\u0438 \u0421\u0430\u0439\u0444\u0435\u0440\u0442, \u041e\u0440\u0442\u0435\u043d \u0438 \u0411\u043b\u0430\u0442\u043d\u0438<\/a><br \/>\u041f\u0440\u0435\u0432\u043e\u0434 \u043e\u0442 \u0447\u0435\u0448\u043a\u0438: <a href=\"https:\/\/dialozi.uni-plovdiv.bg\/?page_id=11034\">\u041c\u0438\u0445\u0430\u0435\u043b\u0430 \u041a\u0443\u0437\u043c\u043e\u0432\u0430<\/a><\/p>\n<p><strong><a href=\"https:\/\/dialozi.uni-plovdiv.bg\/?page_id=4803\">\u0421\u0432\u0430\u0442\u0430\u0432\u0430 \u0423\u0440\u0431\u0430\u043d\u043e\u0432\u0430<\/a> (\u041e\u0441\u0442\u0440\u0430\u0432\u0430)<\/strong><br \/><a href=\"https:\/\/dialozi.uni-plovdiv.bg\/?p=11228\">\u0422\u0432\u043e\u0440\u0447\u0435\u0441\u0442\u0432\u043e\u0442\u043e \u043d\u0430 \u042f\u0440\u043e\u0441\u043b\u0430\u0432 \u0421\u0430\u0439\u0444\u0435\u0440\u0442 \u2013 \u0432\u0434\u044a\u0445\u043d\u043e\u0432\u0435\u043d\u043e \u043e\u0442 \u0445\u0443\u0434\u043e\u0436\u043d\u0438\u0446\u0438 \u0438 \u0432\u0434\u044a\u0445\u043d\u043e\u0432\u0435\u043d\u0438\u0435 \u0437\u0430 \u0445\u0443\u0434\u043e\u0436\u043d\u0438\u0446\u0438<\/a> <br \/>\u041f\u0440\u0435\u0432\u043e\u0434 \u043e\u0442 \u0447\u0435\u0448\u043a\u0438: <a href=\"https:\/\/dialozi.uni-plovdiv.bg\/?page_id=4805\">\u041a\u0430\u0442\u0435\u0440\u0438\u043d\u0430 \u0422\u043e\u043c\u043e\u0432\u0430<\/a><\/p>\n<p><strong><a href=\"https:\/\/dialozi.uni-plovdiv.bg\/?page_id=4845\">\u0414\u0430\u0440\u0438\u043d\u0430 \u0414\u043e\u043d\u0447\u0435\u0432\u0430<\/a> (\u041f\u043b\u043e\u0432\u0434\u0438\u0432)<\/strong><br \/><a href=\"https:\/\/dialozi.uni-plovdiv.bg\/?p=11184\">\u0422\u0432\u043e\u0440\u0447\u0435\u0441\u0442\u0432\u043e\u0442\u043e \u043d\u0430 \u042f\u0440\u043e\u0441\u043b\u0430\u0432 \u0421\u0430\u0439\u0444\u0435\u0440\u0442 \u0432 \u043f\u0440\u0435\u0432\u043e\u0434 \u043d\u0430 \u0441\u0440\u044a\u0431\u0441\u043a\u0438 \u0438 \u0445\u044a\u0440\u0432\u0430\u0442\u0441\u043a\u0438 \u0435\u0437\u0438\u043a<\/a><\/p>\n<h4>\u00a0 \u0415\u0421\u0415\u0418\u0421\u0422\u0418\u041a\u0410<\/h4>\n<p><strong>\u041c\u0438\u043b\u0430\u043d \u041a\u0443\u043d\u0434\u0435\u0440\u0430<\/strong><br \/><a href=\"https:\/\/dialozi.uni-plovdiv.bg\/?p=12174\">\u0411\u044f\u0445\u0430 \u043f\u0435\u0442\u0438\u043c\u0430<\/a><br \/>\u041f\u0440\u0435\u0432\u043e\u0434 \u043e\u0442 \u0447\u0435\u0448\u043a\u0438: <a href=\"https:\/\/dialozi.uni-plovdiv.bg\/?page_id=4623\">\u0416\u043e\u0440\u0436\u0435\u0442\u0430 \u0427\u043e\u043b\u0430\u043a\u043e\u0432\u0430<\/a><\/p>\n<p><strong>\u041f\u0430\u0432\u0435\u043b \u041a\u043e\u0445\u043e\u0443\u0442<\/strong><br \/><a href=\"https:\/\/dialozi.uni-plovdiv.bg\/?p=12182\">\u041a\u043e\u0440\u043e\u043d\u0430\u0446\u0438\u044f<\/a><br \/>\u041f\u0440\u0435\u0432\u043e\u0434 \u043e\u0442 \u0447\u0435\u0448\u043a\u0438: <a href=\"https:\/\/dialozi.uni-plovdiv.bg\/?page_id=4623\">\u0416\u043e\u0440\u0436\u0435\u0442\u0430 \u0427\u043e\u043b\u0430\u043a\u043e\u0432\u0430<\/a><\/p>\n<p><strong>\u0412\u0430\u0446\u043b\u0430\u0432 \u0425\u0430\u0432\u0435\u043b<\/strong><br \/><a href=\"https:\/\/dialozi.uni-plovdiv.bg\/?p=12187\">\u041f\u0438\u0441\u043c\u043e \u0434\u043e \u042f\u0440\u043e\u0441\u043b\u0430\u0432 \u0421\u0430\u0439\u0444\u0435\u0440\u0442 <\/a><br \/>\u041f\u043e\u0447\u0438\u043d\u0430 \u042f\u0440\u043e\u0441\u043b\u0430\u0432 \u0421\u0430\u0439\u0444\u0435\u0440\u0442 <br \/>\u041f\u0440\u0435\u0432\u043e\u0434 \u043e\u0442 \u0447\u0435\u0448\u043a\u0438: <a href=\"https:\/\/dialozi.uni-plovdiv.bg\/?page_id=11338\">\u041c\u0430\u0440\u0438\u044f \u041b\u043e\u043b\u043e\u0432\u0430<\/a><\/p>\n<h4>\u00a0 \u041f\u0420\u0415\u0412\u041e\u0414\u0410\u0427\u0415\u0421\u041a\u0418 \u0420\u0410\u041a\u0423\u0420\u0421\u0418<\/h4>\n<p><a href=\"https:\/\/dialozi.uni-plovdiv.bg\/?p=12552\">\u041f\u043e\u0435\u0437\u0438\u044f\u0442\u0430 \u043d\u0430 \u042f\u0440\u043e\u0441\u043b\u0430\u0432 \u0421\u0430\u0439\u0444\u0435\u0440\u0442 \u0432 \u043f\u0440\u0435\u0432\u043e\u0434 \u043d\u0430 \u0441\u043b\u0430\u0432\u044f\u043d\u0441\u043a\u0438 \u0435\u0437\u0438\u0446\u0438<\/a> <br \/>(<a href=\"https:\/\/dialozi.uni-plovdiv.bg\/?page_id=4623\">\u0416\u043e\u0440\u0436\u0435\u0442\u0430 \u0427\u043e\u043b\u0430\u043a\u043e\u0432\u0430<\/a>)<\/p>\n<p><strong>\u042f\u0440\u043e\u0441\u043b\u0430\u0432 \u0421\u0430\u0439\u0444\u0435\u0440\u0442. \u0421\u0442\u0438\u0445\u043e\u0442\u0432\u043e\u0440\u0435\u043d\u0438\u044f<\/strong><br \/><a href=\"https:\/\/dialozi.uni-plovdiv.bg\/?p=12190\"><em>B\u00e1se\u0148 nejpokorn\u011bj\u0161\u00ed\/\u041d\u0430\u0439-\u043f\u043e\u043a\u043e\u0440\u043d\u043e \u0441\u0442\u0438\u0445\u043e\u0442\u0432\u043e\u0440\u0435\u043d\u0438\u0435<\/em><\/a> <br \/>\u041f\u0440\u0435\u0432\u043e\u0434 \u043d\u0430 \u0431\u044a\u043b\u0433\u0430\u0440\u0441\u043a\u0438: \u0412\u044a\u0442\u044c\u043e \u0420\u0430\u043a\u043e\u0432\u0441\u043a\u0438 <br \/>\u041f\u0440\u0435\u0432\u043e\u0434 \u043d\u0430 \u043f\u043e\u043b\u0441\u043a\u0438: \u0410\u0434\u0430\u043c \u0412\u043b\u043e\u0434\u0435\u043a <br \/>\u041f\u0440\u0435\u0432\u043e\u0434 \u043d\u0430 \u0440\u0443\u0441\u043a\u0438: \u042e\u0440\u0438\u0439 \u041a\u0443\u0437\u043d\u0435\u0446\u043e\u0432<\/p>\n<p><a href=\"https:\/\/dialozi.uni-plovdiv.bg\/?p=12190\"><em>\u017d\u00e1rovka\/\u0415\u043b\u0435\u043a\u0442\u0440\u0438\u0447\u0435\u0441\u043a\u0430\u0442\u0430 \u043a\u0440\u0443\u0448\u043a\u0430<\/em><\/a> <br \/>\u041f\u0440\u0435\u0432\u043e\u0434 \u043d\u0430 \u0431\u044a\u043b\u0433\u0430\u0440\u0441\u043a\u0438: \u0412\u044a\u0442\u044c\u043e \u0420\u0430\u043a\u043e\u0432\u0441\u043a\u0438<br \/>\u041f\u0440\u0435\u0432\u043e\u0434 \u043d\u0430 \u043f\u043e\u043b\u0441\u043a\u0438: \u0410\u0434\u0430\u043c \u0412\u043b\u043e\u0434\u0435\u043a\u00a0 <br \/>\u041f\u0440\u0435\u0432\u043e\u0434 \u043d\u0430 \u0440\u0443\u0441\u043a\u0438: \u042e\u0440\u0438\u0439 \u041a\u0443\u0437\u043d\u0435\u0446\u043e\u0432<\/p>\n<p><a href=\"https:\/\/dialozi.uni-plovdiv.bg\/?p=12212\"><em>V\u0161ecky kr\u00e1sy sv\u011bta\/\u0426\u044f\u043b\u0430\u0442\u0430 \u043a\u0440\u0430\u0441\u043e\u0442\u0430 \u043d\u0430 \u0442\u043e\u0437\u0438 \u0441\u0432\u044f\u0442<\/em><\/a> <br \/>\u041f\u0440\u0435\u0432\u043e\u0434 \u043d\u0430 \u0431\u044a\u043b\u0433\u0430\u0440\u0441\u043a\u0438: \u0412\u044a\u0442\u044c\u043e \u0420\u0430\u043a\u043e\u0432\u0441\u043a\u0438 <br \/>\u041f\u0440\u0435\u0432\u043e\u0434 \u043d\u0430 \u043f\u043e\u043b\u0441\u043a\u0438: \u0410\u0434\u0430\u043c \u0412\u043b\u043e\u0434\u0435\u043a<br \/>\u041f\u0440\u0435\u0432\u043e\u0434 \u043d\u0430 \u0440\u0443\u0441\u043a\u0438: \u042e\u0440\u0438\u0439 \u041a\u0443\u0437\u043d\u0435\u0446\u043e\u0432 <br \/>\u041f\u0440\u0435\u0432\u043e\u0434 \u043d\u0430 \u0441\u0440\u044a\u0431\u0441\u043a\u0438: \u042f\u0440\u0430 \u0420\u0438\u0431\u043d\u0438\u043a\u0430\u0440 \u0438 \u0418\u0432\u0430\u043d \u0412. \u041b\u0430\u043b\u0438\u0447<\/p>\n<p><a href=\"https:\/\/dialozi.uni-plovdiv.bg\/?p=12219\"><em>P\u00edse\u0148 o d\u00edvk\u00e1ch\/\u041f\u0435\u0441\u0435\u043d \u0437\u0430 \u0434\u0435\u0432\u043e\u0439\u043a\u0438\u0442\u0435<\/em><\/a> <br \/>\u041f\u0440\u0435\u0432\u043e\u0434 \u043d\u0430 \u0431\u044a\u043b\u0433\u0430\u0440\u0441\u043a\u0438: \u0412\u044a\u0442\u044c\u043e \u0420\u0430\u043a\u043e\u0432\u0441\u043a\u0438 <br \/>\u041f\u0440\u0435\u0432\u043e\u0434 \u043d\u0430 \u043f\u043e\u043b\u0441\u043a\u0438: \u0410\u0434\u0430\u043c \u0412\u043b\u043e\u0434\u0435\u043a<br \/>\u041f\u0440\u0435\u0432\u043e\u0434 \u043d\u0430 \u0440\u0443\u0441\u043a\u0438: \u042e\u0440\u0438\u0439 \u041a\u0443\u0437\u043d\u0435\u0446\u043e\u0432<\/p>\n<p><a href=\"https:\/\/dialozi.uni-plovdiv.bg\/?p=12221\"><em>Halleyova kometa\/\u0425\u0430\u043b\u0435\u0435\u0432\u0430 \u043a\u043e\u043c\u0435\u0442\u0430<\/em><\/a><br \/>\u041f\u0440\u0435\u0432\u043e\u0434 \u043d\u0430 \u0431\u044a\u043b\u0433\u0430\u0440\u0441\u043a\u0438: \u0416\u043e\u0440\u0436\u0435\u0442\u0430 \u0427\u043e\u043b\u0430\u043a\u043e\u0432\u0430<br \/>\u041f\u0440\u0435\u0432\u043e\u0434 \u043d\u0430 \u043f\u043e\u043b\u0441\u043a\u0438: \u042e\u0437\u0435\u0444 \u0412\u0430\u0447\u043a\u043e\u0432<br \/>\u041f\u0440\u0435\u0432\u043e\u0434 \u043d\u0430 \u0441\u0440\u044a\u0431\u0441\u043a\u0438: \u042f\u0440\u0430 \u0420\u0438\u0431\u043d\u0438\u043a\u0430\u0440 \u0438 \u0418\u0432\u0430\u043d \u0412. \u041b\u0430\u043b\u0438\u0447<\/p>\n<p><a href=\"https:\/\/dialozi.uni-plovdiv.bg\/?p=12225\"><em>Kan\u00e1lsk\u00e1 zahrada\/\u0413\u0440\u0430\u0434\u0438\u043d\u0430\u0442\u0430 \u043d\u0430 \u041a\u0430\u043d\u0430\u043b\u0430<\/em><\/a><br \/>\u041f\u0440\u0435\u0432\u043e\u0434 \u043d\u0430 \u0431\u044a\u043b\u0433\u0430\u0440\u0441\u043a\u0438: \u0412\u044a\u0442\u044c\u043e \u0420\u0430\u043a\u043e\u0432\u0441\u043a\u0438 <br \/>\u041f\u0440\u0435\u0432\u043e\u0434 \u043d\u0430 \u043f\u043e\u043b\u0441\u043a\u0438: \u041b\u0435\u0448\u0435\u043a \u0415\u043d\u0433\u0435\u043b\u043a\u0438\u043d\u0433 <br \/>\u041f\u0440\u0435\u0432\u043e\u0434 \u043d\u0430 \u0441\u0440\u044a\u0431\u0441\u043a\u0438: \u0410\u043b\u0435\u043a\u0441\u0430\u043d\u0434\u0430\u0440 \u0418\u043b\u0438\u0447<\/p>\n<p><a href=\"https:\/\/dialozi.uni-plovdiv.bg\/?p=12228\"><em>K\u0159ik stra\u0161idel\/\u0412\u0438\u043a\u044a\u0442 \u043d\u0430 \u0441\u0442\u0440\u0430\u0448\u0438\u043b\u0438\u0449\u0430\u0442\u0430<\/em><\/a><br \/>\u041f\u0440\u0435\u0432\u043e\u0434 \u043d\u0430 \u0431\u044a\u043b\u0433\u0430\u0440\u0441\u043a\u0438: \u0412\u044a\u0442\u044c\u043e \u0420\u0430\u043a\u043e\u0432\u0441\u043a\u0438 <br \/>\u041f\u0440\u0435\u0432\u043e\u0434 \u043d\u0430 \u043f\u043e\u043b\u0441\u043a\u0438: \u0410\u0434\u0430\u043c \u0412\u043b\u043e\u0434\u0435\u043a<br \/>\u041f\u0440\u0435\u0432\u043e\u0434 \u043d\u0430 \u0441\u0440\u044a\u0431\u0441\u043a\u0438: \u0410\u043b\u0435\u043a\u0441\u0430\u043d\u0434\u0430\u0440 \u0418\u043b\u0438\u0447<\/p>\n<p><a href=\"https:\/\/dialozi.uni-plovdiv.bg\/?p=12231\"><em>De\u0161tn\u00edk z Piccadilly\/\u0427\u0430\u0434\u044a\u0440 \u043e\u0442 \u041f\u0438\u043a\u0430\u0434\u0438\u043b\u0438<\/em><\/a><br \/>\u041f\u0440\u0435\u0432\u043e\u0434 \u043d\u0430 \u0431\u044a\u043b\u0433\u0430\u0440\u0441\u043a\u0438: \u0412\u044a\u0442\u044c\u043e \u0420\u0430\u043a\u043e\u0432\u0441\u043a\u0438<br \/>\u041f\u0440\u0435\u0432\u043e\u0434 \u043d\u0430 \u043f\u043e\u043b\u0441\u043a\u0438: \u041b\u0435\u0448\u0435\u043a \u0415\u043d\u0433\u0435\u043b\u043a\u0438\u043d\u0433<br \/>\u041f\u0440\u0435\u0432\u043e\u0434 \u043d\u0430 \u0441\u0440\u044a\u0431\u0441\u043a\u0438: \u042f\u0440\u0430 \u0420\u0438\u0431\u043d\u0438\u043a\u0430\u0440 \u0438 \u0418\u0432\u0430\u043d \u0412. \u041b\u0430\u043b\u0438\u0447<\/p>\n<p><a href=\"https:\/\/dialozi.uni-plovdiv.bg\/?p=12233\"><em>Z\u00e1pas s and\u011blem\/\u0411\u043e\u0439 \u0441 \u0430\u043d\u0433\u0435\u043b\u0430<\/em><\/a> <br \/>\u041f\u0440\u0435\u0432\u043e\u0434 \u043d\u0430 \u0431\u044a\u043b\u0433\u0430\u0440\u0441\u043a\u0438: \u0412\u044a\u0442\u044c\u043e \u0420\u0430\u043a\u043e\u0432\u0441\u043a\u0438 <br \/>\u041f\u0440\u0435\u0432\u043e\u0434 \u043d\u0430 \u043f\u043e\u043b\u0441\u043a\u0438: \u0410\u043d\u0434\u0436\u0435\u0439 \u0427\u0438\u0431\u043e\u0440-\u041f\u0438\u043e\u0442\u0440\u043e\u0432\u0441\u043a\u0438<br \/>\u041f\u0440\u0435\u0432\u043e\u0434 \u043d\u0430 \u0441\u0440\u044a\u0431\u0441\u043a\u0438: \u042f\u0440\u0430 \u0420\u0438\u0431\u043d\u0438\u043a\u0430\u0440 \u0438 \u0418\u0432\u0430\u043d \u0412. \u041b\u0430\u043b\u0438\u0447<\/p>\n<p><a href=\"https:\/\/dialozi.uni-plovdiv.bg\/?p=12236\"><em>B\u00fdti b\u00e1sn\u00edkem\/\u0414\u0430 \u0431\u044a\u0434\u0435\u0448 \u043f\u043e\u0435\u0442<\/em><\/a> <br \/>\u041f\u0440\u0435\u0432\u043e\u0434 \u043d\u0430 \u0431\u044a\u043b\u0433\u0430\u0440\u0441\u043a\u0438: \u0412\u044a\u0442\u044c\u043e \u0420\u0430\u043a\u043e\u0432\u0441\u043a\u0438<br \/>\u041f\u0440\u0435\u0432\u043e\u0434 \u043d\u0430 \u043f\u043e\u043b\u0441\u043a\u0438: \u041c\u0430\u0440\u0438\u0430\u043d \u0413\u0436\u0435\u0448\u0447\u0430\u043a<br \/>\u041f\u0440\u0435\u0432\u043e\u0434 \u043d\u0430 \u0440\u0443\u0441\u043a\u0438: \u041c\u0430\u0440\u0438\u044f \u041f\u0430\u0432\u043b\u043e\u0432\u0430<\/p>\n<h4>\u00a0 \u041d\u041e\u0412\u0418 \u041f\u0420\u0415\u0412\u041e\u0414\u0418<\/h4>\n<p><strong>\u042f\u0440\u043e\u043e\u0441\u043b\u0430\u0432 \u0421\u0430\u0439\u0444\u0435\u0440\u0442. \u041f\u043e\u0435\u0437\u0438\u044f \u0438 \u0435\u0441\u0435\u0438\u0441\u0442\u0438\u043a\u0430<\/strong> <br \/><a href=\"https:\/\/dialozi.uni-plovdiv.bg\/?p=12239\"><em>\u041f\u0435\u0441\u0435\u043d \u0437\u0430 <\/em><em>\u0431\u0443\u043a\u0432\u0430\u0440\u0430<\/em> (\u0421\u0442\u0438\u0445\u043e\u0442\u0432\u043e\u0440\u0435\u043d\u0438\u0435)<\/a> <br \/>\u041f\u0440\u0435\u0432\u043e\u0434 \u043e\u0442 \u0447\u0435\u0448\u043a\u0438: <a href=\"https:\/\/dialozi.uni-plovdiv.bg\/?page_id=4623\">\u0416\u043e\u0440\u0436\u0435\u0442\u0430 \u0427\u043e\u043b\u0430\u043a\u043e\u0432\u0430<\/a><\/p>\n<p><a href=\"https:\/\/dialozi.uni-plovdiv.bg\/?p=12253\"><em>\u201e\u0421\u0442\u0438\u0433\u0430 \u0441 \u0442\u043e\u0437\u0438 \u0412\u043e\u043b\u043a\u0435\u0440!\u201c<\/em> (\u0415\u0441\u0435)<\/a> <br \/>\u041f\u0440\u0435\u0432\u043e\u0434 \u043e\u0442 \u0447\u0435\u0448\u043a\u0438: <a href=\"https:\/\/dialozi.uni-plovdiv.bg\/?page_id=4631\">\u0415\u043b\u0435\u043d\u0430 \u0421\u0435\u043c\u0435\u0440\u0434\u0436\u0438\u0435\u0432\u0430<\/a><\/p>\n<p><a href=\"https:\/\/dialozi.uni-plovdiv.bg\/?p=12260\"><em>\u0420\u0443\u0441\u043a\u0438 \u0431\u043b\u0438\u043d\u0438<\/em><\/a> (\u0415\u0441\u0435) <br \/>\u041f\u0440\u0435\u0432\u043e\u0434 \u043e\u0442 \u0447\u0435\u0448\u043a\u0438:<a href=\"https:\/\/dialozi.uni-plovdiv.bg\/?page_id=4574\"> \u0411\u043e\u0440\u0438\u0441\u043b\u0430\u0432 \u0411\u043e\u0440\u0438\u0441\u043e\u0432<\/a><\/p>\n<p><a href=\"https:\/\/dialozi.uni-plovdiv.bg\/?p=12257\"><em>\u041a\u0440\u0430\u0439 \u043b\u0435\u0445\u0430\u0442\u0430 \u0441 \u043b\u0435\u0442\u043d\u0438\u0442\u0435 \u0430\u0441\u0442\u0440\u0438<\/em><\/a> (\u0415\u0441\u0435) <br \/>\u041f\u0440\u0435\u0432\u043e\u0434 \u043e\u0442 \u0447\u0435\u0448\u043a\u0438: <a href=\"https:\/\/dialozi.uni-plovdiv.bg\/?page_id=4631\">\u0415\u043b\u0435\u043d\u0430 \u0421\u0435\u043c\u0435\u0440\u0434\u0436\u0438\u0435\u0432\u0430<\/a><\/p>\n<p><a href=\"https:\/\/dialozi.uni-plovdiv.bg\/?p=12267\"><em>\u041f\u044a\u0440\u0432\u0430\u0442\u0430 \u0442\u044a\u0433\u0430 \u043d\u0430 \u043f\u0440\u043e\u043b\u0435\u0442\u0442\u0430<\/em><\/a> (\u0415\u0441\u0435) <br \/>\u041f\u0440\u0435\u0432\u043e\u0434 \u043e\u0442 \u0447\u0435\u0448\u043a\u0438: <a href=\"https:\/\/dialozi.uni-plovdiv.bg\/?page_id=4574\">\u0411\u043e\u0440\u0438\u0441\u043b\u0430\u0432 \u0411\u043e\u0440\u0438\u0441\u043e\u0432<\/a><\/p>\n<p><a href=\"https:\/\/dialozi.uni-plovdiv.bg\/?p=12274\"><em>\u0411\u0435\u0437\u0432\u0435\u0442\u0440\u0438\u0435<\/em><\/a> (\u0421\u0442\u0438\u0445\u043e\u0442\u0432\u043e\u0440\u0435\u043d\u0438\u0435) <br \/>\u041f\u0440\u0435\u0432\u043e\u0434 \u043e\u0442 \u0447\u0435\u0448\u043a\u0438: <a href=\"https:\/\/dialozi.uni-plovdiv.bg\/?page_id=4623\">\u0416\u043e\u0440\u0436\u0435\u0442\u0430 \u0427\u043e\u043b\u0430\u043a\u043e\u0432\u0430<\/a><\/p>\n<p><a href=\"https:\/\/dialozi.uni-plovdiv.bg\/?p=12278\"><em>\u0427\u0435\u0442\u0438\u0440\u0438 \u0432\u044a\u0437\u0434\u0438\u0448\u043a\u0438 \u043f\u0440\u0438 \u0433\u0440\u043e\u0431\u0430 \u043d\u0430 \u043f\u043e\u0435\u0442\u0430<\/em><\/a> (\u0415\u0441\u0435) <br \/>\u041f\u0440\u0435\u0432\u043e\u0434 \u043e\u0442 \u0447\u0435\u0448\u043a\u0438: <a href=\"https:\/\/dialozi.uni-plovdiv.bg\/?page_id=11372\">\u0412\u0430\u0441\u0438\u043b \u0421\u0430\u043c\u043e\u043a\u043e\u0432\u043b\u0438\u0435\u0432<\/a><\/p>\n<p><a href=\"https:\/\/dialozi.uni-plovdiv.bg\/?p=12281\"><em>\u041a\u043b\u044e\u0447 \u0432 \u043f\u0440\u0435\u0441\u043f\u0430\u0442\u0430<\/em><\/a> (\u0415\u0441\u0435) <br \/>\u041f\u0440\u0435\u0432\u043e\u0434 \u043e\u0442 \u0447\u0435\u0448\u043a\u0438: <a href=\"https:\/\/dialozi.uni-plovdiv.bg\/?page_id=11372\">\u0412\u0430\u0441\u0438\u043b \u0421\u0430\u043c\u043e\u043a\u043e\u0432\u043b\u0438\u0435\u0432<\/a><\/p>\n<p><a href=\"https:\/\/dialozi.uni-plovdiv.bg\/?p=12271\"><em>\u0417\u0430\u0441\u043d\u0435\u0436\u0435\u043d\u0430 \u041f\u0440\u0430\u0433\u0430<\/em><\/a> (\u0415\u0441\u0435) <br \/>\u041f\u0440\u0435\u0432\u043e\u0434 \u043e\u0442 \u0447\u0435\u0448\u043a\u0438: <a href=\"https:\/\/dialozi.uni-plovdiv.bg\/?page_id=4574\">\u0411\u043e\u0440\u0438\u0441\u043b\u0430\u0432 \u0411\u043e\u0440\u0438\u0441\u043e\u0432<\/a><\/p>\n<h4>\u00a0 \u0410\u0412\u0422\u041e\u0420\u0418, \u041f\u0420\u0415\u0412\u041e\u0414\u0410\u0427\u0418, \u0420\u0415\u0414\u0410\u041a\u0422\u041e\u0420\u0418<\/h4>\n<h4>\u00a0 \u0421\u0422\u0410\u041d\u0414\u0410\u0420\u0422 \u0417\u0410 \u041e\u0424\u041e\u0420\u041c\u042f\u041d\u0415 \u041d\u0410 \u0422\u0415\u041a\u0421\u0422\u041e\u0412\u0415\u0422\u0415<\/h4>\n<h2><\/h4>\n<h2><\/h4>","protected":false},"excerpt":{"rendered":"\u041d\u0430 \u043a\u043e\u0440\u0438\u0446\u0430\u0442\u0430: \u042f\u0440\u043e\u0441\u043b\u0430\u0432 \u0421\u0430\u0439\u0444\u0435\u0440\u0442 (\u0444\u043e\u0442\u043e\u0433\u0440\u0430\u0444\u0438\u0438) \u00a0 \u0422\u0435\u043c\u0430 \u043d\u0430 \u0431\u0440\u043e\u044f: \u042f\u0420\u041e\u0421\u041b\u0410\u0412 \u0421\u0410\u0419\u0424\u0415\u0420\u0422 (1901 \u2013 1986) \u00a0 \u041a\u044a\u043c \u0447\u0438\u0442\u0430\u0442\u0435\u043b\u0438\u0442\u0435 \u00a0 \u041b\u0418\u0422\u0415\u0420\u0410\u0422\u0423\u0420\u041e\u0417\u041d\u0410\u041d\u0418\u0415 \u0416\u043e\u0440\u0436\u0435\u0442\u0430 \u0427\u043e\u043b\u0430\u043a\u043e\u0432\u0430 (\u041f\u043b\u043e\u0432\u0434\u0438\u0432)\u042f\u0440\u043e\u0441\u043b\u0430\u0432 \u0421\u0430\u0439\u0444\u0435\u0440\u0442 \u2013 \u0432\u044a\u043f\u043b\u044a\u0442\u0435\u043d\u043e\u0442\u043e \u0441\u043b\u043e\u0432\u043e \u043d\u0430 \u043f\u043e\u0435\u0437\u0438\u044f\u0442\u0430 \u0418\u0440\u0436\u0438 \u041e\u043f\u0435\u043b\u0438\u043a (\u041f\u0440\u0430\u0433\u0430)\u0410\u043d\u0433\u0435\u043b\u0438\u0442\u0435 \u043d\u0430 \u042f\u0440\u043e\u0441\u043b\u0430\u0432 \u0421\u0430\u0439\u0444\u0435\u0440\u0442\u041f\u0440\u0435\u0432\u043e\u0434 \u043e\u0442 \u0447\u0435\u0448\u043a\u0438: \u0420\u0430\u0434\u043e\u0441\u0442 \u0416\u0435\u043b\u0435\u0437\u0430\u0440\u043e\u0432\u0430 \u0414\u0436\u043e\u043d\u0430\u0442\u0430\u043d \u0411\u043e\u043b\u0442\u044a\u043d (\u0425\u0430\u0440\u0432\u0430\u0440\u0434)\u0415\u043b\u0435\u0433\u0438\u0438 \u043e\u0431\u0449\u0435\u0441\u0442\u0432\u0435\u043d\u0438 \u0438 \u043b\u0438\u0447\u043d\u0438. \u041c\u0435\u043b\u0430\u043d\u0445\u043e\u043b\u0438\u044f\u0442\u0430 \u043f\u0440\u0438 \u0421\u0430\u0439\u0444\u0435\u0440\u0442, \u041e\u0440\u0442\u0435\u043d \u0438 \u0411\u043b\u0430\u0442\u043d\u0438\u041f\u0440\u0435\u0432\u043e\u0434 \u043e\u0442 \u0447\u0435\u0448\u043a\u0438: \u041c\u0438\u0445\u0430\u0435\u043b\u0430 \u041a\u0443\u0437\u043c\u043e\u0432\u0430 \u0421\u0432\u0430\u0442\u0430\u0432\u0430 [&hellip;]","protected":false},"author":6,"featured_media":0,"parent":27,"menu_order":28,"comment_status":"closed","ping_status":"closed","template":"","meta":{"_acf_changed":false,"footnotes":""},"class_list":["post-10596","page","type-page","status-publish","hentry"],"acf":[],"_links":{"self":[{"href":"https:\/\/dialozi.uni-plovdiv.bg\/index.php?rest_route=\/wp\/v2\/pages\/10596","targetHints":{"allow":["GET"]}}],"collection":[{"href":"https:\/\/dialozi.uni-plovdiv.bg\/index.php?rest_route=\/wp\/v2\/pages"}],"about":[{"href":"https:\/\/dialozi.uni-plovdiv.bg\/index.php?rest_route=\/wp\/v2\/types\/page"}],"author":[{"embeddable":true,"href":"https:\/\/dialozi.uni-plovdiv.bg\/index.php?rest_route=\/wp\/v2\/users\/6"}],"replies":[{"embeddable":true,"href":"https:\/\/dialozi.uni-plovdiv.bg\/index.php?rest_route=%2Fwp%2Fv2%2Fcomments&post=10596"}],"version-history":[{"count":112,"href":"https:\/\/dialozi.uni-plovdiv.bg\/index.php?rest_route=\/wp\/v2\/pages\/10596\/revisions"}],"predecessor-version":[{"id":12997,"href":"https:\/\/dialozi.uni-plovdiv.bg\/index.php?rest_route=\/wp\/v2\/pages\/10596\/revisions\/12997"}],"up":[{"embeddable":true,"href":"https:\/\/dialozi.uni-plovdiv.bg\/index.php?rest_route=\/wp\/v2\/pages\/27"}],"wp:attachment":[{"href":"https:\/\/dialozi.uni-plovdiv.bg\/index.php?rest_route=%2Fwp%2Fv2%2Fmedia&parent=10596"}],"curies":[{"name":"wp","href":"https:\/\/api.w.org\/{rel}","templated":true}]}}