{"id":11034,"date":"2021-11-01T23:48:16","date_gmt":"2021-11-01T21:48:16","guid":{"rendered":"https:\/\/dialozi.uni-plovdiv.bg\/?page_id=11034"},"modified":"2022-01-18T21:25:43","modified_gmt":"2022-01-18T19:25:43","slug":"%d0%bc%d0%b8%d1%85%d0%b0%d0%b5%d0%bb%d0%b0-%d0%ba%d1%83%d0%b7%d0%bc%d0%be%d0%b2%d0%b0","status":"publish","type":"page","link":"https:\/\/dialozi.uni-plovdiv.bg\/?page_id=11034","title":{"rendered":"\u041c\u0438\u0445\u0430\u0435\u043b\u0430 \u041a\u0443\u0437\u043c\u043e\u0432\u0430"},"content":{"rendered":"<p>\u0413\u043b. \u0430\u0441. \u0434-\u0440 \u041c\u0438\u0445\u0430\u0435\u043b\u0430 \u041a\u0423\u0417\u041c\u041e\u0412\u0410 (kuzmovam@abv.bg) \u0435 \u0437\u0430\u0432\u044a\u0440\u0448\u0438\u043b\u0430 \u0441\u043f\u0435\u0446\u0438\u0430\u043b\u043d\u043e\u0441\u0442\u0442\u0430 \u201e \u0421\u043b\u0430\u0432\u044f\u043d\u0441\u043a\u0430 \u0444\u0438\u043b\u043e\u043b\u043e\u0433\u0438\u044f\u201c \u0432 \u0421\u0423 \u201e \u0421\u0432. \u041a\u043b\u0438\u043c\u0435\u043d\u0442 \u041e\u0445\u0440\u0438\u0434\u0441\u043a\u0438\u201c. \u0412 \u043f\u0435\u0440\u0438\u043e\u0434\u0430 1994 \u2013 2017 \u0433. \u0435 \u043f\u0440\u0435\u043f\u043e\u0434\u0430\u0432\u0430\u0442\u0435\u043b \u043f\u043e \u0447\u0435\u0448\u043a\u0438 \u0435\u0437\u0438\u043a \u0432\u044a\u0432 \u0424\u0438\u043b\u043e\u043b\u043e\u0433\u0438\u0447\u0435\u0441\u043a\u0438\u044f \u0444\u0430\u043a\u0443\u043b\u0442\u0435\u0442 \u043d\u0430 \u042e\u0417\u0423 \u201e\u041d\u0435\u043e\u0444\u0438\u0442 \u0420\u0438\u043b\u0441\u043a\u0438\u201c. \u041e\u0442 2020 \u0433. \u0435 \u0447\u043b\u0435\u043d \u043d\u0430 \u0421\u0435\u043a\u0446\u0438\u044f\u0442\u0430 \u0437\u0430 \u0431\u044a\u043b\u0433\u0430\u0440\u0441\u043a\u0430 \u043b\u0435\u043a\u0441\u0438\u043a\u043e\u043b\u043e\u0433\u0438\u044f \u0438 \u043b\u0435\u043a\u0441\u0438\u043a\u043e\u0433\u0440\u0430\u0444\u0438\u044f \u043a\u044a\u043c \u0418\u043d\u0441\u0442\u0438\u0442\u0443\u0442\u0430 \u0437\u0430 \u0431\u044a\u043b\u0433\u0430\u0440\u0441\u043a\u0438 \u0435\u0437\u0438\u043a \u201e\u041f\u0440\u043e\u0444. \u041b. \u0410\u043d\u0434\u0440\u0435\u0439\u0447\u0438\u043d\u201c \u043f\u0440\u0438 \u0411\u0410\u041d. \u041d\u0430\u0443\u0447\u043d\u0438\u0442\u0435 \u045d \u0438\u043d\u0442\u0435\u0440\u0435\u0441\u0438 \u0441\u0430 \u0432 \u043e\u0431\u043b\u0430\u0441\u0442\u0442\u0430 \u043d\u0430 \u043b\u0435\u043a\u0441\u0438\u043a\u043e\u043b\u043e\u0433\u0438\u044f\u0442\u0430, \u0444\u0440\u0430\u0437\u0435\u043e\u043b\u043e\u0433\u0438\u044f\u0442\u0430 \u0438 \u0440\u0435\u0447\u043d\u0438\u043a\u043e\u0432\u043e\u0442\u043e \u0434\u0435\u043b\u043e.<\/p>\n\n\n\n<h3 class=\"wp-block-heading\">\u0420\u0435\u0446\u0435\u043d\u0437\u0438\u0438<\/h3>\n\n\n\n<p><a href=\"https:\/\/dialozi.uni-plovdiv.bg\/?p=2634&amp;lang=bg\">Elena Krej\u010dov\u00e1. \u010cesko-bulharsk\u00fd a bulharsko-\u010desk\u00fd tematick\u00fd slovn\u00edk s \u00fakoly na procvi\u010dov\u00e1n\u00ed slovn\u00ed z\u00e1soby<\/a>. \/\/ <a href=\"https:\/\/dialozi.uni-plovdiv.bg\/?page_id=490\"><em>\u0421\u043b\u0430\u0432\u044f\u043d\u0441\u043a\u0438 \u0434\u0438\u0430\u043b\u043e\u0437\u0438<\/em>, XI, 2014, 15<\/a>.<\/p>\n\n\n\n<h3 class=\"wp-block-heading\">\u041f\u0440\u0435\u0432\u043e\u0434\u0438<\/h3>\n\n\n\n<p><a href=\"https:\/\/dialozi.uni-plovdiv.bg\/?p=11273\">\u0414\u0436\u043e\u043d\u0430\u0442\u0430\u043d \u0411\u043e\u043b\u0442\u044a\u043d (\u0425\u0430\u0440\u0432\u0430\u0440\u0434). \u0415\u043b\u0435\u0433\u0438\u0438 \u043e\u0431\u0449\u0435\u0441\u0442\u0432\u0435\u043d\u0438 \u0438 \u043b\u0438\u0447\u043d\u0438. \u041c\u0435\u043b\u0430\u043d\u0445\u043e\u043b\u0438\u044f\u0442\u0430 \u043f\u0440\u0438 \u0421\u0430\u0439\u0444\u0435\u0440\u0442, \u041e\u0440\u0442\u0435\u043d \u0438 \u0411\u043b\u0430\u0442\u043d\u0438.<\/a> \/\/ <em><a href=\"https:\/\/dialozi.uni-plovdiv.bg\/?page_id=10596\"><em>\u0421\u043b\u0430\u0432\u044f\u043d\u0441\u043a\u0438 \u0434\u0438\u0430\u043b\u043e\u0437\u0438<\/em><\/a><\/em><a href=\"https:\/\/dialozi.uni-plovdiv.bg\/?page_id=10596\">, XVIII, 2021, 28<\/a>, 38-58. <\/a><\/p>","protected":false},"excerpt":{"rendered":"\u0413\u043b. \u0430\u0441. \u0434-\u0440 \u041c\u0438\u0445\u0430\u0435\u043b\u0430 \u041a\u0423\u0417\u041c\u041e\u0412\u0410 (kuzmovam@abv.bg) \u0435 \u0437\u0430\u0432\u044a\u0440\u0448\u0438\u043b\u0430 \u0441\u043f\u0435\u0446\u0438\u0430\u043b\u043d\u043e\u0441\u0442\u0442\u0430 \u201e \u0421\u043b\u0430\u0432\u044f\u043d\u0441\u043a\u0430 \u0444\u0438\u043b\u043e\u043b\u043e\u0433\u0438\u044f\u201c \u0432 \u0421\u0423 \u201e \u0421\u0432. \u041a\u043b\u0438\u043c\u0435\u043d\u0442 \u041e\u0445\u0440\u0438\u0434\u0441\u043a\u0438\u201c. \u0412 \u043f\u0435\u0440\u0438\u043e\u0434\u0430 1994 \u2013 2017 \u0433. \u0435 \u043f\u0440\u0435\u043f\u043e\u0434\u0430\u0432\u0430\u0442\u0435\u043b \u043f\u043e \u0447\u0435\u0448\u043a\u0438 \u0435\u0437\u0438\u043a \u0432\u044a\u0432 \u0424\u0438\u043b\u043e\u043b\u043e\u0433\u0438\u0447\u0435\u0441\u043a\u0438\u044f \u0444\u0430\u043a\u0443\u043b\u0442\u0435\u0442 \u043d\u0430 \u042e\u0417\u0423 \u201e\u041d\u0435\u043e\u0444\u0438\u0442 \u0420\u0438\u043b\u0441\u043a\u0438\u201c. \u041e\u0442 2020 \u0433. \u0435 \u0447\u043b\u0435\u043d \u043d\u0430 \u0421\u0435\u043a\u0446\u0438\u044f\u0442\u0430 \u0437\u0430 \u0431\u044a\u043b\u0433\u0430\u0440\u0441\u043a\u0430 \u043b\u0435\u043a\u0441\u0438\u043a\u043e\u043b\u043e\u0433\u0438\u044f \u0438 \u043b\u0435\u043a\u0441\u0438\u043a\u043e\u0433\u0440\u0430\u0444\u0438\u044f \u043a\u044a\u043c \u0418\u043d\u0441\u0442\u0438\u0442\u0443\u0442\u0430 \u0437\u0430 \u0431\u044a\u043b\u0433\u0430\u0440\u0441\u043a\u0438 \u0435\u0437\u0438\u043a \u201e\u041f\u0440\u043e\u0444. \u041b. [&hellip;]","protected":false},"author":6,"featured_media":0,"parent":1597,"menu_order":0,"comment_status":"closed","ping_status":"closed","template":"","meta":{"_acf_changed":false,"footnotes":""},"class_list":["post-11034","page","type-page","status-publish","hentry"],"acf":[],"_links":{"self":[{"href":"https:\/\/dialozi.uni-plovdiv.bg\/index.php?rest_route=\/wp\/v2\/pages\/11034","targetHints":{"allow":["GET"]}}],"collection":[{"href":"https:\/\/dialozi.uni-plovdiv.bg\/index.php?rest_route=\/wp\/v2\/pages"}],"about":[{"href":"https:\/\/dialozi.uni-plovdiv.bg\/index.php?rest_route=\/wp\/v2\/types\/page"}],"author":[{"embeddable":true,"href":"https:\/\/dialozi.uni-plovdiv.bg\/index.php?rest_route=\/wp\/v2\/users\/6"}],"replies":[{"embeddable":true,"href":"https:\/\/dialozi.uni-plovdiv.bg\/index.php?rest_route=%2Fwp%2Fv2%2Fcomments&post=11034"}],"version-history":[{"count":17,"href":"https:\/\/dialozi.uni-plovdiv.bg\/index.php?rest_route=\/wp\/v2\/pages\/11034\/revisions"}],"predecessor-version":[{"id":13912,"href":"https:\/\/dialozi.uni-plovdiv.bg\/index.php?rest_route=\/wp\/v2\/pages\/11034\/revisions\/13912"}],"up":[{"embeddable":true,"href":"https:\/\/dialozi.uni-plovdiv.bg\/index.php?rest_route=\/wp\/v2\/pages\/1597"}],"wp:attachment":[{"href":"https:\/\/dialozi.uni-plovdiv.bg\/index.php?rest_route=%2Fwp%2Fv2%2Fmedia&parent=11034"}],"curies":[{"name":"wp","href":"https:\/\/api.w.org\/{rel}","templated":true}]}}