{"id":13633,"date":"2022-01-18T15:29:01","date_gmt":"2022-01-18T13:29:01","guid":{"rendered":"https:\/\/dialozi.uni-plovdiv.bg\/?page_id=13633"},"modified":"2024-05-11T15:59:37","modified_gmt":"2024-05-11T13:59:37","slug":"%d0%b5%d0%bb%d0%b5%d0%bd%d0%b0-%d0%ba%d1%80%d0%b5%d0%b9%d1%87%d0%be%d0%b2%d0%b0","status":"publish","type":"page","link":"https:\/\/dialozi.uni-plovdiv.bg\/?page_id=13633","title":{"rendered":"\u0415\u043b\u0435\u043d\u0430 \u041a\u0440\u0435\u0439\u0447\u043e\u0432\u0430"},"content":{"rendered":"<p>\u0414\u043e\u0446. \u0434-\u0440 \u0415\u043b\u0435\u043d\u0430\u00ad \u041a\u0440\u0435\u0439\u0447\u043e\u0432\u0430\u00ad (elena.krejcova@gmail.com)\u00ad \u0435\u00ad \u0447\u043b\u0435\u043d \u043d\u0430 \u00ad\u041a\u0430\u0442\u0435\u0434\u0440\u0430\u0442\u0430 \u00ad\u043f\u043e \u00ad\u0441\u043b\u0430\u0432\u0438\u0441\u0442\u0438\u043a\u0430 \u00ad\u043a\u044a\u043c\u00ad \u0424\u0438\u043b\u043e\u0441\u043e\u0444\u0441\u043a\u0438\u044f \u0444\u0430\u043a\u0443\u043b\u0442\u0435\u0442\u00ad \u043d\u0430\u00ad \u041c\u0430\u0441\u0430\u0440\u0438\u043a\u043e\u0432\u0438\u044f\u00ad \u0443\u043d\u0438\u0432\u0435\u0440\u0441\u0438\u0442\u0435\u0442,\u00ad \u0411\u044a\u0440\u043d\u043e,\u00ad \u0427\u0435\u0445\u0438\u044f. \u00ad\u041f\u0440\u0435\u043f\u043e\u0434\u0430\u0432\u0430\u0442\u0435\u043b \u00ad\u0435\u00ad \u043f\u043e\u00ad \u043f\u0440\u0430\u043a\u0442\u0438\u0447\u0435\u0441\u043a\u0438\u00ad \u0431\u044a\u043b\u0433\u0430\u0440\u0441\u043a\u0438 \u00ad\u0435\u0437\u0438\u043a \u00ad\u0438\u00ad \u0438\u0437\u043d\u0430\u0441\u044f \u043b\u0435\u043a\u0446\u0438\u043e\u043d\u043d\u0438 \u00ad\u043a\u0443\u0440\u0441\u043e\u0432\u0435\u00ad \u043f\u043e \u00ad\u0441\u0442\u0430\u0440\u043e\u0431\u044a\u043b\u0433\u0430\u0440\u0441\u043a\u0438 \u00ad\u0435\u0437\u0438\u043a,\u00ad \u043f\u043e \u00ad\u0442\u0435\u043e\u0440\u0435\u0442\u0438\u0447\u043d\u0430 \u00ad\u0433\u0440\u0430\u043c\u0430\u0442\u0438\u043a\u0430 \u00ad\u043d\u0430\u00ad \u044e\u0436\u043d\u043e\u0441\u043b\u0430\u0432\u044f\u043d\u0441\u043a\u0438\u0442\u0435\u00ad \u0435\u0437\u0438\u0446\u0438 \u00ad\u0438\u00ad \u043f\u043e\u00ad \u0438\u0441\u0442\u043e\u0440\u0438\u0447\u0435\u0441\u043a\u0430\u00ad \u0433\u0440\u0430\u043c\u0430\u0442\u0438\u043a\u0430\u00ad \u043d\u0430 \u00ad\u0441\u043b\u0430\u0432\u044f\u043d\u0441\u043a\u0438\u0442\u0435 \u00ad\u0435\u0437\u0438\u0446\u0438. \u00ad\u0417\u0430\u0432\u044a\u0440\u0448\u0438\u043b\u0430 \u00ad\u0435 \u00ad\u0441\u043b\u0430\u0432\u044f\u043d\u0441\u043a\u0430\u00ad \u0444\u0438\u043b\u043e\u043b\u043e\u0433\u0438\u044f\u00ad (\u0431\u043e\u0445\u0435\u043c\u0438\u0441\u0442\u0438\u043a\u0430)\u00ad \u0438\u00ad \u0430\u043d\u0433\u043b\u0438\u0439\u0441\u043a\u0430\u00ad \u0444\u0438\u043b\u043e\u043b\u043e\u0433\u0438\u044f\u00ad \u0432\u00ad \u0421\u0423 \u00ad\u201e\u0421\u0432.\u00ad \u041a\u043b\u0438\u043c\u0435\u043d\u0442\u00ad \u041e\u0445\u0440\u0438\u0434\u0441\u043a\u0438\u201c.\u00ad \u041f\u0440\u0435\u0437 \u00ad1999 \u00ad\u0433.\u00ad \u0437\u0430\u0449\u0438\u0442\u0430\u0432\u0430\u00ad \u0434\u043e\u043a\u0442\u043e\u0440\u0441\u043a\u0430\u00ad \u0434\u0438\u0441\u0435\u0440\u0442\u0430\u0446\u0438\u044f\u00ad \u0432\u00ad \u043e\u0431\u043b\u0430\u0441\u0442\u0442\u0430\u00ad \u043d\u0430\u00ad \u0441\u0442\u0430\u0440\u043e\u0431\u044a\u043b\u0433\u0430\u0440\u0438\u0441\u0442\u0438\u043a\u0430\u0442\u0430\u00ad \u0432\u00ad \u041c\u0430\u0441\u0430\u0440\u0438\u043a\u043e\u0432\u0438\u044f\u00ad \u0443\u043d\u0438\u0432\u0435\u0440\u0441\u0438\u0442\u0435\u0442 \u00ad\u0432 \u00ad\u0411\u044a\u0440\u043d\u043e\u00ad \u043d\u0430 \u00ad\u0442\u0435\u043c\u0430\u00ad \u201eSlovosledn\u00e9 \u00adzm\u011bny\u00ad v\u00adbulharsk\u00fdch\u00ad a \u00adsrbsk\u00fdch\u00ad c\u00edrkevn\u011bslovansk\u00fdch \u00adpam\u00e1tk\u00e1ch\u00ad z\u00ad 12.\u00ad a\u00ad 13.\u00ad stolet\u00ed\u201c.\u00ad \u041d\u0430\u0443\u0447\u043d\u0438\u0442\u0435 \u00ad\u045d\u00ad \u0438\u043d\u0442\u0435\u0440\u0435\u0441\u0438 \u00ad\u0441\u0430\u00ad \u0432 \u00ad\u043e\u0431\u043b\u0430\u0441\u0442\u0442\u0430 \u00ad\u043d\u0430 \u00ad\u0441\u0440\u0430\u0432\u043d\u0438\u0442\u0435\u043b\u043d\u043e\u0442\u043e \u00ad\u0441\u043b\u0430\u0432\u044f\u043d\u0441\u043a\u043e\u00ad \u0435\u0437\u0438\u043a\u043e\u0437\u043d\u0430\u043d\u0438\u0435,\u00ad \u043f\u0441\u0438\u0445\u043e\u043b\u0438\u043d\u0433\u0432\u0438\u0441\u0442\u0438\u043a\u0430\u0442\u0430,\u00ad \u0441\u0442\u0430\u0440\u043e\u0431\u044a\u043b\u0433\u0430\u0440\u0438\u0441\u0442\u0438\u043a\u0430\u0442\u0430,\u00ad \u0442\u0435\u043e\u0440\u0438\u044f\u0442\u0430\u00ad \u0438\u00ad \u043f\u0440\u0430\u043a\u0442\u0438\u043a\u0430\u0442\u0430\u00ad \u043d\u0430\u00ad \u043f\u0440\u0435\u0432\u043e\u0434\u0430,\u00ad \u043e\u0431\u0443\u0447\u0435\u043d\u0438\u0435\u0442\u043e\u00ad \u043f\u043e\u00ad \u0431\u044a\u043b\u0433\u0430\u0440\u0441\u043a\u0438\u00ad \u0435\u0437\u0438\u043a\u00ad \u043a\u0430\u0442\u043e\u00ad \u0447\u0443\u0436\u0434.\u00ad \u0410\u0432\u0442\u043e\u0440\u00ad \u0435\u00ad \u043d\u0430\u00ad \u043c\u043d\u043e\u0436\u0435\u0441\u0442\u0432\u043e\u00ad \u043d\u0430\u0443\u0447\u043d\u0438\u00ad \u043f\u0443\u0431\u043b\u0438\u043a\u0430\u0446\u0438\u0438\u00ad \u043f\u043e\u00ad \u0441\u044a\u043f\u043e\u0441\u0442\u0430\u0432\u0438\u0442\u0435\u043b\u043d\u043e\u00ad \u0435\u0437\u0438\u043a\u043e\u0437\u043d\u0430\u043d\u0438\u0435,\u00ad \u043d\u0430\u00ad \u0447\u0435\u0448\u043a\u043e-\u0431\u044a\u043b\u0433\u0430\u0440\u0441\u043a\u0438\u00ad \u0440\u0435\u0447\u043d\u0438\u0446\u0438\u00ad (\u010c<em>esko-bulharsk\u00fd\u00ad pr\u00e1vnick\u00fd \u00adslovn\u00edk,\u00ad<\/em>2014,\u00ad <em>\u010cesko-bulharsk\u00fd \u00adtematick\u00fd\u00ad slovn\u00edk\u00ad<\/em> (s \u00ad\u00fakoly\u00ad na\u00ad <em>procvi\u010dov\u00e1n\u00ed\u00ad  slovn\u00ed\u00ad z\u00e1soby<\/em>\u201c,\u00ad 2014),\u00ad \u043d\u0430\u00ad <em>\u0420\u044a\u043a\u043e\u0432\u043e\u0434\u0441\u0442\u0432\u043e\u00ad \u0437\u0430\u00ad \u043e\u0431\u0443\u0447\u0435\u043d\u0438\u0435\u00ad \u043f\u043e\u00ad \u0431\u044a\u043b\u0433\u0430\u0440\u0441\u043a\u0430\u00ad \u0441\u0442\u0438\u043b\u0438\u0441\u0442\u0438\u043a\u0430\u00ad<\/em> (<em>P\u0159\u00edru\u010dka \u00adpro\u00ad v\u00fduku bulharsk\u00e9 \u00adstylistiky<\/em>,\u00ad2014),\u00ad \u043d\u0430 \u00ad\u0443\u0435\u0431\u00ad\u0431\u0430\u0437\u0438\u0440\u0430\u043d\u0438\u00ad \u043a\u0443\u0440\u0441\u043e\u0432\u0435\u00ad \u0437\u0430 \u00ad\u0447\u0443\u0436\u0434\u0435\u0441\u0442\u0440\u0430\u043d\u043d\u0438 \u00ad\u0441\u0442\u0443\u0434\u0435\u043d\u0442\u0438 \u00ad\u0431\u044a\u043b\u0433\u0430\u0440\u0438\u0441\u0442\u0438 \u00ad\u043a\u044a\u043c \u00ad\u041c\u0430\u0441\u0430\u0440\u0438\u043a\u043e\u0432\u0438\u044f \u0443\u043d\u0438\u0432\u0435\u0440\u0441\u0438\u0442\u0435\u0442,\u00ad \u0441\u044a\u0441\u0442\u0430\u0432\u0438\u0442\u0435\u043b\u00ad \u0435\u00ad \u043d\u0430 \u00ad\u0430\u043d\u0442\u043e\u043b\u043e\u0433\u0438\u044f\u0442\u0430\u00ad \u0420\u043e\u0434\u0438\u0445\u043c\u0435\u00ad \u0441\u043c\u0435 \u00ad\u0437\u043c\u0435\u0439\u043e\u0432\u0435.\u00ad \u0410\u043d\u0442\u043e\u043b\u043e\u0433\u0438\u044f \u00ad\u043d\u0430\u00ad \u043c\u043e\u0434\u0435\u0440\u043d\u0438\u044f\u00ad \u0431\u044a\u043b\u0433\u0430\u0440\u0441\u043a\u0438\u00ad \u0440\u0430\u0437\u043a\u0430\u0437 (Narodili\u00ad jsme \u00adse \u00adjako\u00ad draci.\u00ad Antologie\u00ad bulharsk\u00e9 \u00admodern\u00ed\u00ad pov\u00eddky,\u00ad 2003).\u00ad \u041f\u0440\u0435\u0432\u0435\u0436\u0434\u0430\u00ad \u0445\u0443\u0434\u043e\u0436\u0435\u0441\u0442\u0432\u0435\u043d\u0430\u00ad \u0438\u00ad \u0441\u043f\u0435\u0446\u0438\u0430\u043b\u0438\u0437\u0438\u0440\u0430\u043d\u0430\u00ad \u043b\u0438\u0442\u0435\u0440\u0430\u0442\u0443\u0440\u0430.<\/p>\n\n\n\n<h3 class=\"wp-block-heading\">\u0421\u0442\u0430\u0442\u0438\u0438<\/h3>\n\n\n\n<p><a href=\"https:\/\/dialozi.uni-plovdiv.bg\/?p=17142\">\u0421\u044a\u0432\u0440\u0435\u043c\u0435\u043d\u043d\u0430\u0442\u0430 \u0435\u0437\u0438\u043a\u043e\u0432\u0435\u0434\u0441\u043a\u0430 \u0431\u044a\u043b\u0433\u0430\u0440\u0438\u0441\u0442\u0438\u043a\u0430 \u0432 \u041c\u0430\u0441\u0430\u0440\u0438\u043a\u043e\u0432\u0438\u044f \u0443\u043d\u0438\u0432\u0435\u0440\u0441\u0438\u0442\u0435\u0442 \u0432 \u0411\u044a\u0440\u043d\u043e<\/a>. \/\/ \/\/ <a href=\"https:\/\/dialozi.uni-plovdiv.bg\/?page_id=17148\"><em>\u0421\u043b\u0430\u0432\u044f\u043d\u0441\u043a\u0438 \u0434\u0438\u0430\u043b\u043e\u0437\u0438<\/em>, \u0425\u0425, 2023, 32<\/a>. (\u0432 \u0441\u044a\u0430\u0432\u0442\u043e\u0440\u0441\u0442\u0432\u043e \u0441 \u041f\u0430\u0432\u0435\u043b \u041a\u0440\u0435\u0439\u0447\u0438)<\/p>\n\n\n\n<p>\u00ad<a href=\"https:\/\/dialozi.uni-plovdiv.bg\/?p=2555\">\u0411\u044a\u043b\u0433\u0430\u0440\u0441\u043a\u043e\u0442\u043e \u00ad\u043c\u0430\u043b\u0446\u0438\u043d\u0441\u0442\u0432\u043e\u00ad\u00ad \u0432\u00ad \u0447\u0435\u0448\u043a\u0438\u044f \u00ad\u0433\u0440\u0430\u0434 \u00ad\u0411\u044a\u0440\u043d\u043e<\/a>. \/\/ <a href=\"https:\/\/dialozi.uni-plovdiv.bg\/?page_id=490\"><em>\u0421\u043b\u0430\u0432\u044f\u043d\u0441\u043a\u0438 \u0434\u0438\u0430\u043b\u043e\u0437\u0438<\/em>, &nbsp;XI, 2014, 15.<\/a><\/p>\n\n\n\n<p><\/p>","protected":false},"excerpt":{"rendered":"\u0414\u043e\u0446. \u0434-\u0440 \u0415\u043b\u0435\u043d\u0430\u00ad \u041a\u0440\u0435\u0439\u0447\u043e\u0432\u0430\u00ad (elena.krejcova@gmail.com)\u00ad \u0435\u00ad \u0447\u043b\u0435\u043d \u043d\u0430 \u00ad\u041a\u0430\u0442\u0435\u0434\u0440\u0430\u0442\u0430 \u00ad\u043f\u043e \u00ad\u0441\u043b\u0430\u0432\u0438\u0441\u0442\u0438\u043a\u0430 \u00ad\u043a\u044a\u043c\u00ad \u0424\u0438\u043b\u043e\u0441\u043e\u0444\u0441\u043a\u0438\u044f \u0444\u0430\u043a\u0443\u043b\u0442\u0435\u0442\u00ad \u043d\u0430\u00ad \u041c\u0430\u0441\u0430\u0440\u0438\u043a\u043e\u0432\u0438\u044f\u00ad \u0443\u043d\u0438\u0432\u0435\u0440\u0441\u0438\u0442\u0435\u0442,\u00ad \u0411\u044a\u0440\u043d\u043e,\u00ad \u0427\u0435\u0445\u0438\u044f. \u00ad\u041f\u0440\u0435\u043f\u043e\u0434\u0430\u0432\u0430\u0442\u0435\u043b \u00ad\u0435\u00ad \u043f\u043e\u00ad \u043f\u0440\u0430\u043a\u0442\u0438\u0447\u0435\u0441\u043a\u0438\u00ad \u0431\u044a\u043b\u0433\u0430\u0440\u0441\u043a\u0438 \u00ad\u0435\u0437\u0438\u043a \u00ad\u0438\u00ad \u0438\u0437\u043d\u0430\u0441\u044f \u043b\u0435\u043a\u0446\u0438\u043e\u043d\u043d\u0438 \u00ad\u043a\u0443\u0440\u0441\u043e\u0432\u0435\u00ad \u043f\u043e \u00ad\u0441\u0442\u0430\u0440\u043e\u0431\u044a\u043b\u0433\u0430\u0440\u0441\u043a\u0438 \u00ad\u0435\u0437\u0438\u043a,\u00ad \u043f\u043e \u00ad\u0442\u0435\u043e\u0440\u0435\u0442\u0438\u0447\u043d\u0430 \u00ad\u0433\u0440\u0430\u043c\u0430\u0442\u0438\u043a\u0430 \u00ad\u043d\u0430\u00ad \u044e\u0436\u043d\u043e\u0441\u043b\u0430\u0432\u044f\u043d\u0441\u043a\u0438\u0442\u0435\u00ad \u0435\u0437\u0438\u0446\u0438 \u00ad\u0438\u00ad \u043f\u043e\u00ad \u0438\u0441\u0442\u043e\u0440\u0438\u0447\u0435\u0441\u043a\u0430\u00ad \u0433\u0440\u0430\u043c\u0430\u0442\u0438\u043a\u0430\u00ad \u043d\u0430 \u00ad\u0441\u043b\u0430\u0432\u044f\u043d\u0441\u043a\u0438\u0442\u0435 \u00ad\u0435\u0437\u0438\u0446\u0438. \u00ad\u0417\u0430\u0432\u044a\u0440\u0448\u0438\u043b\u0430 \u00ad\u0435 \u00ad\u0441\u043b\u0430\u0432\u044f\u043d\u0441\u043a\u0430\u00ad \u0444\u0438\u043b\u043e\u043b\u043e\u0433\u0438\u044f\u00ad (\u0431\u043e\u0445\u0435\u043c\u0438\u0441\u0442\u0438\u043a\u0430)\u00ad \u0438\u00ad \u0430\u043d\u0433\u043b\u0438\u0439\u0441\u043a\u0430\u00ad \u0444\u0438\u043b\u043e\u043b\u043e\u0433\u0438\u044f\u00ad \u0432\u00ad \u0421\u0423 [&hellip;]","protected":false},"author":6,"featured_media":0,"parent":1597,"menu_order":0,"comment_status":"closed","ping_status":"closed","template":"","meta":{"_acf_changed":false,"footnotes":""},"class_list":["post-13633","page","type-page","status-publish","hentry"],"acf":[],"_links":{"self":[{"href":"https:\/\/dialozi.uni-plovdiv.bg\/index.php?rest_route=\/wp\/v2\/pages\/13633","targetHints":{"allow":["GET"]}}],"collection":[{"href":"https:\/\/dialozi.uni-plovdiv.bg\/index.php?rest_route=\/wp\/v2\/pages"}],"about":[{"href":"https:\/\/dialozi.uni-plovdiv.bg\/index.php?rest_route=\/wp\/v2\/types\/page"}],"author":[{"embeddable":true,"href":"https:\/\/dialozi.uni-plovdiv.bg\/index.php?rest_route=\/wp\/v2\/users\/6"}],"replies":[{"embeddable":true,"href":"https:\/\/dialozi.uni-plovdiv.bg\/index.php?rest_route=%2Fwp%2Fv2%2Fcomments&post=13633"}],"version-history":[{"count":14,"href":"https:\/\/dialozi.uni-plovdiv.bg\/index.php?rest_route=\/wp\/v2\/pages\/13633\/revisions"}],"predecessor-version":[{"id":18079,"href":"https:\/\/dialozi.uni-plovdiv.bg\/index.php?rest_route=\/wp\/v2\/pages\/13633\/revisions\/18079"}],"up":[{"embeddable":true,"href":"https:\/\/dialozi.uni-plovdiv.bg\/index.php?rest_route=\/wp\/v2\/pages\/1597"}],"wp:attachment":[{"href":"https:\/\/dialozi.uni-plovdiv.bg\/index.php?rest_route=%2Fwp%2Fv2%2Fmedia&parent=13633"}],"curies":[{"name":"wp","href":"https:\/\/api.w.org\/{rel}","templated":true}]}}