{"id":13762,"date":"2022-01-18T19:11:03","date_gmt":"2022-01-18T17:11:03","guid":{"rendered":"https:\/\/dialozi.uni-plovdiv.bg\/?page_id=13762"},"modified":"2022-01-18T19:23:38","modified_gmt":"2022-01-18T17:23:38","slug":"13762-2","status":"publish","type":"page","link":"https:\/\/dialozi.uni-plovdiv.bg\/?page_id=13762","title":{"rendered":"\u0415\u0432\u0430 \u00ad\u041a\u0440\u0430\u0441\u043a\u043e\u0432\u0441\u043a\u0430"},"content":{"rendered":"<p>\u041f\u0440\u043e\u0444. \u0434-\u0440 \u0415\u0432\u0430 \u00ad\u041a\u0440\u0430\u0441\u043a\u043e\u0432\u0441\u043a\u0430 \u00ad(ewa.kraskowska@gmail.com) \u00ad\u0435 \u043e\u0442 \u041a\u0430\u0442\u0435\u0434\u0440\u0430\u0442\u0430 \u00ad\u043f\u043e \u00ad\u043f\u043e\u043b\u0441\u043a\u0430 \u00ad\u0444\u0438\u043b\u043e\u043b\u043e\u0433\u0438\u044f\u00ad \u0432\u00ad \u0423\u043d\u0438\u0432\u0435\u0440\u0441\u0438\u0442\u0435\u0442\u0430 \u00ad\u201e\u0410\u0434\u0430\u043c \u00ad\u041c\u0438\u0446\u043a\u0435\u0432\u0438\u0447\u201c\u00ad \u0432\u00ad \u041f\u043e\u0437\u043d\u0430\u043d.\u00ad \u0410\u0432\u0442\u043e\u0440\u00ad \u0435\u00ad \u043d\u0430 \u00ad\u043c\u043e\u043d\u043e\u0433\u0440\u0430\u0444\u0438\u0438\u0442\u0435\u00ad <em>\u0422\u0432\u043e\u0440\u0447\u0435\u0441\u0442\u0432\u043e\u0442\u043e\u00ad \u043d\u0430 \u00ad\u0421\u0442\u0435\u0444\u0430\u043d \u00ad\u0422\u0435\u043c\u0435\u0440\u0441\u043e\u043d\u00ad \u2013\u00ad  \u0434\u0432\u0443\u0435\u0437\u0438\u0447\u043d\u043e\u0441\u0442 \u00ad\u0438\u00ad \u043b\u0438\u0442\u0435\u0440\u0430\u0442\u0443\u0440\u0430<\/em> \u00ad(<em>Tw\u00f3rczo\u015b\u0107\u00ad Stefana Themersona\u00ad \u2013\u00ad dwuj\u0119zyczno\u015b\u0107\u00ad a \u00adliteratura<\/em>, \u00ad1989),\u00ad <em>\u0427\u0438\u0442\u0430\u0442\u0435\u043b\u044f\u0442\u00ad \u043a\u0430\u0442\u043e\u00ad \u0436\u0435\u043d\u0430. \u0417\u0430 \u043b\u0438\u0442\u0435\u0440\u0430\u0442\u0443\u0440\u0430\u0442\u0430\u00ad \u0438 \u00ad\u0442\u0435\u043e\u0440\u0438\u044f\u0442\u0430<\/em>\u00ad (<em>Czytelnik\u00ad jako \u00adkobieta.\u00ad Wok\u00f3\u0142 \u00adliteratury \u00adi\u00ad teorii,<\/em>\u00ad 2007), \u00ad<em>\u0417\u043e\u0444\u0438\u044f\u00ad \u041d\u0430\u043b\u043a\u043e\u0432\u0441\u043a\u0430<\/em> \u00ad(<em>Zofia\u00ad Nalkowska<\/em>,\u00ad1999),\u00ad <em>\u0421\u0435\u0441\u0442\u0440\u0438\u0442\u0435 \u00ad\u0411\u0440\u043e\u043d\u0442\u0435<\/em> \u00ad(<em>Siostry\u00ad Bront\u00eb<\/em>,\u00ad 2006).\u00ad \u041a\u0430\u0442\u043e\u00ad \u0440\u0435\u0434\u0430\u043a\u0442\u043e\u0440\u00ad \u0438\u00ad \u0441\u044a\u0441\u0442\u0430\u0432\u0438\u0442\u0435\u043b\u00ad \u0443\u0447\u0430\u0441\u0442\u0432\u0430\u00ad \u0432\u00ad \u0438\u0437\u0434\u0430\u043d\u0438\u044f\u0442\u0430\u00ad <em>\u041d\u0430\u043f\u0438\u0441\u0430\u043d\u043e\u00ad \u043e\u0442\u00ad \u0436\u0435\u043d\u0438.\u00ad \u0417\u0430\u00ad \u043f\u0440\u043e\u0431\u043b\u0435\u043c\u0438\u0442\u0435\u00ad \u043d\u0430\u00ad \u0436\u0435\u043d\u0441\u043a\u0430\u0442\u0430 \u00ad\u043f\u0440\u043e\u0437\u0430\u00ad \u043e\u0442\u00ad \u043c\u0435\u0436\u0434\u0443 \u0432\u043e\u0435\u043d\u043d\u0438\u044f \u00ad\u043f\u0435\u0440\u0438\u043e\u0434<\/em>\u00ad (<em>Pi\u00f3rem\u00ad niewie\u015bcim.\u00ad Z problem\u00f3w\u00ad prozy\u00ad kobiecej\u00ad dwudziestolecia\u00ad mi\u0119dzy wojennego<\/em>,\u00ad 1999,\u00ad 2003)\u00ad \u0438\u00ad \u0423<em>\u0431\u0438\u0439\u0441\u0442\u0432\u043e\u0442\u043e\u00ad \u043d\u0430 \u00ad\u0434\u0435\u0442\u0435\u00ad \u0432\u00ad \u0435\u0432\u0440\u043e\u043f\u0435\u0439\u0441\u043a\u0430\u0442\u0430\u00ad \u043b\u0438\u0442\u0435\u0440\u0430\u0442\u0443\u0440\u0430\u00ad \u0438\u00ad \u043a\u0443\u043b\u0442\u0443\u0440\u0430<\/em> \u00ad(<em>Zab\u00f3jstwo\u00ad dziecka\u00ad w \u00adliteraturze \u00adi\u00ad kultur<\/em>ze\u00ad europejskiej,\u00ad 2014).<\/p>\n\n\n\n<h3 class=\"wp-block-heading\">\u0421\u0442\u0430\u0442\u0438\u0438<\/h3>\n\n\n\n<p><a href=\"https:\/\/dialozi.uni-plovdiv.bg\/?p=2574\">\u0414\u0438\u0441\u043a\u0443\u0440\u0441\u044a\u0442 \u00ad\u043d\u0430 \u00ad\u043f\u043e\u043b\u0430\u00ad \u0432 \u00ad\u043b\u0438\u0442\u0435\u0440\u0430\u0442\u0443\u0440\u0430\u0442\u0430, \u00ad\u043a\u0440\u0438\u0442\u0438\u043a\u0430\u0442\u0430 \u00ad\u0438\u00ad \u0442\u0435\u043e\u0440\u0438\u044f\u0442\u0430 \u00ad\u0432 \u00ad\u0441\u043b\u0430\u0432\u044f\u043d\u0441\u043a\u0438\u044f\u00ad \u0441\u0432\u044f\u0442 \u00ad\u043d\u0430 \u0433\u0440\u0430\u043d\u0438\u0446\u0430\u0442\u0430\u00ad \u043c\u0435\u0436\u0434\u0443 \u00adXX \u00ad\u0438\u00ad XXI \u00ad\u0432\u0435\u043a<\/a>.\u00ad \u00ad \u041f\u0440\u0435\u0432\u043e\u0434\u00ad \u043e\u0442 \u00ad\u043f\u043e\u043b\u0441\u043a\u0438:\u00ad \u0416\u0430\u043d\u0430 \u00ad\u0421\u0442\u0430\u043d\u0447\u0435\u0432\u0430. \/\/ <a href=\"https:\/\/dialozi.uni-plovdiv.bg\/?page_id=490\"><em>\u0421\u043b\u0430\u0432\u044f\u043d\u0441\u043a\u0438 \u0434\u0438\u0430\u043b\u043e\u0437\u0438<\/em>, &nbsp;XI, 2014, 15<\/a>, 122-135.<\/p>\n\n\n\n<p> <\/p>","protected":false},"excerpt":{"rendered":"\u041f\u0440\u043e\u0444. \u0434-\u0440 \u0415\u0432\u0430 \u00ad\u041a\u0440\u0430\u0441\u043a\u043e\u0432\u0441\u043a\u0430 \u00ad(ewa.kraskowska@gmail.com) \u00ad\u0435 \u043e\u0442 \u041a\u0430\u0442\u0435\u0434\u0440\u0430\u0442\u0430 \u00ad\u043f\u043e \u00ad\u043f\u043e\u043b\u0441\u043a\u0430 \u00ad\u0444\u0438\u043b\u043e\u043b\u043e\u0433\u0438\u044f\u00ad \u0432\u00ad \u0423\u043d\u0438\u0432\u0435\u0440\u0441\u0438\u0442\u0435\u0442\u0430 \u00ad\u201e\u0410\u0434\u0430\u043c \u00ad\u041c\u0438\u0446\u043a\u0435\u0432\u0438\u0447\u201c\u00ad \u0432\u00ad \u041f\u043e\u0437\u043d\u0430\u043d.\u00ad \u0410\u0432\u0442\u043e\u0440\u00ad \u0435\u00ad \u043d\u0430 \u00ad\u043c\u043e\u043d\u043e\u0433\u0440\u0430\u0444\u0438\u0438\u0442\u0435\u00ad \u0422\u0432\u043e\u0440\u0447\u0435\u0441\u0442\u0432\u043e\u0442\u043e\u00ad \u043d\u0430 \u00ad\u0421\u0442\u0435\u0444\u0430\u043d \u00ad\u0422\u0435\u043c\u0435\u0440\u0441\u043e\u043d\u00ad \u2013\u00ad \u0434\u0432\u0443\u0435\u0437\u0438\u0447\u043d\u043e\u0441\u0442 \u00ad\u0438\u00ad \u043b\u0438\u0442\u0435\u0440\u0430\u0442\u0443\u0440\u0430 \u00ad(Tw\u00f3rczo\u015b\u0107\u00ad Stefana Themersona\u00ad \u2013\u00ad dwuj\u0119zyczno\u015b\u0107\u00ad a \u00adliteratura, \u00ad1989),\u00ad \u0427\u0438\u0442\u0430\u0442\u0435\u043b\u044f\u0442\u00ad \u043a\u0430\u0442\u043e\u00ad \u0436\u0435\u043d\u0430. \u0417\u0430 \u043b\u0438\u0442\u0435\u0440\u0430\u0442\u0443\u0440\u0430\u0442\u0430\u00ad \u0438 \u00ad\u0442\u0435\u043e\u0440\u0438\u044f\u0442\u0430\u00ad (Czytelnik\u00ad jako \u00adkobieta.\u00ad Wok\u00f3\u0142 \u00adliteratury \u00adi\u00ad teorii,\u00ad 2007), \u00ad\u0417\u043e\u0444\u0438\u044f\u00ad \u041d\u0430\u043b\u043a\u043e\u0432\u0441\u043a\u0430 \u00ad(Zofia\u00ad [&hellip;]","protected":false},"author":6,"featured_media":0,"parent":1597,"menu_order":0,"comment_status":"closed","ping_status":"closed","template":"","meta":{"_acf_changed":false,"footnotes":""},"class_list":["post-13762","page","type-page","status-publish","hentry"],"acf":[],"_links":{"self":[{"href":"https:\/\/dialozi.uni-plovdiv.bg\/index.php?rest_route=\/wp\/v2\/pages\/13762","targetHints":{"allow":["GET"]}}],"collection":[{"href":"https:\/\/dialozi.uni-plovdiv.bg\/index.php?rest_route=\/wp\/v2\/pages"}],"about":[{"href":"https:\/\/dialozi.uni-plovdiv.bg\/index.php?rest_route=\/wp\/v2\/types\/page"}],"author":[{"embeddable":true,"href":"https:\/\/dialozi.uni-plovdiv.bg\/index.php?rest_route=\/wp\/v2\/users\/6"}],"replies":[{"embeddable":true,"href":"https:\/\/dialozi.uni-plovdiv.bg\/index.php?rest_route=%2Fwp%2Fv2%2Fcomments&post=13762"}],"version-history":[{"count":15,"href":"https:\/\/dialozi.uni-plovdiv.bg\/index.php?rest_route=\/wp\/v2\/pages\/13762\/revisions"}],"predecessor-version":[{"id":13783,"href":"https:\/\/dialozi.uni-plovdiv.bg\/index.php?rest_route=\/wp\/v2\/pages\/13762\/revisions\/13783"}],"up":[{"embeddable":true,"href":"https:\/\/dialozi.uni-plovdiv.bg\/index.php?rest_route=\/wp\/v2\/pages\/1597"}],"wp:attachment":[{"href":"https:\/\/dialozi.uni-plovdiv.bg\/index.php?rest_route=%2Fwp%2Fv2%2Fmedia&parent=13762"}],"curies":[{"name":"wp","href":"https:\/\/api.w.org\/{rel}","templated":true}]}}