{"id":14209,"date":"2022-04-29T13:46:06","date_gmt":"2022-04-29T11:46:06","guid":{"rendered":"https:\/\/dialozi.uni-plovdiv.bg\/?page_id=14209"},"modified":"2023-04-13T15:51:58","modified_gmt":"2023-04-13T13:51:58","slug":"%d0%ba%d0%bd%d0%b8%d0%b6%d0%ba%d0%b0-29-2022","status":"publish","type":"page","link":"https:\/\/dialozi.uni-plovdiv.bg\/?page_id=14209","title":{"rendered":"\u041a\u043d\u0438\u0436\u043a\u0430 29, 2022"},"content":{"rendered":"<p> <\/p>\n\n\n\n<div class=\"wp-block-media-text alignwide is-stacked-on-mobile is-vertically-aligned-bottom\"><figure class=\"wp-block-media-text__media\"><img loading=\"lazy\" decoding=\"async\" width=\"360\" height=\"500\" src=\"https:\/\/dialozi.uni-plovdiv.bg\/wp-content\/uploads\/2022\/08\/SD_29_cover2-500-1.jpg\" alt=\"\" class=\"wp-image-14837 size-full\" srcset=\"https:\/\/dialozi.uni-plovdiv.bg\/wp-content\/uploads\/2022\/08\/SD_29_cover2-500-1.jpg 360w, https:\/\/dialozi.uni-plovdiv.bg\/wp-content\/uploads\/2022\/08\/SD_29_cover2-500-1-216x300.jpg 216w\" sizes=\"auto, (max-width: 360px) 100vw, 360px\" \/><\/figure><div class=\"wp-block-media-text__content\">\n<p><\/p>\n\n\n\n<p><\/p>\n\n\n\n<p><\/p>\n\n\n\n<p><\/p>\n\n\n\n<p><\/p>\n\n\n\n<p><\/p>\n\n\n\n<p><\/p>\n\n\n\n<p><\/p>\n\n\n\n<p><\/p>\n\n\n\n<p>\u041d\u0430 \u043a\u043e\u0440\u0438\u0446\u0430\u0442\u0430: <br>\u042f\u0446\u0435\u043a \u0419\u0435\u0440\u043a\u0430 (Jacek Yerka, 1952), <em>\u0415\u0432\u0440\u043e\u043f\u0430<\/em><\/p>\n\n\n\n<div class=\"wp-block-file\"><a id=\"wp-block-file--media-9d7d76ba-ecf1-4f6a-b94b-190178f2ad5e\" href=\"https:\/\/dialozi.uni-plovdiv.bg\/wp-content\/uploads\/2022\/09\/Slavyanski-dialozi_2022__29.pdf\">Slavyanski-dialozi_2022__29<\/a><a href=\"https:\/\/dialozi.uni-plovdiv.bg\/wp-content\/uploads\/2022\/09\/Slavyanski-dialozi_2022__29.pdf\" class=\"wp-block-file__button\" download aria-describedby=\"wp-block-file--media-9d7d76ba-ecf1-4f6a-b94b-190178f2ad5e\">\u0418\u0437\u0442\u0435\u0433\u043b\u044f\u043d\u0435<\/a><\/div>\n<\/div><\/div>\n\n\n\n<p><\/p>\n\n\n\n<h3 class=\"wp-block-heading\">    \u041a\u0423\u041b\u0422\u0423\u0420\u041d\u0410 \u0418\u0421\u0422\u041e\u0420\u0418\u042f<\/h3>\n\n\n\n<p><strong><a href=\"https:\/\/dialozi.uni-plovdiv.bg\/?page_id=14470\">\u041d\u0438\u043a\u043e\u043b\u0430\u0439 \u0416\u0435\u043b\u0435\u0432<\/a> (\u0421\u043e\u0444\u0438\u044f)<\/strong><br><a href=\"https:\/\/dialozi.uni-plovdiv.bg\/?p=14329\">\u0421\u043b\u0430\u0432\u044f\u043d\u0441\u0442\u0432\u043e\u0442\u043e \u0438 \u0431\u044a\u043b\u0433\u0430\u0440\u0438\u0442\u0435 \u043d\u0430 \u0441\u0442\u0440\u0430\u043d\u0438\u0446\u0438\u0442\u0435 \u043d\u0430 \u0432\u0435\u0441\u0442\u043d\u0438\u043a \u201e\u041e\u0442\u0435\u0447\u0435\u0441\u0442\u0432\u043e\u201c<\/a><\/p>\n\n\n\n<h3 class=\"wp-block-heading\">  \u0415\u0417\u0418\u041a\u041e\u0417\u041d\u0410\u041d\u0418\u0415<\/h3>\n\n\n\n<p><strong><a href=\"https:\/\/dialozi.uni-plovdiv.bg\/?page_id=4594\">\u0414\u0438\u0430\u043d\u0430 \u0418\u0432\u0430\u043d\u043e\u0432\u0430<\/a> (\u041f\u043b\u043e\u0432\u0434\u0438\u0432)<\/strong><br><a href=\"https:\/\/dialozi.uni-plovdiv.bg\/?p=14345\">\u041a\u043e\u043d\u0441\u0442\u0430\u043d\u0442\u0438\u043d \u0424\u043e\u0442\u0438\u043d\u043e\u0432 \u0438 \u0444\u043e\u0440\u043c\u0438\u0440\u0430\u043d\u0435\u0442\u043e \u043d\u0430 \u0442\u044a\u0440\u0433\u043e\u0432\u0441\u043a\u0430\u0442\u0430 \u0442\u0435\u0440\u043c\u0438\u043d\u043e\u043b\u043e\u0433\u0438\u044f \u043f\u0440\u0435\u0437 \u0412\u044a\u0437\u0440\u0430\u0436\u0434\u0430\u043d\u0435\u0442\u043e<\/a><\/p>\n\n\n\n<p><strong><a href=\"https:\/\/dialozi.uni-plovdiv.bg\/?page_id=14463\">\u041b\u0438\u043b\u0438\u044f \u0418\u0432\u0430\u043d\u043e\u0432\u0430<\/a> (\u041f\u043b\u043e\u0432\u0434\u0438\u0432)<br><\/strong><a href=\"https:\/\/dialozi.uni-plovdiv.bg\/?p=14352\">\u0417\u0430 \u043d\u0430\u0440\u0435\u0447\u0438\u044f\u0442\u0430 <em>\u0432\u0435\u0434\u043d\u044a\u0436<\/em> \u0438 <em>\u043d\u044f\u043a\u043e\u0433\u0430<\/em> \u043a\u0430\u0442\u043e \u0438\u0437\u0440\u0430\u0437\u0438\u0442\u0435\u043b\u0438 \u043d\u0430 \u043d\u0435\u043e\u043f\u0440\u0435\u0434\u0435\u043b\u0435\u043d\u0430 \u043f\u0440\u0435\u0434\u0445\u043e\u0434\u043d\u043e\u0441\u0442 \u0432 \u0431\u044a\u043b\u0433\u0430\u0440\u0441\u043a\u0438\u044f \u0435\u0437\u0438\u043a \u0438 \u0444\u0443\u043d\u043a\u0446\u0438\u043e\u043d\u0430\u043b\u043d\u043e-\u0441\u0435\u043c\u0430\u043d\u0442\u0438\u0447\u043d\u0438\u0442\u0435 \u0438\u043c \u0441\u044a\u043e\u0442\u0432\u0435\u0442\u0441\u0442\u0432\u0438\u044f \u0432 \u043f\u043e\u043b\u0441\u043a\u0438\u044f \u0435\u0437\u0438\u043a<\/a><\/p>\n\n\n\n<p><strong><a href=\"https:\/\/dialozi.uni-plovdiv.bg\/?page_id=4839\">\u041c\u0438\u044f\u043d\u0430 \u041a\u0443\u0431\u0443\u0440\u0438\u0447 \u041c\u0430\u0446\u0443\u0440\u0430<\/a> (\u0411\u0430\u043d\u044f \u041b\u0443\u043a\u0430)<\/strong><br><a href=\"https:\/\/dialozi.uni-plovdiv.bg\/?p=14360\">\u0421\u0438\u043d\u0442\u0430\u043a\u0442\u0438\u043a\u043e-\u0441\u0435\u043c\u0430\u043d\u0442\u0438\u0447\u0435\u043d \u043f\u043e\u0442\u0435\u043d\u0446\u0438\u0430\u043b \u043d\u0430 \u043c\u043e\u0434\u0430\u043b\u043d\u043e\u0442\u043e \u043d\u0430\u0440\u0435\u0447\u0438\u0435 <em>\u0441\u0432\u0435j\u0435\u0434\u043d\u043e<\/em> \u0432 \u0441\u0440\u044a\u0431\u0441\u043a\u0438\u044f \u0435\u0437\u0438\u043a <\/a><br>\u041f\u0440\u0435\u0432\u043e\u0434 \u043e\u0442 \u0441\u0440\u044a\u0431\u0441\u043a\u0438: <a href=\"https:\/\/dialozi.uni-plovdiv.bg\/?page_id=4835\">\u0412\u044f\u0440\u0430 \u041d\u0430\u0439\u0434\u0435\u043d\u043e\u0432\u0430<\/a><\/p>\n\n\n\n<h3 class=\"wp-block-heading\">  \u041b\u0418\u0422\u0415\u0420\u0410\u0422\u0423\u0420\u041e\u0417\u041d\u0410\u041d\u0418\u0415<\/h3>\n\n\n\n<p><strong><a href=\"https:\/\/dialozi.uni-plovdiv.bg\/?page_id=4857\">\u0421\u043b\u0430\u0432\u0438\u0446\u0430 \u0412\u0430\u0441\u0438\u043b\u0435\u0432\u0438\u0447 \u0418\u043b\u0438\u0447<\/a> (\u0411\u0430\u043d\u044f \u041b\u0443\u043a\u0430)<\/strong><br><a href=\"https:\/\/dialozi.uni-plovdiv.bg\/?p=14368\">\u0410\u0434\u044a\u0442 \u0438 \u0440\u0430\u044f\u0442 \u043d\u0430 \u041f\u0435\u0442\u044a\u0440 \u041a\u043e\u0440\u0438\u0448\u043a\u0438<\/a><br>\u041f\u0440\u0435\u0432\u043e\u0434 \u043e\u0442 \u0441\u0440\u044a\u0431\u0441\u043a\u0438: <a href=\"https:\/\/dialozi.uni-plovdiv.bg\/?page_id=4502\">\u0422\u0430\u043d\u044f \u041d\u0435\u0439\u0447\u0435\u0432\u0430<\/a><\/p>\n\n\n\n<p><strong><a href=\"https:\/\/dialozi.uni-plovdiv.bg\/?page_id=4635\">\u041d\u0430\u0442\u0430\u043b\u0438\u044f \u041d\u044f\u0433\u043e\u043b\u043e\u0432\u0430<\/a> (\u0412\u0435\u043b\u0438\u043a\u043e \u0422\u044a\u0440\u043d\u043e\u0432\u043e \u2013 \u041c\u043e\u0441\u043a\u0432\u0430)<\/strong><br><strong> <\/strong><a href=\"https:\/\/dialozi.uni-plovdiv.bg\/?p=14381\">\u041c\u0435\u0434\u0438\u0446\u0438\u043d\u0441\u043a\u0438\u044f\u0442 \u0434\u0438\u0441\u043a\u0443\u0440\u0441 \u0432 \u0441\u044a\u0432\u0435\u0442\u0441\u043a\u043e\u0442\u043e \u043a\u0438\u043d\u043e \u043e\u0442 70-\u0442\u0435 \u0433\u043e\u0434\u0438\u043d\u0438 \u043d\u0430 \u0425\u0425 \u0432\u0435\u043a<\/a><\/p>\n\n\n\n<h3 class=\"wp-block-heading\">\u0414\u0415\u0411\u042e\u0422\u0418<\/h3>\n\n\n\n<p><strong><a href=\"https:\/\/dialozi.uni-plovdiv.bg\/?page_id=14500\">\u0428\u0438\u043c\u043e\u043d \u0422\u0435\u0441\u0430\u0440\u0436<\/a> (\u0411\u044a\u0440\u043d\u043e)<\/strong><br><a href=\"https:\/\/dialozi.uni-plovdiv.bg\/?p=14402\">\u0415\u0437\u0438\u043a \u0438 \u043f\u0440\u0430\u0432\u043e\u043f\u0438\u0441 \u043d\u0430 \u0447\u0435\u0448\u043a\u0438\u0442\u0435 \u043d\u0430\u0434\u0433\u0440\u043e\u0431\u043d\u0438 \u043d\u0430\u0434\u043f\u0438\u0441\u0438 \u0432 \u0421\u0440\u044a\u0431\u0441\u043a\u0438 \u0411\u0430\u043d\u0430\u0442<\/a><br>\u041f\u0440\u0435\u0432\u043e\u0434 \u043e\u0442 \u0447\u0435\u0448\u043a\u0438: <a href=\"https:\/\/dialozi.uni-plovdiv.bg\/?page_id=11338&amp;lang=en\">\u041c\u0430\u0440\u0438\u044f \u041b\u043e\u043b\u043e\u0432\u0430<\/a><\/p>\n\n\n\n<p><strong><a href=\"https:\/\/dialozi.uni-plovdiv.bg\/?page_id=14488\">\u0410\u043b\u0435\u043d\u0430 \u0414\u0430\u043d\u0438\u0439\u043e\u0432\u0430 <\/a>(\u0411\u044a\u0440\u043d\u043e)<\/strong><br><a href=\"https:\/\/dialozi.uni-plovdiv.bg\/?p=14395\">\u041a\u0430\u0442\u0435\u0433\u043e\u0440\u0438\u044f\u0442\u0430 <em>\u043e\u0434\u0443\u0448\u0435\u0432\u0435\u043d\u043e\u0441\u0442 <\/em>\u0438 \u043d\u0435\u0439\u043d\u043e\u0442\u043e \u043e\u0442\u043d\u043e\u0448\u0435\u043d\u0438\u0435 \u043a\u044a\u043c \u0441\u043a\u043b\u043e\u043d\u0435\u043d\u0438\u0435\u0442\u043e \u0432 \u043d\u044f\u043a\u043e\u0438 \u0441\u043b\u0430\u0432\u044f\u043d\u0441\u043a\u0438 \u0435\u0437\u0438\u0446\u0438<\/a><br>\u041f\u0440\u0435\u0432\u043e\u0434 \u043e\u0442 \u0447\u0435\u0448\u043a\u0438: <a href=\"https:\/\/dialozi.uni-plovdiv.bg\/?page_id=14708\">\u0426\u0432\u0435\u0442\u043e\u043c\u0438\u0440\u0430 \u0421\u0442\u043e\u044f\u043d\u043e\u0432\u0430<\/a><\/p>\n\n\n\n<h3 class=\"wp-block-heading\">\u041d\u041e\u0412\u0418 \u041f\u0420\u0415\u0412\u041e\u0414\u0418<\/h3>\n\n\n\n<p><a href=\"https:\/\/dialozi.uni-plovdiv.bg\/?p=14411\"><strong>\u041a\u0430\u0440\u0435\u043b \u0425\u0438\u043d\u0435\u043a \u041c\u0430\u0445\u0430<\/strong><br><em>\u0426\u0438\u0433\u0430\u043d\u0438<\/em><\/a><em> <\/em>(\u041e\u0442\u043a\u044a\u0441 \u043e\u0442 \u0440\u043e\u043c\u0430\u043d)<br>\u041f\u0440\u0435\u0432\u043e\u0434 \u043e\u0442 \u0447\u0435\u0448\u043a\u0438: <a href=\"https:\/\/dialozi.uni-plovdiv.bg\/?page_id=5148\">\u0410\u043d\u0433\u0435\u043b\u0438\u043d\u0430 \u041d\u0435\u0434\u0435\u0432\u0430<\/a><\/p>\n\n\n\n<p><a href=\"https:\/\/dialozi.uni-plovdiv.bg\/?p=14414\"><strong>\u0414\u0430\u0440\u043a\u0430 \u0425\u0435\u0440\u0431\u0435\u0437<\/strong><br><em>\u0421\u0442\u0438\u0445\u043e\u0442\u0432\u043e\u0440\u0435\u043d\u0438\u044f<\/em><\/a><em> <\/em><br>\u041f\u0440\u0435\u0432\u043e\u0434 \u043e\u0442 \u0441\u0440\u044a\u0431\u0441\u043a\u0438: <a href=\"https:\/\/dialozi.uni-plovdiv.bg\/?page_id=4592\">\u0413\u0435\u0440\u0433\u0430\u043d\u0430 \u0418\u0432\u0430\u043d\u043e\u0432\u0430<\/a><\/p>\n\n\n\n<h3 class=\"wp-block-heading\">\u0415\u0422\u0410\u0416\u0415\u0420\u041a\u0410<\/h3>\n\n\n\n<p><strong><a href=\"https:\/\/dialozi.uni-plovdiv.bg\/?page_id=4602\">\u041b\u044e\u0431\u043a\u0430 \u041b\u0438\u043f\u0447\u0435\u0432\u0430-\u041f\u0440\u0430\u043d\u0434\u0436\u0435\u0432\u0430<\/a>.<\/strong> <em><a href=\"https:\/\/dialozi.uni-plovdiv.bg\/?p=14418\">\u041a\u043b\u0430\u0441\u0438\u0446\u0438, \u0438\u0437\u0433\u043d\u0430\u043d\u0438\u0446\u0438, \u0435\u043c\u0438\u0433\u0440\u0430\u043d\u0442\u0438. \u041b\u0438\u0442\u0435\u0440\u0430\u0442\u0443\u0440\u043d\u0438 \u0438\u0434\u0435\u043d\u0442\u0438\u0447\u043d\u043e\u0441\u0442\u0438 \u0438 \u043f\u0440\u0435\u0432\u043e\u0434<\/a><\/em> <br>(<a href=\"https:\/\/dialozi.uni-plovdiv.bg\/?page_id=14483\">\u0411\u043b\u0430\u0433\u043e\u0432\u0435\u0441\u0442 \u0417\u043b\u0430\u0442\u0430\u043d\u043e\u0432<\/a>)<\/p>\n\n\n\n<p><strong>Jakub Mikuleck\u00fd. <\/strong><em><a href=\"https:\/\/dialozi.uni-plovdiv.bg\/?p=14426\">Mezi disentem, undergroundem a \u0161edou z\u00f3nou. Neofici\u00e1ln\u00ed bulharsk\u00e1 literatura 1944-1989<\/a><\/em> <br>[\u042f\u043a\u0443\u0431 \u041c\u0438\u043a\u0443\u043b\u0435\u0446\u043a\u0438. \u041c\u0435\u0436\u0434\u0443 \u0434\u0438\u0441\u0438\u0434\u0435\u043d\u0442\u0441\u0442\u0432\u043e\u0442\u043e, \u044a\u043d\u0434\u044a\u0440\u0433\u0440\u0430\u0443\u043d\u0434\u0430 \u0438 \u0441\u0438\u0432\u0430\u0442\u0430 \u0437\u043e\u043d\u0430. \u041d\u0435\u043e\u0444\u0438\u0446\u0438\u0430\u043b\u043d\u0430\u0442\u0430 \u0431\u044a\u043b\u0433\u0430\u0440\u0441\u043a\u0430 \u043b\u0438\u0442\u0435\u0440\u0430\u0442\u0443\u0440\u0430 1944 \u2013 1989] <br>(<a href=\"https:\/\/dialozi.uni-plovdiv.bg\/?page_id=4623\">\u0416\u043e\u0440\u0436\u0435\u0442\u0430 \u0427\u043e\u043b\u0430\u043a\u043e\u0432\u0430<\/a>)<\/p>\n\n\n\n<p><strong>\u0420\u0443\u043c\u044f\u043d\u0430 \u0414\u0430\u043c\u044f\u043d\u043e\u0432\u0430<\/strong> <strong>(\u0441\u044a\u0441\u0442.). <\/strong><em><a href=\"https:\/\/dialozi.uni-plovdiv.bg\/?p=14429\">\u0411\u043e\u0440\u0438\u0441 \u0419\u043e\u0446\u043e\u0432. \u0411\u0438\u043e\u0431\u0438\u0431\u043b\u0438\u043e\u0433\u0440\u0430\u0444\u0438\u044f<\/a> <\/em><br>(<a href=\"https:\/\/dialozi.uni-plovdiv.bg\/?page_id=14683\">\u0422\u0435\u043e\u0434\u043e\u0440\u0430 \u041a\u0430\u0448\u0438\u043b\u0441\u043a\u0430<\/a>)<\/p>\n\n\n\n<p><a href=\"https:\/\/dialozi.uni-plovdiv.bg\/?p=14869\"><strong><em>Do p\u0159\u00ed\u0161t\u00ed tr\u00e1vy..<\/em>.<\/strong> Antologie modern\u00ed bulharsk\u00e9 poezie<\/a> <br>[\u0414\u043e \u0434\u0440\u0443\u0433\u0430\u0442\u0430 \u0442\u0440\u0435\u0432\u0430\u2026 \u0410\u043d\u0442\u043e\u043b\u043e\u0433\u0438\u044f \u043d\u0430 \u0441\u044a\u0432\u0440\u0435\u043c\u0435\u043d\u043d\u0430\u0442\u0430 \u0431\u044a\u043b\u0433\u0430\u0440\u0441\u043a\u0430 \u043f\u043e\u0435\u0437\u0438\u044f] <br>(<a href=\"https:\/\/dialozi.uni-plovdiv.bg\/?page_id=4641\">\u0414\u0438\u043c\u0430\u043d\u0430 \u0418\u0432\u0430\u043d\u043e\u0432\u0430<\/a>)<\/p>\n\n\n\n<h3 class=\"wp-block-heading\">IN MEMORIAM<\/h3>\n\n\n\n<p><strong><a href=\"https:\/\/dialozi.uni-plovdiv.bg\/?p=14877\">\u0412\u043b\u0430\u0434\u0438\u043c\u0438\u0440 \u041a\u0440\u0448\u0438\u0432\u0430\u043d\u0435\u043a (1951 \u2013 2022)<\/a><\/strong><\/p>\n\n\n\n<h3 class=\"wp-block-heading\"><a href=\"https:\/\/dialozi.uni-plovdiv.bg\/?p=14889\">\u0410\u0412\u0422\u041e\u0420\u0418, \u041f\u0420\u0415\u0412\u041e\u0414\u0410\u0427\u0418<\/a><\/h3>\n\n\n\n<h3 class=\"wp-block-heading\"><a href=\"https:\/\/dialozi.uni-plovdiv.bg\/?page_id=4482\">\u0421\u0422\u0410\u041d\u0414\u0410\u0420\u0422 \u0417\u0410 \u041e\u0424\u041e\u0420\u041c\u042f\u041d\u0415 \u041d\u0410 \u0422\u0415\u041a\u0421\u0422\u041e\u0412\u0415\u0422\u0415<\/a><\/h3>\n\n\n\n<p><\/p>","protected":false},"excerpt":{"rendered":"\u041a\u0423\u041b\u0422\u0423\u0420\u041d\u0410 \u0418\u0421\u0422\u041e\u0420\u0418\u042f \u041d\u0438\u043a\u043e\u043b\u0430\u0439 \u0416\u0435\u043b\u0435\u0432 (\u0421\u043e\u0444\u0438\u044f)\u0421\u043b\u0430\u0432\u044f\u043d\u0441\u0442\u0432\u043e\u0442\u043e \u0438 \u0431\u044a\u043b\u0433\u0430\u0440\u0438\u0442\u0435 \u043d\u0430 \u0441\u0442\u0440\u0430\u043d\u0438\u0446\u0438\u0442\u0435 \u043d\u0430 \u0432\u0435\u0441\u0442\u043d\u0438\u043a \u201e\u041e\u0442\u0435\u0447\u0435\u0441\u0442\u0432\u043e\u201c \u0415\u0417\u0418\u041a\u041e\u0417\u041d\u0410\u041d\u0418\u0415 \u0414\u0438\u0430\u043d\u0430 \u0418\u0432\u0430\u043d\u043e\u0432\u0430 (\u041f\u043b\u043e\u0432\u0434\u0438\u0432)\u041a\u043e\u043d\u0441\u0442\u0430\u043d\u0442\u0438\u043d \u0424\u043e\u0442\u0438\u043d\u043e\u0432 \u0438 \u0444\u043e\u0440\u043c\u0438\u0440\u0430\u043d\u0435\u0442\u043e \u043d\u0430 \u0442\u044a\u0440\u0433\u043e\u0432\u0441\u043a\u0430\u0442\u0430 \u0442\u0435\u0440\u043c\u0438\u043d\u043e\u043b\u043e\u0433\u0438\u044f \u043f\u0440\u0435\u0437 \u0412\u044a\u0437\u0440\u0430\u0436\u0434\u0430\u043d\u0435\u0442\u043e \u041b\u0438\u043b\u0438\u044f \u0418\u0432\u0430\u043d\u043e\u0432\u0430 (\u041f\u043b\u043e\u0432\u0434\u0438\u0432)\u0417\u0430 \u043d\u0430\u0440\u0435\u0447\u0438\u044f\u0442\u0430 \u0432\u0435\u0434\u043d\u044a\u0436 \u0438 \u043d\u044f\u043a\u043e\u0433\u0430 \u043a\u0430\u0442\u043e \u0438\u0437\u0440\u0430\u0437\u0438\u0442\u0435\u043b\u0438 \u043d\u0430 \u043d\u0435\u043e\u043f\u0440\u0435\u0434\u0435\u043b\u0435\u043d\u0430 \u043f\u0440\u0435\u0434\u0445\u043e\u0434\u043d\u043e\u0441\u0442 \u0432 \u0431\u044a\u043b\u0433\u0430\u0440\u0441\u043a\u0438\u044f \u0435\u0437\u0438\u043a \u0438 \u0444\u0443\u043d\u043a\u0446\u0438\u043e\u043d\u0430\u043b\u043d\u043e-\u0441\u0435\u043c\u0430\u043d\u0442\u0438\u0447\u043d\u0438\u0442\u0435 \u0438\u043c \u0441\u044a\u043e\u0442\u0432\u0435\u0442\u0441\u0442\u0432\u0438\u044f \u0432 \u043f\u043e\u043b\u0441\u043a\u0438\u044f \u0435\u0437\u0438\u043a \u041c\u0438\u044f\u043d\u0430 \u041a\u0443\u0431\u0443\u0440\u0438\u0447 \u041c\u0430\u0446\u0443\u0440\u0430 (\u0411\u0430\u043d\u044f \u041b\u0443\u043a\u0430)\u0421\u0438\u043d\u0442\u0430\u043a\u0442\u0438\u043a\u043e-\u0441\u0435\u043c\u0430\u043d\u0442\u0438\u0447\u0435\u043d \u043f\u043e\u0442\u0435\u043d\u0446\u0438\u0430\u043b \u043d\u0430 \u043c\u043e\u0434\u0430\u043b\u043d\u043e\u0442\u043e \u043d\u0430\u0440\u0435\u0447\u0438\u0435 [&hellip;]","protected":false},"author":6,"featured_media":0,"parent":27,"menu_order":29,"comment_status":"closed","ping_status":"closed","template":"","meta":{"_acf_changed":false,"footnotes":""},"class_list":["post-14209","page","type-page","status-publish","hentry"],"acf":[],"_links":{"self":[{"href":"https:\/\/dialozi.uni-plovdiv.bg\/index.php?rest_route=\/wp\/v2\/pages\/14209","targetHints":{"allow":["GET"]}}],"collection":[{"href":"https:\/\/dialozi.uni-plovdiv.bg\/index.php?rest_route=\/wp\/v2\/pages"}],"about":[{"href":"https:\/\/dialozi.uni-plovdiv.bg\/index.php?rest_route=\/wp\/v2\/types\/page"}],"author":[{"embeddable":true,"href":"https:\/\/dialozi.uni-plovdiv.bg\/index.php?rest_route=\/wp\/v2\/users\/6"}],"replies":[{"embeddable":true,"href":"https:\/\/dialozi.uni-plovdiv.bg\/index.php?rest_route=%2Fwp%2Fv2%2Fcomments&post=14209"}],"version-history":[{"count":126,"href":"https:\/\/dialozi.uni-plovdiv.bg\/index.php?rest_route=\/wp\/v2\/pages\/14209\/revisions"}],"predecessor-version":[{"id":15602,"href":"https:\/\/dialozi.uni-plovdiv.bg\/index.php?rest_route=\/wp\/v2\/pages\/14209\/revisions\/15602"}],"up":[{"embeddable":true,"href":"https:\/\/dialozi.uni-plovdiv.bg\/index.php?rest_route=\/wp\/v2\/pages\/27"}],"wp:attachment":[{"href":"https:\/\/dialozi.uni-plovdiv.bg\/index.php?rest_route=%2Fwp%2Fv2%2Fmedia&parent=14209"}],"curies":[{"name":"wp","href":"https:\/\/api.w.org\/{rel}","templated":true}]}}