{"id":15237,"date":"2023-03-09T15:38:01","date_gmt":"2023-03-09T13:38:01","guid":{"rendered":"https:\/\/dialozi.uni-plovdiv.bg\/?page_id=15237"},"modified":"2023-07-10T10:43:10","modified_gmt":"2023-07-10T08:43:10","slug":"%d0%ba%d0%bd%d0%b8%d0%b6%d0%ba%d0%b0-30-2022","status":"publish","type":"page","link":"https:\/\/dialozi.uni-plovdiv.bg\/?page_id=15237","title":{"rendered":"\u041a\u043d\u0438\u0436\u043a\u0430 30, 2022"},"content":{"rendered":"<div class=\"wp-block-media-text alignwide is-stacked-on-mobile\"><figure class=\"wp-block-media-text__media\"><img loading=\"lazy\" decoding=\"async\" width=\"744\" height=\"1024\" src=\"https:\/\/dialozi.uni-plovdiv.bg\/wp-content\/uploads\/2023\/03\/SD_30_cover-744x1024.jpg\" alt=\"\" class=\"wp-image-15300 size-full\" srcset=\"https:\/\/dialozi.uni-plovdiv.bg\/wp-content\/uploads\/2023\/03\/SD_30_cover-744x1024.jpg 744w, https:\/\/dialozi.uni-plovdiv.bg\/wp-content\/uploads\/2023\/03\/SD_30_cover-218x300.jpg 218w, https:\/\/dialozi.uni-plovdiv.bg\/wp-content\/uploads\/2023\/03\/SD_30_cover-768x1056.jpg 768w, https:\/\/dialozi.uni-plovdiv.bg\/wp-content\/uploads\/2023\/03\/SD_30_cover-1117x1536.jpg 1117w, https:\/\/dialozi.uni-plovdiv.bg\/wp-content\/uploads\/2023\/03\/SD_30_cover.jpg 1265w\" sizes=\"auto, (max-width: 744px) 100vw, 744px\" \/><\/figure><div class=\"wp-block-media-text__content\">\n<p><\/p>\n\n\n\n<p><\/p>\n\n\n\n<p><\/p>\n\n\n\n<p><\/p>\n\n\n\n<p><\/p>\n\n\n\n<p><\/p>\n\n\n\n<p><\/p>\n\n\n\n<p><\/p>\n\n\n\n<p>\u041d\u0430 \u043a\u043e\u0440\u0438\u0446\u0430\u0442\u0430: \u041c\u0430\u0440\u043a \u0428\u0430\u0433\u0430\u043b<br><em>\u0420\u0430\u0445\u0438\u043b \u043e\u0442\u043a\u0440\u0430\u0434\u0432\u0430 \u0438\u0434\u043e\u043b\u0438\u0442\u0435 \u043d\u0430 \u0431\u0430\u0449\u0430 \u0441\u0438<\/em>, 1960 <\/p>\n\n\n\n<div class=\"wp-block-file\"><a id=\"wp-block-file--media-e0048af2-d813-4f2a-b144-97c534f82e84\" href=\"https:\/\/dialozi.uni-plovdiv.bg\/wp-content\/uploads\/2023\/07\/Slavyanski-dialozi-XIX-2022-30.pdf\">Slavyanski-dialozi-XIX-2022-30<\/a><a href=\"https:\/\/dialozi.uni-plovdiv.bg\/wp-content\/uploads\/2023\/07\/Slavyanski-dialozi-XIX-2022-30.pdf\" class=\"wp-block-file__button\" download aria-describedby=\"wp-block-file--media-e0048af2-d813-4f2a-b144-97c534f82e84\">\u0418\u0437\u0442\u0435\u0433\u043b\u044f\u043d\u0435<\/a><\/div>\n<\/div><\/div>\n\n\n\n<p> <\/p>\n\n\n\n<h2 class=\"wp-block-heading\">\u0422\u0435\u043c\u0430 \u043d\u0430 \u0431\u0440\u043e\u044f: \u0411\u0418\u0411\u041b\u0418\u042f\u0422\u0410<\/h2>\n\n\n\n<p><em><a href=\"https:\/\/dialozi.uni-plovdiv.bg\/?p=15671\">\u041a\u044a\u043c \u0447\u0438\u0442\u0430\u0442\u0435\u043b\u0438\u0442\u0435<\/a><\/em><\/p>\n\n\n\n<h3 class=\"wp-block-heading\">\u0415\u0417\u0418\u041a\u041e\u0417\u041d\u0410\u041d\u0418\u0415<\/h3>\n\n\n\n<p><strong><a href=\"https:\/\/dialozi.uni-plovdiv.bg\/?page_id=15484\">\u0418\u0441\u043a\u0440\u0430 \u0425\u0440\u0438\u0441\u0442\u043e\u0432\u0430-\u0428\u043e\u043c\u043e\u0432\u0430<\/a> (\u0421\u043e\u0444\u0438\u044f)<\/strong><br><a href=\"https:\/\/dialozi.uni-plovdiv.bg\/?p=15270\">\u041d\u0430\u0447\u0430\u043b\u043e\u0442\u043e \u043d\u0430 \u043a\u043d\u0438\u0433\u0430 <em>\u0411\u0438\u0442\u0438\u0435<\/em> \u0432 \u041a\u0438\u0440\u0438\u043b\u043e-\u041c\u0435\u0442\u043e\u0434\u0438\u0435\u0432\u0438\u044f \u043f\u0440\u0435\u0432\u043e\u0434, \u0432 \u043f\u0440\u0435\u0441\u043b\u0430\u0432\u0441\u043a\u0430\u0442\u0430 \u0440\u0435\u0434\u0430\u043a\u0446\u0438\u044f,<br>\u0432 \u0441\u043b\u0443\u0436\u0435\u0431\u043d\u0438\u0442\u0435 \u043c\u0438\u043d\u0435\u0438 \u0438 \u0432 \u043f\u044a\u043b\u043d\u0438\u0442\u0435 \u0431\u0438\u0431\u043b\u0438\u0438<\/a><\/p>\n\n\n\n<p><strong><a href=\"https:\/\/dialozi.uni-plovdiv.bg\/?page_id=15470\">\u0422\u0430\u0442\u044f\u043d\u0430 \u0418\u043b\u0438\u0435\u0432\u0430<\/a> (\u0421\u043e\u0444\u0438\u044f)<\/strong><br><a href=\"https:\/\/dialozi.uni-plovdiv.bg\/?p=15283\">\u0413\u0440\u044a\u0446\u043a\u043e-\u0441\u0442\u0430\u0440\u043e\u0431\u044a\u043b\u0433\u0430\u0440\u0441\u043a\u0438 \u043b\u0435\u043a\u0441\u0438\u043a\u0430\u043b\u043d\u0438 \u043f\u0430\u0440\u0430\u043b\u0435\u043b\u0438 \u0432 \u043f\u0440\u0435\u0432\u043e\u0434\u0430 \u043d\u0430 \u0431\u0438\u0431\u043b\u0435\u0439\u0441\u043a\u0430\u0442\u0430 <em>\u041a\u043d\u0438\u0433\u0430 <\/em><br><em>\u043d\u0430 \u043f\u0440\u043e\u0440\u043e\u043a \u0418\u0435\u0437\u0435\u043a\u0438\u0438\u043b\u044f<\/em> \u0441 \u0442\u044a\u043b\u043a\u0443\u0432\u0430\u043d\u0438\u044f \u043e\u0442 \u0422\u0435\u043e\u0434\u043e\u0440\u0438\u0442 \u041a\u0438\u0440\u0441\u043a\u0438 \u043f\u043e \u0440\u043a\u043f. F.I.461 (\u0420\u041d\u0411, \u0421\u041f\u0431)<\/a> <\/p>\n\n\n\n<h3 class=\"wp-block-heading\">\u041a\u0423\u041b\u0422\u0423\u0420\u041d\u0410 \u0418\u0421\u0422\u041e\u0420\u0418\u042f<\/h3>\n\n\n\n<p><strong><a href=\"https:\/\/dialozi.uni-plovdiv.bg\/?page_id=15505\">\u041c\u0430\u0440\u0438\u043e\u043b\u0430 \u0412\u0430\u043b\u0447\u0430\u043a-\u041c\u0438\u043a\u043e\u043b\u0430\u0439\u0447\u0430\u043a\u043e\u0432\u0430<\/a> (\u041f\u043e\u0437\u043d\u0430\u043d)<\/strong><br><a href=\"https:\/\/dialozi.uni-plovdiv.bg\/?p=15289\">\u0421\u0432\u0435\u0442\u044a\u0442 \u043d\u0430 \u0446\u0432\u0435\u0442\u043e\u0432\u0435\u0442\u0435 \u0432 \u043f\u043e\u043b\u0441\u043a\u0438\u044f \u0438 \u0432 \u0431\u044a\u043b\u0433\u0430\u0440\u0441\u043a\u0438\u044f \u043f\u0440\u0435\u0432\u043e\u0434 \u043d\u0430 \u0411\u0438\u0431\u043b\u0438\u044f\u0442\u0430 <\/a><\/p>\n\n\n\n<p><strong><a href=\"https:\/\/dialozi.uni-plovdiv.bg\/?page_id=15512\">\u0411\u043e\u0440\u0438\u0441\u043b\u0430\u0432\u0430 \u041f\u0435\u0442\u043a\u043e\u0432\u0430<\/a> (\u041f\u043b\u043e\u0432\u0434\u0438\u0432)<\/strong><br><a href=\"https:\/\/dialozi.uni-plovdiv.bg\/?p=15353\">\u201e\u0411\u0438\u0431\u043b\u0435\u0439\u0441\u043a\u0438\u044f\u0442\u201c \u043c\u043e\u0442\u0438\u0432 \u0437\u0430 \u0441\u044a\u0442\u0432\u043e\u0440\u0435\u043d\u0438\u0435\u0442\u043e \u043d\u0430 \u0436\u0435\u043d\u0430\u0442\u0430 \u0432 \u0435\u0434\u043d\u0430 \u0431\u044a\u043b\u0433\u0430\u0440\u0441\u043a\u0430 \u0444\u043e\u043b\u043a\u043b\u043e\u0440\u043d\u0430 \u043b\u0435\u0433\u0435\u043d\u0434\u0430<\/a><\/p>\n\n\n\n<h3 class=\"wp-block-heading\">\u041b\u0418\u0422\u0415\u0420\u0410\u0422\u0423\u0420\u041e\u0417\u041d\u0410\u041d\u0418\u0415<\/h3>\n\n\n\n<p><strong><a href=\"https:\/\/dialozi.uni-plovdiv.bg\/?page_id=4623\">\u0416\u043e\u0440\u0436\u0435\u0442\u0430 \u0427\u043e\u043b\u0430\u043a\u043e\u0432\u0430<\/a> (\u041f\u043b\u043e\u0432\u0434\u0438\u0432)<\/strong><br><a href=\"https:\/\/dialozi.uni-plovdiv.bg\/?p=15361\">\u041b\u0438\u0442\u0435\u0440\u0430\u0442\u0443\u0440\u043d\u0438 \u043e\u0442\u0433\u043b\u0430\u0441\u0438 \u043d\u0430 \u043c\u043d\u043e\u0433\u043e\u0441\u0442\u0440\u0430\u0434\u0430\u043b\u043d\u0438\u044f \u0418\u043e\u0432. <\/a><br><a href=\"https:\/\/dialozi.uni-plovdiv.bg\/?p=15361\">\u0427\u0430\u0441\u0442 I. \u0412\u044a\u043f\u0440\u043e\u0441\u0438\u0442\u0435 \u043d\u0430 \u0418\u043e\u0432 \u0438 \u043e\u0442\u0433\u043e\u0432\u043e\u0440\u0438\u0442\u0435 \u043d\u0430 \u042f\u043d \u0410\u043c\u043e\u0441 \u041a\u043e\u043c\u0435\u043d\u0441\u043a\u0438 <\/a><\/p>\n\n\n\n<p><strong><a href=\"https:\/\/dialozi.uni-plovdiv.bg\/?page_id=4608\">\u041d\u0438\u043a\u043e\u043b\u0430\u0439 \u041d\u0435\u0439\u0447\u0435\u0432<\/a> (\u041f\u043b\u043e\u0432\u0434\u0438\u0432)<\/strong><br><a href=\"https:\/\/dialozi.uni-plovdiv.bg\/?p=15341\">\u0411\u0438\u0431\u043b\u0435\u0439\u0441\u043a\u0438, \u0431\u043e\u0433\u043e\u0441\u043b\u043e\u0432\u0441\u043a\u0438 \u0438 \u0430\u0433\u0438\u043e\u0433\u0440\u0430\u0444\u0441\u043a\u0438 \u0438\u0437\u0442\u043e\u0447\u043d\u0438\u0446\u0438 \u0437\u0430 \u0444\u043e\u0440\u043c\u0438\u0440\u0430\u043d\u0435\u0442\u043e <br>\u043d\u0430 \u0445\u0443\u0434\u043e\u0436\u0435\u0441\u0442\u0432\u0435\u043d\u0430\u0442\u0430 \u043a\u043e\u043d\u0446\u0435\u043f\u0446\u0438\u044f \u043d\u0430 \u0414\u043e\u0441\u0442\u043e\u0435\u0432\u0441\u043a\u0438 \u0437\u0430 \u0434\u0443\u0445\u043e\u0432\u043d\u0438\u044f \u0441\u0432\u044f\u0442<\/a><\/p>\n\n\n\n<h3 class=\"wp-block-heading\">\u041f\u0420\u0415\u0412\u041e\u0414\u0410\u0427\u0415\u0421\u041a\u0418 \u0420\u0410\u041a\u0423\u0420\u0421\u0418<\/h3>\n\n\n\n<p><a href=\"https:\/\/dialozi.uni-plovdiv.bg\/?p=15816\"><strong>\u042f\u043d \u041d\u0435\u0440\u0443\u0434\u0430<\/strong>.<\/a> \u0421\u0442\u0438\u0445\u043e\u0442\u0432\u043e\u0440\u0435\u043d\u0438\u044f<br><em><a href=\"https:\/\/dialozi.uni-plovdiv.bg\/?p=15603\">Ballada t\u0159\u00edkr\u00e1lov\u00e1\/\u0411\u0430\u043b\u0430\u0434\u0430 \u0437\u0430 \u0442\u0440\u0438\u043c\u0430\u0442\u0430 \u043a\u0440\u0430\u043b\u0435<\/a><\/em><br>\u041f\u0440\u0435\u0432\u043e\u0434 \u043d\u0430 \u0431\u044a\u043b\u0433\u0430\u0440\u0441\u043a\u0438: \u0413\u0440\u0438\u0433\u043e\u0440 \u041b\u0435\u043d\u043a\u043e\u0432<br>\u041f\u0440\u0435\u0432\u043e\u0434 \u043d\u0430 \u0440\u0443\u0441\u043a\u0438: \u041c\u0443\u0437\u0430 \u041a. \u041f\u0430\u0432\u043b\u043e\u0432\u0430<\/p>\n\n\n\n<p><em><a href=\"https:\/\/dialozi.uni-plovdiv.bg\/?p=15607\">Ballada pa\u0161ijov\u00e1\/\u041f\u0430\u0441\u0445\u0430\u043b\u043d\u0430 \u0431\u0430\u043b\u0430\u0434\u0430<\/a><\/em><br>\u041f\u0440\u0435\u0432\u043e\u0434 \u043d\u0430 \u043f\u043e\u043b\u0441\u043a\u0438: \u041a\u043e\u043d\u0440\u0430\u0434 \u0417\u0430\u043b\u0435\u0441\u043a\u0438<br>\u041f\u0440\u0435\u0432\u043e\u0434 \u043d\u0430 \u0440\u0443\u0441\u043a\u0438: \u0414\u0430\u0432\u0438\u0434 \u0421. \u0421\u0430\u043c\u043e\u0439\u043b\u043e\u0432<br>\u041f\u0440\u0435\u0432\u043e\u0434 \u043d\u0430 \u0431\u044a\u043b\u0433\u0430\u0440\u0441\u043a\u0438: \u0416\u043e\u0440\u0436\u0435\u0442\u0430 \u0427\u043e\u043b\u0430\u043a\u043e\u0432\u0430<\/p>\n\n\n\n<h3 class=\"wp-block-heading\">\u041d\u041e\u0412\u0418 \u041f\u0420\u0415\u0412\u041e\u0414\u0418<\/h3>\n\n\n\n<p><strong><a href=\"https:\/\/dialozi.uni-plovdiv.bg\/?p=15823\">\u042f\u043d \u0410\u043c\u043e\u0441 \u041a\u043e\u043c\u0435\u043d\u0441\u043a\u0438<\/a><\/strong><a href=\"https:\/\/dialozi.uni-plovdiv.bg\/?p=15677\"><br><em>Centrum securitatis, \u0442\u043e\u0435\u0441\u0442 \u0413\u043b\u044a\u0431\u0438\u043d\u0430\u0442\u0430 \u043d\u0430 \u0441\u0438\u0433\u0443\u0440\u043d\u043e\u0441\u0442\u0442\u0430<\/em> (\u041e\u0442\u043a\u044a\u0441)<\/a><br>\u041f\u0440\u0435\u0432\u043e\u0434 \u043e\u0442 \u0447\u0435\u0448\u043a\u0438: <a href=\"https:\/\/dialozi.uni-plovdiv.bg\/?page_id=15520\">\u041d\u0438\u043d\u0430 \u0422\u043e\u0434\u043e\u0440\u043e\u0432\u0430<\/a><\/p>\n\n\n\n<p><strong><a href=\"https:\/\/dialozi.uni-plovdiv.bg\/?p=15832\">\u042e\u043b\u0438\u0443\u0448 \u0421\u043b\u043e\u0432\u0430\u0446\u043a\u0438<\/a><\/strong><a href=\"https:\/\/dialozi.uni-plovdiv.bg\/?p=15692\"><br><em>\u0413\u0435\u043d\u0435\u0437\u0438\u0441 \u043e\u0442 \u0414\u0443\u0445\u0430<\/em><\/a><br>\u041f\u0440\u0435\u0432\u043e\u0434 \u043e\u0442 \u043f\u043e\u043b\u0441\u043a\u0438: <a href=\"https:\/\/dialozi.uni-plovdiv.bg\/?page_id=4612\">\u0414\u0438\u043c\u0438\u0442\u0440\u0438\u043d\u0430 \u0425\u0430\u043c\u0437\u0435<\/a><\/p>\n\n\n\n<p><strong><a href=\"https:\/\/dialozi.uni-plovdiv.bg\/?p=15838\">\u0417\u0438\u043d\u0430\u0438\u0434\u0430 \u0413\u0438\u043f\u0438\u0443\u0441<\/a><\/strong><a href=\"https:\/\/dialozi.uni-plovdiv.bg\/?p=15708\"><br><em>\u0421\u044a\u0443\u0447\u0430\u0441\u0442\u043d\u0438\u0446\u0438. \u0411\u044f\u043b\u0430 \u0434\u0440\u0435\u0445\u0430<\/em> (\u0421\u0442\u0438\u0445\u043e\u0442\u0432\u043e\u0440\u0435\u043d\u0438\u044f)<\/a><br>\u041f\u0440\u0435\u0432\u043e\u0434 \u043e\u0442 \u0440\u0443\u0441\u043a\u0438: <a href=\"https:\/\/dialozi.uni-plovdiv.bg\/?page_id=4502\">\u0422\u0430\u043d\u044f \u041d\u0435\u0439\u0447\u0435\u0432\u0430<\/a>, <a href=\"https:\/\/dialozi.uni-plovdiv.bg\/?page_id=4623\">\u0416\u043e\u0440\u0436\u0435\u0442\u0430 \u0427\u043e\u043b\u0430\u043a\u043e\u0432\u0430<\/a><\/p>\n\n\n\n<h3 class=\"wp-block-heading\"><a href=\"https:\/\/dialozi.uni-plovdiv.bg\/?p=15592\">\u0410\u0412\u0422\u041e\u0420\u0418, \u041f\u0420\u0415\u0412\u041e\u0414\u0410\u0427\u0418<\/a><\/h3>\n\n\n\n<h3 class=\"wp-block-heading\"><a href=\"https:\/\/dialozi.uni-plovdiv.bg\/?page_id=4482\">\u0421\u0422\u0410\u041d\u0414\u0410\u0420\u0422 \u0417\u0410 \u041e\u0424\u041e\u0420\u041c\u042f\u041d\u0415 \u041d\u0410 \u0422\u0415\u041a\u0421\u0422\u041e\u0412\u0415\u0422\u0415<\/a><\/p>","protected":false},"excerpt":{"rendered":"\u0422\u0435\u043c\u0430 \u043d\u0430 \u0431\u0440\u043e\u044f: \u0411\u0418\u0411\u041b\u0418\u042f\u0422\u0410 \u041a\u044a\u043c \u0447\u0438\u0442\u0430\u0442\u0435\u043b\u0438\u0442\u0435 \u0415\u0417\u0418\u041a\u041e\u0417\u041d\u0410\u041d\u0418\u0415 \u0418\u0441\u043a\u0440\u0430 \u0425\u0440\u0438\u0441\u0442\u043e\u0432\u0430-\u0428\u043e\u043c\u043e\u0432\u0430 (\u0421\u043e\u0444\u0438\u044f)\u041d\u0430\u0447\u0430\u043b\u043e\u0442\u043e \u043d\u0430 \u043a\u043d\u0438\u0433\u0430 \u0411\u0438\u0442\u0438\u0435 \u0432 \u041a\u0438\u0440\u0438\u043b\u043e-\u041c\u0435\u0442\u043e\u0434\u0438\u0435\u0432\u0438\u044f \u043f\u0440\u0435\u0432\u043e\u0434, \u0432 \u043f\u0440\u0435\u0441\u043b\u0430\u0432\u0441\u043a\u0430\u0442\u0430 \u0440\u0435\u0434\u0430\u043a\u0446\u0438\u044f,\u0432 \u0441\u043b\u0443\u0436\u0435\u0431\u043d\u0438\u0442\u0435 \u043c\u0438\u043d\u0435\u0438 \u0438 \u0432 \u043f\u044a\u043b\u043d\u0438\u0442\u0435 \u0431\u0438\u0431\u043b\u0438\u0438 \u0422\u0430\u0442\u044f\u043d\u0430 \u0418\u043b\u0438\u0435\u0432\u0430 (\u0421\u043e\u0444\u0438\u044f)\u0413\u0440\u044a\u0446\u043a\u043e-\u0441\u0442\u0430\u0440\u043e\u0431\u044a\u043b\u0433\u0430\u0440\u0441\u043a\u0438 \u043b\u0435\u043a\u0441\u0438\u043a\u0430\u043b\u043d\u0438 \u043f\u0430\u0440\u0430\u043b\u0435\u043b\u0438 \u0432 \u043f\u0440\u0435\u0432\u043e\u0434\u0430 \u043d\u0430 \u0431\u0438\u0431\u043b\u0435\u0439\u0441\u043a\u0430\u0442\u0430 \u041a\u043d\u0438\u0433\u0430 \u043d\u0430 \u043f\u0440\u043e\u0440\u043e\u043a \u0418\u0435\u0437\u0435\u043a\u0438\u0438\u043b\u044f \u0441 \u0442\u044a\u043b\u043a\u0443\u0432\u0430\u043d\u0438\u044f \u043e\u0442 \u0422\u0435\u043e\u0434\u043e\u0440\u0438\u0442 \u041a\u0438\u0440\u0441\u043a\u0438 \u043f\u043e \u0440\u043a\u043f. F.I.461 (\u0420\u041d\u0411, \u0421\u041f\u0431) \u041a\u0423\u041b\u0422\u0423\u0420\u041d\u0410 \u0418\u0421\u0422\u041e\u0420\u0418\u042f \u041c\u0430\u0440\u0438\u043e\u043b\u0430 \u0412\u0430\u043b\u0447\u0430\u043a-\u041c\u0438\u043a\u043e\u043b\u0430\u0439\u0447\u0430\u043a\u043e\u0432\u0430 (\u041f\u043e\u0437\u043d\u0430\u043d)\u0421\u0432\u0435\u0442\u044a\u0442 \u043d\u0430 \u0446\u0432\u0435\u0442\u043e\u0432\u0435\u0442\u0435 [&hellip;]","protected":false},"author":6,"featured_media":0,"parent":27,"menu_order":30,"comment_status":"closed","ping_status":"closed","template":"","meta":{"_acf_changed":false,"footnotes":""},"class_list":["post-15237","page","type-page","status-publish","hentry"],"acf":[],"_links":{"self":[{"href":"https:\/\/dialozi.uni-plovdiv.bg\/index.php?rest_route=\/wp\/v2\/pages\/15237","targetHints":{"allow":["GET"]}}],"collection":[{"href":"https:\/\/dialozi.uni-plovdiv.bg\/index.php?rest_route=\/wp\/v2\/pages"}],"about":[{"href":"https:\/\/dialozi.uni-plovdiv.bg\/index.php?rest_route=\/wp\/v2\/types\/page"}],"author":[{"embeddable":true,"href":"https:\/\/dialozi.uni-plovdiv.bg\/index.php?rest_route=\/wp\/v2\/users\/6"}],"replies":[{"embeddable":true,"href":"https:\/\/dialozi.uni-plovdiv.bg\/index.php?rest_route=%2Fwp%2Fv2%2Fcomments&post=15237"}],"version-history":[{"count":74,"href":"https:\/\/dialozi.uni-plovdiv.bg\/index.php?rest_route=\/wp\/v2\/pages\/15237\/revisions"}],"predecessor-version":[{"id":15910,"href":"https:\/\/dialozi.uni-plovdiv.bg\/index.php?rest_route=\/wp\/v2\/pages\/15237\/revisions\/15910"}],"up":[{"embeddable":true,"href":"https:\/\/dialozi.uni-plovdiv.bg\/index.php?rest_route=\/wp\/v2\/pages\/27"}],"wp:attachment":[{"href":"https:\/\/dialozi.uni-plovdiv.bg\/index.php?rest_route=%2Fwp%2Fv2%2Fmedia&parent=15237"}],"curies":[{"name":"wp","href":"https:\/\/api.w.org\/{rel}","templated":true}]}}