{"id":15505,"date":"2023-04-07T15:42:51","date_gmt":"2023-04-07T13:42:51","guid":{"rendered":"https:\/\/dialozi.uni-plovdiv.bg\/?page_id=15505"},"modified":"2024-05-11T15:43:53","modified_gmt":"2024-05-11T13:43:53","slug":"15505-2","status":"publish","type":"page","link":"https:\/\/dialozi.uni-plovdiv.bg\/?page_id=15505","title":{"rendered":"\u041c\u0430\u0440\u0438\u043e\u043b\u0430 \u0412\u0430\u043b\u0447\u0430\u043a-\u041c\u0438\u043a\u043e\u043b\u0430\u0439\u0447\u0430\u043a\u043e\u0432\u0430"},"content":{"rendered":"<p> \u041f\u0440\u043e\u0444. \u0434.\u0444.\u043d. \u041c\u0430\u0440\u0438\u043e\u043b\u0430 \u0412\u0410\u041b\u0427\u0410\u041a-\u041c\u0418\u041a\u041e\u041b\u0410\u0419\u0427\u0410\u041a\u041e\u0412\u0410 (mawal@amu.edu.pl) \u0435 \u0435\u0437\u0438\u043a\u043e\u0432\u0435\u0434\u043a\u0430, \u0431\u044a\u043b\u0433\u0430\u0440\u0438\u0441\u0442\u043a\u0430, \u043f\u0438\u0441\u0430\u0442\u0435\u043b\u043a\u0430 \u0438 \u043f\u0440\u0435\u0432\u043e\u0434\u0430\u0447\u043a\u0430, \u043f\u0440\u043e\u0444\u0435\u0441\u043e\u0440 \u043f\u043e \u0441\u043b\u0430\u0432\u044f\u043d\u0441\u043a\u043e \u0435\u0437\u0438\u043a\u043e\u0437\u043d\u0430\u043d\u0438\u0435.\u00a0 \u0417\u0430\u0432\u044a\u0440\u0448\u0438\u043b\u0430 \u0435 \u0424\u0438\u043b\u043e\u043b\u043e\u0433\u0438\u0447\u0435\u0441\u043a\u0438\u044f \u0444\u0430\u043a\u0443\u043b\u0442\u0435\u0442 \u043d\u0430 \u041f\u043e\u0437\u043d\u0430\u043d\u0441\u043a\u0438\u044f \u0443\u043d\u0438\u0432\u0435\u0440\u0441\u0438\u0442\u0435\u0442 \u201e\u0410\u0434\u0430\u043c \u041c\u0438\u0446\u043a\u0435\u0432\u0438\u0447\u201c (UAM). \u041e\u0442 1988 \u0433. \u0433\u043e\u0434\u0438\u043d\u0430 \u0440\u0430\u0431\u043e\u0442\u0438 \u043a\u044a\u043c \u041a\u0430\u0442\u0435\u0434\u0440\u0430\u0442\u0430 \u043f\u043e \u0441\u043b\u0430\u0432\u044f\u043d\u0441\u043a\u0430 \u0444\u0438\u043b\u043e\u043b\u043e\u0433\u0438\u044f \u0432 \u0441\u044a\u0449\u0438\u044f \u0443\u043d\u0438\u0432\u0435\u0440\u0441\u0438\u0442\u0435\u0442. \u041f\u0440\u0435\u0437 1996 \u0433\u043e\u0434\u0438\u043d\u0430 \u0437\u0430\u0449\u0438\u0442\u0430\u0432\u0430 \u0434\u043e\u043a\u0442\u043e\u0440\u0430\u0442 \u0432 \u043e\u0431\u043b\u0430\u0441\u0442\u0442\u0430 \u043d\u0430 \u0441\u043b\u0430\u0432\u044f\u043d\u0441\u043a\u043e\u0442\u043e \u0441\u0440\u0430\u0432\u043d\u0438\u0442\u0435\u043b\u043d\u043e \u0435\u0437\u0438\u043a\u043e\u0437\u043d\u0430\u043d\u0438\u0435, \u0430 \u043f\u0440\u0435\u0437 2005 \u0433\u043e\u0434\u0438\u043d\u0430 \u2013 \u043f\u0440\u043e\u0444\u0435\u0441\u0443\u0440\u0430. \u0421\u0432\u043e\u044f\u0442\u0430 \u043d\u0430\u0443\u0447\u043d\u0430 \u0438 \u043f\u0440\u0435\u043f\u043e\u0434\u0430\u0432\u0430\u0442\u0435\u043b\u0441\u043a\u0430 \u0440\u0430\u0431\u043e\u0442\u0430 \u043f\u043e\u0441\u0432\u0435\u0449\u0430\u0432\u0430 \u043d\u0430 \u0438\u0441\u0442\u043e\u0440\u0438\u044f\u0442\u0430 \u043d\u0430 \u0431\u044a\u043b\u0433\u0430\u0440\u0441\u043a\u0438\u044f \u043a\u043d\u0438\u0436\u043e\u0432\u0435\u043d \u0435\u0437\u0438\u043a, \u043d\u0430 \u0431\u044a\u043b\u0433\u0430\u0440\u0441\u043a\u0430\u0442\u0430 \u0438\u0441\u0442\u043e\u0440\u0438\u0447\u0435\u0441\u043a\u0430 \u0434\u0438\u0430\u043b\u0435\u043a\u0442\u043e\u043b\u043e\u0433\u0438\u044f \u0438 \u043b\u0435\u043a\u0441\u0438\u043a\u043e\u043b\u043e\u0433\u0438\u044f, \u0430 \u0441\u044a\u0449\u043e \u0442\u0430\u043a\u0430 \u043d\u0430 \u0431\u044a\u043b\u0433\u0430\u0440\u0441\u043a\u0438\u044f \u0441\u043b\u043e\u0432\u0435\u0441\u0435\u043d \u0444\u043e\u043b\u043a\u043b\u043e\u0440 \u0438 \u043d\u0430\u0440\u043e\u0434\u043d\u0438\u0442\u0435 \u043e\u0431\u0438\u0447\u0430\u0438. \u0412 \u043f\u0435\u0440\u0438\u043e\u0434\u0430 1998 \u2013 1999 \u0433. \u0440\u0430\u0431\u043e\u0442\u0438 \u043a\u0430\u0442\u043e \u043b\u0435\u043a\u0442\u043e\u0440 \u043f\u043e \u043f\u043e\u043b\u0441\u043a\u0438 \u0435\u0437\u0438\u043a \u0432 \u041f\u043b\u043e\u0432\u0434\u0438\u0432\u0441\u043a\u0438\u044f \u0443\u043d\u0438\u0432\u0435\u0440\u0441\u0438\u0442\u0435\u0442 \u201e\u041f\u0430\u0438\u0441\u0438\u0439 \u0425\u0438\u043b\u0435\u043d\u0434\u0430\u0440\u0441\u043a\u0438\u201c. \u041e\u0442 2007\u0433 \u0434\u043e 2014 \u0433. \u0435 \u043f\u0440\u0435\u0434\u0441\u0435\u0434\u0430\u0442\u0435\u043b\u043a\u0430 \u043d\u0430 \u041a\u043e\u043c\u0438\u0441\u0438\u044f\u0442\u0430 \u043f\u043e \u0441\u043b\u0430\u0432\u0438\u0441\u0442\u0438\u043a\u0430 \u043a\u044a\u043c \u041f\u043e\u043b\u0441\u043a\u0430\u0442\u0430 \u0430\u043a\u0430\u0434\u0435\u043c\u0438\u044f \u043d\u0430 \u043d\u0430\u0443\u043a\u0438\u0442\u0435 \u0432 \u041f\u043e\u0437\u043d\u0430\u043d<strong>.<\/strong><\/p>\n\n\n\n<p>\u0410\u0432\u0442\u043e\u0440\u043a\u0430 \u0435 \u043d\u0430 \u043d\u0430\u0434 150 \u043d\u0430\u0443\u0447\u043d\u0438 \u0441\u0442\u0430\u0442\u0438\u0438 \u0438 14 \u043a\u043d\u0438\u0433\u0438, \u043c\u0435\u0436\u0434\u0443 \u043a\u043e\u0438\u0442\u043e: <em>\u0415\u0437\u0438\u043a\u044a\u0442 \u043d\u0430 \u0431\u044a\u043b\u0433\u0430\u0440\u0441\u043a\u0430\u0442\u0430 \u043f\u0438\u0441\u043c\u0435\u043d\u043e\u0441\u0442. \u041a\u0440\u0430\u0442\u043a\u0430 \u0438\u0441\u0442\u043e\u0440\u0438\u044f <\/em>(<em>J\u0119zyk pi\u015bmiennictwa bu\u0142garskiego. Zarys dziej\u00f3w<\/em>, Pozna\u0144, 1998), <em>\u0411\u0430\u043b\u043a\u0430\u043d\u0441\u043a\u0438 \u0440\u0438\u0442\u043c\u0438 \u0438\u043b\u0438 \u0437\u0430 \u0442\u0440\u0430\u0434\u0438\u0446\u0438\u0438\u0442\u0435, \u043f\u0430\u0437\u0435\u043d\u0438 \u0432 \u0435\u0437\u0438\u043a\u0430<\/em> (<em>Ba\u0142ka\u0144skie rytmy \u017cycia, czyli o tradycji przechowanej w j\u0119zyku<\/em>, Gniezno, 2001), <em>\u0422\u0430\u0439\u043d\u0438\u0442\u0435 \u043d\u0430 \u0441\u043b\u0430\u0432\u044f\u043d\u0441\u043a\u0438\u0442\u0435 \u0431\u043e\u0433\u043e\u0432\u0435 <\/em>(<em>Tajemnice s\u0142owia\u0144skich bog\u00f3w<\/em>, Wroc\u0142aw, 2001), <em>\u041a\u0430\u0442\u043e\u043b\u0438\u0447\u0435\u0441\u043a\u0430\u0442\u0430 \u043f\u0438\u0441\u043c\u0435\u043d\u043e\u0441\u0442 \u0432 \u0411\u044a\u043b\u0433\u0430\u0440\u0438\u044f. \u041f\u0440\u043e\u0431\u043b\u0435\u043c\u0438 \u043d\u0430 \u0435\u0437\u0438\u043a\u0430 \u0432 \u0442\u0432\u043e\u0440\u0431\u0438 \u043e\u0442 \u0432\u0442\u043e\u0440\u0430\u0442\u0430 \u043f\u043e\u043b\u043e\u0432\u0438\u043d\u0430 \u043d\u0430 XVIII \u0432\u0435\u043a<\/em> (<em>Pi\u015bmiennictwo katolickie w Bu\u0142garii. J\u0119zyk utwor\u00f3w II po\u0142owy XVIII wieku<\/em> Pozna\u0144 2004), <em>\u0425\u0440\u0438\u0441\u0442\u0438\u044f\u043d\u0441\u043a\u0430 \u0411\u044a\u043b\u0433\u0430\u0440\u0438\u044f<\/em> (<em>Chrze\u015bcija\u0144ska Bu\u0142garia,<\/em> Pozna\u0144, 2007), <em>\u0411\u044a\u043b\u0433\u0430\u0440\u0441\u043a\u0438\u044f\u0442 \u0415\u0437\u043e\u043f<\/em> (<em>Bu\u0142garski Ezop,<\/em> Pozna\u0144, 2009), <em>\u0426\u0432\u0435\u0442\u043e\u0432\u0435 \u0432 \u0431\u044a\u043b\u0433\u0430\u0440\u0441\u043a\u0438\u044f \u0435\u0437\u0438\u043a \u0438 \u043a\u0443\u043b\u0442\u0443\u0440\u0430<\/em> (<em>Kolory w j\u0119zyku i kultutrze bu\u0142garskiej, <\/em>Pozna\u0144, 2022).<\/p>\n\n\n\n<h3 class=\"wp-block-heading\">\u0421\u0442\u0430\u0442\u0438\u0438<\/h3>\n\n\n\n<p><a href=\"https:\/\/dialozi.uni-plovdiv.bg\/?p=17308\">\u041f\u043e\u0437\u043d\u0430\u043d\u0441\u043a\u0430\u0442\u0430 \u0431\u044a\u043b\u0433\u0430\u0440\u0438\u0441\u0442\u0438\u043a\u0430 \u0432 \u043d\u0430\u0432\u0435\u0447\u0435\u0440\u0438\u0435\u0442\u043e \u043d\u0430 \u0441\u0432\u043e\u044f\u0442\u0430 35-\u0433\u043e\u0434\u0438\u0448\u043d\u0438\u043d\u0430 (\u0432 \u0441\u044a\u0430\u0432\u0442\u043e\u0440\u0441\u0442\u0432\u043e \u0441 \u041f\u0430\u0442\u0440\u0438\u043a \u0411\u043e\u0440\u043e\u0432\u044f\u043a)<\/a>. \/\/ <a href=\"https:\/\/dialozi.uni-plovdiv.bg\/?page_id=17148\"><em>\u0421\u043b\u0430\u0432\u044f\u043d\u0441\u043a\u0438 \u0434\u0438\u0430\u043b\u043e\u0437\u0438<\/em>, \u0425\u0425, 2023, 32<\/a>.<\/p>\n\n\n\n<p><a href=\"https:\/\/dialozi.uni-plovdiv.bg\/?p=15289\">\u0421\u0432\u0435\u0442\u044a\u0442 \u043d\u0430 \u0446\u0432\u0435\u0442\u043e\u0432\u0435\u0442\u0435 \u0432 \u043f\u043e\u043b\u0441\u043a\u0438\u044f \u0438 \u0432 \u0431\u044a\u043b\u0433\u0430\u0440\u0441\u043a\u0438\u044f \u043f\u0440\u0435\u0432\u043e\u0434 \u043d\u0430 \u0411\u0438\u0431\u043b\u0438\u044f\u0442\u0430. <\/a>\/\/ <a href=\"https:\/\/dialozi.uni-plovdiv.bg\/?page_id=15237\"><em>\u0421\u043b\u0430\u0432\u044f\u043d\u0441\u043a\u0438 \u0434\u0438\u0430\u043b\u043e\u0437\u0438<\/em>,  XIX, 2022, 30.<\/a><\/p>\n\n\n\n<p><a href=\"https:\/\/dialozi.uni-plovdiv.bg\/?p=2021\">\u041f\u043e\u043b\u0441\u043a\u0430\u0442\u0430 \u043b\u0435\u043a\u0441\u0438\u043a\u0430 \u0438 \u0444\u0440\u0430\u0437\u0435\u043e\u043b\u043e\u0433\u0438\u044f, \u0441\u0432\u044a\u0440\u0437\u0430\u043d\u0430 \u0441 \u0435\u0442\u0438\u043a\u0435\u0442\u0430 \u0432 \u043f\u0440\u0438\u044f\u0442\u0435\u043b\u0441\u043a\u0438\u0442\u0435 \u043a\u0440\u044a\u0433\u043e\u0432\u0435, \u0432 \u0441\u044a\u043f\u043e\u0441\u0442\u0430\u0432\u0438\u0442\u0435\u043b\u0435\u043d \u043f\u043b\u0430\u043d<\/a>. \/\/ <a href=\"https:\/\/dialozi.uni-plovdiv.bg\/?page_id=46\"><em>\u0421\u043b\u0430\u0432\u044f\u043d\u0441\u043a\u0438 \u0434\u0438\u0430\u043b\u043e\u0437\u0438<\/em>, IV, 2007, 8<\/a>.<\/p>\n\n\n\n<p><\/p>","protected":false},"excerpt":{"rendered":"\u041f\u0440\u043e\u0444. \u0434.\u0444.\u043d. \u041c\u0430\u0440\u0438\u043e\u043b\u0430 \u0412\u0410\u041b\u0427\u0410\u041a-\u041c\u0418\u041a\u041e\u041b\u0410\u0419\u0427\u0410\u041a\u041e\u0412\u0410 (mawal@amu.edu.pl) \u0435 \u0435\u0437\u0438\u043a\u043e\u0432\u0435\u0434\u043a\u0430, \u0431\u044a\u043b\u0433\u0430\u0440\u0438\u0441\u0442\u043a\u0430, \u043f\u0438\u0441\u0430\u0442\u0435\u043b\u043a\u0430 \u0438 \u043f\u0440\u0435\u0432\u043e\u0434\u0430\u0447\u043a\u0430, \u043f\u0440\u043e\u0444\u0435\u0441\u043e\u0440 \u043f\u043e \u0441\u043b\u0430\u0432\u044f\u043d\u0441\u043a\u043e \u0435\u0437\u0438\u043a\u043e\u0437\u043d\u0430\u043d\u0438\u0435.\u00a0 \u0417\u0430\u0432\u044a\u0440\u0448\u0438\u043b\u0430 \u0435 \u0424\u0438\u043b\u043e\u043b\u043e\u0433\u0438\u0447\u0435\u0441\u043a\u0438\u044f \u0444\u0430\u043a\u0443\u043b\u0442\u0435\u0442 \u043d\u0430 \u041f\u043e\u0437\u043d\u0430\u043d\u0441\u043a\u0438\u044f \u0443\u043d\u0438\u0432\u0435\u0440\u0441\u0438\u0442\u0435\u0442 \u201e\u0410\u0434\u0430\u043c \u041c\u0438\u0446\u043a\u0435\u0432\u0438\u0447\u201c (UAM). \u041e\u0442 1988 \u0433. \u0433\u043e\u0434\u0438\u043d\u0430 \u0440\u0430\u0431\u043e\u0442\u0438 \u043a\u044a\u043c \u041a\u0430\u0442\u0435\u0434\u0440\u0430\u0442\u0430 \u043f\u043e \u0441\u043b\u0430\u0432\u044f\u043d\u0441\u043a\u0430 \u0444\u0438\u043b\u043e\u043b\u043e\u0433\u0438\u044f \u0432 \u0441\u044a\u0449\u0438\u044f \u0443\u043d\u0438\u0432\u0435\u0440\u0441\u0438\u0442\u0435\u0442. \u041f\u0440\u0435\u0437 1996 \u0433\u043e\u0434\u0438\u043d\u0430 \u0437\u0430\u0449\u0438\u0442\u0430\u0432\u0430 \u0434\u043e\u043a\u0442\u043e\u0440\u0430\u0442 \u0432 \u043e\u0431\u043b\u0430\u0441\u0442\u0442\u0430 \u043d\u0430 \u0441\u043b\u0430\u0432\u044f\u043d\u0441\u043a\u043e\u0442\u043e \u0441\u0440\u0430\u0432\u043d\u0438\u0442\u0435\u043b\u043d\u043e \u0435\u0437\u0438\u043a\u043e\u0437\u043d\u0430\u043d\u0438\u0435, \u0430 \u043f\u0440\u0435\u0437 2005 \u0433\u043e\u0434\u0438\u043d\u0430 \u2013 \u043f\u0440\u043e\u0444\u0435\u0441\u0443\u0440\u0430. [&hellip;]","protected":false},"author":6,"featured_media":0,"parent":1597,"menu_order":0,"comment_status":"closed","ping_status":"closed","template":"","meta":{"_acf_changed":false,"footnotes":""},"class_list":["post-15505","page","type-page","status-publish","hentry"],"acf":[],"_links":{"self":[{"href":"https:\/\/dialozi.uni-plovdiv.bg\/index.php?rest_route=\/wp\/v2\/pages\/15505","targetHints":{"allow":["GET"]}}],"collection":[{"href":"https:\/\/dialozi.uni-plovdiv.bg\/index.php?rest_route=\/wp\/v2\/pages"}],"about":[{"href":"https:\/\/dialozi.uni-plovdiv.bg\/index.php?rest_route=\/wp\/v2\/types\/page"}],"author":[{"embeddable":true,"href":"https:\/\/dialozi.uni-plovdiv.bg\/index.php?rest_route=\/wp\/v2\/users\/6"}],"replies":[{"embeddable":true,"href":"https:\/\/dialozi.uni-plovdiv.bg\/index.php?rest_route=%2Fwp%2Fv2%2Fcomments&post=15505"}],"version-history":[{"count":13,"href":"https:\/\/dialozi.uni-plovdiv.bg\/index.php?rest_route=\/wp\/v2\/pages\/15505\/revisions"}],"predecessor-version":[{"id":18072,"href":"https:\/\/dialozi.uni-plovdiv.bg\/index.php?rest_route=\/wp\/v2\/pages\/15505\/revisions\/18072"}],"up":[{"embeddable":true,"href":"https:\/\/dialozi.uni-plovdiv.bg\/index.php?rest_route=\/wp\/v2\/pages\/1597"}],"wp:attachment":[{"href":"https:\/\/dialozi.uni-plovdiv.bg\/index.php?rest_route=%2Fwp%2Fv2%2Fmedia&parent=15505"}],"curies":[{"name":"wp","href":"https:\/\/api.w.org\/{rel}","templated":true}]}}