{"id":16997,"date":"2023-10-04T14:40:15","date_gmt":"2023-10-04T12:40:15","guid":{"rendered":"https:\/\/dialozi.uni-plovdiv.bg\/?page_id=16997"},"modified":"2023-10-11T20:53:39","modified_gmt":"2023-10-11T18:53:39","slug":"%d0%bb%d0%b5%d1%85-%d1%86%d0%b5%d1%80%d0%b0%d0%bd","status":"publish","type":"page","link":"https:\/\/dialozi.uni-plovdiv.bg\/?page_id=16997","title":{"rendered":"\u041b\u0435\u0445 \u0426\u0435\u0440\u0430\u043d"},"content":{"rendered":"<p> \u041b\u0435\u0445 \u0426\u0415\u0420\u0410\u041d (Lech Ceran, lech.ceran@edu.uni.lodz.pl) \u0437\u0430\u0432\u044a\u0440\u0448\u0432\u0430 \u043c\u0430\u0433\u0438\u0441\u0442\u044a\u0440\u0441\u043a\u0430 \u0441\u0442\u0435\u043f\u0435\u043d \u043f\u043e \u0441\u043b\u0430\u0432\u044f\u043d\u0441\u043a\u0430 \u0444\u0438\u043b\u043e\u043b\u043e\u0433\u0438\u044f \u0441 \u043f\u0440\u043e\u0444\u0438\u043b \u0431\u044a\u043b\u0433\u0430\u0440\u0441\u043a\u0438 \u0435\u0437\u0438\u043a \u0438 \u0441\u043b\u043e\u0432\u0435\u043d\u0441\u043a\u0438 \u0435\u0437\u0438\u043a \u0432 \u041b\u043e\u0434\u0437\u043a\u0438\u044f \u0443\u043d\u0438\u0432\u0435\u0440\u0441\u0438\u0442\u0435\u0442 \u043f\u0440\u0435\u0437 2019 \u0433\u043e\u0434\u0438\u043d\u0430. \u041f\u0440\u0435\u0437 2020 \u0433\u043e\u0434\u0438\u043d\u0430 \u0437\u0430\u043f\u043e\u0447\u0432\u0430 \u0434\u043e\u043a\u0442\u043e\u0440\u0430\u043d\u0442\u0443\u0440\u0430 \u043a\u044a\u043c \u0414\u043e\u043a\u0442\u043e\u0440\u0430\u043d\u0442\u0441\u043a\u0430 \u0448\u043a\u043e\u043b\u0430 \u043f\u043e \u0445\u0443\u043c\u0430\u043d\u0438\u0442\u0430\u0440\u043d\u0438 \u043d\u0430\u0443\u043a\u0438 \u043a\u044a\u043c \u041b\u043e\u0434\u0437\u043a\u0438\u044f \u0443\u043d\u0438\u0432\u0435\u0440\u0441\u0438\u0442\u0435\u0442. \u0422\u0435\u043c\u0430\u0442\u0430 \u043d\u0430 \u0434\u0438\u0441\u0435\u0440\u0442\u0430\u0446\u0438\u043e\u043d\u043d\u0438\u044f \u043c\u0443 \u0442\u0440\u0443\u0434 \u0435 \u201e\u0415\u0437\u0438\u043a\u044a\u0442 \u043d\u0430 \u0431\u044a\u043b\u0433\u0430\u0440\u0441\u043a\u0438\u0442\u0435 \u0438 \u043c\u0430\u043a\u0435\u0434\u043e\u043d\u0441\u043a\u0438\u0442\u0435 \u0445\u0438\u043f-\u0445\u043e\u043f \u043f\u0435\u0441\u043d\u0438: \u0434\u0438\u0430\u043b\u0435\u043a\u0442\u043d\u043e-\u0433\u043e\u0432\u043e\u0440\u043d\u0438 \u0438&nbsp;\u0444\u0443\u043d\u043a\u0446\u0438\u043e\u043d\u0430\u043b\u043d\u043e-\u0441\u0442\u0438\u043b\u0438\u0441\u0442\u0438\u0447\u043d\u043e \u043e\u0431\u043e\u0441\u043e\u0431\u044f\u0432\u0430\u043d\u0435 \u043d\u0430 \u0442\u0435\u043a\u0441\u0442\u043e\u0432\u0435\u0442\u0435\u201c (J\u0119zyk bu\u0142garskich i&nbsp;macedo\u0144skich utwor\u00f3w hip-hopowych: dialektalno-gwarowe i funkcjonalno-stylistyczne zr\u00f3\u017cnicowanie tekst\u00f3w). \u041d\u0430\u0443\u0447\u043d\u0438\u0442\u0435 \u043c\u0443 \u0438\u043d\u0442\u0435\u0440\u0435\u0441\u0438 \u0441\u0430 \u0432 \u043e\u0431\u043b\u0430\u0441\u0442\u0442\u0430 \u043d\u0430 \u0434\u0438\u0430\u043b\u0435\u043a\u0442\u043e\u043b\u043e\u0433\u0438\u044f \u0438 \u0441\u0440\u0430\u0432\u043d\u0438\u0442\u0435\u043b\u043d\u043e \u0435\u0437\u0438\u043a\u043e\u0437\u043d\u0430\u043d\u0438\u0435 \u043d\u0430 \u044e\u0436\u043d\u043e\u0441\u043b\u0430\u0432\u044f\u043d\u0441\u043a\u0438\u0442\u0435 \u0435\u0437\u0438\u0446\u0438.&nbsp;<\/p>\n\n\n\n<h4 class=\"wp-block-heading\">\u0421\u0442\u0430\u0442\u0438\u0438:<\/h4>\n\n\n\n<p><a href=\"https:\/\/dialozi.uni-plovdiv.bg\/?p=16783\" data-type=\"link\" data-id=\"https:\/\/dialozi.uni-plovdiv.bg\/?p=16783\">\u0422\u0435\u043c\u0430\u0442\u0438\u0447\u043d\u0438 \u0434\u043e\u043c\u0438\u043d\u0430\u043d\u0442\u0438 \u0432 \u0442\u0435\u043a\u0441\u0442\u043e\u0432\u0435\u0442\u0435 \u043d\u0430 \u044e\u0436\u043d\u043e\u0441\u043b\u0430\u0432\u044f\u043d\u0441\u043a\u0438\u044f \u0445\u0438\u043f-\u0445\u043e\u043f. <\/a>\/\/ <a href=\"https:\/\/dialozi.uni-plovdiv.bg\/?page_id=15974\"><em>\u0421\u043b\u0430\u0432\u044f\u043d\u0441\u043a\u0438 \u0434\u0438\u0430\u043b\u043e\u0437\u0438<\/em>, XX, 2023, 31<\/a>.<\/p>\n\n\n\n<p><\/p>","protected":false},"excerpt":{"rendered":"\u041b\u0435\u0445 \u0426\u0415\u0420\u0410\u041d (Lech Ceran, lech.ceran@edu.uni.lodz.pl) \u0437\u0430\u0432\u044a\u0440\u0448\u0432\u0430 \u043c\u0430\u0433\u0438\u0441\u0442\u044a\u0440\u0441\u043a\u0430 \u0441\u0442\u0435\u043f\u0435\u043d \u043f\u043e \u0441\u043b\u0430\u0432\u044f\u043d\u0441\u043a\u0430 \u0444\u0438\u043b\u043e\u043b\u043e\u0433\u0438\u044f \u0441 \u043f\u0440\u043e\u0444\u0438\u043b \u0431\u044a\u043b\u0433\u0430\u0440\u0441\u043a\u0438 \u0435\u0437\u0438\u043a \u0438 \u0441\u043b\u043e\u0432\u0435\u043d\u0441\u043a\u0438 \u0435\u0437\u0438\u043a \u0432 \u041b\u043e\u0434\u0437\u043a\u0438\u044f \u0443\u043d\u0438\u0432\u0435\u0440\u0441\u0438\u0442\u0435\u0442 \u043f\u0440\u0435\u0437 2019 \u0433\u043e\u0434\u0438\u043d\u0430. \u041f\u0440\u0435\u0437 2020 \u0433\u043e\u0434\u0438\u043d\u0430 \u0437\u0430\u043f\u043e\u0447\u0432\u0430 \u0434\u043e\u043a\u0442\u043e\u0440\u0430\u043d\u0442\u0443\u0440\u0430 \u043a\u044a\u043c \u0414\u043e\u043a\u0442\u043e\u0440\u0430\u043d\u0442\u0441\u043a\u0430 \u0448\u043a\u043e\u043b\u0430 \u043f\u043e \u0445\u0443\u043c\u0430\u043d\u0438\u0442\u0430\u0440\u043d\u0438 \u043d\u0430\u0443\u043a\u0438 \u043a\u044a\u043c \u041b\u043e\u0434\u0437\u043a\u0438\u044f \u0443\u043d\u0438\u0432\u0435\u0440\u0441\u0438\u0442\u0435\u0442. \u0422\u0435\u043c\u0430\u0442\u0430 \u043d\u0430 \u0434\u0438\u0441\u0435\u0440\u0442\u0430\u0446\u0438\u043e\u043d\u043d\u0438\u044f \u043c\u0443 \u0442\u0440\u0443\u0434 \u0435 \u201e\u0415\u0437\u0438\u043a\u044a\u0442 \u043d\u0430 \u0431\u044a\u043b\u0433\u0430\u0440\u0441\u043a\u0438\u0442\u0435 \u0438 \u043c\u0430\u043a\u0435\u0434\u043e\u043d\u0441\u043a\u0438\u0442\u0435 \u0445\u0438\u043f-\u0445\u043e\u043f \u043f\u0435\u0441\u043d\u0438: \u0434\u0438\u0430\u043b\u0435\u043a\u0442\u043d\u043e-\u0433\u043e\u0432\u043e\u0440\u043d\u0438 \u0438&nbsp;\u0444\u0443\u043d\u043a\u0446\u0438\u043e\u043d\u0430\u043b\u043d\u043e-\u0441\u0442\u0438\u043b\u0438\u0441\u0442\u0438\u0447\u043d\u043e \u043e\u0431\u043e\u0441\u043e\u0431\u044f\u0432\u0430\u043d\u0435 \u043d\u0430 [&hellip;]","protected":false},"author":6,"featured_media":0,"parent":1597,"menu_order":0,"comment_status":"closed","ping_status":"closed","template":"","meta":{"_acf_changed":false,"footnotes":""},"class_list":["post-16997","page","type-page","status-publish","hentry"],"acf":[],"_links":{"self":[{"href":"https:\/\/dialozi.uni-plovdiv.bg\/index.php?rest_route=\/wp\/v2\/pages\/16997","targetHints":{"allow":["GET"]}}],"collection":[{"href":"https:\/\/dialozi.uni-plovdiv.bg\/index.php?rest_route=\/wp\/v2\/pages"}],"about":[{"href":"https:\/\/dialozi.uni-plovdiv.bg\/index.php?rest_route=\/wp\/v2\/types\/page"}],"author":[{"embeddable":true,"href":"https:\/\/dialozi.uni-plovdiv.bg\/index.php?rest_route=\/wp\/v2\/users\/6"}],"replies":[{"embeddable":true,"href":"https:\/\/dialozi.uni-plovdiv.bg\/index.php?rest_route=%2Fwp%2Fv2%2Fcomments&post=16997"}],"version-history":[{"count":6,"href":"https:\/\/dialozi.uni-plovdiv.bg\/index.php?rest_route=\/wp\/v2\/pages\/16997\/revisions"}],"predecessor-version":[{"id":17230,"href":"https:\/\/dialozi.uni-plovdiv.bg\/index.php?rest_route=\/wp\/v2\/pages\/16997\/revisions\/17230"}],"up":[{"embeddable":true,"href":"https:\/\/dialozi.uni-plovdiv.bg\/index.php?rest_route=\/wp\/v2\/pages\/1597"}],"wp:attachment":[{"href":"https:\/\/dialozi.uni-plovdiv.bg\/index.php?rest_route=%2Fwp%2Fv2%2Fmedia&parent=16997"}],"curies":[{"name":"wp","href":"https:\/\/api.w.org\/{rel}","templated":true}]}}