{"id":17163,"date":"2023-10-11T17:43:31","date_gmt":"2023-10-11T15:43:31","guid":{"rendered":"https:\/\/dialozi.uni-plovdiv.bg\/?page_id=17163"},"modified":"2024-02-18T11:32:42","modified_gmt":"2024-02-18T09:32:42","slug":"%d1%85%d1%8e%d1%81%d0%b5%d0%b8%d0%bd-%d0%bc%d0%b5%d0%b2%d1%81%d0%b8%d0%bc","status":"publish","type":"page","link":"https:\/\/dialozi.uni-plovdiv.bg\/?page_id=17163","title":{"rendered":"\u0425\u044e\u0441\u0435\u0438\u043d \u041c\u0435\u0432\u0441\u0438\u043c"},"content":{"rendered":"<p> \u00a0<strong>\u041f\u0440\u043e\u0444. \u0434-\u0440 \u0425\u044e\u0441\u0435\u0438\u043d \u041c\u0415\u0412\u0421\u0418\u041c<\/strong> (hmevsim@gmail.com; hmevsim@ankara.edu.tr) \u0435 \u043f\u0440\u0435\u043f\u043e\u0434\u0430\u0432\u0430\u0442\u0435\u043b \u043f\u043e \u0431\u044a\u043b\u0433\u0430\u0440\u0441\u043a\u0438 \u0435\u0437\u0438\u043a \u0438 \u043b\u0438\u0442\u0435\u0440\u0430\u0442\u0443\u0440\u0430 \u0432\u044a\u0432 \u0424\u0430\u043a\u0443\u043b\u0442\u0435\u0442\u0430 \u043f\u043e \u0435\u0437\u0438\u043a, \u0438\u0441\u0442\u043e\u0440\u0438\u044f \u0438 \u0433\u0435\u043e\u0433\u0440\u0430\u0444\u0438\u044f \u043d\u0430 \u0410\u043d\u043a\u0430\u0440\u0441\u043a\u0438\u044f \u0443\u043d\u0438\u0432\u0435\u0440\u0441\u0438\u0442\u0435\u0442. \u0420\u043e\u0434\u0435\u043d \u0435 \u0432 \u0441. \u041a\u043e\u0437\u043b\u0435\u0432\u043e, \u043e\u0431\u043b. \u041a\u044a\u0440\u0434\u0436\u0430\u043b\u0438 (1964). \u0421\u0440\u0435\u0434\u043d\u043e \u0433\u0438\u043c\u043d\u0430\u0437\u0438\u0430\u043b\u043d\u043e \u043e\u0431\u0440\u0430\u0437\u043e\u0432\u0430\u043d\u0438\u0435 \u0437\u0430\u0432\u044a\u0440\u0448\u0432\u0430 \u0432 \u041c\u043e\u043c\u0447\u0438\u043b\u0433\u0440\u0430\u0434, \u0430 \u0432\u0438\u0441\u0448\u0435 \u2013 \u0431\u044a\u043b\u0433\u0430\u0440\u0441\u043a\u0430 \u0444\u0438\u043b\u043e\u043b\u043e\u0433\u0438\u044f \u0432 \u041f\u043b\u043e\u0432\u0434\u0438\u0432\u0441\u043a\u0438\u044f \u0443\u043d\u0438\u0432\u0435\u0440\u0441\u0438\u0442\u0435\u0442 (1989). \u0423\u0441\u0442\u0430\u043d\u043e\u0432\u044f\u0432\u0430 \u0441\u0435 \u0432 \u0420\u0435\u043f\u0443\u0431\u043b\u0438\u043a\u0430 \u0422\u0443\u0440\u0446\u0438\u044f (1991), \u043f\u044a\u0440\u0432\u043e\u043d\u0430\u0447\u0430\u043b\u043d\u043e \u0432 \u0411\u0443\u0440\u0441\u0430 \u0438 \u0418\u0441\u0442\u0430\u043d\u0431\u0443\u043b, \u0430 \u0432\u043f\u043e\u0441\u043b\u0435\u0434\u0441\u0442\u0432\u0438\u0435 \u0432 \u0410\u043d\u043a\u0430\u0440\u0430 (2001), \u043a\u044a\u0434\u0435\u0442\u043e \u0437\u0430\u0449\u0438\u0442\u0430\u0432\u0430 \u043c\u0430\u0433\u0438\u0441\u0442\u0440\u0430\u0442\u0443\u0440\u0430 (2002) \u0438 \u0434\u043e\u043a\u0442\u043e\u0440\u0430\u0442 (2005). \u0410\u0432\u0442\u043e\u0440 \u0435 \u043d\u0430 \u0440\u0435\u0434\u0438\u0446\u0430 \u043c\u043e\u043d\u043e\u0433\u0440\u0430\u0444\u0438\u0438, \u0441\u0442\u0443\u0434\u0438\u0438 \u0438 \u0438\u0437\u0441\u043b\u0435\u0434\u0432\u0430\u043d\u0438\u044f \u043d\u0430 \u0442\u0443\u0440\u0441\u043a\u0438 \u0438 \u0431\u044a\u043b\u0433\u0430\u0440\u0441\u043a\u0438 \u0435\u0437\u0438\u043a \u0432 \u043e\u0431\u043b\u0430\u0441\u0442\u0442\u0430 \u043d\u0430 \u043b\u0438\u0442\u0435\u0440\u0430\u0442\u0443\u0440\u043d\u0430\u0442\u0430 \u0438\u0441\u0442\u043e\u0440\u0438\u044f \u0438 \u0431\u044a\u043b\u0433\u0430\u0440\u0441\u043a\u043e-\u0442\u0443\u0440\u0441\u043a\u0438\u0442\u0435 \u043a\u0443\u043b\u0442\u0443\u0440\u043d\u0438 \u0438 \u043b\u0438\u0442\u0435\u0440\u0430\u0442\u0443\u0440\u043d\u0438 \u0432\u0440\u044a\u0437\u043a\u0438, \u0441\u0440\u0435\u0434 \u043a\u043e\u0438\u0442\u043e: <em>\u0416\u0438\u0442\u0438\u0435 \u043d\u0430 \u0421\u0442\u0435\u0444\u0430\u043d \u041b\u0430\u0437\u0430\u0440\u0435\u0432\u0438\u0447 \u043e\u0442 \u041a\u043e\u043d\u0441\u0442\u0430\u043d\u0442\u0438\u043d \u041a\u043e\u0441\u0442\u0435\u043d\u0435\u0447\u043a\u0438<\/em> (<em>15. Y\u00fczy\u0131l Bulgar Yazar\u0131 Konstantin Kostene\u00e7ki\u2019nin Stefan Lazarevi\u00e7\u2019in Ya\u015fam\u00f6yk\u00fcs\u00fc Ba\u015fl\u0131kl\u0131 Yap\u0131t\u0131<\/em>, 2007), <em>\u041f\u044a\u0442\u0443\u0432\u0430\u043d\u0435\u0442\u043e \u043d\u0430 \u0427\u0443\u0434\u043e\u043c\u0438\u0440 \u0432 \u0422\u0443\u0440\u0446\u0438\u044f<\/em> <em>(1932)<\/em> (2012), <em>\u0424\u043e\u0442\u043e\u0433\u0440\u0430\u0444\u0438\u0438\u0442\u0435 \u043d\u0430 \u0411\u043e\u0433\u0434\u0430\u043d \u0424\u0438\u043b\u043e\u0432 \u043e\u0442 \u0411\u0430\u043b\u043a\u0430\u043d\u0441\u043a\u0438\u0442\u0435 \u0432\u043e\u0439\u043d\u0438 (1912 \u2013 1913)<\/em> (<em>Bogdan Filov\u2019un Balkan Sava\u015flar\u0131 (1912-1913) Foto\u011fraflar\u0131<\/em>,2013), <em>\u041c\u0435\u0436\u0434\u0443 \u0434\u0432\u0430 \u0431\u0440\u044f\u0433\u0430<\/em> (2014, \u0413\u043e\u0434\u0438\u0448\u043d\u0430 \u043d\u0430\u0433\u0440\u0430\u0434\u0430 \u043d\u0430 \u0421\u044a\u044e\u0437\u0430 \u043d\u0430 \u043f\u0440\u0435\u0432\u043e\u0434\u0430\u0447\u0438\u0442\u0435 \u0437\u0430 \u0430\u0432\u0442\u043e\u0440\u0441\u043a\u0430 \u043a\u043d\u0438\u0433\u0430), <em>\u041d\u0438\u043a\u043e\u043b\u0430 \u0424\u0443\u0440\u043d\u0430\u0434\u0436\u0438\u0435\u0432 \u0438 \u0418\u0441\u0442\u0430\u043d\u0431\u0443\u043b<\/em> (2015), <em>\u0414\u0438\u0430\u0440\u0431\u0435\u043a\u0438\u0440\u0441\u043a\u0438 \u0437\u0430\u0442\u043e\u0447\u0435\u043d\u0438\u0446\u0438 (1862\u20131878)<\/em>(<em>Diyarbak\u0131r S\u00fcrg\u00fcnleri (1862\u20131878)<\/em>, 2016), <em>\u041f\u0435\u0442\u044a\u0440 \u0414\u0430\u0447\u0435\u0432 \u0438 \u0418\u0441\u0442\u0430\u043d\u0431\u0443\u043b<\/em> (2017), <em>\u0417\u0435\u043c\u044f \u043f\u0440\u0435\u0434\u0435\u043b\u043d\u0430. \u0421\u0442\u0440\u0430\u043d\u0438\u0446\u0438 \u043e\u0442 \u0431\u044a\u043b\u0433\u0430\u0440\u0441\u043a\u043e-\u0442\u0443\u0440\u0441\u043a\u0438\u0442\u0435 \u043a\u0443\u043b\u0442\u0443\u0440\u043d\u0438 \u0432\u0440\u044a\u0437\u043a\u0438<\/em> (2019, \u041d\u0430\u0446\u0438\u043e\u043d\u0430\u043b\u043d\u0430 \u043d\u0430\u0433\u0440\u0430\u0434\u0430 \u201e\u0425\u0440\u0438\u0441\u0442\u043e \u0413. \u0414\u0430\u043d\u043e\u0432\u201c \u0437\u0430 \u043a\u043d\u0438\u0433\u0430 \u0432 \u043e\u0431\u043b\u0430\u0441\u0442\u0442\u0430 \u043d\u0430 \u0445\u0443\u043c\u0430\u043d\u0438\u0442\u0430\u0440\u0438\u0441\u0442\u0438\u043a\u0430\u0442\u0430, 2020), <em>\u0410\u0442\u0430\u043d\u0430\u0441 \u0414\u0430\u043b\u0447\u0435\u0432 \u0432 \u0421\u043e\u043b\u0443\u043d \u0438 \u0418\u0441\u0442\u0430\u043d\u0431\u0443\u043b<\/em> (2021, \u0421\u043f\u0435\u0446\u0438\u0430\u043b\u043d\u0430 \u043d\u0430\u0433\u0440\u0430\u0434\u0430 \u201e\u0425\u0435\u043b\u0438\u043a\u043e\u043d\u201c \u0437\u0430 \u0437\u0430\u0431\u0435\u043b\u0435\u0436\u0438\u0442\u0435\u043b\u0435\u043d \u043b\u0438\u0442\u0435\u0440\u0430\u0442\u0443\u0440\u043d\u043e-\u0438\u0441\u0442\u043e\u0440\u0438\u0447\u0435\u0441\u043a\u0438 \u043f\u0440\u0438\u043d\u043e\u0441, 2022) \u0438 \u0434\u0440. \u041f\u0440\u0435\u0432\u0435\u0436\u0434\u0430 \u0438 \u043f\u0440\u0435\u0434\u0441\u0442\u0430\u0432\u044f \u0434\u043e\u043a\u0443\u043c\u0435\u043d\u0442\u0430\u043b\u043d\u0430 (\u041c\u0438\u0445\u0430\u0438\u043b \u041c\u0430\u0434\u0436\u0430\u0440\u043e\u0432, \u0425\u0440\u0438\u0441\u0442\u043e \u0411\u0440\u044a\u0437\u0438\u0446\u043e\u0432, \u041a\u043e\u0441\u043d\u0442\u0430\u043d\u0442\u0438\u043d \u0412\u0435\u043b\u0438\u0447\u043a\u043e\u0432, \u041f\u0435\u0442\u044a\u0440 \u0414\u0430\u0447\u0435\u0432, \u0434-\u0440 \u0425\u0440\u0438\u0441\u0442\u043e \u0421\u0442\u0430\u043c\u0431\u043e\u043b\u0441\u043a\u0438, \u041d\u0438\u043a\u043e\u043b\u0430 \u041d\u0430\u0447\u043e\u0432, \u0412\u0430\u043d\u0434\u0430 \u0417\u0435\u043c\u0431\u0436\u0443\u0441\u043a\u0430, \u0415\u0432\u0433\u0435\u043d\u0438\u044f \u041c\u0430\u0440\u0441, \u0434-\u0440 \u0419\u043e\u0441\u0438\u0444 \u041b\u044e\u0431\u0435\u043d\u043e\u0432, \u041f\u0435\u0442\u044a\u0440 \u041c\u0430\u0442\u0435\u0435\u0432, \u0410\u043d\u0433\u0435\u043b \u041a\u0430\u0440\u0430\u043b\u0438\u0439\u0447\u0435\u0432, \u0412\u0430\u0441\u0438\u043b \u041a\u044a\u043d\u0447\u043e\u0432, \u0414\u0438\u043c\u0438\u0442\u044a\u0440 \u0413\u0430\u0434\u0436\u0430\u043d\u043e\u0432, \u0415\u0444\u0440\u0435\u043c \u041a\u0430\u0440\u0430\u043d\u043e\u0432, \u0434-\u0440 \u0422\u043e\u0434\u043e\u0440 \u042f\u043d\u043a\u043e\u0432, \u041f\u0435\u0442\u043a\u043e \u0421\u043b\u0430\u0432\u0435\u0439\u043a\u043e\u0432, \u043a\u0430\u043a\u0442\u043e \u0438 \u043e\u0442 \u0418\u043b\u0431\u0435\u0440 \u041e\u0440\u0442\u0430\u0439\u043b\u044a, \u0414\u0436\u0435\u043d\u0430\u0431 \u0428\u0430\u0445\u0430\u0431\u0435\u0434\u0434\u0438\u043d \u0438 \u0434\u0440.) \u0438 \u0445\u0443\u0434\u043e\u0436\u0435\u0441\u0442\u0432\u0435\u043d\u0430 (\u0410\u043d\u0442\u043e\u043d \u0411\u0430\u0435\u0432, \u0425\u0440\u0438\u0441\u0442\u043e \u041a\u0430\u0440\u0430\u0441\u0442\u043e\u044f\u043d\u043e\u0432, \u0417\u044e\u043b\u0444\u044e \u041b\u0438\u0432\u0430\u043d\u0435\u043b\u0438, \u0412\u0438\u043a\u0442\u043e\u0440 \u041f\u0430\u0441\u043a\u043e\u0432, \u0416\u0430\u043b\u0435 \u0421\u0430\u043d\u0434\u0436\u0430\u043a, \u0427\u0443\u0434\u043e\u043c\u0438\u0440, \u0424\u0435\u0440\u0438\u0434\u0443\u043d \u0410\u043d\u0434\u0430\u0447, \u0420\u0435\u0448\u0430\u0434 \u041d\u0443\u0440\u0438, \u0410\u0439\u0448\u0435 \u041a\u0443\u043b\u0438\u043d, \u0411\u043e\u0436\u0430\u043d\u0430 \u0410\u043f\u043e\u0441\u0442\u043e\u043b\u043e\u0432\u0430 \u0438 \u0434\u0440.) \u043b\u0438\u0442\u0435\u0440\u0430\u0442\u0443\u0440\u0430. \u041f\u0440\u0435\u0432\u0435\u0436\u0434\u0430 \u0434\u0440\u0430\u043c\u0430\u0442\u0443\u0440\u0433\u0438\u044f \u043e\u0442 \u0414\u043e\u0431\u0440\u0438 \u0412\u043e\u0439\u043d\u0438\u043a\u043e\u0432, \u0419\u043e\u0440\u0434\u0430\u043d \u0420\u0430\u0434\u0438\u0447\u043a\u043e\u0432, \u0421\u0442\u0430\u043d\u0438\u0441\u043b\u0430\u0432 \u0421\u0442\u0440\u0430\u0442\u0438\u0435\u0432, \u0421\u0442\u0435\u0444\u0430\u043d \u0426\u0430\u043d\u0435\u0432, \u041a\u043e\u043d\u0441\u0442\u0430\u043d\u0442\u0438\u043d \u0418\u043b\u0438\u0435\u0432, \u041d\u0435\u0434\u044f\u043b\u043a\u043e \u0419\u043e\u0440\u0434\u0430\u043d\u043e\u0432, \u0425\u0440\u0438\u0441\u0442\u043e \u0411\u043e\u0439\u0447\u0435\u0432, \u0415\u043b\u0438\u043d \u0420\u0430\u0445\u043d\u0435\u0432, \u043a\u043e\u044f\u0442\u043e \u0441\u0435 \u0440\u0430\u0434\u0432\u0430 \u043d\u0430 \u0431\u043b\u0435\u0441\u0442\u044f\u0449 \u0441\u0446\u0435\u043d\u0438\u0447\u0435\u043d \u0443\u0441\u043f\u0435\u0445 \u0432 \u0422\u0443\u0440\u0446\u0438\u044f, \u043a\u0430\u043a\u0442\u043e \u0438 \u043e\u0442 \u0418\u0431\u0440\u0430\u0445\u0438\u043c \u0428\u0438\u043d\u0430\u0441\u0438, \u041d\u0430\u043c\u044a\u043a \u041a\u0435\u043c\u0430\u043b, \u0422\u0443\u043d\u0434\u0436\u0435\u0440 \u0414\u0436\u0443\u0434\u0436\u0435\u043d\u043e\u0433\u043b\u0443 \u0438 \u0434\u0440. \u041f\u0440\u043e\u0434\u044a\u043b\u0436\u0430\u0432\u0430 \u0434\u0430 \u0441\u0435 \u0437\u0430\u043d\u0438\u043c\u0430\u0432\u0430 \u0441 \u043b\u0438\u0442\u0435\u0440\u0430\u0442\u0443\u0440\u043d\u0430 \u0438\u0441\u0442\u043e\u0440\u0438\u044f \u0438 \u0434\u0430 \u043f\u0440\u0435\u0432\u0435\u0436\u0434\u0430 \u043f\u043e\u0435\u0437\u0438\u044f, \u0434\u0440\u0430\u043c\u0430\u0442\u0443\u0440\u0433\u0438\u044f \u0438 \u0434\u043e\u043a\u0443\u043c\u0435\u043d\u0442\u0430\u043b\u043d\u0430 \u043b\u0438\u0442\u0435\u0440\u0430\u0442\u0443\u0440\u0430 \u043e\u0442 \u0431\u044a\u043b\u0433\u0430\u0440\u0441\u043a\u0438, \u0442\u0443\u0440\u0441\u043a\u0438 \u0438 \u0440\u0443\u0441\u043a\u0438 \u0435\u0437\u0438\u043a.<\/p>\n\n\n\n<h4 class=\"wp-block-heading\">\u0421\u0442\u0430\u0442\u0438\u0438:<\/h4>\n\n\n\n<p><a href=\"https:\/\/dialozi.uni-plovdiv.bg\/?p=17596\">\u0412\u0438\u043a\u0442\u043e\u0440 (\u041f\u0430\u0441\u043a\u043e\u0432) \u0438 \u041a\u0435\u043c\u0430\u043b (\u0414\u0435\u043c\u0438\u0440\u0435\u043b): \u0438 \u0441\u043f\u043e\u043c\u0435\u043d\u044a\u0442 \u043d\u0438 \u0435 \u043f\u043e-\u0441\u0432\u044f\u0442, \u0437\u0430\u0449\u043e\u0442\u043e \u0442\u0440\u044f\u0431\u0432\u0430 \u0434\u0430 \u0433\u043e \u0440\u0430\u0437\u043a\u0430\u0436\u0435\u043c.<\/a> \/\/ <a href=\"https:\/\/dialozi.uni-plovdiv.bg\/?page_id=17148\"><em>\u0421\u043b\u0430\u0432\u044f\u043d\u0441\u043a\u0438 \u0434\u0438\u0430\u043b\u043e\u0437\u0438,<\/em> \u0425\u0425, 2023, 32. <\/a><\/p>\n\n\n\n<p><a href=\"https:\/\/dialozi.uni-plovdiv.bg\/?p=2312\" data-type=\"link\" data-id=\"https:\/\/dialozi.uni-plovdiv.bg\/?p=2312\">\u0412\u044a\u0440\u0445\u0443 \u0440\u0435\u0446\u0435\u043f\u0446\u0438\u044f\u0442\u0430 \u0438 \u043f\u0440\u0435\u0432\u043e\u0434\u0430 \u043d\u0430 \u0435\u0434\u043d\u043e \u0410\u0442\u0430\u043d\u0430\u0441-\u0414\u0430\u043b\u0447\u0435\u0432\u043e \u0441\u0442\u0438\u0445\u043e\u0442\u0432\u043e\u0440\u0435\u043d\u0438\u0435 \u043e\u0442 \u0441\u0442\u0443\u0434\u0435\u043d\u0442\u0438 \u043f\u043e \u0431\u044a\u043b\u0433\u0430\u0440\u0438\u0441\u0442\u0438\u043a\u0430 \u0432 \u0410\u043d\u043a\u0430\u0440\u0430. <\/a>\/\/ <a href=\"https:\/\/dialozi.uni-plovdiv.bg\/?page_id=41\" data-type=\"link\" data-id=\"https:\/\/dialozi.uni-plovdiv.bg\/?page_id=41\"><em>\u0421\u043b\u0430\u0432\u044f\u043d\u0441\u043a\u0438 \u0434\u0438\u0430\u043b\u043e\u0437\u0438,<\/em> V, 2008, 9<\/a>. <\/p>","protected":false},"excerpt":{"rendered":"\u00a0\u041f\u0440\u043e\u0444. \u0434-\u0440 \u0425\u044e\u0441\u0435\u0438\u043d \u041c\u0415\u0412\u0421\u0418\u041c (hmevsim@gmail.com; hmevsim@ankara.edu.tr) \u0435 \u043f\u0440\u0435\u043f\u043e\u0434\u0430\u0432\u0430\u0442\u0435\u043b \u043f\u043e \u0431\u044a\u043b\u0433\u0430\u0440\u0441\u043a\u0438 \u0435\u0437\u0438\u043a \u0438 \u043b\u0438\u0442\u0435\u0440\u0430\u0442\u0443\u0440\u0430 \u0432\u044a\u0432 \u0424\u0430\u043a\u0443\u043b\u0442\u0435\u0442\u0430 \u043f\u043e \u0435\u0437\u0438\u043a, \u0438\u0441\u0442\u043e\u0440\u0438\u044f \u0438 \u0433\u0435\u043e\u0433\u0440\u0430\u0444\u0438\u044f \u043d\u0430 \u0410\u043d\u043a\u0430\u0440\u0441\u043a\u0438\u044f \u0443\u043d\u0438\u0432\u0435\u0440\u0441\u0438\u0442\u0435\u0442. \u0420\u043e\u0434\u0435\u043d \u0435 \u0432 \u0441. \u041a\u043e\u0437\u043b\u0435\u0432\u043e, \u043e\u0431\u043b. \u041a\u044a\u0440\u0434\u0436\u0430\u043b\u0438 (1964). \u0421\u0440\u0435\u0434\u043d\u043e \u0433\u0438\u043c\u043d\u0430\u0437\u0438\u0430\u043b\u043d\u043e \u043e\u0431\u0440\u0430\u0437\u043e\u0432\u0430\u043d\u0438\u0435 \u0437\u0430\u0432\u044a\u0440\u0448\u0432\u0430 \u0432 \u041c\u043e\u043c\u0447\u0438\u043b\u0433\u0440\u0430\u0434, \u0430 \u0432\u0438\u0441\u0448\u0435 \u2013 \u0431\u044a\u043b\u0433\u0430\u0440\u0441\u043a\u0430 \u0444\u0438\u043b\u043e\u043b\u043e\u0433\u0438\u044f \u0432 \u041f\u043b\u043e\u0432\u0434\u0438\u0432\u0441\u043a\u0438\u044f \u0443\u043d\u0438\u0432\u0435\u0440\u0441\u0438\u0442\u0435\u0442 (1989). \u0423\u0441\u0442\u0430\u043d\u043e\u0432\u044f\u0432\u0430 \u0441\u0435 \u0432 \u0420\u0435\u043f\u0443\u0431\u043b\u0438\u043a\u0430 \u0422\u0443\u0440\u0446\u0438\u044f (1991), \u043f\u044a\u0440\u0432\u043e\u043d\u0430\u0447\u0430\u043b\u043d\u043e \u0432 \u0411\u0443\u0440\u0441\u0430 [&hellip;]","protected":false},"author":6,"featured_media":0,"parent":1597,"menu_order":0,"comment_status":"closed","ping_status":"closed","template":"","meta":{"_acf_changed":false,"footnotes":""},"class_list":["post-17163","page","type-page","status-publish","hentry"],"acf":[],"_links":{"self":[{"href":"https:\/\/dialozi.uni-plovdiv.bg\/index.php?rest_route=\/wp\/v2\/pages\/17163","targetHints":{"allow":["GET"]}}],"collection":[{"href":"https:\/\/dialozi.uni-plovdiv.bg\/index.php?rest_route=\/wp\/v2\/pages"}],"about":[{"href":"https:\/\/dialozi.uni-plovdiv.bg\/index.php?rest_route=\/wp\/v2\/types\/page"}],"author":[{"embeddable":true,"href":"https:\/\/dialozi.uni-plovdiv.bg\/index.php?rest_route=\/wp\/v2\/users\/6"}],"replies":[{"embeddable":true,"href":"https:\/\/dialozi.uni-plovdiv.bg\/index.php?rest_route=%2Fwp%2Fv2%2Fcomments&post=17163"}],"version-history":[{"count":7,"href":"https:\/\/dialozi.uni-plovdiv.bg\/index.php?rest_route=\/wp\/v2\/pages\/17163\/revisions"}],"predecessor-version":[{"id":17733,"href":"https:\/\/dialozi.uni-plovdiv.bg\/index.php?rest_route=\/wp\/v2\/pages\/17163\/revisions\/17733"}],"up":[{"embeddable":true,"href":"https:\/\/dialozi.uni-plovdiv.bg\/index.php?rest_route=\/wp\/v2\/pages\/1597"}],"wp:attachment":[{"href":"https:\/\/dialozi.uni-plovdiv.bg\/index.php?rest_route=%2Fwp%2Fv2%2Fmedia&parent=17163"}],"curies":[{"name":"wp","href":"https:\/\/api.w.org\/{rel}","templated":true}]}}