{"id":17880,"date":"2024-05-09T21:34:40","date_gmt":"2024-05-09T19:34:40","guid":{"rendered":"https:\/\/dialozi.uni-plovdiv.bg\/?page_id=17880"},"modified":"2024-05-09T22:39:44","modified_gmt":"2024-05-09T20:39:44","slug":"17880-2","status":"publish","type":"page","link":"https:\/\/dialozi.uni-plovdiv.bg\/?page_id=17880","title":{"rendered":"\u041f\u0430\u0442\u0440\u0438\u043a \u0411\u043e\u0440\u043e\u0432\u044f\u043a"},"content":{"rendered":"<p><strong><\/strong>\u041f\u0440\u043e\u0444. \u0434.\u0444.\u043d. \u041f\u0430\u0442\u0440\u0438\u043a \u0411\u041e\u0420\u041e\u0412\u042f\u041a (Patryk Borowiak, patryk@amu.edu.pl) \u0435 \u0441\u043b\u0430\u0432\u0438\u0441\u0442 \u0435\u0437\u0438\u043a\u043e\u0432\u0435\u0434. \u041d\u0430\u0443\u0447\u043d\u0438\u0442\u0435 \u043c\u0443 \u0438\u043d\u0442\u0435\u0440\u0435\u0441\u0438 \u0441\u0430 \u043d\u0430\u0441\u043e\u0447\u0435\u043d\u0438 \u043a\u044a\u043c \u043f\u0440\u043e\u0431\u043b\u0435\u043c\u0438\u0442\u0435 \u043d\u0430 \u0435\u0437\u0438\u043a\u043e\u0432\u0430\u0442\u0430 \u043a\u043e\u043c\u0443\u043d\u0438\u043a\u0430\u0446\u0438\u044f \u0441 \u043e\u0441\u043e\u0431\u0435\u043d \u0430\u043a\u0446\u0435\u043d\u0442 \u0432\u044a\u0440\u0445\u0443 \u0432\u0440\u044a\u0437\u043a\u0430\u0442\u0430 \u045d \u0441 \u043e\u043d\u043e\u043c\u0430\u0441\u0442\u0438\u043a\u0430\u0442\u0430, \u043a\u0430\u043a\u0442\u043e \u0438 \u0432\u044a\u0440\u0445\u0443 \u0441\u044a\u0432\u0440\u0435\u043c\u0435\u043d\u043d\u0438\u0442\u0435 \u0442\u0435\u043d\u0434\u0435\u043d\u0446\u0438\u0438 \u0432 \u0440\u0430\u0437\u0432\u0438\u0442\u0438\u0435\u0442\u043e \u043d\u0430 \u0441\u043b\u0430\u0432\u044f\u043d\u0441\u043a\u0438\u0442\u0435 \u0435\u0437\u0438\u0446\u0438. \u0412 \u043f\u0440\u043e\u0434\u044a\u043b\u0436\u0435\u043d\u0438\u0435 \u043d\u0430 \u043d\u044f\u043a\u043e\u043b\u043a\u043e \u0433\u043e\u0434\u0438\u043d\u0438 \u043f\u0440\u0435\u043f\u043e\u0434\u0430\u0432\u0430 \u0432 \u0418\u043d\u0441\u0442\u0438\u0442\u0443\u0442\u0430 \u043f\u043e \u0441\u043b\u0430\u0432\u044f\u043d\u0441\u043a\u0430 \u0444\u0438\u043b\u043e\u043b\u043e\u0433\u0438\u044f \u0438 \u0432\u044a\u0432 \u0424\u0430\u043a\u0443\u043b\u0442\u0435\u0442\u0430 \u043f\u043e \u043f\u043e\u043b\u0441\u043a\u0430 \u0438 \u043a\u043b\u0430\u0441\u0438\u0447\u0435\u0441\u043a\u0430 \u0444\u0438\u043b\u043e\u043b\u043e\u0433\u0438\u044f \u043a\u044a\u043c \u0443\u043d\u0438\u0432\u0435\u0440\u0441\u0438\u0442\u0435\u0442\u0430 \u201e\u0410\u0434\u0430\u043c \u041c\u0438\u0446\u043a\u0435\u0432\u0438\u0447\u201c \u0432 \u041f\u043e\u0437\u043d\u0430\u043d, \u0430 \u0441\u044a\u0449\u043e \u0438 \u0432 \u0443\u043d\u0438\u0432\u0435\u0440\u0441\u0438\u0442\u0435\u0442\u0438\u0442\u0435 \u0432 \u041b\u043e\u0434\u0437, \u0428\u0447\u0435\u0447\u0438\u043d \u0438 \u0412\u0440\u043e\u0446\u043b\u0430\u0432. \u0410\u0432\u0442\u043e\u0440 \u043d\u0430 \u043d\u044f\u043a\u043e\u043b\u043a\u043e \u0434\u0435\u0441\u0435\u0442\u043a\u0438 \u043f\u0443\u0431\u043b\u0438\u043a\u0430\u0446\u0438\u0438 \u0438 \u043d\u0430 \u043c\u043e\u043d\u043e\u0433\u0440\u0430\u0444\u0438\u0438\u0442\u0435: <em>P\u0142owdiw w nazwach. Historia i wsp\u00f3\u0142czesno\u015b\u0107 w toponimii<\/em> <em>zapisane<\/em> (2011), <em>Od Sofii do Melnika. Nazwy bu\u0142garskich miast<\/em> (2014), <em>Design saszetki z cukrem. O komunikowaniu si\u0119 z rzeczami<\/em> (2020, \u0432 \u0441\u044a\u0430\u0432\u0442\u043e\u0440\u0441\u0442\u0432\u043e \u0441 \u0410\u043b\u0435\u043a\u0441\u0430\u043d\u0434\u0435\u0440 \u041c\u0438\u043a\u043e\u043b\u0430\u0439\u0447\u0430\u043a) \u0438 <em>Polskie i bu\u0142garskie firmonimy w<\/em> <em>perspektywie komunikacyjno-wizualnej<\/em> (2021). \u0421\u044a\u0440\u0435\u0434\u0430\u043a\u0442\u043e\u0440 \u0435 \u043d\u0430 9 \u0441\u0431\u043e\u0440\u043d\u0438\u043a\u0430, \u0432 \u043a\u043e\u0438\u0442\u043e \u0441\u0430 \u043f\u0443\u0431\u043b\u0438\u043a\u0443\u0432\u0430\u043d\u0438 \u0442\u0435\u043a\u0441\u0442\u043e\u0432\u0435 \u043d\u0430 \u043f\u043e\u043b\u0441\u043a\u0438, \u0440\u0443\u0441\u043a\u0438, \u0443\u043a\u0440\u0430\u0438\u043d\u0441\u043a\u0438, \u0431\u044a\u043b\u0433\u0430\u0440\u0441\u043a\u0438, \u043c\u0430\u043a\u0435\u0434\u043e\u043d\u0441\u043a\u0438, \u0441\u0440\u044a\u0431\u0441\u043a\u0438 \u0438 \u0445\u044a\u0440\u0432\u0430\u0442\u0441\u043a\u0438 \u0435\u0437\u0438\u043a.<\/p>\n\n\n\n<h3 class=\"wp-block-heading\">\u0421\u0442\u0430\u0442\u0438\u0438<\/h3>\n\n\n\n<p><a href=\"https:\/\/dialozi.uni-plovdiv.bg\/?p=17308\">\u041f\u043e\u0437\u043d\u0430\u043d\u0441\u043a\u0430\u0442\u0430 \u0431\u044a\u043b\u0433\u0430\u0440\u0438\u0441\u0442\u0438\u043a\u0430 \u0432 \u043d\u0430\u0432\u0435\u0447\u0435\u0440\u0438\u0435\u0442\u043e \u043d\u0430 \u0441\u0432\u043e\u044f\u0442\u0430 35-\u0433\u043e\u0434\u0438\u0448\u043d\u0438\u043d\u0430 (\u0432 \u0441\u044a\u0430\u0432\u0442\u043e\u0440\u0441\u0442\u0432\u043e \u0441 \u041c\u0430\u0440\u0438\u043e\u043b\u0430 \u0412\u0430\u043b\u0447\u0430\u043a-\u041c\u0438\u043a\u043e\u043b\u0430\u0439\u0447\u0430\u043a\u043e\u0432\u0430<\/a><a href=\"https:\/\/dialozi.uni-plovdiv.bg\/?p=17308\">)<\/a>. \/\/ <a href=\"https:\/\/dialozi.uni-plovdiv.bg\/?page_id=17148\"><em>\u0421\u043b\u0430\u0432\u044f\u043d\u0441\u043a\u0438 \u0434\u0438\u0430\u043b\u043e\u0437\u0438<\/em>, \u0425\u0425, 2023, 32<\/a>.&nbsp;<\/p>","protected":false},"excerpt":{"rendered":"\u041f\u0440\u043e\u0444. \u0434.\u0444.\u043d. \u041f\u0430\u0442\u0440\u0438\u043a \u0411\u041e\u0420\u041e\u0412\u042f\u041a (Patryk Borowiak, patryk@amu.edu.pl) \u0435 \u0441\u043b\u0430\u0432\u0438\u0441\u0442 \u0435\u0437\u0438\u043a\u043e\u0432\u0435\u0434. \u041d\u0430\u0443\u0447\u043d\u0438\u0442\u0435 \u043c\u0443 \u0438\u043d\u0442\u0435\u0440\u0435\u0441\u0438 \u0441\u0430 \u043d\u0430\u0441\u043e\u0447\u0435\u043d\u0438 \u043a\u044a\u043c \u043f\u0440\u043e\u0431\u043b\u0435\u043c\u0438\u0442\u0435 \u043d\u0430 \u0435\u0437\u0438\u043a\u043e\u0432\u0430\u0442\u0430 \u043a\u043e\u043c\u0443\u043d\u0438\u043a\u0430\u0446\u0438\u044f \u0441 \u043e\u0441\u043e\u0431\u0435\u043d \u0430\u043a\u0446\u0435\u043d\u0442 \u0432\u044a\u0440\u0445\u0443 \u0432\u0440\u044a\u0437\u043a\u0430\u0442\u0430 \u045d \u0441 \u043e\u043d\u043e\u043c\u0430\u0441\u0442\u0438\u043a\u0430\u0442\u0430, \u043a\u0430\u043a\u0442\u043e \u0438 \u0432\u044a\u0440\u0445\u0443 \u0441\u044a\u0432\u0440\u0435\u043c\u0435\u043d\u043d\u0438\u0442\u0435 \u0442\u0435\u043d\u0434\u0435\u043d\u0446\u0438\u0438 \u0432 \u0440\u0430\u0437\u0432\u0438\u0442\u0438\u0435\u0442\u043e \u043d\u0430 \u0441\u043b\u0430\u0432\u044f\u043d\u0441\u043a\u0438\u0442\u0435 \u0435\u0437\u0438\u0446\u0438. \u0412 \u043f\u0440\u043e\u0434\u044a\u043b\u0436\u0435\u043d\u0438\u0435 \u043d\u0430 \u043d\u044f\u043a\u043e\u043b\u043a\u043e \u0433\u043e\u0434\u0438\u043d\u0438 \u043f\u0440\u0435\u043f\u043e\u0434\u0430\u0432\u0430 \u0432 \u0418\u043d\u0441\u0442\u0438\u0442\u0443\u0442\u0430 \u043f\u043e \u0441\u043b\u0430\u0432\u044f\u043d\u0441\u043a\u0430 \u0444\u0438\u043b\u043e\u043b\u043e\u0433\u0438\u044f \u0438 \u0432\u044a\u0432 \u0424\u0430\u043a\u0443\u043b\u0442\u0435\u0442\u0430 \u043f\u043e \u043f\u043e\u043b\u0441\u043a\u0430 \u0438 [&hellip;]","protected":false},"author":6,"featured_media":0,"parent":1597,"menu_order":0,"comment_status":"closed","ping_status":"closed","template":"","meta":{"_acf_changed":false,"footnotes":""},"class_list":["post-17880","page","type-page","status-publish","hentry"],"acf":[],"_links":{"self":[{"href":"https:\/\/dialozi.uni-plovdiv.bg\/index.php?rest_route=\/wp\/v2\/pages\/17880","targetHints":{"allow":["GET"]}}],"collection":[{"href":"https:\/\/dialozi.uni-plovdiv.bg\/index.php?rest_route=\/wp\/v2\/pages"}],"about":[{"href":"https:\/\/dialozi.uni-plovdiv.bg\/index.php?rest_route=\/wp\/v2\/types\/page"}],"author":[{"embeddable":true,"href":"https:\/\/dialozi.uni-plovdiv.bg\/index.php?rest_route=\/wp\/v2\/users\/6"}],"replies":[{"embeddable":true,"href":"https:\/\/dialozi.uni-plovdiv.bg\/index.php?rest_route=%2Fwp%2Fv2%2Fcomments&post=17880"}],"version-history":[{"count":17,"href":"https:\/\/dialozi.uni-plovdiv.bg\/index.php?rest_route=\/wp\/v2\/pages\/17880\/revisions"}],"predecessor-version":[{"id":17919,"href":"https:\/\/dialozi.uni-plovdiv.bg\/index.php?rest_route=\/wp\/v2\/pages\/17880\/revisions\/17919"}],"up":[{"embeddable":true,"href":"https:\/\/dialozi.uni-plovdiv.bg\/index.php?rest_route=\/wp\/v2\/pages\/1597"}],"wp:attachment":[{"href":"https:\/\/dialozi.uni-plovdiv.bg\/index.php?rest_route=%2Fwp%2Fv2%2Fmedia&parent=17880"}],"curies":[{"name":"wp","href":"https:\/\/api.w.org\/{rel}","templated":true}]}}