{"id":28807,"date":"2025-11-22T12:16:15","date_gmt":"2025-11-22T10:16:15","guid":{"rendered":"https:\/\/dialozi.uni-plovdiv.bg\/?page_id=28807"},"modified":"2025-11-22T12:39:03","modified_gmt":"2025-11-22T10:39:03","slug":"%d0%bc%d0%b0%d1%87%d0%b5%d0%b9-%d0%ba%d1%88%d0%b5%d0%bc%d0%b8%d0%bd%d1%81%d0%ba%d0%b8","status":"publish","type":"page","link":"https:\/\/dialozi.uni-plovdiv.bg\/?page_id=28807","title":{"rendered":"\u041c\u0430\u0447\u0435\u0439 \u041a\u0448\u0435\u043c\u0438\u043d\u0441\u043a\u0438"},"content":{"rendered":"<p>\u0414-\u0440 \u041c\u0430\u0447\u0435\u0439 \u041a\u0428\u0415\u041c\u0418\u041d\u0421\u041a\u0418 (maciej.krzeminski@pans.wloclawek.pl) \u0435 \u043f\u0440\u0435\u043f\u043e\u0434\u0430\u0432\u0430\u0442\u0435\u043b \u0432 \u0414\u044a\u0440\u0436\u0430\u0432\u043d\u0430\u0442\u0430 \u0430\u043a\u0430\u0434\u0435\u043c\u0438\u044f \u0437\u0430 \u043f\u0440\u0438\u043b\u043e\u0436\u043d\u0438 \u043d\u0430\u0443\u043a\u0438 (Pa\u0144stwowa Akademia Nauk Stosowanych) \u0432\u044a\u0432 \u0412\u043b\u043e\u0446\u043b\u0430\u0432\u0435\u043a, \u041f\u043e\u043b\u0448\u0430. \u0410\u0432\u0442\u043e\u0440 \u0435 \u043d\u0430 \u0434\u0435\u0441\u0435\u0442\u043a\u0438 \u0441\u0442\u0430\u0442\u0438\u0438 \u0438 \u043d\u0430 \u043c\u043e\u043d\u043e\u0433\u0440\u0430\u0444\u0438\u0438\u0442\u0435 \u041e\u0431\u0449\u0443\u0432\u0430\u043d\u0435, \u0435\u043c\u043e\u0446\u0438\u0438, \u0441\u0442\u0440\u0435\u0441, \u0430\u0441\u0435\u0440\u0442\u0438\u0432\u043d\u043e\u0441\u0442 \u0438 \u0435\u043c\u043f\u0430\u0442\u0438\u044f: \u0443\u0447\u0435\u043d\u0438\u043a\u044a\u0442 \u043f\u0440\u0435\u0434 \u043f\u0440\u0435\u0434\u0438\u0437\u0432\u0438\u043a\u0430\u0442\u0435\u043b\u0441\u0442\u0432\u0430\u0442\u0430 \u043d\u0430 \u0434\u043d\u0435\u0448\u043d\u0438\u044f \u0434\u0435\u043d (Komunikacja, emocje, stres, asertywno\u015b\u0107 i empatia: student wobec wyzwa\u0144 wsp\u00f3\u0142czesno\u015bci. W\u0142oc\u0142awek: Pa\u0144stwowa Wy\u017csza Szko\u0142a Zawodowa we W\u0142oc\u0142awku, 2015), \u0414\u0435\u0446\u0430 \u0438 \u043c\u043b\u0430\u0434\u0435\u0436\u0438: \u043b\u0438\u0442\u0435\u0440\u0430\u0442\u0443\u0440\u043d\u0438, \u043a\u0443\u043b\u0442\u0443\u0440\u043d\u0438 \u0438 \u043e\u0431\u0440\u0430\u0437\u043e\u0432\u0430\u0442\u0435\u043b\u043d\u0438 \u043f\u0440\u043e\u0441\u0442\u0440\u0430\u043d\u0441\u0442\u0432\u0430 (Dziecko i m\u0142odzie\u017c: przestrzenie literackie, kulturowe i wychowawcze (Toru\u0144: Wydawnictwo Edukacyjne \u201eAkapit\u201c, 2015). \u0421\u0444\u0435\u0440\u0430\u0442\u0430 \u043d\u0430 \u043d\u0435\u0433\u043e\u0432\u0438\u0442\u0435 \u043d\u0430\u0443\u0447\u043d\u043e\u0438\u0437\u0441\u043b\u0435\u0434\u043e\u0432\u0430\u0442\u0435\u043b\u0441\u043a\u0438 \u0438\u043d\u0442\u0435\u0440\u0435\u0441\u0438 \u043e\u0431\u0445\u0432\u0430\u0449\u0430 \u0441\u044a\u0449\u043e \u0442\u0430\u043a\u0430 \u043b\u0438\u0442\u0435\u0440\u0430\u0442\u0443\u0440\u0430\u0442\u0430 \u043d\u0430 \u0440\u0435\u0430\u043b\u0438\u0437\u043c\u0430 \u043e\u0442 \u0432\u0442\u043e\u0440\u0430\u0442\u0430 \u043f\u043e\u043b\u043e\u0432\u0438\u043d\u0430 \u043d\u0430 XX \u0432\u0435\u043a. <\/p>\n\n\n\n<h3 class=\"wp-block-heading\">\u0421\u0442\u0430\u0442\u0438\u0438<\/h3>\n\n\n\n<p><a href=\"https:\/\/dialozi.uni-plovdiv.bg\/?p=28695\" data-type=\"link\" data-id=\"https:\/\/dialozi.uni-plovdiv.bg\/?p=28695&amp;lang=ru\">\u0422\u0432\u043e\u0440\u0447\u0435\u0441\u043a\u0438\u044f\u0442 \u043f\u044a\u0442 \u043d\u0430 \u041a\u0430\u0436\u0438\u043c\u0435\u0436 \u041e\u0440\u043b\u043e\u0448 \u043a\u0430\u0442\u043e \u043e\u0442\u0440\u0430\u0436\u0435\u043d\u0438\u0435 \u043d\u0430 \u0440\u0435\u0430\u043b\u0438\u0437\u043c\u0430 \u0432 \u0441\u044a\u0432\u0440\u0435\u043c\u0435\u043d\u043d\u0430\u0442\u0430 \u043f\u043e\u043b\u0441\u043a\u0430 \u043b\u0438\u0442\u0435\u0440\u0430\u0442\u0443\u0440\u0430<\/a><br>\u041f\u0440\u0435\u0432\u043e\u0434 \u043e\u0442 \u043f\u043e\u043b\u0441\u043a\u0438: <a href=\"https:\/\/dialozi.uni-plovdiv.bg\/?page_id=4612\">\u0414\u0438\u043c\u0438\u0442\u0440\u0438\u043d\u0430 \u0425\u0430\u043c\u0437\u0435<\/a>. \/\/ <a href=\"https:\/\/dialozi.uni-plovdiv.bg\/?page_id=18224&amp;\"><em>\u0421\u043b\u0430\u0432\u044f\u043d\u0441\u043a\u0438 \u0434\u0438\u0430\u043b\u043e\u0437\u0438<\/em>, \u00a0XXI, 2024, 33<\/a>.<\/p>\n\n\n\n<p><\/p>","protected":false},"excerpt":{"rendered":"\u0414-\u0440 \u041c\u0430\u0447\u0435\u0439 \u041a\u0428\u0415\u041c\u0418\u041d\u0421\u041a\u0418 (maciej.krzeminski@pans.wloclawek.pl) \u0435 \u043f\u0440\u0435\u043f\u043e\u0434\u0430\u0432\u0430\u0442\u0435\u043b \u0432 \u0414\u044a\u0440\u0436\u0430\u0432\u043d\u0430\u0442\u0430 \u0430\u043a\u0430\u0434\u0435\u043c\u0438\u044f \u0437\u0430 \u043f\u0440\u0438\u043b\u043e\u0436\u043d\u0438 \u043d\u0430\u0443\u043a\u0438 (Pa\u0144stwowa Akademia Nauk Stosowanych) \u0432\u044a\u0432 \u0412\u043b\u043e\u0446\u043b\u0430\u0432\u0435\u043a, \u041f\u043e\u043b\u0448\u0430. \u0410\u0432\u0442\u043e\u0440 \u0435 \u043d\u0430 \u0434\u0435\u0441\u0435\u0442\u043a\u0438 \u0441\u0442\u0430\u0442\u0438\u0438 \u0438 \u043d\u0430 \u043c\u043e\u043d\u043e\u0433\u0440\u0430\u0444\u0438\u0438\u0442\u0435 \u041e\u0431\u0449\u0443\u0432\u0430\u043d\u0435, \u0435\u043c\u043e\u0446\u0438\u0438, \u0441\u0442\u0440\u0435\u0441, \u0430\u0441\u0435\u0440\u0442\u0438\u0432\u043d\u043e\u0441\u0442 \u0438 \u0435\u043c\u043f\u0430\u0442\u0438\u044f: \u0443\u0447\u0435\u043d\u0438\u043a\u044a\u0442 \u043f\u0440\u0435\u0434 \u043f\u0440\u0435\u0434\u0438\u0437\u0432\u0438\u043a\u0430\u0442\u0435\u043b\u0441\u0442\u0432\u0430\u0442\u0430 \u043d\u0430 \u0434\u043d\u0435\u0448\u043d\u0438\u044f \u0434\u0435\u043d (Komunikacja, emocje, stres, asertywno\u015b\u0107 i empatia: student wobec wyzwa\u0144 wsp\u00f3\u0142czesno\u015bci. W\u0142oc\u0142awek: Pa\u0144stwowa Wy\u017csza Szko\u0142a Zawodowa we [&hellip;]","protected":false},"author":6,"featured_media":0,"parent":1597,"menu_order":0,"comment_status":"closed","ping_status":"closed","template":"","meta":{"_acf_changed":false,"footnotes":""},"class_list":["post-28807","page","type-page","status-publish","hentry"],"acf":[],"_links":{"self":[{"href":"https:\/\/dialozi.uni-plovdiv.bg\/index.php?rest_route=\/wp\/v2\/pages\/28807","targetHints":{"allow":["GET"]}}],"collection":[{"href":"https:\/\/dialozi.uni-plovdiv.bg\/index.php?rest_route=\/wp\/v2\/pages"}],"about":[{"href":"https:\/\/dialozi.uni-plovdiv.bg\/index.php?rest_route=\/wp\/v2\/types\/page"}],"author":[{"embeddable":true,"href":"https:\/\/dialozi.uni-plovdiv.bg\/index.php?rest_route=\/wp\/v2\/users\/6"}],"replies":[{"embeddable":true,"href":"https:\/\/dialozi.uni-plovdiv.bg\/index.php?rest_route=%2Fwp%2Fv2%2Fcomments&post=28807"}],"version-history":[{"count":8,"href":"https:\/\/dialozi.uni-plovdiv.bg\/index.php?rest_route=\/wp\/v2\/pages\/28807\/revisions"}],"predecessor-version":[{"id":28820,"href":"https:\/\/dialozi.uni-plovdiv.bg\/index.php?rest_route=\/wp\/v2\/pages\/28807\/revisions\/28820"}],"up":[{"embeddable":true,"href":"https:\/\/dialozi.uni-plovdiv.bg\/index.php?rest_route=\/wp\/v2\/pages\/1597"}],"wp:attachment":[{"href":"https:\/\/dialozi.uni-plovdiv.bg\/index.php?rest_route=%2Fwp%2Fv2%2Fmedia&parent=28807"}],"curies":[{"name":"wp","href":"https:\/\/api.w.org\/{rel}","templated":true}]}}