{"id":29,"date":"2016-01-19T17:20:31","date_gmt":"2016-01-19T15:20:31","guid":{"rendered":"http:\/\/dialozi.uni-plovdiv.bg\/?page_id=29"},"modified":"2022-12-19T17:11:39","modified_gmt":"2022-12-19T15:11:39","slug":"2010-2","status":"publish","type":"page","link":"https:\/\/dialozi.uni-plovdiv.bg\/?page_id=29","title":{"rendered":"\u041a\u043d\u0438\u0436\u043a\u0430 10-11, 2010"},"content":{"rendered":"<div class=\"wp-block-media-text alignwide is-stacked-on-mobile is-vertically-aligned-bottom\"><figure class=\"wp-block-media-text__media\"><a href=\"https:\/\/dialozi.uni-plovdiv.bg\/wp-content\/uploads\/2021\/05\/Slavyanski_dialozi-kn.10-11-2011.pdf\"><img loading=\"lazy\" decoding=\"async\" width=\"333\" height=\"500\" src=\"https:\/\/dialozi.uni-plovdiv.bg\/wp-content\/uploads\/2021\/03\/\u041a\u043e\u0440\u0438\u0446\u0430-10-11-x500.jpg\" alt=\"\" class=\"wp-image-5128 size-full\" srcset=\"https:\/\/dialozi.uni-plovdiv.bg\/wp-content\/uploads\/2021\/03\/\u041a\u043e\u0440\u0438\u0446\u0430-10-11-x500.jpg 333w, https:\/\/dialozi.uni-plovdiv.bg\/wp-content\/uploads\/2021\/03\/\u041a\u043e\u0440\u0438\u0446\u0430-10-11-x500-200x300.jpg 200w\" sizes=\"auto, (max-width: 333px) 100vw, 333px\" \/><\/a><\/figure><div class=\"wp-block-media-text__content\">\n<div class=\"wp-block-file\"><a id=\"wp-block-file--media-0998eb55-2d7c-4949-b264-4e9c75d8f93f\" href=\"https:\/\/dialozi.uni-plovdiv.bg\/wp-content\/uploads\/2021\/05\/Slavyanski_dialozi-kn.10-11-2011.pdf\">Slavyanski_dialozi-kn.10-11-2011<\/a><a href=\"https:\/\/dialozi.uni-plovdiv.bg\/wp-content\/uploads\/2021\/05\/Slavyanski_dialozi-kn.10-11-2011.pdf\" class=\"wp-block-file__button\" download aria-describedby=\"wp-block-file--media-0998eb55-2d7c-4949-b264-4e9c75d8f93f\">\u0418\u0437\u0442\u0435\u0433\u043b\u044f\u043d\u0435<\/a><\/div>\n\n\n\n<h5>\u041d\u0430 \u043a\u043e\u0440\u0438\u0446\u0430\u0442\u0430:<br>\u0418\u043d\u0434\u0440\u0436\u0438\u0445 \u0429\u0438\u0440\u0441\u043a\u0438,<br>\u0418\u043b\u044e\u0441\u0442\u0440\u0430\u0446\u0438\u044f \u043a\u044a\u043c \u043a\u043d\u0438\u0433\u0430\u0442\u0430 \u043d\u0430 \u0412\u0438\u0442\u0435\u0437\u0441\u043b\u0430\u0432 \u041d\u0435\u0437\u0432\u0430\u043b <em>\u0421\u0435\u043a\u0441\u0443\u0430\u043b\u043d\u043e \u043d\u043e\u043a\u0442\u044e\u0440\u043d\u043e <\/em>(1931)<\/h5>\n\n\n\n<p><\/p>\n<\/div><\/div>\n\n\n<p>\u00a0 <strong>\u042f\u043d\u043a\u043e \u0411\u044a\u0447\u0432\u0430\u0440\u043e\u0432<\/strong><br \/><a href=\"https:\/\/dialozi.uni-plovdiv.bg\/?p=5469\"> \u0421\u043f\u0438\u0441\u0430\u043d\u0438\u0435 \u201e\u0421\u043b\u0430\u0432\u044f\u043d\u0441\u043a\u0438 \u0434\u0438\u0430\u043b\u043e\u0437\u0438\u201c \u2013 \u043c\u043b\u0430\u0434 \u044e\u0431\u0438\u043b\u044f\u0440<\/a><\/p>\n<h4>\u00a0 \u0418\u0417\u0412\u041e\u0420\u0418<\/h4>\n<p><strong>\u0419\u043e\u0437\u0435\u0444 \u0414\u043e\u0431\u0440\u043e\u0432\u0441\u043a\u0438\u00a0<\/strong><br \/><a href=\"https:\/\/dialozi.uni-plovdiv.bg\/?p=5473\">\u041f\u0440\u0435\u0434\u0433\u043e\u0432\u043e\u0440 \u043a\u044a\u043c \u041f\u043e\u0434\u0440\u043e\u0431\u043d\u0430 \u0433\u0440\u0430\u043c\u0430\u0442\u0438\u043a\u0430 \u043d\u0430 \u0447\u0435\u0448\u043a\u0438\u044f \u0435\u0437\u0438\u043a (1809)<\/a><br \/>\u041f\u0440\u0435\u0432\u043e\u0434 \u043e\u0442 \u043d\u0435\u043c\u0441\u043a\u0438: \u0411\u043e\u0440\u044f\u043d \u042f\u043d\u0435\u0432<\/p>\n<p><strong>\u0419\u043e\u0437\u0435\u0444 \u042e\u043d\u0433\u043c\u0430\u043d<\/strong><br \/><a href=\"https:\/\/dialozi.uni-plovdiv.bg\/?p=5476\">\u0420\u0430\u0437\u0433\u043e\u0432\u043e\u0440 \u043f\u044a\u0440\u0432\u0438. \u0427\u0435\u0448\u043a\u0438 \u0432\u0435\u0441\u0442\u0438\u0442\u0435\u043b (1806)\u00a0<\/a><br \/>\u041f\u0440\u0435\u0432\u043e\u0434 \u043e\u0442 \u0447\u0435\u0448\u043a\u0438: \u0411\u043e\u0440\u0438\u0441\u043b\u0430\u0432 \u0411\u043e\u0440\u0438\u0441\u043e\u0432<\/p>\n<h4>\u00a0 \u0414\u0415\u0411\u042e\u0422\u0418<\/h4>\n<p><strong>\u041a\u0440\u0430\u0441\u0438\u043c\u0438\u0440\u0430 \u041c\u0430\u0440\u0438\u043d\u043e\u0432\u0430<\/strong>\u00a0<br \/><a href=\"https:\/\/dialozi.uni-plovdiv.bg\/?p=5479\">\u0427\u0435\u0442\u0438\u0440\u0438\u0442\u0435 \u043f\u044a\u0440\u0432\u043e\u043d\u0430\u0447\u0430\u043b\u0430 \u0432 \u043f\u043e\u0435\u0442\u0438\u043a\u0430\u0442\u0430 \u043d\u0430 \u041e\u0442\u043e\u043a\u0430\u0440 \u0411\u0440\u0436\u0435\u0437\u0438\u043d\u0430<\/a><\/p>\n<h4>\u00a0 \u041d\u0410\u0423\u0427\u041d\u0418 \u0418\u0417\u0421\u041b\u0415\u0414\u0412\u0410\u041d\u0418\u042f<\/h4>\n<p><a href=\"https:\/\/dialozi.uni-plovdiv.bg\/?p=5486\"><strong>200 \u0433\u043e\u0434\u0438\u043d\u0438 \u043e\u0442 \u0440\u043e\u0436\u0434\u0435\u043d\u0438\u0435\u0442\u043e \u043d\u0430 \u041a\u0430\u0440\u0435\u043b \u0425\u0438\u043d\u0435\u043a \u041c\u0430\u0445\u0430 (1810 \u2013 1836)\u00a0<\/strong><\/a><br \/>(\u0416\u043e\u0440\u0436\u0435\u0442\u0430 \u0427\u043e\u043b\u0430\u043a\u043e\u0432\u0430)\u00a0<\/p>\n<p><strong>\u0418\u0449\u0432\u0430\u043d \u0412\u044c\u043e\u0440\u044c\u043e\u0448 (\u0411\u0443\u0434\u0430\u043f\u0435\u0449\u0430)\u00a0<\/strong><br \/><a href=\"https:\/\/dialozi.uni-plovdiv.bg\/?p=5482\">\u041f\u0440\u0438\u0437\u0440\u0430\u0446\u0438\u0442\u0435 \u043d\u0430 \u041c\u0430\u0445\u0430, \u0438\u043b\u0438 \u041c\u043d\u043e\u0433\u043e\u0435\u0437\u0438\u0447\u043d\u043e\u0441\u0442\u0442\u0430 \u043a\u0430\u0442\u043e \u043b\u0438\u0442\u0435\u0440\u0430\u0442\u0443\u0440\u0435\u043d \u043a\u0430\u043d\u043e\u043d<\/a><br \/>\u041f\u0440\u0435\u0432\u043e\u0434 \u043e\u0442 \u0447\u0435\u0448\u043a\u0438: \u0410\u043d\u0433\u0435\u043b\u0438\u043d\u0430 \u041d\u0435\u0434\u0435\u0432\u0430<\/p>\n<p><strong>\u041a\u0430\u0440\u0435\u043b \u0425\u0438\u043d\u0435\u043a \u041c\u0430\u0445\u0430\u00a0<\/strong><br \/><a href=\"https:\/\/dialozi.uni-plovdiv.bg\/?p=5535\">\u041f\u043e\u043a\u043b\u043e\u043d\u0435\u043d\u0438\u0435 \u0432 \u041a\u044a\u0440\u043a\u043e\u043d\u043e\u0448\u0438\u0442\u0435<\/a><br \/>\u041f\u0440\u0435\u0432\u043e\u0434 \u043e\u0442 \u0447\u0435\u0448\u043a\u0438: \u0410\u043d\u0433\u0435\u043b\u0438\u043d\u0430 \u041d\u0435\u0434\u0435\u0432\u0430<\/p>\n<h4>\u00a0 \u041a\u0423\u041b\u0422\u0423\u0420\u041d\u0410 \u0418\u0421\u0422\u041e\u0420\u0418\u042f<\/h4>\n<p><strong>\u041c\u0430\u0440\u0442\u0438\u043d\u0430 \u0411\u0435\u0447\u0432\u0430\u0440\u0436\u043e\u0432\u0430 (\u041f\u0440\u0430\u0433\u0430)\u00a0<\/strong><br \/><a href=\"https:\/\/dialozi.uni-plovdiv.bg\/?p=5539\">\u0424\u0440\u0430\u043d\u0442\u0438\u0448\u043a\u0430 \u0421\u0435\u043d\u043b\u0435\u0440\u043e\u0432\u0430-\u0428\u043e\u0443\u0440\u0435\u043a\u043e\u0432\u0430 (1844 \u2013 1919)<\/a><br \/>\u041f\u0440\u0435\u0432\u043e\u0434 \u043e\u0442 \u0447\u0435\u0448\u043a\u0438: \u041f\u0435\u0442\u044f \u041a\u043e\u043b\u0435\u043d\u0446\u043e\u0432\u0430<\/p>\n<p><strong>\u041a\u0438\u0447\u043a\u0430 \u041f\u0435\u0448\u0435\u0432\u0430 (\u041f\u043b\u043e\u0432\u0434\u0438\u0432)\u00a0<\/strong><br \/><a href=\"https:\/\/dialozi.uni-plovdiv.bg\/?p=5579\">\u0412\u043b\u0430\u0434\u0438\u043c\u0438\u0440 \u0421\u0438\u0441 \u2013 \u0445\u0440\u043e\u043d\u0438\u0441\u0442 \u043d\u0430 &#8222;\u0433\u0435\u0440\u043e\u0438\u0447\u043d\u0438\u044f \u0438 \u0431\u043b\u0430\u0433\u043e\u0440\u043e\u0434\u0435\u043d \u0431\u044a\u043b\u0433\u0430\u0440\u0441\u043a\u0438 \u043d\u0430\u0440\u043e\u0434&#8220;<\/a><\/p>\n<p><a href=\"https:\/\/dialozi.uni-plovdiv.bg\/?p=5582\"><strong>\u0421\u044a\u0434\u0431\u0438 (\u0438\u043d\u0442\u0435\u0440\u0432\u044e \u0441 \u0425\u0430\u043d\u0430 \u0420\u0430\u0439\u043d\u0435\u0440\u043e\u0432\u0430)\u00a0<\/strong><\/a><br \/>\u041f\u0440\u0435\u0432\u043e\u0434 \u043e\u0442 \u0447\u0435\u0448\u043a\u0438: \u041f\u0435\u0442\u044f \u041a\u043e\u043b\u0435\u043d\u0446\u043e\u0432\u0430<\/p>\n<h4>\u00a0 \u0415\u0417\u0418\u041a\u041e\u0417\u041d\u0410\u041d\u0418\u0415<\/h4>\n<p><strong>\u041f\u0430\u0432\u0435\u043b \u041a\u0440\u0435\u0439\u0447\u0438 (\u0411\u044a\u0440\u043d\u043e)\u00a0<\/strong><br \/><a href=\"https:\/\/dialozi.uni-plovdiv.bg\/?p=5587\">\u0427\u0435\u0448\u043a\u0438\u0442\u0435 \u0433\u0435\u043e\u0433\u0440\u0430\u0444\u0441\u043a\u0438 \u043d\u0430\u0437\u0432\u0430\u043d\u0438\u044f \u010cesko, \u010cechy \u0438 \u0442\u0435\u0445\u043d\u0438\u0442\u0435 \u0435\u043a\u0432\u0438\u0432\u0430\u043b\u0435\u043d\u0442\u0438 \u0432 \u0434\u0440\u0443\u0433\u0438 \u0441\u043b\u0430\u0432\u044f\u043d\u0441\u043a\u0438 \u0435\u0437\u0438\u0446\u0438<\/a><\/p>\n<p><strong>\u0413\u0438\u043d\u043a\u0430 \u0411\u0430\u043a\u044a\u0440\u0434\u0436\u0438\u0435\u0432\u0430 (\u041f\u043b\u043e\u0432\u0434\u0438\u0432)\u00a0<\/strong><br \/><a href=\"https:\/\/dialozi.uni-plovdiv.bg\/?p=5591\">\u0410\u043f\u0435\u043b\u0430\u0442\u0438\u0432\u0438\u0437\u0438\u0440\u0430\u043d\u0438 \u0430\u043d\u0442\u0440\u043e\u043f\u043e\u043d\u0438\u043c\u0438 \u0432 \u0431\u044a\u043b\u0433\u0430\u0440\u0441\u043a\u0438\u044f \u0438 \u0447\u0435\u0448\u043a\u0438\u044f \u0435\u0437\u0438\u043a<\/a><\/p>\n<p><strong>\u0410\u043d\u0433\u0435\u043b \u041c\u0430\u0440\u0438\u043d\u043e\u0432 (\u041f\u043b\u043e\u0432\u0434\u0438\u0432)\u00a0<\/strong><br \/><a href=\"https:\/\/dialozi.uni-plovdiv.bg\/?p=5594\">\u041f\u0440\u0435\u0441\u0435\u0447\u043d\u0438 \u0442\u043e\u0447\u043a\u0438 \u043d\u0430 \u043f\u0440\u0435\u0432\u043e\u0434\u0430\u0447\u0435\u0441\u043a\u0430\u0442\u0430 \u0438 \u0440\u0435\u0434\u0430\u043a\u0442\u043e\u0440\u0441\u043a\u0430\u0442\u0430 \u0440\u0430\u0431\u043e\u0442\u0430 \u043f\u0440\u0438 \u0447\u0435\u0448\u043a\u043e-\u0431\u044a\u043b\u0433\u0430\u0440\u0441\u043a\u0438 \u0444\u0438\u043b\u043c\u043e\u0432 \u043f\u0440\u0435\u0432\u043e\u0434<\/a><\/p>\n<h4>\u00a0 \u041b\u0418\u0422\u0415\u0420\u0410\u0422\u0423\u0420\u041e\u0417\u041d\u0410\u041d\u0418\u0415<\/h4>\n<p><strong>\u0412\u043b\u0430\u0434\u0438\u043c\u0438\u0440 \u041a\u0440\u0448\u0438\u0432\u0430\u043d\u0435\u043a (\u041f\u0440\u0430\u0433\u0430)\u00a0<\/strong><br \/><a href=\"https:\/\/dialozi.uni-plovdiv.bg\/?p=5598\">\u041f\u0440\u043e\u044f\u0432\u0438 \u043d\u0430 \u043b\u0438\u0442\u0435\u0440\u0430\u0442\u0443\u0440\u043d\u0430 \u043c\u0438\u0441\u0442\u0438\u0444\u0438\u043a\u0430\u0446\u0438\u044f \u0432 \u0447\u0435\u0448\u043a\u0430\u0442\u0430 \u0438 \u0431\u044a\u043b\u0433\u0430\u0440\u0441\u043a\u0430\u0442\u0430 \u043b\u0438\u0442\u0435\u0440\u0430\u0442\u0443\u0440\u0430<\/a><br \/>\u041f\u0440\u0435\u0432\u043e\u0434 \u043e\u0442 \u0447\u0435\u0448\u043a\u0438: \u0411\u043e\u0440\u0438\u0441\u043b\u0430\u0432 \u0411\u043e\u0440\u0438\u0441\u043e\u0432<\/p>\n<p><strong>\u0410\u043d\u0438 \u0411\u0443\u0440\u043e\u0432\u0430 (\u0421\u043e\u0444\u0438\u044f)\u00a0<\/strong><br \/><a href=\"https:\/\/dialozi.uni-plovdiv.bg\/?p=5602\">\u0425\u043e\u043c\u043e\u0433\u0435\u043d\u043d\u043e\u0441\u0442 \u0438 \u0440\u0430\u0437\u043d\u043e\u0440\u043e\u0434\u043d\u043e\u0441\u0442 \u043d\u0430 \u0447\u0435\u0448\u043a\u0438\u044f \u043c\u043e\u0434\u0435\u0440\u043d\u0438\u0437\u044a\u043c<\/a><\/p>\n<p><strong>\u0414\u0438\u043c\u0430\u043d\u0430 \u0418\u0432\u0430\u043d\u043e\u0432\u0430 (\u041f\u0440\u0430\u0433\u0430)\u00a0<\/strong><br \/><a href=\"https:\/\/dialozi.uni-plovdiv.bg\/?p=5607\">\u0417\u0430 \u0440\u043e\u043b\u044f\u0442\u0430 \u043d\u0430 \u043c\u043e\u0434\u0430\u0442\u0430 \u0438 \u043e\u0431\u043b\u0435\u043a\u043b\u043e\u0442\u043e \u0432 \u0434\u0435\u043d\u0434\u0438\u0437\u043c\u0430 \u043a\u0430\u0442\u043e \u043b\u0438\u0442\u0435\u0440\u0430\u0442\u0443\u0440\u043d\u043e\u0438\u0441\u0442\u043e\u0440\u0438\u0447\u0435\u0441\u043a\u043e \u0438 \u0441\u043e\u0446\u0438\u0430\u043b\u043d\u043e \u044f\u0432\u043b\u0435\u043d\u0438\u0435. \u0421\u0442\u0438\u043b\u0438\u0437\u0430\u0446\u0438\u0438 \u043d\u0430 \u0434\u0435\u043d\u0434\u0438\u0442\u043e<\/a><\/p>\n<p><strong>\u0418\u0440\u0436\u0438 \u041a\u0443\u0434\u044a\u0440\u043d\u0430\u0447 (\u0411\u044a\u0440\u043d\u043e)\u00a0<\/strong><br \/><a href=\"https:\/\/dialozi.uni-plovdiv.bg\/?p=5609\">\u041a\u0441\u0430\u0432e\u0440 \u0414\u0432\u043e\u0440\u0436\u0430\u043a \u0438 \u0421\u0438\u0433\u0438\u0437\u043c\u0443\u043d\u0434 \u0411\u043e\u0443\u0448\u043a\u0430 \u2013 \u0434\u0432\u0430\u043c\u0430 \u043f\u043e\u0435\u0442\u0438 \u043d\u0430 \u041a\u0430\u0442\u043e\u043b\u0438\u0447\u0435\u0441\u043a\u0430\u0442\u0430 \u043c\u043e\u0434\u0435\u0440\u043d\u0430<\/a>\u00a0<br \/>\u041f\u0440\u0435\u0432\u043e\u0434 \u043e\u0442 \u0447\u0435\u0448\u043a\u0438: \u0416\u043e\u0440\u0436\u0435\u0442\u0430 \u0427\u043e\u043b\u0430\u043a\u043e\u0432\u0430<\/p>\n<p><strong>\u0414\u043e\u0431\u0440\u043e\u043c\u0438\u0440 \u0413\u0440\u0438\u0433\u043e\u0440\u043e\u0432 (\u0421\u043e\u0444\u0438\u044f)<\/strong><br \/><a href=\"https:\/\/dialozi.uni-plovdiv.bg\/?p=5613\">\u0421\u0438\u043d\u0445\u0440\u043e\u043d\u0438\u044f \u0438 \u0441\u0442\u0430\u0442\u0438\u043a\u0430. \u0412\u0438\u043b\u0435\u043c \u041c\u0430\u0442\u0435\u0437\u0438\u0443\u0441 \u0438 \u0420\u043e\u043c\u0430\u043d \u042f\u043a\u043e\u0431\u0441\u043e\u043d (\u041f\u0440\u0430\u0433\u0430, 1920)<\/a><\/p>\n<p><strong>\u0411\u043e\u0433\u0434\u0430\u043d \u0414\u0438\u0447\u0435\u0432 (\u041f\u0440\u0430\u0433\u0430)\u00a0<\/strong><br \/><a href=\"https:\/\/dialozi.uni-plovdiv.bg\/?p=5617\">\u0415\u0432\u0440\u043e\u043f\u0430 \u2013 \u0438\u0433\u0440\u0438\u0442\u0435 \u043d\u0430 \u0438\u0434\u0435\u043d\u0442\u0438\u0444\u0438\u043a\u0430\u0446\u0438\u044f\u0442\u0430 \u0438 \u0440\u0430\u0437\u043b\u0438\u0447\u0438\u0435\u0442\u043e \u0432 \u0445\u0443\u0434\u043e\u0436\u0435\u0441\u0442\u0432\u0435\u043d\u0430\u0442\u0430 \u043a\u043e\u043c\u0438\u043a\u0430 \u043d\u0430 \u0441\u043b\u0430\u0432\u044f\u043d\u0441\u043a\u0438\u0442\u0435 \u043b\u0438\u0442\u0435\u0440\u0430\u0442\u0443\u0440\u0438<\/a><\/p>\n<p><strong>\u041f\u0435\u0442\u0440\u0430 \u0414\u0436\u0435\u0439\u043c\u0441 (\u041f\u0430\u0440\u0438\u0436)\u00a0<\/strong><br \/><a href=\"https:\/\/dialozi.uni-plovdiv.bg\/?p=5621\">\u041f\u043e\u043b\u0435\u043c\u0438\u043a\u0430\u0442\u0430 \u043e\u043a\u043e\u043b\u043e \u043a\u044a\u0441\u043d\u043e\u0442\u043e \u0442\u0432\u043e\u0440\u0447\u0435\u0441\u0442\u0432\u043e \u043d\u0430 \u0411\u043e\u0445\u0443\u043c\u0438\u043b \u0425\u0440\u0430\u0431\u0430\u043b<\/a><br \/>\u041f\u0440\u0435\u0432\u043e\u0434 \u043e\u0442 \u0444\u0440\u0435\u043d\u0441\u043a\u0438: \u0421\u043e\u043d\u044f \u0410\u043b\u0435\u043a\u0441\u0430\u043d\u0434\u0440\u043e\u0432\u0430<\/p>\n<h4>\u00a0 \u041d\u041e\u0412\u0418 \u041f\u0420\u0415\u0412\u041e\u0414\u0418<\/h4>\n<p><strong>\u041a\u0430\u0440\u0435\u043b \u042f\u0440\u043e\u043c\u0438\u0440 \u0415\u0440\u0431\u0435\u043d<\/strong><br \/><a href=\"https:\/\/dialozi.uni-plovdiv.bg\/?p=5624\">\u0420\u0430\u0437\u0443\u043c\u044a\u0442 \u0438 K\u044a\u0441\u043c\u0435\u0442\u044a\u0442. \u041a\u0440\u0430\u043b\u044f\u0442 \u043f\u043e\u0440<\/a><br \/>\u041f\u0440\u0435\u0432\u043e\u0434 \u043e\u0442 \u0447\u0435\u0448\u043a\u0438: \u0420\u043e\u0441\u0438\u043d\u0430 \u041a\u043e\u043a\u0443\u0434\u0435\u0432\u0430, \u041a\u0440\u0438\u0441\u0442\u0438\u043d\u0430 \u041d\u0435\u0434\u0435\u043b\u0447\u0435\u0432\u0430<\/p>\n<p><strong>\u041e\u0442\u043e\u043a\u0430\u0440 \u0411\u0440\u0436\u0435\u0437\u0438\u043d\u0430<\/strong><br \/><a href=\"https:\/\/dialozi.uni-plovdiv.bg\/?p=5655\">\u0421\u0442\u0438\u0445\u043e\u0442\u0432\u043e\u0440\u0435\u043d\u0438\u044f<\/a><br \/>\u041f\u0440\u0435\u0432\u043e\u0434 \u043e\u0442 \u0447\u0435\u0448\u043a\u0438: \u0416\u043e\u0440\u0436\u0435\u0442\u0430 \u0427\u043e\u043b\u0430\u043a\u043e\u0432\u0430<\/p>\n<p><strong>\u0410\u043d\u0442\u043e\u043d\u0438\u043d \u0421\u043e\u0432\u0430<\/strong><br \/><a href=\"https:\/\/dialozi.uni-plovdiv.bg\/?p=5657\">\u0421\u0442\u0438\u0445\u043e\u0442\u0432\u043e\u0440\u0435\u043d\u0438\u044f<\/a><br \/>\u041f\u0440\u0435\u0432\u043e\u0434 \u043e\u0442 \u0447\u0435\u0448\u043a\u0438: \u0416\u043e\u0440\u0436\u0435\u0442\u0430 \u0427\u043e\u043b\u0430\u043a\u043e\u0432\u0430<\/p>\n<p><strong>\u0419\u043e\u0437\u0435\u0444 \u0425\u043e\u0440\u0430<\/strong><br \/><a href=\"https:\/\/dialozi.uni-plovdiv.bg\/?p=5661\"> \u0421\u0442\u0438\u0445\u043e\u0442\u0432\u043e\u0440\u0435\u043d\u0438\u044f<\/a><br \/>\u041f\u0440\u0435\u0432\u043e\u0434 \u043e\u0442 \u0447\u0435\u0448\u043a\u0438: \u0410\u043d\u0430\u0441\u0442\u0430\u0441\u0438\u044f \u0410\u0441\u043c\u0430\u043d\u0438\u0434\u0438\u0441<\/p>\n<p><strong>\u042f\u0440\u043e\u0441\u043b\u0430\u0432 \u0425\u0430\u0448\u0435\u043a<\/strong><br \/><a href=\"https:\/\/dialozi.uni-plovdiv.bg\/?p=5702\">\u0418\u0441\u0442\u043e\u0440\u0438\u044f\u0442\u0430 \u043d\u0430 &#8222;\u0413\u043e\u0441\u043f\u043e\u0434 \u0411\u043e\u0433&#8220;<\/a><br \/>\u041f\u0440\u0435\u0432\u043e\u0434 \u043e\u0442 \u0447\u0435\u0448\u043a\u0438: \u0411\u043e\u0440\u0438\u0441\u043b\u0430\u0432 \u0411\u043e\u0440\u0438\u0441\u043e\u0432<\/p>\n<p><strong>\u0411\u043e\u0445\u0443\u043c\u0438\u043b \u0425\u0440\u0430\u0431\u0430\u043b<\/strong><br \/><a href=\"https:\/\/dialozi.uni-plovdiv.bg\/?p=5706\">\u0423\u0433\u043e\u0449\u0435\u043d\u0438\u0435\u00a0<\/a><br \/>\u041f\u0440\u0435\u0432\u043e\u0434 \u043e\u0442 \u0447\u0435\u0448\u043a\u0438: \u041c\u0430\u0440\u0433\u0430\u0440\u0438\u0442\u0430 \u0422\u0435\u043d\u0435\u0432\u0430, \u0426\u0432\u0435\u0442\u043e\u043c\u0438\u0440\u0430 \u0421\u0442\u043e\u044f\u043d\u043e\u0432\u0430<\/p>\n<p><strong>\u0412\u043b\u0430\u0434\u0438\u043c\u0438\u0440 \u041a\u0440\u0448\u0438\u0432\u0430\u043d\u0435\u043a<\/strong><br \/><a href=\"https:\/\/dialozi.uni-plovdiv.bg\/?p=5709\"> \u0421\u0442\u0438\u0445\u043e\u0442\u0432\u043e\u0440\u0435\u043d\u0438\u044f<\/a><br \/>\u041f\u0440\u0435\u0432\u043e\u0434 \u043e\u0442 \u0447\u0435\u0448\u043a\u0438: \u0416\u043e\u0440\u0436\u0435\u0442\u0430 \u0427\u043e\u043b\u0430\u043a\u043e\u0432\u0430<\/p>\n<p><strong>\u0422\u0435\u0440\u0435\u0437\u0430 \u0420\u0438\u0439\u0434\u044a\u043b\u0431\u0430\u0443\u0445\u043e\u0432\u0430<\/strong><br \/><a href=\"https:\/\/dialozi.uni-plovdiv.bg\/?p=5713\"> \u0421\u0442\u0438\u0445\u043e\u0442\u0432\u043e\u0440\u0435\u043d\u0438\u044f<\/a><br \/>\u041f\u0440\u0435\u0432\u043e\u0434 \u043e\u0442 \u0447\u0435\u0448\u043a\u0438: \u0414\u0438\u043c\u0430\u043d\u0430 \u0418\u0432\u0430\u043d\u043e\u0432\u0430<\/p>\n<p><strong>\u041f\u0430\u0432\u0435\u043b \u0425\u0430\u0439\u0435\u043a<\/strong><br \/><a href=\"https:\/\/dialozi.uni-plovdiv.bg\/?p=5723\">\u0421\u0442\u0438\u0445\u043e\u0442\u0432\u043e\u0440\u0435\u043d\u0438\u044f<\/a><br \/>\u041f\u0440\u0435\u0432\u043e\u0434 \u043e\u0442 \u0447\u0435\u0448\u043a\u0438: \u0416\u043e\u0440\u0436\u0435\u0442\u0430 \u0427\u043e\u043b\u0430\u043a\u043e\u0432\u0430\u00a0<\/p>\n<h4>\u00a0 \u0415\u0422\u0410\u0416\u0415\u0420\u041a\u0410<\/h4>\n<p><a href=\"https:\/\/dialozi.uni-plovdiv.bg\/?p=5725\"><strong>\u042f\u043d \u0420\u0438\u0445\u043b\u0438\u043a, \u0412\u043b\u0430\u0434\u0438\u043c\u0438\u0440 \u041f\u0435\u043d\u0447\u0435\u0432.<\/strong> \u0418\u0441\u0442\u043e\u0440\u0438\u044f \u043d\u0430 \u0427\u0435\u0445\u0438\u044f<\/a> <br \/>(\u0412\u043b\u0430\u0434\u0438\u043c\u0438\u0440 \u041f\u0435\u043d\u0447\u0435\u0432)<\/p>\n<p><a href=\"https:\/\/dialozi.uni-plovdiv.bg\/?p=5728\"><strong>\u042f\u043d \u0410\u043c\u043e\u0441 \u041a\u043e\u043c\u0435\u043d\u0441\u043a\u0438<\/strong><br \/>\u041b\u0430\u0431\u0438\u0440\u0438\u043d\u0442\u044a\u0442 \u043d\u0430 \u0441\u0432\u0435\u0442\u0430 \u0438 \u0440\u0430\u044f\u0442 \u043d\u0430 \u0441\u044a\u0440\u0446\u0435\u0442\u043e<\/a> <br \/>(\u0422\u0430\u043d\u044f \u041c\u0430\u0434\u0436\u0430\u0440\u043e\u0432\u0430)<\/p>\n<p><a href=\"https:\/\/dialozi.uni-plovdiv.bg\/?p=5731\"><strong>Slavica v \u010desk\u00e9 \u0159e\u010di I \u2013 \u0406\u0406\u0406<\/strong><\/a> <br \/>(\u041c\u0430\u0440\u0446\u0435\u043b \u0427\u0435\u0440\u043d\u0438)<br \/>\u041f\u0440\u0435\u0432\u043e\u0434 \u043e\u0442 \u0447\u0435\u0448\u043a\u0438: \u0421\u0435\u0432\u0434\u0430\u043b\u0438\u043d\u0430 \u0412\u0435\u043b\u0435\u0432\u0430<\/p>\n<p><a href=\"https:\/\/dialozi.uni-plovdiv.bg\/?p=5734\"><strong>Martina Be\u010dv\u00e1\u0159ov\u00e1<\/strong><br \/>\u010cesk\u00e9 ko\u0159eny bulharsk\u00e9 matematiky<\/a> <br \/>(\u041c\u0430\u0440\u0446\u0435\u043b \u0427\u0435\u0440\u043d\u0438)\u00a0<br \/>\u041f\u0440\u0435\u0432\u043e\u0434 \u043e\u0442 \u0447\u0435\u0448\u043a\u0438: \u041a\u0430\u0442\u0435\u0440\u0438\u043d\u0430 \u0422\u043e\u043c\u043e\u0432\u0430\u00a0<\/p>\n<p><a href=\"https:\/\/dialozi.uni-plovdiv.bg\/?p=5737\"><strong>\u0425\u043e\u043c\u043e \u0411\u043e\u0445\u0435\u043c\u0438\u043a\u0443\u0441<\/strong><\/a> <br \/>(\u0410\u043d\u0438 \u0411\u0443\u0440\u043e\u0432\u0430)\u00a0<\/p>\n<p><a href=\"https:\/\/dialozi.uni-plovdiv.bg\/?p=5740\"><strong>Philologia Philippopoliensis<\/strong><\/a> <br \/>(\u041a\u0440\u0430\u0441\u0438\u043c\u0438\u0440\u0430 \u0427\u0430\u043a\u044a\u0440\u043e\u0432\u0430)\u00a0<\/p>\n<p><a href=\"https:\/\/dialozi.uni-plovdiv.bg\/?p=5745\"><strong>\u0422\u0430\u043d\u044f \u041c\u0430\u0434\u0436\u0430\u0440\u043e\u0432\u0430<\/strong><br \/>\u041f\u043e\u0432\u0435\u0441\u0442\u0432\u043e\u0432\u0430\u0442\u0435\u043b\u043d\u0438 \u043f\u0440\u0430\u043a\u0442\u0438\u043a\u0438 \u0432 \u0440\u0430\u0437\u043a\u0430\u0437\u0438\u0442\u0435 \u043d\u0430 \u042f\u043d \u041d\u0435\u0440\u0443\u0434\u0430<\/a> <br \/>(\u0416\u043e\u0440\u0436\u0435\u0442\u0430 \u0427\u043e\u043b\u0430\u043a\u043e\u0432\u0430)\u00a0<\/p>\n<p><a href=\"https:\/\/dialozi.uni-plovdiv.bg\/?p=5748\">\u0422\u0435\u043c\u0430\u0442\u0438\u0447\u0435\u043d \u043c\u043d\u043e\u0433\u043e\u0435\u0437\u0438\u0447\u0435\u043d \u0440\u0435\u0447\u043d\u0438\u043a \u043f\u043e \u0442\u0443\u0440\u0438\u0437\u044a\u043c (\u0431\u044a\u043b\u0433\u0430\u0440\u0441\u043a\u0438, \u0440\u0443\u0441\u043a\u0438,<\/a><br \/>\u0430\u043d\u0433\u043b\u0438\u0439\u0441\u043a\u0438, \u043d\u0435\u043c\u0441\u043a\u0438, \u0444\u0440\u0435\u043d\u0441\u043a\u0438 \u0435\u0437\u0438\u043a) <br \/>(\u0415\u043d\u0447\u043e \u0422\u0438\u043b\u0435\u0432)\u00a0<\/p>\n<p><a href=\"https:\/\/dialozi.uni-plovdiv.bg\/?p=5751\">\u041a\u0430\u043c\u0435\u043d \u0420\u0438\u043a\u0435\u0432<br \/>\u0417\u0443\u0431\u044a\u0440, \u0432\u0438\u0434\u0440\u0430 \u0438 \u043f\u0430\u0443\u043d. \u0410\u043d\u0442\u043e\u043b\u043e\u0433\u0438\u044f \u043d\u0430 \u043f\u043e\u043b\u0441\u043a\u0430\u0442\u0430 \u043b\u0438\u0442\u0435\u0440\u0430\u0442\u0443\u0440\u0430<\/a> \u043e\u0442 \u0421\u0440\u0435\u0434\u043d\u043e\u0432\u0435\u043a\u043e\u0432\u0438\u0435\u0442\u043e \u0434\u043e \u041f\u0440\u043e\u0441\u0432\u0435\u0449\u0435\u043d\u0438\u0435\u0442\u043e <br \/>(\u041c\u0430\u0440\u0433\u0440\u0435\u0442\u0430 \u0413\u0440\u0438\u0433\u043e\u0440\u043e\u0432\u0430)\u00a0<\/p>\n<h4>\u00a0 \u0425\u0420\u041e\u041d\u0418\u041a\u0410<\/h4>\n<p><a href=\"https:\/\/dialozi.uni-plovdiv.bg\/?p=5754\">\u041c\u043b\u0430\u0434\u0438 \u0444\u0438\u043b\u043e\u043b\u043e\u0437\u0438 \u0432\u044a\u0437\u043a\u0440\u0435\u0441\u0438\u0445\u0430 \u041f\u044a\u0440\u0432\u0438\u044f \u043a\u043e\u043d\u0433\u0440\u0435\u0441 \u043d\u0430 \u0441\u043b\u0430\u0432\u0438\u0441\u0442\u0438\u0442\u0435<\/a> <br \/>(\u0422\u0435\u043d\u0447\u043e \u0414\u0435\u0440\u0435\u043a\u044e\u0432\u043b\u0438\u0435\u0432)\u00a0<\/p>\n<h4>\u00a0 \u0410\u0412\u0422\u041e\u0420\u0418, \u041f\u0420\u0415\u0412\u041e\u0414\u0410\u0427\u0418, \u0420\u0415\u0414\u0410\u041a\u0422\u041e\u0420\u0418<\/span><\/h4>\n\n\n<p><\/p>","protected":false},"excerpt":{"rendered":"\u00a0 \u042f\u043d\u043a\u043e \u0411\u044a\u0447\u0432\u0430\u0440\u043e\u0432 \u0421\u043f\u0438\u0441\u0430\u043d\u0438\u0435 \u201e\u0421\u043b\u0430\u0432\u044f\u043d\u0441\u043a\u0438 \u0434\u0438\u0430\u043b\u043e\u0437\u0438\u201c \u2013 \u043c\u043b\u0430\u0434 \u044e\u0431\u0438\u043b\u044f\u0440 \u00a0 \u0418\u0417\u0412\u041e\u0420\u0418 \u0419\u043e\u0437\u0435\u0444 \u0414\u043e\u0431\u0440\u043e\u0432\u0441\u043a\u0438\u00a0\u041f\u0440\u0435\u0434\u0433\u043e\u0432\u043e\u0440 \u043a\u044a\u043c \u041f\u043e\u0434\u0440\u043e\u0431\u043d\u0430 \u0433\u0440\u0430\u043c\u0430\u0442\u0438\u043a\u0430 \u043d\u0430 \u0447\u0435\u0448\u043a\u0438\u044f \u0435\u0437\u0438\u043a (1809)\u041f\u0440\u0435\u0432\u043e\u0434 \u043e\u0442 \u043d\u0435\u043c\u0441\u043a\u0438: \u0411\u043e\u0440\u044f\u043d \u042f\u043d\u0435\u0432 \u0419\u043e\u0437\u0435\u0444 \u042e\u043d\u0433\u043c\u0430\u043d\u0420\u0430\u0437\u0433\u043e\u0432\u043e\u0440 \u043f\u044a\u0440\u0432\u0438. \u0427\u0435\u0448\u043a\u0438 \u0432\u0435\u0441\u0442\u0438\u0442\u0435\u043b (1806)\u00a0\u041f\u0440\u0435\u0432\u043e\u0434 \u043e\u0442 \u0447\u0435\u0448\u043a\u0438: \u0411\u043e\u0440\u0438\u0441\u043b\u0430\u0432 \u0411\u043e\u0440\u0438\u0441\u043e\u0432 \u00a0 \u0414\u0415\u0411\u042e\u0422\u0418 \u041a\u0440\u0430\u0441\u0438\u043c\u0438\u0440\u0430 \u041c\u0430\u0440\u0438\u043d\u043e\u0432\u0430\u00a0\u0427\u0435\u0442\u0438\u0440\u0438\u0442\u0435 \u043f\u044a\u0440\u0432\u043e\u043d\u0430\u0447\u0430\u043b\u0430 \u0432 \u043f\u043e\u0435\u0442\u0438\u043a\u0430\u0442\u0430 \u043d\u0430 \u041e\u0442\u043e\u043a\u0430\u0440 \u0411\u0440\u0436\u0435\u0437\u0438\u043d\u0430 \u00a0 \u041d\u0410\u0423\u0427\u041d\u0418 \u0418\u0417\u0421\u041b\u0415\u0414\u0412\u0410\u041d\u0418\u042f 200 \u0433\u043e\u0434\u0438\u043d\u0438 \u043e\u0442 \u0440\u043e\u0436\u0434\u0435\u043d\u0438\u0435\u0442\u043e \u043d\u0430 \u041a\u0430\u0440\u0435\u043b \u0425\u0438\u043d\u0435\u043a \u041c\u0430\u0445\u0430 [&hellip;]","protected":false},"author":1,"featured_media":0,"parent":27,"menu_order":8,"comment_status":"closed","ping_status":"open","template":"","meta":{"_acf_changed":false,"footnotes":""},"class_list":["post-29","page","type-page","status-publish","hentry"],"acf":[],"_links":{"self":[{"href":"https:\/\/dialozi.uni-plovdiv.bg\/index.php?rest_route=\/wp\/v2\/pages\/29","targetHints":{"allow":["GET"]}}],"collection":[{"href":"https:\/\/dialozi.uni-plovdiv.bg\/index.php?rest_route=\/wp\/v2\/pages"}],"about":[{"href":"https:\/\/dialozi.uni-plovdiv.bg\/index.php?rest_route=\/wp\/v2\/types\/page"}],"author":[{"embeddable":true,"href":"https:\/\/dialozi.uni-plovdiv.bg\/index.php?rest_route=\/wp\/v2\/users\/1"}],"replies":[{"embeddable":true,"href":"https:\/\/dialozi.uni-plovdiv.bg\/index.php?rest_route=%2Fwp%2Fv2%2Fcomments&post=29"}],"version-history":[{"count":29,"href":"https:\/\/dialozi.uni-plovdiv.bg\/index.php?rest_route=\/wp\/v2\/pages\/29\/revisions"}],"predecessor-version":[{"id":15136,"href":"https:\/\/dialozi.uni-plovdiv.bg\/index.php?rest_route=\/wp\/v2\/pages\/29\/revisions\/15136"}],"up":[{"embeddable":true,"href":"https:\/\/dialozi.uni-plovdiv.bg\/index.php?rest_route=\/wp\/v2\/pages\/27"}],"wp:attachment":[{"href":"https:\/\/dialozi.uni-plovdiv.bg\/index.php?rest_route=%2Fwp%2Fv2%2Fmedia&parent=29"}],"curies":[{"name":"wp","href":"https:\/\/api.w.org\/{rel}","templated":true}]}}