{"id":3349,"date":"2020-10-26T19:16:41","date_gmt":"2020-10-26T17:16:41","guid":{"rendered":"https:\/\/dialozi.uni-plovdiv.bg\/?page_id=3349"},"modified":"2021-08-31T17:58:36","modified_gmt":"2021-08-31T15:58:36","slug":"%d0%ba%d0%bd%d0%b8%d0%b6%d0%ba%d0%b0-19","status":"publish","type":"page","link":"https:\/\/dialozi.uni-plovdiv.bg\/?page_id=3349","title":{"rendered":"\u041a\u043d\u0438\u0436\u043a\u0430 19, 2017"},"content":{"rendered":"<div class=\"wp-block-media-text alignwide is-stacked-on-mobile is-vertically-aligned-bottom\"><figure class=\"wp-block-media-text__media\"><a href=\"https:\/\/dialozi.uni-plovdiv.bg\/wp-content\/uploads\/2021\/03\/Slavyanski_dialozi-kn.19-2017.pdf\"><img loading=\"lazy\" decoding=\"async\" width=\"350\" height=\"472\" src=\"https:\/\/dialozi.uni-plovdiv.bg\/wp-content\/uploads\/2020\/12\/\u0421\u0414-19-\u043a\u043e\u0440\u0438\u0446\u04301-2.jpg\" alt=\"\" class=\"wp-image-3830 size-full\" srcset=\"https:\/\/dialozi.uni-plovdiv.bg\/wp-content\/uploads\/2020\/12\/\u0421\u0414-19-\u043a\u043e\u0440\u0438\u0446\u04301-2.jpg 350w, https:\/\/dialozi.uni-plovdiv.bg\/wp-content\/uploads\/2020\/12\/\u0421\u0414-19-\u043a\u043e\u0440\u0438\u0446\u04301-2-222x300.jpg 222w\" sizes=\"auto, (max-width: 350px) 100vw, 350px\" \/><\/a><\/figure><div class=\"wp-block-media-text__content\">\n<div class=\"wp-block-file\"><a href=\"https:\/\/dialozi.uni-plovdiv.bg\/wp-content\/uploads\/2021\/03\/Slavyanski_dialozi-kn.19-2017.pdf\">Slavyanski_dialozi-kn.19-2017<\/a><a href=\"https:\/\/dialozi.uni-plovdiv.bg\/wp-content\/uploads\/2021\/03\/Slavyanski_dialozi-kn.19-2017.pdf\" class=\"wp-block-file__button\" download>\u0418\u0437\u0442\u0435\u0433\u043b\u044f\u043d\u0435<\/a><\/div>\n\n\n\n<h5>\u041d\u0430 \u043a\u043e\u0440\u0438\u0446\u0430\u0442\u0430:<br>\u0417\u0434\u0436\u0438\u0441\u043b\u0430\u0432 \u0411\u0435\u043a\u0448\u0438\u043d\u0441\u043a\u0438, <em>AA78<\/em>, 1978<\/h5>\n<\/div><\/div>\n\n\n<h4>\u00a0 \u0418\u0417\u0412\u041e\u0420\u0418<\/h4>\n<p><strong>\u041f\u0430\u0432\u0435\u043b \u0419\u043e\u0437\u0435\u0444 \u0428\u0430\u0444\u0430\u0440\u0438\u043a<\/strong> <br \/><a href=\"https:\/\/dialozi.uni-plovdiv.bg\/?p=4021\">\u0420\u0430\u0437\u0446\u0432\u0435\u0442 \u043d\u0430 \u0441\u043b\u0430\u0432\u044f\u043d\u0441\u043a\u0430\u0442\u0430 \u043b\u0438\u0442\u0435\u0440\u0430\u0442\u0443\u0440\u0430 \u0432 \u0411\u044a\u043b\u0433\u0430\u0440\u0438\u044f<\/a> <br \/>1. \u0421\u0432\u0435\u0442\u0438\u0442\u0435 \u043f\u044a\u0440\u0432\u043e\u0443\u0447\u0438\u0442\u0435\u043b\u0438 <br \/>2. \u041e\u0441\u0442\u0430\u043d\u0430\u043b\u0438\u0442\u0435 \u0421\u0435\u0434\u043c\u043e\u0447\u0438\u0441\u043b\u0435\u043d\u0438\u0446\u0438 (\u0441 \u043f\u0440\u043e\u0434\u044a\u043b\u0436\u0435\u043d\u0438\u0435)<br \/>\u041f\u0440\u0435\u0432\u043e\u0434 \u043e\u0442 \u0447\u0435\u0448\u043a\u0438: \u0416\u043e\u0440\u0436\u0435\u0442\u0430 \u0427\u043e\u043b\u0430\u043a\u043e\u0432\u0430<\/p>\n<h4>\u00a0 \u041a\u0423\u041b\u0422\u0423\u0420\u041d\u0410 \u0418\u0421\u0422\u041e\u0420\u0418\u042f<\/h4>\n<p><strong>\u0414\u0438\u0430\u043d\u0430 \u0418\u0432\u0430\u043d\u043e\u0432\u0430 (\u041f\u043b\u043e\u0432\u0434\u0438\u0432)<\/strong><br \/><a href=\"https:\/\/dialozi.uni-plovdiv.bg\/?p=4024\">\u0421\u043f\u0438\u0441\u0430\u043d\u0438\u0435 \u201e\u0421\u043b\u0430\u0432\u044f\u043d\u0441\u043a\u0438 \u0433\u043b\u0430\u0441\u201c \u0438 \u0441\u043b\u0430\u0432\u044f\u043d\u0441\u043a\u0430\u0442\u0430 \u0438\u0434\u0435\u044f \u0432 \u0411\u044a\u043b\u0433\u0430\u0440\u0438\u044f<\/a><\/p>\n<p><strong>\u0412\u043b\u0430\u0434\u0438\u043c\u0438\u0440 \u041a\u0440\u0448\u0438\u0432\u0430\u043d\u0435\u043a (\u0425\u0440\u0430\u0434\u0435\u0446 \u041a\u0440\u0430\u043b\u043e\u0432\u0435)<\/strong><br \/><a href=\"https:\/\/dialozi.uni-plovdiv.bg\/?p=4027\">\u041a\u0430\u0440\u0435\u043b \u0427\u0430\u043f\u0435\u043a \u0438 \u0447\u0435\u0448\u043a\u0438\u044f\u0442 \u041f\u0415\u041d \u043a\u043b\u0443\u0431<\/a> <br \/>I. \u041f\u044a\u0440\u0432\u0438 \u0441\u0442\u044a\u043f\u043a\u0438 \u043d\u0430 \u0438\u0434\u0435\u044f\u0442\u0430 \u0437\u0430 \u0441\u044a\u0437\u0434\u0430\u0432\u0430\u043d\u0435 \u043d\u0430 \u0447\u0435\u0448\u043a\u0438 \u043a\u043b\u043e\u043d \u043d\u0430 \u041f\u0415\u041d \u043a\u043b\u0443\u0431 (\u0441 \u043f\u0440\u043e\u0434\u044a\u043b\u0436\u0435\u043d\u0438\u0435)<br \/>\u041f\u0440\u0435\u0432\u043e\u0434 \u043e\u0442 \u0447\u0435\u0448\u043a\u0438: \u0421\u0435\u0432\u0434\u0430\u043b\u0438\u043d\u0430 \u0412\u0435\u043b\u0435\u0432\u0430<\/p>\n<h4>\u00a0 \u041b\u0418\u0422\u0415\u0420\u0410\u0422\u0423\u0420\u041e\u0417\u041d\u0410\u041d\u0418\u0415<\/h4>\n<p><strong>\u0414\u0438\u044f\u043d\u0430 \u041d\u0438\u043a\u043e\u043b\u043e\u0432\u0430 (\u041f\u043b\u043e\u0432\u0434\u0438\u0432)<\/strong><br \/><a href=\"https:\/\/dialozi.uni-plovdiv.bg\/?p=4030\">\u041f\u0430\u0441\u0442\u043e\u0440\u0430\u043b\u043d\u043e\u0442\u043e \u0432 \u043e\u0433\u043b\u0435\u0434\u0430\u043b\u0430\u0442\u0430 \u043d\u0430 \u0440\u0443\u0441\u043a\u0430\u0442\u0430 \u043a\u0443\u043b\u0442\u0443\u0440\u0430 (XVIII \u2013 XIX \u0432.)<\/a> <br \/>I. \u0420\u0430\u043d\u043d\u0438\u044f\u0442 \u0435\u0442\u0430\u043f \u043d\u0430 \u0440\u0443\u0441\u043a\u0438\u044f \u043f\u0430\u0441\u0442\u043e\u0440\u0430\u043b\u0438\u0437\u044a\u043c (\u0441 \u043f\u0440\u043e\u0434\u044a\u043b\u0436\u0435\u043d\u0438\u0435)<\/p>\n<p><strong>\u041d\u0430\u0442\u0430\u043b\u0438\u044f \u0414\u043c. \u041a\u043e\u0447\u0435\u0442\u043a\u043e\u0432\u0430 (\u0421\u0430\u043d\u043a\u0442 \u041f\u0435\u0442\u0435\u0440\u0431\u0443\u0440\u0433)<\/strong><br \/><a href=\"https:\/\/dialozi.uni-plovdiv.bg\/?p=4032\"><em>\u041c\u0435\u043b\u0430\u043d\u0445\u043e\u043b\u0438\u044f <\/em>\u043d\u0430 \u0416. \u0414\u0435\u043b\u0438\u043b: \u043f\u043e\u0434\u0440\u0430\u0436\u0430\u043d\u0438\u0435\u0442\u043e \u043d\u0430 \u041d. \u041c. \u041a\u0430\u0440\u0430\u043c\u0437\u0438\u043d \u0438 \u043f\u0440\u0435\u0432\u043e\u0434\u044a\u0442 \u043d\u0430 \u041f. \u042e. \u041b\u0432\u043e\u0432<\/a><br \/>\u041f\u0440\u0435\u0432\u043e\u0434 \u043e\u0442 \u0440\u0443\u0441\u043a\u0438: \u0422\u0430\u043d\u044f \u041d\u0435\u0439\u0447\u0435\u0432\u0430<\/p>\n<h4>\u00a0 \u041d\u041e\u0412\u0418 \u041f\u0420\u0415\u0412\u041e\u0414\u0418<\/h4>\n<p><strong>\u0413\u0430\u0432\u0440\u0438\u0438\u043b \u0420. \u0414\u0435\u0440\u0436\u0430\u0432\u0438\u043d<\/strong><br \/><a href=\"https:\/\/dialozi.uni-plovdiv.bg\/?p=4039\">\u0423\u0442\u0440\u043e<\/a><br \/>\u041f\u0440\u0435\u0432\u043e\u0434 \u043e\u0442 \u0440\u0443\u0441\u043a\u0438: \u0422\u0430\u043d\u044f \u041d\u0435\u0439\u0447\u0435\u0432\u0430<\/p>\n<p><strong>\u041d\u0438\u043a\u043e\u043b\u0430\u0439 \u041c. \u041a\u0430\u0440\u0430\u043c\u0437\u0438\u043d<\/strong><br \/><a href=\"https:\/\/dialozi.uni-plovdiv.bg\/?p=4058\">\u041c\u0435\u043b\u0430\u043d\u0445\u043e\u043b\u0438\u044f<\/a><br \/>\u041f\u0440\u0435\u0432\u043e\u0434 \u043e\u0442 \u0440\u0443\u0441\u043a\u0438: \u0422\u0430\u043d\u044f \u041d\u0435\u0439\u0447\u0435\u0432\u0430, \u0416\u043e\u0440\u0436\u0435\u0442\u0430 \u0427\u043e\u043b\u0430\u043a\u043e\u0432\u0430<\/p>\n<p><strong>\u041a\u0430\u0440\u0435\u043b \u0425\u0438\u043d\u0435\u043a \u041c\u0430\u0445\u0430<\/strong><br \/><a href=\"https:\/\/dialozi.uni-plovdiv.bg\/?p=4064\">\u041c\u0435\u043b\u0430\u043d\u0445\u043e\u043b\u0438\u044f<\/a><br \/>\u041f\u0440\u0435\u0432\u043e\u0434 \u043e\u0442 \u0447\u0435\u0448\u043a\u0438: \u0416\u043e\u0440\u0436\u0435\u0442\u0430 \u0427\u043e\u043b\u0430\u043a\u043e\u0432\u0430<\/p>\n<p><strong>\u041a\u0430\u0440\u0435\u043b \u0427\u0430\u043f\u0435\u043a<\/strong><br \/><a href=\"https:\/\/dialozi.uni-plovdiv.bg\/?p=4067\">\u041c\u0435\u043b\u0430\u043d\u0445\u043e\u043b\u0438\u044f<\/a><br \/>\u041f\u0440\u0435\u0432\u043e\u0434 \u043e\u0442 \u0447\u0435\u0448\u043a\u0438: \u0416\u043e\u0440\u0436\u0435\u0442\u0430 \u0427\u043e\u043b\u0430\u043a\u043e\u0432\u0430<\/p>\n<h4>\u00a0 \u0415\u0422\u0410\u0416\u0415\u0420\u041a\u0410<\/h4>\n<p><a href=\"https:\/\/dialozi.uni-plovdiv.bg\/?p=4071\"><strong>Ivan Petrov.<\/strong> Od inkunabu\u019a\u00f3w do pierwszych gramatyk. Konteksty rozwoju bu\u019agarskiego j\u0119zyka literackiego (koniec \u0425V \u2013 pocz\u0105tek \u0425VII wieku)<\/a> <br \/>(\u0414\u0438\u0430\u043d\u0430 \u0418\u0432\u0430\u043d\u043e\u0432\u0430)<\/p>\n<p><a href=\"https:\/\/dialozi.uni-plovdiv.bg\/?p=4075\"><strong>Franti\u0161ek \u010cajka, Marcel \u010cern\u00fd (edd.).<\/strong> Slovn\u00edk jazyka staroslov\u011bnsk\u00e9ho. Historie, osobnosti a perspektivy<\/a> <br \/>(\u041d\u0438\u043a\u043e\u043b \u0412\u043e\u0441\u043c\u0438\u043a\u043e\u0432\u0430)<br \/>\u041f\u0440\u0435\u0432\u043e\u0434 \u043e\u0442 \u0447\u0435\u0448\u043a\u0438: \u041f\u0435\u0442\u044f \u041a\u043b\u0438\u043d\u043a\u043e\u0432\u0430<\/p>\n<p><a href=\"https:\/\/dialozi.uni-plovdiv.bg\/?p=4078\"><strong>\u0418\u0432\u0430\u043d \u0427\u043e\u043b\u0430\u043a\u043e\u0432.<\/strong> \u0417\u0430\u0440\u0430\u0436\u0434\u0430\u043d\u0435 \u0438 \u0440\u0430\u0437\u0432\u0438\u0442\u0438\u0435 \u043d\u0430 \u043c\u0435\u0442\u043e\u0434\u0438\u043a\u0430\u0442\u0430 \u043d\u0430 \u043e\u0431\u0443\u0447\u0435\u043d\u0438\u0435\u0442\u043e \u043f\u043e \u0431\u044a\u043b\u0433\u0430\u0440\u0441\u043a\u0438 \u0435\u0437\u0438\u043a (\u043e\u0442 \u041e\u0441\u0432\u043e\u0431\u043e\u0436\u0434\u0435\u043d\u0438\u0435\u0442\u043e \u0434\u043e \u043d\u0430\u0447\u0430\u043b\u043e\u0442\u043e \u043d\u0430 \u0425\u0425 \u0432\u0435\u043a)<\/a> <br \/>(\u0421\u043e\u043d\u044f \u0420\u0430\u0439\u0447\u0435\u0432\u0430)<\/p>\n<h4><a href=\"https:\/\/dialozi.uni-plovdiv.bg\/wp-content\/uploads\/2021\/08\/Slavyanski-dialozi-2017-br.-19-150-155.pdf\">\u00a0 \u0410\u0412\u0422\u041e\u0420\u0418, \u041f\u0420\u0415\u0412\u041e\u0414\u0410\u0427\u0418, \u0420\u0415\u0414\u0410\u041a\u0422\u041e\u0420\u0418<\/a><\/h4>\n<h4><\/p>","protected":false},"excerpt":{"rendered":"\u00a0 \u0418\u0417\u0412\u041e\u0420\u0418 \u041f\u0430\u0432\u0435\u043b \u0419\u043e\u0437\u0435\u0444 \u0428\u0430\u0444\u0430\u0440\u0438\u043a \u0420\u0430\u0437\u0446\u0432\u0435\u0442 \u043d\u0430 \u0441\u043b\u0430\u0432\u044f\u043d\u0441\u043a\u0430\u0442\u0430 \u043b\u0438\u0442\u0435\u0440\u0430\u0442\u0443\u0440\u0430 \u0432 \u0411\u044a\u043b\u0433\u0430\u0440\u0438\u044f 1. \u0421\u0432\u0435\u0442\u0438\u0442\u0435 \u043f\u044a\u0440\u0432\u043e\u0443\u0447\u0438\u0442\u0435\u043b\u0438 2. \u041e\u0441\u0442\u0430\u043d\u0430\u043b\u0438\u0442\u0435 \u0421\u0435\u0434\u043c\u043e\u0447\u0438\u0441\u043b\u0435\u043d\u0438\u0446\u0438 (\u0441 \u043f\u0440\u043e\u0434\u044a\u043b\u0436\u0435\u043d\u0438\u0435)\u041f\u0440\u0435\u0432\u043e\u0434 \u043e\u0442 \u0447\u0435\u0448\u043a\u0438: \u0416\u043e\u0440\u0436\u0435\u0442\u0430 \u0427\u043e\u043b\u0430\u043a\u043e\u0432\u0430 \u00a0 \u041a\u0423\u041b\u0422\u0423\u0420\u041d\u0410 \u0418\u0421\u0422\u041e\u0420\u0418\u042f \u0414\u0438\u0430\u043d\u0430 \u0418\u0432\u0430\u043d\u043e\u0432\u0430 (\u041f\u043b\u043e\u0432\u0434\u0438\u0432)\u0421\u043f\u0438\u0441\u0430\u043d\u0438\u0435 \u201e\u0421\u043b\u0430\u0432\u044f\u043d\u0441\u043a\u0438 \u0433\u043b\u0430\u0441\u201c \u0438 \u0441\u043b\u0430\u0432\u044f\u043d\u0441\u043a\u0430\u0442\u0430 \u0438\u0434\u0435\u044f \u0432 \u0411\u044a\u043b\u0433\u0430\u0440\u0438\u044f \u0412\u043b\u0430\u0434\u0438\u043c\u0438\u0440 \u041a\u0440\u0448\u0438\u0432\u0430\u043d\u0435\u043a (\u0425\u0440\u0430\u0434\u0435\u0446 \u041a\u0440\u0430\u043b\u043e\u0432\u0435)\u041a\u0430\u0440\u0435\u043b \u0427\u0430\u043f\u0435\u043a \u0438 \u0447\u0435\u0448\u043a\u0438\u044f\u0442 \u041f\u0415\u041d \u043a\u043b\u0443\u0431 I. \u041f\u044a\u0440\u0432\u0438 \u0441\u0442\u044a\u043f\u043a\u0438 \u043d\u0430 \u0438\u0434\u0435\u044f\u0442\u0430 \u0437\u0430 \u0441\u044a\u0437\u0434\u0430\u0432\u0430\u043d\u0435 \u043d\u0430 \u0447\u0435\u0448\u043a\u0438 \u043a\u043b\u043e\u043d [&hellip;]","protected":false},"author":348,"featured_media":0,"parent":27,"menu_order":19,"comment_status":"closed","ping_status":"closed","template":"","meta":{"_acf_changed":false,"footnotes":""},"class_list":["post-3349","page","type-page","status-publish","hentry"],"acf":[],"_links":{"self":[{"href":"https:\/\/dialozi.uni-plovdiv.bg\/index.php?rest_route=\/wp\/v2\/pages\/3349","targetHints":{"allow":["GET"]}}],"collection":[{"href":"https:\/\/dialozi.uni-plovdiv.bg\/index.php?rest_route=\/wp\/v2\/pages"}],"about":[{"href":"https:\/\/dialozi.uni-plovdiv.bg\/index.php?rest_route=\/wp\/v2\/types\/page"}],"author":[{"embeddable":true,"href":"https:\/\/dialozi.uni-plovdiv.bg\/index.php?rest_route=\/wp\/v2\/users\/348"}],"replies":[{"embeddable":true,"href":"https:\/\/dialozi.uni-plovdiv.bg\/index.php?rest_route=%2Fwp%2Fv2%2Fcomments&post=3349"}],"version-history":[{"count":34,"href":"https:\/\/dialozi.uni-plovdiv.bg\/index.php?rest_route=\/wp\/v2\/pages\/3349\/revisions"}],"predecessor-version":[{"id":8189,"href":"https:\/\/dialozi.uni-plovdiv.bg\/index.php?rest_route=\/wp\/v2\/pages\/3349\/revisions\/8189"}],"up":[{"embeddable":true,"href":"https:\/\/dialozi.uni-plovdiv.bg\/index.php?rest_route=\/wp\/v2\/pages\/27"}],"wp:attachment":[{"href":"https:\/\/dialozi.uni-plovdiv.bg\/index.php?rest_route=%2Fwp%2Fv2%2Fmedia&parent=3349"}],"curies":[{"name":"wp","href":"https:\/\/api.w.org\/{rel}","templated":true}]}}