{"id":41,"date":"2016-01-21T13:24:03","date_gmt":"2016-01-21T11:24:03","guid":{"rendered":"http:\/\/dialozi.uni-plovdiv.bg\/?page_id=41"},"modified":"2021-09-03T21:32:49","modified_gmt":"2021-09-03T19:32:49","slug":"41-2","status":"publish","type":"page","link":"https:\/\/dialozi.uni-plovdiv.bg\/?page_id=41","title":{"rendered":"\u041a\u043d\u0438\u0436\u043a\u0430 9, 2008"},"content":{"rendered":"<div class=\"wp-block-media-text alignwide is-stacked-on-mobile is-vertically-aligned-bottom\"><figure class=\"wp-block-media-text__media\"><a href=\"https:\/\/dialozi.uni-plovdiv.bg\/wp-content\/uploads\/2020\/01\/Slavjanski-dialozi-br9-2008.pdf\"><img loading=\"lazy\" decoding=\"async\" width=\"342\" height=\"500\" src=\"https:\/\/dialozi.uni-plovdiv.bg\/wp-content\/uploads\/2021\/06\/SD-kn.9x500.jpg\" alt=\"\" class=\"wp-image-5910 size-full\" srcset=\"https:\/\/dialozi.uni-plovdiv.bg\/wp-content\/uploads\/2021\/06\/SD-kn.9x500.jpg 342w, https:\/\/dialozi.uni-plovdiv.bg\/wp-content\/uploads\/2021\/06\/SD-kn.9x500-205x300.jpg 205w\" sizes=\"auto, (max-width: 342px) 100vw, 342px\" \/><\/a><\/figure><div class=\"wp-block-media-text__content\">\n<div class=\"wp-block-file\"><a href=\"https:\/\/dialozi.uni-plovdiv.bg\/wp-content\/uploads\/2020\/01\/Slavjanski-dialozi-br9-2008.pdf\">Slavjanski-dialozi-br9-2008<\/a><a href=\"https:\/\/dialozi.uni-plovdiv.bg\/wp-content\/uploads\/2020\/01\/Slavjanski-dialozi-br9-2008.pdf\" class=\"wp-block-file__button\" download>\u0418\u0437\u0442\u0435\u0433\u043b\u044f\u043d\u0435<\/a><\/div>\n\n\n\n<h5>\u041d\u0430 \u043a\u043e\u0440\u0438\u0446\u0430\u0442\u0430: <br>\u0412\u0440\u0443\u0431\u0435\u043b, <em>\u0426\u0430\u0440\u0435\u0432\u043d\u0430 \u041b\u0435\u0431\u0435\u0434<\/em>, 1900<\/h5>\n<\/div><\/div>\n\n\n<h4>\u00a0 \u0418\u0417\u0412\u041e\u0420\u0418<\/h4>\n<p><a href=\"https:\/\/dialozi.uni-plovdiv.bg\/?p=2210\"><strong>\u0422\u0440\u0443\u0431\u0435\u0446\u043a\u043e\u0439 &#8211; \u043f\u043e\u0437\u043d\u0430\u0442 \u0438 \u043d\u0435\u043f\u043e\u0437\u043d\u0430\u0442<\/strong><\/a> <br \/>(\u0411\u043e\u0440\u044f\u043d \u042f\u043d\u0435\u0432)<\/p>\n<p><strong>\u041d\u0438\u043a\u043e\u043b\u0430\u0439 \u0421. \u0422\u0440\u0443\u0431\u0435\u0446\u043a\u043e\u0439<\/strong> <br \/><a href=\"https:\/\/dialozi.uni-plovdiv.bg\/?p=2217\">\u0417\u0430 \u043f\u0440\u0430\u0441\u043b\u0430\u0432\u044f\u043d\u0441\u043a\u0430\u0442\u0430 \u0444\u043e\u0440\u043c\u0430 d\u044a\u017ed\u017e\u044c (\u0434\u044a\u0436\u0434)<\/a> <br \/>\u041f\u0440\u0435\u0432\u043e\u0434 \u043e\u0442 \u043d\u0435\u043c\u0441\u043a\u0438 \u0411\u043e\u0440\u044f\u043d \u042f\u043d\u0435\u0432\u00a0<\/p>\n<p><strong>\u041d\u0438\u043a\u043e\u043b\u0430\u0439 \u0421. \u0422\u0440\u0443\u0431\u0435\u0446\u043a\u043e\u0439<\/strong> <br \/><a href=\"https:\/\/dialozi.uni-plovdiv.bg\/?p=2220\">\u0420\u0443\u0441\u043a\u0430\u0442\u0430 \u0444\u043e\u0440\u043c\u0430 \u0441\u0435\u043c\u044c (\u0441\u0435\u0434\u0435\u043c) \u043a\u0430\u0442\u043e \u043e\u0431\u0449\u043e\u0438\u0437\u0442\u043e\u0447\u043d\u043e\u0441\u043b\u0430\u0432\u044f\u043d\u0441\u043a\u0438 \u043f\u0440\u0438\u0437\u043d\u0430\u043a<\/a><br \/>\u041f\u0440\u0435\u0432\u043e\u0434 \u043e\u0442 \u043d\u0435\u043c\u0441\u043a\u0438 \u0411\u043e\u0440\u044f\u043d \u042f\u043d\u0435\u0432<\/p>\n<p><strong>\u041d\u0438\u043a\u043e\u043b\u0430\u0439 \u0421. \u0422\u0440\u0443\u0431\u0435\u0446\u043a\u043e\u0439<\/strong> <br \/><a href=\"https:\/\/dialozi.uni-plovdiv.bg\/?p=2222\">\u0417\u0430 \u043d\u044f\u043a\u043e\u0438 \u043e\u0441\u0442\u0430\u043d\u043a\u0438 \u043e\u0442 \u0438\u0437\u0447\u0435\u0437\u043d\u0430\u043b\u0438 \u0433\u0440\u0430\u043c\u0430\u0442\u0438\u0447\u043d\u0438 \u043a\u0430\u0442\u0435\u0433\u043e\u0440\u0438\u0438 \u0432 \u043e\u0431\u0449\u043e\u0441\u043b\u0430\u0432\u044f\u043d\u0441\u043a\u0438\u044f \u0435\u0437\u0438\u043a<\/a> <br \/>\u041f\u0440\u0435\u0432\u043e\u0434 \u043e\u0442 \u0440\u0443\u0441\u043a\u0438 \u0422\u0430\u043d\u044f \u041d\u0435\u0439\u0447\u0435\u0432\u0430<\/p>\n<h4>\u00a0 \u0415\u0417\u0418\u041a\u041e\u0417\u041d\u0410\u041d\u0418\u0415<\/h4>\n<p><strong>\u0411\u043e\u0440\u0438\u0441 \u041d\u043e\u0440\u043c\u0430\u043d (\u041c\u0438\u043d\u0441\u043a)<\/strong> <br \/><a href=\"https:\/\/dialozi.uni-plovdiv.bg\/?p=2224\">\u0421\u0438\u043d\u0442\u0430\u043a\u0442\u0438\u0447\u043d\u0438\u0442\u0435 \u043c\u043e\u0434\u0435\u043b\u0438 \u043a\u0430\u0442\u043e \u0441\u0440\u0435\u0434\u0441\u0442\u0432\u043e \u0437\u0430 \u0443\u0441\u0432\u043e\u044f\u0432\u0430\u043d\u0435 \u043d\u0430 \u0434\u0435\u0439\u0441\u0442\u0432\u0438\u0442\u0435\u043b\u043d\u043e\u0441\u0442\u0442\u0430 \u043e\u0442 \u0447\u043e\u0432\u0435\u043a\u0430<\/a> <br \/>\u041f\u0440\u0435\u0432\u043e\u0434 \u043e\u0442 \u0440\u0443\u0441\u043a\u0438 \u042e\u043b\u0438\u0430\u043d\u0430 \u0427\u0430\u043a\u044a\u0440\u043e\u0432\u0430\u00a0<\/p>\n<p><strong>\u042e\u043b\u0438\u0430\u043d\u0430 \u0427\u0430\u043a\u044a\u0440\u043e\u0432\u0430 (\u041f\u043b\u043e\u0432\u0434\u0438\u0432)<\/strong><br \/><a href=\"https:\/\/dialozi.uni-plovdiv.bg\/?page_id=41\">\u041a\u043e\u043d\u0446\u0435\u043f\u0442\u044a\u0442 \u0438\u0441\u0442\u0438\u043d\u0430 \u0432 \u0440\u0443\u0441\u043a\u0438\u044f \u0438 \u0431\u044a\u043b\u0433\u0430\u0440\u0441\u043a\u0438\u044f \u0435\u0437\u0438\u043a: \u043b\u0438\u043d\u0433\u0432\u0438\u0441\u0442\u0438\u0447\u043d\u0430 \u0435\u043a\u0441\u043f\u043b\u0438\u043a\u0430\u0446\u0438\u044f \u043d\u0430 \u044f\u0434\u0440\u043e\u0442\u043e<\/a><\/p>\n<p><strong>\u0421\u0442\u0435\u0444\u043a\u0430 \u0413\u0435\u043e\u0440\u0433\u0438\u0435\u0432\u0430 (\u041f\u043b\u043e\u0432\u0434\u0438\u0432)<\/strong> <br \/><a href=\"https:\/\/dialozi.uni-plovdiv.bg\/?p=2238\">\u041e\u0441\u043d\u043e\u0432\u043d\u0438 \u043d\u0430\u043f\u0440\u0430\u0432\u043b\u0435\u043d\u0438\u044f \u0438 \u0440\u0435\u0437\u0443\u043b\u0442\u0430\u0442\u0438 \u043f\u0440\u0438 \u0438\u0437\u0441\u043b\u0435\u0434\u0432\u0430\u043d\u0435\u0442\u043e \u043d\u0430 \u0440\u0443\u0441\u043a\u0430\u0442\u0430 \u0444\u0440\u0430\u0437\u0435\u043e\u043b\u043e\u0433\u0438\u044f \u0432 \u0411\u044a\u043b\u0433\u0430\u0440\u0438\u044f<\/a>\u00a0<\/p>\n<p><strong>\u041c\u043e\u043d\u0438\u043a\u0430 \u0414\u0438\u043d\u0435\u0432\u0430 (\u041f\u043b\u043e\u0432\u0434\u0438\u0432)<\/strong><br \/><a href=\"https:\/\/dialozi.uni-plovdiv.bg\/?p=2243\">\u0425\u0438\u0431\u0440\u0438\u0434\u043d\u043e\u0441\u0442\u0442\u0430 \u043a\u0430\u0442\u043e \u0433\u0440\u0430\u043c\u0430\u0442\u0438\u0447\u043d\u043e \u044f\u0432\u043b\u0435\u043d\u0438\u0435 \u0432 \u0431\u044a\u043b\u0433\u0430\u0440\u0441\u043a\u0438\u044f, \u0440\u0443\u0441\u043a\u0438\u044f \u0438 \u043f\u043e\u043b\u0441\u043a\u0438\u044f \u0435\u0437\u0438\u043a<\/a>\u00a0<\/p>\n<h4>\u00a0 \u041b\u0418\u0422\u0415\u0420\u0410\u0422\u0423\u0420\u041e\u0417\u041d\u0410\u041d\u0418\u0415<\/h4>\n<p><strong>\u0418\u0432\u0430\u043d \u0415\u0441\u0430\u0443\u043b\u043e\u0432 (\u041c\u043e\u0441\u043a\u0432\u0430)<\/strong><br \/><a href=\"https:\/\/dialozi.uni-plovdiv.bg\/?p=2251\">\u0422\u0432\u043e\u0440\u0431\u0430\u0442\u0430 \u0438 \u043a\u043e\u043d\u0442\u0435\u043a\u0441\u0442\u044a\u0442 \u043d\u0430 \u043d\u0435\u0439\u043d\u043e\u0442\u043e \u0440\u0430\u0437\u0431\u0438\u0440\u0430\u043d\u0435<\/a> <br \/>\u041f\u0440\u0435\u0432\u043e\u0434 \u043e\u0442 \u0440\u0443\u0441\u043a\u0438 \u0422\u0430\u043d\u044f \u0410\u0442\u0430\u043d\u0430\u0441\u043e\u0432\u0430\u00a0<\/p>\n<p><strong>\u0410\u043b\u0435\u043a\u0441\u0435\u0439 \u041f\u043e\u0434\u0447\u0438\u043d\u044c\u043e\u043d\u043e\u0432, \u0422\u0430\u0442\u044f\u043d\u0430 \u0421\u043d\u0438\u0433\u0438\u0440\u044c\u043e\u0432\u0430 (\u0415\u043a\u0430\u0442\u0435\u0440\u0438\u043d\u0431\u0443\u0440\u0433)<\/strong> <br \/><a href=\"https:\/\/dialozi.uni-plovdiv.bg\/?p=2255\">\u0414\u0430\u0440\u044a\u0442 \u043d\u0430 &#8222;\u0434\u0432\u043e\u0439\u043d\u043e\u0442\u043e \u0437\u0440\u0435\u043d\u0438\u0435&#8220;: \u043f\u0435\u0439\u0437\u0430\u0436\u043d\u0438\u0442\u0435 \u0440\u0435\u0442\u0440\u043e\u0441\u043f\u0435\u043a\u0446\u0438\u0438 \u0432 \u0440\u0443\u0441\u043a\u0430\u0442\u0430 \u043b\u0438\u0440\u0438\u043a\u0430<\/a><br \/>\u041f\u0440\u0435\u0432\u043e\u0434 \u043e\u0442 \u0440\u0443\u0441\u043a\u0438 \u0422\u0430\u043d\u044f \u041d\u0435\u0439\u0447\u0435\u0432\u0430\u00a0<\/p>\n<p><strong>\u0412\u043b\u0430\u0434\u0438\u043c\u0438\u0440 \u041a\u0430\u0442\u0430\u0435\u0432 (\u041c\u043e\u0441\u043a\u0432\u0430)<\/strong><br \/><a href=\"https:\/\/dialozi.uni-plovdiv.bg\/?p=2260\">\u0418\u0441\u0442\u0438\u043d\u0441\u043a\u0438 \u043c\u044a\u0434\u0440\u0435\u0446<\/a> <br \/>\u041f\u0440\u0435\u0432\u043e\u0434 \u043e\u0442 \u0440\u0443\u0441\u043a\u0438 \u0422\u0430\u043d\u044f \u0410\u0442\u0430\u043d\u0430\u0441\u043e\u0432\u0430\u00a0<\/p>\n<p><strong>\u0410\u043b\u0435\u043a\u0441\u0430\u043d\u0434\u044a\u0440 \u041a\u0443\u0431\u0430\u0441\u043e\u0432 (\u0415\u043a\u0430\u0442\u0435\u0440\u0438\u043d\u0431\u0443\u0440\u0433)<\/strong><br \/><a href=\"https:\/\/dialozi.uni-plovdiv.bg\/?p=2270\"><em>\u0427\u0430\u0439\u043a\u0430<\/em> \u043d\u0430 \u0410. \u041f. \u0427\u0435\u0445\u043e\u0432 \u0438 <em>\u041f\u0435\u043f\u0435\u043b\u044f\u0448\u043a\u0430<\/em> \u043d\u0430 \u0428. \u041f\u0435\u0440\u043e: \u0438\u043d\u0442\u0435\u0440\u0442\u0435\u043a\u0441\u0442\u0443\u0430\u043b\u043d\u0438 \u0432\u0440\u044a\u0437\u043a\u0438<\/a><br \/>\u041f\u0440\u0435\u0432\u043e\u0434 \u043e\u0442 \u0440\u0443\u0441\u043a\u0438 \u0422\u0430\u043d\u044f \u0410\u0442\u0430\u043d\u0430\u0441\u043e\u0432\u0430\u00a0<\/p>\n<p><strong>\u041c\u0430\u0442\u0438\u0430\u0441 \u0424\u0440\u0430\u0439\u0437\u0435 (\u0413\u044c\u043e\u0442\u0438\u043d\u0433\u0435\u043d)<\/strong><br \/><a href=\"https:\/\/dialozi.uni-plovdiv.bg\/?p=2273\">\u0410\u043d\u0442\u0440\u043e\u043f\u043e\u043b\u043e\u0433\u0438\u0447\u0435\u0441\u043a\u043e\u0442\u043e \u0437\u043d\u0430\u0447\u0435\u043d\u0438\u0435 \u0438 \u043f\u043e\u0435\u0442\u0438\u0447\u0435\u0441\u043a\u0438\u044f\u0442 \u0441\u0442\u0440\u043e\u0435\u0436 \u043d\u0430 \u0427\u0435\u0445\u043e\u0432\u0438\u044f \u0440\u0430\u0437\u043a\u0430\u0437 (\u0412\u044a\u0440\u0445\u0443 \u0440\u0430\u0437\u043a\u0430\u0437\u0430 \u041d\u0435\u0449\u0430\u0441\u0442\u0438\u0435)<\/a> <br \/>\u041f\u0440\u0435\u0432\u043e\u0434 \u043e\u0442 \u0440\u0443\u0441\u043a\u0438 \u0422\u0430\u043d\u044f \u0410\u0442\u0430\u043d\u0430\u0441\u043e\u0432\u0430<\/p>\n<p><strong>\u041c\u0430\u0433\u0434\u0430\u043b\u0435\u043d\u0430 \u041f\u0430\u043d\u0430\u0439\u043e\u0442\u043e\u0432\u0430 (\u0411\u043b\u0430\u0433\u043e\u0435\u0432\u0433\u0440\u0430\u0434)<\/strong> <br \/><a href=\"https:\/\/dialozi.uni-plovdiv.bg\/?p=2276\">\u0420\u0443\u0441\u043a\u0438\u044f\u0442 \u0441\u043e\u0446-\u0430\u0440\u0442 \u0438 \u043d\u0435\u0433\u043e\u0432\u0438\u0442\u0435 \u043c\u0435\u0442\u0430\u043c\u043e\u0440\u0444\u043e\u0437\u0438<\/a>\u00a0<\/p>\n<h4>\u00a0 \u041d\u041e\u0412\u0418 \u041f\u0420\u0415\u0412\u041e\u0414\u0418<\/h4>\n<p><strong>\u0410\u043d\u0434\u0440\u0435\u0439 \u041a\u0443\u0440\u0430\u0435\u0432<\/strong><br \/><a href=\"https:\/\/dialozi.uni-plovdiv.bg\/?p=2280\">\u041f\u0440\u043e\u0441\u0442\u0440\u0430\u043d\u0441\u0442\u0432\u043e\u0442\u043e \u043d\u0430 \u043a\u0443\u043b\u0442\u0443\u0440\u0430\u0442\u0430<\/a> <br \/>\u041f\u0440\u0435\u0432\u043e\u0434 \u043e\u0442 \u0440\u0443\u0441\u043a\u0438 \u0418\u043b\u043e\u043d\u043a\u0430 \u0413\u0435\u043e\u0440\u0433\u0438\u0435\u0432\u0430\u00a0<\/p>\n<p><strong>\u0410\u043b\u0435\u043a\u0441\u0430\u043d\u0434\u044a\u0440 \u0418\u043b\u0438\u0447\u0435\u0432\u0441\u043a\u0438<\/strong><br \/><a href=\"https:\/\/dialozi.uni-plovdiv.bg\/?p=2287\">\u0412\u0440\u0430\u0431\u0435\u0446<\/a><br \/>\u041f\u0440\u0435\u0432\u043e\u0434 \u043e\u0442 \u0440\u0443\u0441\u043a\u0438 \u0418\u043b\u043e\u043d\u043a\u0430 \u0413\u0435\u043e\u0440\u0433\u0438\u0435\u0432\u0430\u00a0<\/p>\n<p><strong>\u0413\u0430\u0439\u0442\u043e \u0413\u0430\u0437\u0434\u0430\u043d\u043e\u0432<\/strong><br \/><a href=\"https:\/\/dialozi.uni-plovdiv.bg\/?p=2289\">\u0418\u043d\u0442\u0435\u043b\u0435\u043a\u0442\u0443\u0430\u043b\u0435\u043d \u0442\u0440\u044a\u0441\u0442<\/a> <br \/>\u041f\u0440\u0435\u0432\u043e\u0434 \u043e\u0442 \u0440\u0443\u0441\u043a\u0438 \u041a\u0440\u044a\u0441\u0442\u0438\u043d\u0430 \u0410\u0440\u0431\u043e\u0432\u0430\u00a0<\/p>\n<p><strong>\u0412\u0430\u0441\u0438\u043b\u0438\u043d\u0430 \u041e\u0440\u043b\u043e\u0432\u0430<\/strong><br \/><a href=\"https:\/\/dialozi.uni-plovdiv.bg\/?p=2294\">\u041f\u043b\u0430\u0446\u043a\u0430\u0440\u0442\u0435\u043d \u0432\u0430\u0433\u043e\u043d<\/a> <br \/>\u041f\u0440\u0435\u0432\u043e\u0434 \u043e\u0442 \u0440\u0443\u0441\u043a\u0438 \u041a\u0440\u0438\u0441\u0442\u0438\u043d\u0430 \u0411\u0443\u0437\u043e\u0432\u0430\u00a0<\/p>\n<p><strong>\u0410\u043b\u0435\u043a\u0441\u0435\u0439 \u0410\u043b\u044c\u043e\u0445\u0438\u043d<\/strong><br \/><a href=\"https:\/\/dialozi.uni-plovdiv.bg\/?p=2297\">\u0421\u0442\u0438\u0445\u043e\u0442\u0432\u043e\u0440\u0435\u043d\u0438\u044f<\/a><br \/>\u041f\u0440\u0435\u0432\u043e\u0434 \u043e\u0442 \u0440\u0443\u0441\u043a\u0438 \u041d\u0430\u0434\u044f \u041f\u043e\u043f\u043e\u0432\u0430\u00a0<\/p>\n<p><strong><a href=\"https:\/\/dialozi.uni-plovdiv.bg\/?p=2300\">&#8222;\u0414\u0430 \u043f\u0438\u0448\u0435\u043c \u0438\u0441\u043a\u0440\u0435\u043d\u043e, \u0447\u0430\u043a \u0434\u043e \u0431\u043e\u043b\u043a\u0430<\/a>&#8222;<\/strong> <br \/>\u0410\u043d\u043d\u0430 \u0421\u043e\u0431\u0435\u0446\u043a\u0430 \u0440\u0430\u0437\u0433\u043e\u0432\u0430\u0440\u044f \u0441 \u041c\u0430\u0440\u0438\u043d\u0430 \u041a\u043d\u044f\u0437\u0435\u0432\u0430 \u0437\u0430 \u043d\u043e\u0432\u0430\u0442\u0430 \u0440\u0443\u0441\u043a\u0430 \u043f\u043e\u0435\u0437\u0438\u044f <br \/>\u041f\u0440\u0435\u0432\u043e\u0434 \u043e\u0442 \u043f\u043e\u043b\u0441\u043a\u0438 \u041a\u0430\u0442\u044f \u0411\u0435\u043b\u0447\u0435\u0432\u0430\u00a0<\/p>\n<h4>\u00a0 \u0421\u041b\u0410\u0412\u0418\u0421\u0422\u0418\u041a\u0410\u0422\u0410 \u041f\u041e \u0421\u0412\u0415\u0422\u0410<\/h4>\n<p><strong>\u0422\u044e\u0440\u043a\u044f\u043d \u041e\u043b\u0434\u0436\u0430\u0439 (\u0418\u0441\u0442\u0430\u043d\u0431\u0443\u043b)<\/strong> <br \/><a href=\"https:\/\/dialozi.uni-plovdiv.bg\/?p=2308\">\u041e\u0431\u0437\u043e\u0440 \u043d\u0430 \u043f\u0440\u0435\u0432\u0435\u0434\u0435\u043d\u0430\u0442\u0430 \u043d\u0430 \u0442\u0443\u0440\u0441\u043a\u0438 \u0435\u0437\u0438\u043a \u0440\u0443\u0441\u043a\u0430 \u0445\u0443\u0434\u043e\u0436\u0435\u0441\u0442\u0432\u0435\u043d\u0430 \u043b\u0438\u0442\u0435\u0440\u0430\u0442\u0443\u0440\u0430<\/a> (1884 &#8211; 2005)\u00a0<\/p>\n<p><strong>\u0425\u044e\u0441\u0435\u0438\u043d \u041c\u0435\u0432\u0441\u0438\u043c (\u0410\u043d\u043a\u0430\u0440\u0430)<\/strong><br \/><a href=\"https:\/\/dialozi.uni-plovdiv.bg\/?p=2312\">\u0412\u044a\u0440\u0445\u0443 \u0440\u0435\u0446\u0435\u043f\u0446\u0438\u044f\u0442\u0430 \u0438 \u043f\u0440\u0435\u0432\u043e\u0434\u0430 \u043d\u0430 \u0435\u0434\u043d\u043e \u0410\u0442\u0430\u043d\u0430\u0441-\u0414\u0430\u043b\u0447\u0435\u0432\u043e \u0441\u0442\u0438\u0445\u043e\u0442\u0432\u043e\u0440\u0435\u043d\u0438\u0435 \u043e\u0442 \u0441\u0442\u0443\u0434\u0435\u043d\u0442\u0438 \u043f\u043e \u0431\u044a\u043b\u0433\u0430\u0440\u0438\u0441\u0442\u0438\u043a\u0430 \u0432 \u0410\u043d\u043a\u0430\u0440\u0430<\/a>\u00a0<\/p>\n<h4>\u00a0 \u0415\u0422\u0410\u0416\u0415\u0420\u041a\u0410<\/h4>\n<p><a href=\"https:\/\/dialozi.uni-plovdiv.bg\/?p=2316\"><strong>\u041a\u043e\u043d\u0444\u0435\u0440\u0435\u043d\u0446\u0438\u044f \u041c\u0410\u041f\u0420\u042f\u041b. \u0418\u043d\u043d\u043e\u0432\u0430\u0446\u0438\u0438 \u0432 \u0438\u0441\u0441\u043b\u0435\u0434\u043e\u0432\u0430\u043d\u0438\u044f\u0445 \u0440\u0443\u0441\u0441\u043a\u043e\u0433\u043e \u044f\u0437\u044b\u043a\u0430, \u043b\u0438\u0442\u0435\u0440\u0430\u0442\u0443\u0440\u044b \u0438 \u043a\u0443\u043b\u044c\u0442\u0443\u0440\u044b. \u0421\u0431\u043e\u0440\u043d\u0438\u043a \u0434\u043e\u043a\u043b\u0430\u0434\u043e\u0432<\/strong><\/a> <br \/>(\u041a\u043e\u043d\u0441\u0442\u0430\u043d\u0442\u0438\u043d \u041f\u043e\u043f\u043e\u0432)\u00a0<\/p>\n<p><a href=\"https:\/\/dialozi.uni-plovdiv.bg\/?p=2318\"><strong>\u041d. \u0418. \u0424\u043e\u0440\u043c\u0430\u043d\u043e\u0432\u0441\u043a\u0430\u044f<\/strong><br \/>\u0418\u0437\u0431\u0440\u0430\u043d\u043d\u044b\u0435 \u0441\u0442\u0430\u0442\u044c\u0438 \u0440\u0430\u0437\u043d\u044b\u0445 \u043b\u0435\u0442<\/a> <br \/>(\u0418\u0432\u0430\u043d\u043a\u0430 \u0412\u0430\u0441\u0435\u0432\u0430)\u00a0<\/p>\n<p><a href=\"https:\/\/dialozi.uni-plovdiv.bg\/?p=2320\"><strong>\u0412\u043b\u0430\u0434\u0438\u043c\u0438\u0440 \u041a\u0430\u0442\u0430\u0435\u0432<\/strong><br \/>\u0418\u0433\u0440\u0430 \u0441 \u043e\u0442\u043b\u043e\u043c\u044a\u0446\u0438. \u0421\u044a\u0434\u0431\u0430\u0442\u0430 \u043d\u0430 \u0440\u0443\u0441\u043a\u0430\u0442\u0430 \u043a\u043b\u0430\u0441\u0438\u043a\u0430 \u0432 \u0435\u043f\u043e\u0445\u0430\u0442\u0430 \u043d\u0430 \u043f\u043e\u0441\u0442\u043c\u043e\u0434\u0435\u0440\u043d\u0438\u0437\u043c\u0430<\/a> <br \/>(\u0422\u0430\u043d\u044f \u0410\u0442\u0430\u043d\u0430\u0441\u043e\u0432\u0430)\u00a0<\/p>\n<p><a href=\"https:\/\/dialozi.uni-plovdiv.bg\/?p=2329\"><strong>J\u0119zyk religijny dawniej i dzi\u015b<\/strong><\/a> <br \/>(\u0414\u0438\u0430\u043d\u0430 \u0418\u0432\u0430\u043d\u043e\u0432\u0430)\u00a0<\/p>\n<p><a href=\"https:\/\/dialozi.uni-plovdiv.bg\/?p=2331\"><strong>\u0426\u0430\u043d\u043a\u043e \u0416\u0438\u0432\u043a\u043e\u0432<\/strong><br \/>\u0413\u0440\u0438\u0433\u043e\u0440\u0438\u0439 \u041f\u0435\u0442\u0440\u043e\u0432 \u0438 \u043d\u0435\u0433\u043e\u0432\u0438\u0442\u0435 \u043a\u043d\u0438\u0433\u0438 \u0437\u0430 \u201e\u0445\u0443\u0431\u0430\u0432\u0430\u0442\u0430 \u0438 \u043c\u0438\u043b\u0430 \u0411\u044a\u043b\u0433\u0430\u0440\u0438\u044f\u201c<\/a> <br \/>(\u041a\u0438\u0447\u043a\u0430 \u041f\u0435\u0448\u0435\u0432\u0430)\u00a0<\/p>\n<p><a href=\"https:\/\/dialozi.uni-plovdiv.bg\/?p=2333\"><strong>\u0410\u043b\u0435\u043a\u0441\u0430\u043d\u0434\u044a\u0440 \u0419\u043e\u0440\u0434\u0430\u043d\u043e\u0432<\/strong><br \/>\u0417\u0430\u0432\u0440\u044a\u0449\u0430\u043d\u0435<\/a> <br \/>(\u041a\u0438\u0447\u043a\u0430 \u041f\u0435\u0448\u0435\u0432\u0430)\u00a0<\/p>\n<p><a href=\"https:\/\/dialozi.uni-plovdiv.bg\/?p=2335\"><strong>\u0410\u043d\u043d\u0430 \u0421\u0430\u0435\u0434-\u0428\u0430\u0445<\/strong><br \/>\u041f\u044a\u0442\u0435\u043a\u0430 \u043e\u0442 \u0437\u0432\u0443\u0446\u0438<\/a> <br \/>(\u0412\u043b\u0430\u0434\u0438\u043c\u0438\u0440 \u042f\u043d\u0435\u0432)\u00a0<\/p>\n<p><a href=\"https:\/\/dialozi.uni-plovdiv.bg\/?p=2337\"><strong>\u041a\u0430\u0442\u044f \u041c\u0438\u0445\u0430\u0439\u043b\u043e\u0432\u0430<\/strong><br \/>\u0421\u0442\u0440\u0430\u043d\u0441\u0442\u0432\u0430\u0449\u0438\u044f\u0442 \u0441\u043b\u044f\u043f \u043f\u0435\u0432\u0435\u0446 \u043f\u0440\u043e\u0441\u044f\u043a \u0432\u044a\u0432 \u0444\u043e\u043b\u043a\u043b\u043e\u0440\u043d\u0430\u0442\u0430 \u043a\u0443\u043b\u0442\u0443\u0440\u0430 \u043d\u0430 \u0441\u043b\u0430\u0432\u044f\u043d\u0438\u0442\u0435<\/a> <br \/>(\u042e\u043b\u0438\u044f \u041d\u0438\u043a\u043e\u043b\u043e\u0432\u0430)\u00a0<\/p>\n<p><a href=\"https:\/\/dialozi.uni-plovdiv.bg\/?p=2339\"><strong>\u0421\u0432\u0435\u0442\u043b\u0430\u043d\u0430 \u0428\u0435\u0440\u043b\u0430\u0438\u043c\u043e\u0432\u0430<\/strong><br \/>\u041b\u0438\u0442\u0435\u0440\u0430\u0442\u0443\u0440\u0430 \u201e\u043f\u0440\u0430\u0436\u0441\u043a\u043e\u0439 \u0432\u0435\u0441\u043d\u044b\u201c: \u0434\u043e \u0438 \u043f\u043e\u0441\u043b\u0435<\/a> <br \/>(\u0420\u0430\u043b\u0438\u0446\u0430 \u0421\u0442\u0430\u0439\u043a\u043e\u0432\u0430)\u00a0<\/p>\n<p><a href=\"https:\/\/dialozi.uni-plovdiv.bg\/?p=2345\">\u201e\u0421\u0440\u0435\u0449\u0443 \u043a\u043b\u0438\u0448\u0435\u0442\u0430 \u0438 \u043f\u0440\u0435\u0434\u0440\u0430\u0437\u0441\u044a\u0434\u044a\u0446\u0438\u201c: \u0413\u0435\u0440\u043c\u0430\u043d\u0438\u044f \u2013 \u0411\u044a\u043b\u0433\u0430\u0440\u0438\u044f \u2013 \u0410\u0432\u0441\u0442\u0440\u0438\u044f, \u0432\u044a\u0432 \u0432\u0437\u0430\u0438\u043c\u043d\u043e\u0442\u043e \u0441\u0438 \u0440\u0430\u0437\u0431\u0438\u0440\u0430\u043d\u0435<\/a> <br \/>(\u0414\u0438\u0430\u043d\u0430 \u0423\u0438\u043b\u044f\u043c\u0441)\u00a0<\/p>\n<p><a href=\"https:\/\/dialozi.uni-plovdiv.bg\/?p=2770&amp;lang=bg\">V sou\u0159adnic\u00edch volnosti: \u010desk\u00e1 literature devades\u00e1tych let v interpretac\u00edch<\/a> <br \/>(\u0412\u0435\u0441\u0435\u043b\u0438\u043d\u0430 \u0421\u0438\u043d\u0438\u0432\u0438\u0440\u0441\u043a\u0430)\u00a0<\/p>\n<h4>\u00a0 \u0425\u0420\u041e\u041d\u0418\u041a\u0410<\/h4>\n<p><a href=\"https:\/\/dialozi.uni-plovdiv.bg\/?p=2348\">\u0427\u0435\u0442\u0438\u0440\u0438\u043d\u0430\u0434\u0435\u0441\u0435\u0442\u0438 \u0441\u0432\u0435\u0442\u043e\u0432\u0435\u043d \u0441\u043b\u0430\u0432\u0438\u0441\u0442\u0438\u0447\u0435\u043d \u043a\u043e\u043d\u0433\u0440\u0435\u0441<\/a> <br \/>(\u0421\u043b\u0430\u0432\u043a\u0430 \u0412\u0435\u043b\u0438\u0447\u043a\u043e\u0432\u0430)\u00a0<\/p>\n<p><a href=\"https:\/\/dialozi.uni-plovdiv.bg\/?p=2350\">\u0417\u0430 \u0435\u0434\u043d\u0430 \u0432\u043f\u0435\u0447\u0430\u0442\u043b\u044f\u0432\u0430\u0449\u0430 \u0447\u0435\u0448\u043a\u043e-\u0431\u044a\u043b\u0433\u0430\u0440\u0441\u043a\u0430 \u043a\u043e\u043d\u0444\u0435\u0440\u0435\u043d\u0446\u0438\u044f<\/a> <br \/>(\u0414\u0438\u043c\u0430\u043d\u0430 \u0418\u0432\u0430\u043d\u043e\u0432\u0430)\u00a0<\/p>\n<h4>\u00a0 \u0410\u0412\u0422\u041e\u0420\u0418, \u041f\u0420\u0415\u0412\u041e\u0414\u0410\u0427\u0418, \u0420\u0415\u0414\u0410\u041a\u0422\u041e\u0420\u0418\u00a0<\/h4>\n<h4><\/p>\n\n\n<p><\/p>\n\n\n\n<p><\/p>","protected":false},"excerpt":{"rendered":"\u00a0 \u0418\u0417\u0412\u041e\u0420\u0418 \u0422\u0440\u0443\u0431\u0435\u0446\u043a\u043e\u0439 &#8211; \u043f\u043e\u0437\u043d\u0430\u0442 \u0438 \u043d\u0435\u043f\u043e\u0437\u043d\u0430\u0442 (\u0411\u043e\u0440\u044f\u043d \u042f\u043d\u0435\u0432) \u041d\u0438\u043a\u043e\u043b\u0430\u0439 \u0421. \u0422\u0440\u0443\u0431\u0435\u0446\u043a\u043e\u0439 \u0417\u0430 \u043f\u0440\u0430\u0441\u043b\u0430\u0432\u044f\u043d\u0441\u043a\u0430\u0442\u0430 \u0444\u043e\u0440\u043c\u0430 d\u044a\u017ed\u017e\u044c (\u0434\u044a\u0436\u0434) \u041f\u0440\u0435\u0432\u043e\u0434 \u043e\u0442 \u043d\u0435\u043c\u0441\u043a\u0438 \u0411\u043e\u0440\u044f\u043d \u042f\u043d\u0435\u0432\u00a0 \u041d\u0438\u043a\u043e\u043b\u0430\u0439 \u0421. \u0422\u0440\u0443\u0431\u0435\u0446\u043a\u043e\u0439 \u0420\u0443\u0441\u043a\u0430\u0442\u0430 \u0444\u043e\u0440\u043c\u0430 \u0441\u0435\u043c\u044c (\u0441\u0435\u0434\u0435\u043c) \u043a\u0430\u0442\u043e \u043e\u0431\u0449\u043e\u0438\u0437\u0442\u043e\u0447\u043d\u043e\u0441\u043b\u0430\u0432\u044f\u043d\u0441\u043a\u0438 \u043f\u0440\u0438\u0437\u043d\u0430\u043a\u041f\u0440\u0435\u0432\u043e\u0434 \u043e\u0442 \u043d\u0435\u043c\u0441\u043a\u0438 \u0411\u043e\u0440\u044f\u043d \u042f\u043d\u0435\u0432 \u041d\u0438\u043a\u043e\u043b\u0430\u0439 \u0421. \u0422\u0440\u0443\u0431\u0435\u0446\u043a\u043e\u0439 \u0417\u0430 \u043d\u044f\u043a\u043e\u0438 \u043e\u0441\u0442\u0430\u043d\u043a\u0438 \u043e\u0442 \u0438\u0437\u0447\u0435\u0437\u043d\u0430\u043b\u0438 \u0433\u0440\u0430\u043c\u0430\u0442\u0438\u0447\u043d\u0438 \u043a\u0430\u0442\u0435\u0433\u043e\u0440\u0438\u0438 \u0432 \u043e\u0431\u0449\u043e\u0441\u043b\u0430\u0432\u044f\u043d\u0441\u043a\u0438\u044f \u0435\u0437\u0438\u043a \u041f\u0440\u0435\u0432\u043e\u0434 \u043e\u0442 \u0440\u0443\u0441\u043a\u0438 \u0422\u0430\u043d\u044f \u041d\u0435\u0439\u0447\u0435\u0432\u0430 \u00a0 [&hellip;]","protected":false},"author":1,"featured_media":0,"parent":27,"menu_order":7,"comment_status":"closed","ping_status":"open","template":"","meta":{"_acf_changed":false,"footnotes":""},"class_list":["post-41","page","type-page","status-publish","hentry"],"acf":[],"_links":{"self":[{"href":"https:\/\/dialozi.uni-plovdiv.bg\/index.php?rest_route=\/wp\/v2\/pages\/41","targetHints":{"allow":["GET"]}}],"collection":[{"href":"https:\/\/dialozi.uni-plovdiv.bg\/index.php?rest_route=\/wp\/v2\/pages"}],"about":[{"href":"https:\/\/dialozi.uni-plovdiv.bg\/index.php?rest_route=\/wp\/v2\/types\/page"}],"author":[{"embeddable":true,"href":"https:\/\/dialozi.uni-plovdiv.bg\/index.php?rest_route=\/wp\/v2\/users\/1"}],"replies":[{"embeddable":true,"href":"https:\/\/dialozi.uni-plovdiv.bg\/index.php?rest_route=%2Fwp%2Fv2%2Fcomments&post=41"}],"version-history":[{"count":51,"href":"https:\/\/dialozi.uni-plovdiv.bg\/index.php?rest_route=\/wp\/v2\/pages\/41\/revisions"}],"predecessor-version":[{"id":9171,"href":"https:\/\/dialozi.uni-plovdiv.bg\/index.php?rest_route=\/wp\/v2\/pages\/41\/revisions\/9171"}],"up":[{"embeddable":true,"href":"https:\/\/dialozi.uni-plovdiv.bg\/index.php?rest_route=\/wp\/v2\/pages\/27"}],"wp:attachment":[{"href":"https:\/\/dialozi.uni-plovdiv.bg\/index.php?rest_route=%2Fwp%2Fv2%2Fmedia&parent=41"}],"curies":[{"name":"wp","href":"https:\/\/api.w.org\/{rel}","templated":true}]}}