{"id":4574,"date":"2021-02-27T20:08:31","date_gmt":"2021-02-27T18:08:31","guid":{"rendered":"https:\/\/dialozi.uni-plovdiv.bg\/?page_id=4574"},"modified":"2023-04-13T16:41:11","modified_gmt":"2023-04-13T14:41:11","slug":"%d0%b1%d0%be%d1%80%d0%b8%d1%81%d0%bb%d0%b0%d0%b2-%d0%b1%d0%be%d1%80%d0%b8%d1%81%d0%be%d0%b2","status":"publish","type":"page","link":"https:\/\/dialozi.uni-plovdiv.bg\/?page_id=4574","title":{"rendered":"\u0411\u043e\u0440\u0438\u0441\u043b\u0430\u0432 \u0411\u043e\u0440\u0438\u0441\u043e\u0432"},"content":{"rendered":"<p>\u0413\u043b. \u0430\u0441. \u0434-\u0440 \u0411\u043e\u0440\u0438\u0441\u043b\u0430\u0432 \u0411\u043e\u0440\u0438\u0441\u043e\u0432 (borissov@ uni-plovdiv.bg) \u0435 \u043f\u0440\u0435\u043f\u043e\u0434\u0430\u0432\u0430\u0442\u0435\u043b \u043f\u043e \u0447\u0435\u0448\u043a\u0438 \u0435\u0437\u0438\u043a \u0432 \u041a\u0430\u0442\u0435\u0434\u0440\u0430\u0442\u0430 \u043f\u043e \u0441\u043b\u0430\u0432\u0438\u0441\u0442\u0438\u043a\u0430 \u043a\u044a\u043c \u0424\u0438\u043b\u043e\u043b\u043e\u0433\u0438\u0447\u0435\u0441\u043a\u0438\u044f \u0444\u0430\u043a\u0443\u043b\u0442\u0435\u0442 \u043d\u0430 \u041f\u043b\u043e\u0432\u0434\u0438\u0432\u0441\u043a\u0438\u044f \u0443\u043d\u0438\u0432\u0435\u0440\u0441\u0438\u0442\u0435\u0442 \u201e\u041f\u0430\u0438\u0441\u0438\u0439 \u0425\u0438\u043b\u0435\u043d\u0434\u0430\u0440\u0441\u043a\u0438\u201c. \u0410\u0432\u0442\u043e\u0440 \u0435 \u043d\u0430 \u043c\u043e\u043d\u043e\u0433\u0440\u0430\u0444\u0438\u044f\u0442\u0430 <em>\u0411\u044a\u043b\u0433\u0430\u0440\u0441\u043a\u0438\u044f\u0442 \u0438 \u0447\u0435\u0448\u043a\u0438\u044f\u0442 \u043a\u043d\u0438\u0436\u043e\u0432\u0435\u043d \u0435\u0437\u0438\u043a \u043f\u0440\u0435\u0437 <\/em><em>\u0412\u044a\u0437\u0440\u0430\u0436\u0434\u0430\u043d\u0435\u0442\u043e. \u041e\u0441\u043e\u0431\u0435\u043d\u043e\u0441\u0442\u0438 \u043d\u0430 \u043a\u043e\u0434\u0438\u0444\u0438\u043a\u0430\u0446\u0438\u044f\u0442\u0430<\/em> (2012), \u043a\u0430\u043a\u0442\u043e \u0438 \u043d\u0430 \u0443\u0447\u0435\u0431\u043d\u0438\u0446\u0438 \u0438 \u0443\u0447\u0435\u0431\u043d\u0438 \u043f\u043e\u043c\u0430\u0433\u0430\u043b\u0430 \u043f\u043e \u0431\u044a\u043b\u0433\u0430\u0440\u0441\u043a\u0438 \u0435\u0437\u0438\u043a \u0437\u0430 \u0441\u0440\u0435\u0434\u043d\u0438\u044f \u043a\u0443\u0440\u0441. \u041d\u0430\u0443\u0447\u043d\u0438\u0442\u0435 \u043c\u0443 \u0438\u043d\u0442\u0435\u0440\u0435\u0441\u0438 \u0441\u0430 \u0432 \u043e\u0431\u043b\u0430\u0441\u0442\u0442\u0430 \u043d\u0430 \u0438\u0441\u0442\u043e\u0440\u0438\u044f\u0442\u0430 \u043d\u0430 \u043a\u043d\u0438\u0436\u043e\u0432\u043d\u0438\u0442\u0435 \u0435\u0437\u0438\u0446\u0438, \u0441\u044a\u043f\u043e\u0441\u0442\u0430\u0432\u0438\u0442\u0435\u043b\u043d\u043e\u0442\u043e \u0435\u0437\u0438\u043a\u043e\u0437\u043d\u0430\u043d\u0438\u0435, \u0441\u043e\u0446\u0438\u043e\u043b\u0438\u043d\u0433\u0432\u0438\u0441\u0442\u0438\u043a\u0430\u0442\u0430, \u043c\u0435\u0442\u043e\u0434\u0438\u043a\u0430\u0442\u0430 \u043d\u0430 \u043e\u0431\u0443\u0447\u0435\u043d\u0438\u0435\u0442\u043e \u043f\u043e \u0431\u044a\u043b\u0433\u0430\u0440\u0441\u043a\u0438 \u0435\u0437\u0438\u043a, \u043c\u0435\u0442\u043e\u0434\u0438\u043a\u0430\u0442\u0430 \u043d\u0430 \u0447\u0443\u0436\u0434\u043e\u0435\u0437\u0438\u043a\u043e\u0432\u043e\u0442\u043e \u043e\u0431\u0443\u0447\u0435\u043d\u0438\u0435.<\/p>\n\n\n<h3 class=\"wp-block-heading\">\u0420\u0435\u0446\u0435\u043d\u0437\u0438\u0438<\/h3>\n\n\n\n<p><a href=\"https:\/\/dialozi.uni-plovdiv.bg\/?p=6064\">\u0411\u043e\u044f\u043d \u041d\u0438\u0447\u0435\u0432. \u0427\u0435\u0445\u0438\u044f<\/a>.<a href=\"https:\/\/dialozi.uni-plovdiv.bg\/?p=6064\"> <\/a>\/\/ <a href=\"https:\/\/dialozi.uni-plovdiv.bg\/?page_id=465\"><em>\u0421\u043b\u0430\u0432\u044f\u043d\u0441\u043a\u0438 \u0434\u0438\u0430\u043b\u043e\u0437\u0438<\/em>, II, 2005, 4 (1<\/a>).<\/p>\n\n\n\n<p><a href=\"https:\/\/dialozi.uni-plovdiv.bg\/?p=6033\">Jana Pleskalov\u00e1. Star\u00e1 \u010de\u0161tina pro nefilology. <\/a>\/\/ <a href=\"https:\/\/dialozi.uni-plovdiv.bg\/?page_id=465\"><em>\u0421\u043b\u0430\u0432\u044f\u043d\u0441\u043a\u0438 \u0434\u0438\u0430\u043b\u043e\u0437\u0438<\/em>, II, 2005, 4 (1)<\/a>.<\/p>\n\n\n\n<h3 class=\"wp-block-heading\">\u041f\u0440\u0435\u0432\u043e\u0434\u0438<\/h3>\n\n\n\n<p><a href=\"https:\/\/dialozi.uni-plovdiv.bg\/?p=12260\">\u042f\u0440\u043e\u0441\u043b\u0430\u0432 \u0421\u0430\u0439\u0444\u0435\u0440\u0442. \u0420\u0443\u0441\u043a\u0438 \u0431\u043b\u0438\u043d\u0438<\/a> (\u0415\u0441\u0435). \/\/ <a href=\"https:\/\/dialozi.uni-plovdiv.bg\/?page_id=10596\"><em>\u0421\u043b\u0430\u0432\u044f\u043d\u0441\u043a\u0438 \u0434\u0438\u0430\u043b\u043e\u0437\u0438<\/em>, XVIII, 2021, 28<\/a>, 162-168<\/p>\n\n\n\n<p><a href=\"https:\/\/dialozi.uni-plovdiv.bg\/?p=12267\">\u042f\u0440\u043e\u0441\u043b\u0430\u0432 \u0421\u0430\u0439\u0444\u0435\u0440\u0442. \u041f\u044a\u0440\u0432\u0430\u0442\u0430 \u0442\u044a\u0433\u0430 \u043d\u0430 \u043f\u0440\u043e\u043b\u0435\u0442\u0442\u0430<\/a> (\u0415\u0441\u0435). \/\/ <a href=\"https:\/\/dialozi.uni-plovdiv.bg\/?page_id=10596\"><em>\u0421\u043b\u0430\u0432\u044f\u043d\u0441\u043a\u0438 \u0434\u0438\u0430\u043b\u043e\u0437\u0438<\/em>, XVIII, 2021, 28<\/a>, 172-173<\/p>\n\n\n\n<p><a href=\"https:\/\/dialozi.uni-plovdiv.bg\/?p=12271\">\u042f\u0440\u043e\u0441\u043b\u0430\u0432 \u0421\u0430\u0439\u0444\u0435\u0440\u0442. \u0417\u0430\u0441\u043d\u0435\u0436\u0435\u043d\u0430 \u041f\u0440\u0430\u0433\u0430<\/a> (\u0415\u0441\u0435). \/\/ <a href=\"https:\/\/dialozi.uni-plovdiv.bg\/?page_id=10596\"><em>\u0421\u043b\u0430\u0432\u044f\u043d\u0441\u043a\u0438 \u0434\u0438\u0430\u043b\u043e\u0437\u0438<\/em>, XVIII, 2021, 28<\/a>, 186.<\/p>\n\n\n\n<p><a href=\"https:\/\/dialozi.uni-plovdiv.bg\/?p=6850\">\u0418\u0440\u0436\u0438 \u041f\u0430\u0434\u0435\u0432\u0435\u0442. \u0420\u0430\u0437\u043a\u0430\u0437\u0438<\/a>. \/\/ <a href=\"https:\/\/dialozi.uni-plovdiv.bg\/?page_id=5683\"><em>\u0421\u043b\u0430\u0432\u044f\u043d\u0441\u043a\u0438 \u0434\u0438\u0430\u043b\u043e\u0437\u0438<\/em>, XVII, 2020<\/a>, 25.<\/p>\n\n\n\n<p><a href=\"https:\/\/dialozi.uni-plovdiv.bg\/?p=1561\">\u0421\u0432\u0430\u0442\u0430\u0432\u0430 \u0423\u0440\u0431\u0430\u043d\u043e\u0432\u0430. \u041a\u0430\u0442\u0435\u0434\u0440\u0430\u0442\u0430 \u043f\u043e \u0447\u0435\u0448\u043a\u0430 \u043b\u0438\u0442\u0435\u0440\u0430\u0442\u0443\u0440\u0430 \u0438 \u043b\u0438\u0442\u0435\u0440\u0430\u0442\u0443\u0440\u043e\u0437\u043d\u0430\u043d\u0438\u0435 \u043a\u044a\u043c \u0424\u0438\u043b\u043e\u0441\u043e\u0444\u0441\u043a\u0438\u044f \u0444\u0430\u043a\u0443\u043b\u0442\u0435\u0442 \u043d\u0430 \u041e\u0441\u0442\u0440\u0430\u0432\u0441\u043a\u0438\u044f \u0443\u043d\u0438\u0432\u0435\u0440\u0441\u0438\u0442\u0435\u0442<\/a>. \/\/ <a href=\"https:\/\/dialozi.uni-plovdiv.bg\/?page_id=1358\"><em>\u0421\u043b\u0430\u0432\u044f\u043d\u0441\u043a\u0438 \u0434\u0438\u0430\u043b\u043e\u0437\u0438<\/em>, XIII, 2016, 17<\/a>,<\/p>\n\n\n\n<p><a href=\"https:\/\/dialozi.uni-plovdiv.bg\/?p=2907\">\u0411\u043e\u0436\u0435\u043d\u0430 \u041d\u0435\u043c\u0446\u043e\u0432\u0430. \u0413\u043e\u0440\u0441\u043a\u0430\u0442\u0430 \u0432\u0438\u043b\u0430.<\/a> \/\/ <a href=\"https:\/\/dialozi.uni-plovdiv.bg\/?page_id=2793&amp;lang=bg\"><em>\u0421\u043b\u0430\u0432\u044f\u043d\u0441\u043a\u0438 \u0434\u0438\u0430\u043b\u043e\u0437\u0438<\/em>, XV, 2018, 22<\/a>.<\/p>\n\n\n\n<p><a href=\"https:\/\/dialozi.uni-plovdiv.bg\/?p=2872\">\u041a\u0430\u0440\u0435\u043b \u042f\u0440\u043e\u043c\u0438\u0440 \u0415\u0440\u0431\u0435\u043d. \u042f\u0431\u044a\u043b\u043a\u043e\u0432\u0430\u0442\u0430 \u0434\u0435\u0432\u043e\u0439\u043a\u0430. <\/a>\/\/ <a href=\"https:\/\/dialozi.uni-plovdiv.bg\/?page_id=2793&amp;lang=bg\"><em>\u0421\u043b\u0430\u0432\u044f\u043d\u0441\u043a\u0438 \u0434\u0438\u0430\u043b\u043e\u0437\u0438<\/em>, XV, 2018, 22<\/a>. <\/p>\n\n\n\n<p><a href=\"https:\/\/dialozi.uni-plovdiv.bg\/?p=2681\">\u0418\u0432\u043e \u0425\u0430\u0440\u0430\u043a. \u0421\u044a\u0432\u0440\u0435\u043c\u0435\u043d\u043d\u0438 \u043f\u0440\u043e\u0431\u043b\u0435\u043c\u0438 \u0441 \u043d\u044f\u043a\u043e\u0433\u0430\u0448\u043d\u0438\u044f \u043b\u0438\u0442\u0435\u0440\u0430\u0442\u0443\u0440\u0435\u043d \u0440\u0435\u0433\u0438\u043e\u043d\u0430\u043b\u0438\u0437\u044a\u043c.<\/a> \/\/ <a href=\"https:\/\/dialozi.uni-plovdiv.bg\/?page_id=2447&amp;lang=bg\"><em>\u0421\u043b\u0430\u0432\u044f\u043d\u0441\u043a\u0438 \u0434\u0438\u0430\u043b\u043e\u0437\u0438<\/em>, XIII, 2016, 18<\/a>.<\/p>\n\n\n\n<p><a href=\"https:\/\/dialozi.uni-plovdiv.bg\/?p=3150\">\u041c\u0438\u0440\u043e\u0441\u043b\u0430\u0432 \u041e\u043b\u0448\u043e\u0432\u0441\u043a\u0438. \u201e\u041f\u0435\u0442\u0435\u0440\u0431\u0443\u0440\u0433\u201c \u043d\u0430 \u0410\u043d\u0434\u0440\u0435\u0439 \u0411\u0435\u043b\u0438, \u0438\u043b\u0438 \u0434\u0432\u0435 \u043f\u043e \u0434\u0432\u0435 \u043d\u0435 \u0435 \u0440\u0430\u0432\u043d\u043e \u043d\u0430 \u0447\u0435\u0442\u0438\u0440\u0438. \/\/<\/a> <a href=\"https:\/\/dialozi.uni-plovdiv.bg\/?page_id=473\"><em>\u0421\u043b\u0430\u0432\u044f\u043d\u0441\u043a\u0438 \u0434\u0438\u0430\u043b\u043e\u0437\u0438<\/em>, IX, 2012, 13<\/a>, 57-77.<\/p>\n\n\n\n<p><a href=\"https:\/\/dialozi.uni-plovdiv.bg\/?p=5598\">\u0412\u043b\u0430\u0434\u0438\u043c\u0438\u0440 \u041a\u0440\u0448\u0438\u0432\u0430\u043d\u0435\u043a. \u041f\u0440\u043e\u044f\u0432\u0438 \u043d\u0430 \u043b\u0438\u0442\u0435\u0440\u0430\u0442\u0443\u0440\u043d\u0430 \u043c\u0438\u0441\u0442\u0438\u0444\u0438\u043a\u0430\u0446\u0438\u044f \u0432 \u0447\u0435\u0448\u043a\u0430\u0442\u0430 \u0438 \u0431\u044a\u043b\u0433\u0430\u0440\u0441\u043a\u0430\u0442\u0430 \u043b\u0438\u0442\u0435\u0440\u0430\u0442\u0443\u0440\u0430. \/\/ <\/a><a href=\"https:\/\/dialozi.uni-plovdiv.bg\/?page_id=29\"><em>\u0421\u043b\u0430\u0432\u044f\u043d\u0441\u043a\u0438 \u0434\u0438\u0430\u043b\u043e\u0437\u0438<\/em>, VII, 2010, 10-11, 125-136.<\/a><\/p>\n\n\n\n<p> <a href=\"https:\/\/dialozi.uni-plovdiv.bg\/?p=5476&amp;lang=ru\">\u0419\u043e\u0437\u0435\u0444 \u042e\u043d\u0433\u043c\u0430\u043d. \u0420\u0430\u0437\u0433\u043e\u0432\u043e\u0440 \u043f\u0435\u0440\u0432\u044b\u0439. \u0427\u0435\u0448\u0441\u043a\u0438\u0439 \u0432\u0435\u0441\u0442\u0438\u0442\u0435\u043b\u044c (18<\/a>06).  \/\/ <a href=\"https:\/\/dialozi.uni-plovdiv.bg\/?page_id=29\"><em> <\/em><\/a><em><a href=\"https:\/\/dialozi.uni-plovdiv.bg\/?page_id=29\"><em>\u0421\u043b\u0430\u0432\u044f\u043d\u0441\u043a\u0438 \u0434\u0438\u0430\u043b\u043e\u0437\u0438<\/em>, <\/a><\/em><a href=\"https:\/\/dialozi.uni-plovdiv.bg\/?page_id=29\">VII, 2010, 10-11.<\/a>  <\/p>\n\n\n\n<p><a href=\"https:\/\/dialozi.uni-plovdiv.bg\/?p=5702\">\u042f\u0440\u043e\u0441\u043b\u0430\u0432 \u0425\u0430\u0448\u0435\u043a. \u0418\u0441\u0442\u043e\u0440\u0438\u044f\u0442\u0430 \u043d\u0430 \u201e\u0413\u043e\u0441\u043f\u043e\u0434 \u0411\u043e\u0433\u201c. <\/a>\/\/ <a href=\"https:\/\/dialozi.uni-plovdiv.bg\/?page_id=29\"><em> <\/em><\/a><em><a href=\"https:\/\/dialozi.uni-plovdiv.bg\/?page_id=29\"><em>\u0421\u043b\u0430\u0432\u044f\u043d\u0441\u043a\u0438 \u0434\u0438\u0430\u043b\u043e\u0437\u0438<\/em>, <\/a><\/em><a href=\"https:\/\/dialozi.uni-plovdiv.bg\/?page_id=29\">VII, 2010, 10-11<\/a>.<\/p>\n\n\n\n<p><\/p>","protected":false},"excerpt":{"rendered":"\u0413\u043b. \u0430\u0441. \u0434-\u0440 \u0411\u043e\u0440\u0438\u0441\u043b\u0430\u0432 \u0411\u043e\u0440\u0438\u0441\u043e\u0432 (borissov@ uni-plovdiv.bg) \u0435 \u043f\u0440\u0435\u043f\u043e\u0434\u0430\u0432\u0430\u0442\u0435\u043b \u043f\u043e \u0447\u0435\u0448\u043a\u0438 \u0435\u0437\u0438\u043a \u0432 \u041a\u0430\u0442\u0435\u0434\u0440\u0430\u0442\u0430 \u043f\u043e \u0441\u043b\u0430\u0432\u0438\u0441\u0442\u0438\u043a\u0430 \u043a\u044a\u043c \u0424\u0438\u043b\u043e\u043b\u043e\u0433\u0438\u0447\u0435\u0441\u043a\u0438\u044f \u0444\u0430\u043a\u0443\u043b\u0442\u0435\u0442 \u043d\u0430 \u041f\u043b\u043e\u0432\u0434\u0438\u0432\u0441\u043a\u0438\u044f \u0443\u043d\u0438\u0432\u0435\u0440\u0441\u0438\u0442\u0435\u0442 \u201e\u041f\u0430\u0438\u0441\u0438\u0439 \u0425\u0438\u043b\u0435\u043d\u0434\u0430\u0440\u0441\u043a\u0438\u201c. \u0410\u0432\u0442\u043e\u0440 \u0435 \u043d\u0430 \u043c\u043e\u043d\u043e\u0433\u0440\u0430\u0444\u0438\u044f\u0442\u0430 \u0411\u044a\u043b\u0433\u0430\u0440\u0441\u043a\u0438\u044f\u0442 \u0438 \u0447\u0435\u0448\u043a\u0438\u044f\u0442 \u043a\u043d\u0438\u0436\u043e\u0432\u0435\u043d \u0435\u0437\u0438\u043a \u043f\u0440\u0435\u0437 \u0412\u044a\u0437\u0440\u0430\u0436\u0434\u0430\u043d\u0435\u0442\u043e. \u041e\u0441\u043e\u0431\u0435\u043d\u043e\u0441\u0442\u0438 \u043d\u0430 \u043a\u043e\u0434\u0438\u0444\u0438\u043a\u0430\u0446\u0438\u044f\u0442\u0430 (2012), \u043a\u0430\u043a\u0442\u043e \u0438 \u043d\u0430 \u0443\u0447\u0435\u0431\u043d\u0438\u0446\u0438 \u0438 \u0443\u0447\u0435\u0431\u043d\u0438 \u043f\u043e\u043c\u0430\u0433\u0430\u043b\u0430 \u043f\u043e \u0431\u044a\u043b\u0433\u0430\u0440\u0441\u043a\u0438 \u0435\u0437\u0438\u043a \u0437\u0430 \u0441\u0440\u0435\u0434\u043d\u0438\u044f \u043a\u0443\u0440\u0441. \u041d\u0430\u0443\u0447\u043d\u0438\u0442\u0435 \u043c\u0443 \u0438\u043d\u0442\u0435\u0440\u0435\u0441\u0438 [&hellip;]","protected":false},"author":348,"featured_media":0,"parent":1597,"menu_order":0,"comment_status":"closed","ping_status":"closed","template":"","meta":{"_acf_changed":false,"footnotes":""},"class_list":["post-4574","page","type-page","status-publish","hentry"],"acf":[],"_links":{"self":[{"href":"https:\/\/dialozi.uni-plovdiv.bg\/index.php?rest_route=\/wp\/v2\/pages\/4574","targetHints":{"allow":["GET"]}}],"collection":[{"href":"https:\/\/dialozi.uni-plovdiv.bg\/index.php?rest_route=\/wp\/v2\/pages"}],"about":[{"href":"https:\/\/dialozi.uni-plovdiv.bg\/index.php?rest_route=\/wp\/v2\/types\/page"}],"author":[{"embeddable":true,"href":"https:\/\/dialozi.uni-plovdiv.bg\/index.php?rest_route=\/wp\/v2\/users\/348"}],"replies":[{"embeddable":true,"href":"https:\/\/dialozi.uni-plovdiv.bg\/index.php?rest_route=%2Fwp%2Fv2%2Fcomments&post=4574"}],"version-history":[{"count":92,"href":"https:\/\/dialozi.uni-plovdiv.bg\/index.php?rest_route=\/wp\/v2\/pages\/4574\/revisions"}],"predecessor-version":[{"id":15638,"href":"https:\/\/dialozi.uni-plovdiv.bg\/index.php?rest_route=\/wp\/v2\/pages\/4574\/revisions\/15638"}],"up":[{"embeddable":true,"href":"https:\/\/dialozi.uni-plovdiv.bg\/index.php?rest_route=\/wp\/v2\/pages\/1597"}],"wp:attachment":[{"href":"https:\/\/dialozi.uni-plovdiv.bg\/index.php?rest_route=%2Fwp%2Fv2%2Fmedia&parent=4574"}],"curies":[{"name":"wp","href":"https:\/\/api.w.org\/{rel}","templated":true}]}}