{"id":4594,"date":"2021-02-27T20:29:16","date_gmt":"2021-02-27T18:29:16","guid":{"rendered":"https:\/\/dialozi.uni-plovdiv.bg\/?page_id=4594"},"modified":"2023-08-13T19:37:58","modified_gmt":"2023-08-13T17:37:58","slug":"%d0%b4%d0%b8%d0%b0%d0%bd%d0%b0-%d0%b8%d0%b2%d0%b0%d0%bd%d0%be%d0%b2%d0%b0","status":"publish","type":"page","link":"https:\/\/dialozi.uni-plovdiv.bg\/?page_id=4594","title":{"rendered":"\u0414\u0438\u0430\u043d\u0430 \u0418\u0432\u0430\u043d\u043e\u0432\u0430"},"content":{"rendered":"<p>\u041f\u0440\u043e\u0444. \u0434.\u0444.\u043d. \u0414\u0438\u0430\u043d\u0430 \u0418\u0412\u0410\u041d\u041e\u0412\u0410 (dpetiva1207@gmail.com) \u0435 \u0435\u0437\u0438\u043a\u043e\u0432\u0435\u0434 \u043a\u044a\u043c \u041a\u0430\u0442\u0435\u0434\u0440\u0430\u0442\u0430 \u043f\u043e \u0431\u044a\u043b\u0433\u0430\u0440\u0441\u043a\u0438 \u0435\u0437\u0438\u043a \u0432\u044a\u0432 \u0424\u0438\u043b\u043e\u043b\u043e\u0433\u0438\u0447\u0435\u0441\u043a\u0438\u044f \u0444\u0430\u043a\u0443\u043b\u0442\u0435\u0442 \u043d\u0430 \u041f\u043b\u043e\u0432\u0434\u0438\u0432\u0441\u043a\u0438\u044f \u0443\u043d\u0438\u0432\u0435\u0440\u0441\u0438\u0442\u0435\u0442 \u201e\u041f\u0430\u0438\u0441\u0438\u0439 \u0425\u0438\u043b\u0435\u043d\u0434\u0430\u0440\u0441\u043a\u0438\u201c. \u0412 \u043f\u0435\u0440\u0438\u043e\u0434\u0430 2005 \u2013 2018 \u0433. \u0435 \u0434\u0438\u0440\u0435\u043a\u0442\u043e\u0440 \u043d\u0430 \u0414\u0435\u043f\u0430\u0440\u0442\u0430\u043c\u0435\u043d\u0442\u0430 \u0437\u0430 \u0435\u0437\u0438\u043a\u043e\u0432\u0430 \u0438 \u0441\u043f\u0435\u0446\u0438\u0430\u043b\u0438\u0437\u0438\u0440\u0430\u043d\u0430 \u043f\u043e\u0434\u0433\u043e\u0442\u043e\u0432\u043a\u0430 \u043d\u0430 \u0447\u0443\u0436\u0434\u0435\u0441\u0442\u0440\u0430\u043d\u043d\u0438 \u0441\u0442\u0443\u0434\u0435\u043d\u0442\u0438 \u043a\u044a\u043c \u0441\u044a\u0449\u0438\u044f \u0443\u043d\u0438\u0432\u0435\u0440\u0441\u0438\u0442\u0435\u0442. \u041d\u0430\u0443\u0447\u043d\u0438\u0442\u0435 \u045d \u0438\u043d\u0442\u0435\u0440\u0435\u0441\u0438 \u0441\u0430 \u0432 \u043e\u0431\u043b\u0430\u0441\u0442\u0442\u0430 \u043d\u0430 \u0438\u0441\u0442\u043e\u0440\u0438\u044f\u0442\u0430 \u0438 \u0442\u0435\u043e\u0440\u0438\u044f\u0442\u0430 \u043d\u0430 \u043a\u043d\u0438\u0436\u043e\u0432\u043d\u0438\u0442\u0435 \u0435\u0437\u0438\u0446\u0438, \u0441\u0442\u0430\u043d\u0434\u0430\u0440\u0442\u043e\u043b\u043e\u0433\u0438\u044f\u0442\u0430, \u0441\u043e\u0446\u0438\u043e\u043b\u0438\u043d\u0433\u0432\u0438\u0441\u0442\u0438\u043a\u0430\u0442\u0430, \u0442\u0435\u043a\u0441\u0442\u043e\u043b\u043e\u0433\u0438\u044f\u0442\u0430 \u0438 \u043b\u0438\u043d\u0433\u0432\u0438\u0441\u0442\u0438\u043a\u0430\u0442\u0430 \u043d\u0430 \u0431\u0438\u0431\u043b\u0435\u0439\u0441\u043a\u0438\u044f \u0442\u0435\u043a\u0441\u0442, \u0441\u043b\u0430\u0432\u044f\u043d\u0441\u043a\u0438\u0442\u0435 \u043a\u0443\u043b\u0442\u0443\u0440\u043d\u0438 \u0438 \u0435\u0437\u0438\u043a\u043e\u0432\u0438 \u0432\u0440\u044a\u0437\u043a\u0438 \u0438 \u0434\u0440. \u0410\u0432\u0442\u043e\u0440 \u0435 \u043d\u0430 \u043d\u0430\u0434 250 \u043f\u0443\u0431\u043b\u0438\u043a\u0430\u0446\u0438\u0438, \u0432 \u0442.\u0447. \u043d\u0430 20 \u043c\u043e\u043d\u043e\u0433\u0440\u0430\u0444\u0438\u0438 \u0438 \u0443\u0447\u0435\u0431\u043d\u0438\u0446\u0438: <em>\u0411\u044a\u043b\u0433\u0430\u0440\u0441\u043a\u0438\u044f\u0442 \u043f\u0435\u0440\u0438\u043e\u0434\u0438\u0447\u0435\u043d \u043f\u0435\u0447\u0430\u0442 \u0438 \u0433\u0440\u0430\u0434\u0438\u0432\u043d\u0438\u0442\u0435 \u043a\u043d\u0438\u0436\u043e\u0432\u043d\u043e\u0435\u0437\u0438\u043a\u043e\u0432\u0438 \u043f\u0440\u043e\u0446\u0435\u0441\u0438 \u043f\u0440\u0435\u0437 B\u044a\u0437\u0440\u0430\u0436\u0434\u0430\u043d\u0435\u0442\u043e (\u0432\u044a\u0440\u0445\u0443 \u043c\u0430\u0442\u0435\u0440\u0438\u0430\u043b \u043e\u0442 \u0441\u043f. \u201e\u0427\u0438\u0442\u0430\u043b\u0438\u0449\u0435\u201c, 1870 \u2013 1875)<\/em> (1994), <em>\u0413\u0440\u0438\u0433\u043e\u0440 \u041f\u044a\u0440\u043b\u0438\u0447\u0435\u0432 \u0438 \u043a\u043d\u0438\u0436\u043e\u0432\u043d\u043e\u0435\u0437\u0438\u043a\u043e\u0432\u0430\u0442\u0430 \u0441\u0438\u0442\u0443\u0430\u0446\u0438\u044f \u043f\u0440\u0435\u0437 60-\u0442\u0435 \u2013 80-\u0442\u0435 \u0433\u043e\u0434\u0438\u043d\u0438 \u043d\u0430 \u0425I\u0425 \u0432\u0435\u043a<\/em> (1995), \u0415<em>\u0437\u0438\u043a\u043e\u0432\u0438\u0442\u0435 \u0432\u044a\u043f\u0440\u043e\u0441\u0438 \u0432 \u0431\u044a\u043b\u0433\u0430\u0440\u0441\u043a\u0438\u044f \u043f\u0435\u0440\u0438\u043e\u0434\u0438\u0447\u0435\u043d \u043f\u0435\u0447\u0430\u0442 \u043f\u0440\u0435\u0437 \u0412\u044a\u0437\u0440\u0430\u0436\u0434\u0430\u043d\u0435\u0442\u043e<\/em> (1998), <em>\u041f\u043e \u0441\u043b\u0435\u0434\u0438\u0442\u0435 \u043d\u0430 \u0430\u043d\u043e\u043d\u0438\u043c\u043d\u043e\u0442\u043e \u0430\u0432\u0442\u043e\u0440\u0441\u0442\u0432\u043e \u0432 \u043f\u0435\u0447\u0430\u0442\u0430 \u043f\u0440\u0435\u0437 \u0412\u044a\u0437\u0440\u0430\u0436\u0434\u0430\u043d\u0435\u0442\u043e<\/em> (2000), <em>\u0422\u0440\u0430\u0434\u0438\u0446\u0438\u044f \u0438 \u043f\u0440\u0438\u0435\u043c\u0441\u0442\u0432\u0435\u043d\u043e\u0441\u0442 \u0432 \u043d\u043e\u0432\u043e\u0431\u044a\u043b\u0433\u0430\u0440\u0441\u043a\u0438\u0442\u0435 \u043f\u0440\u0435\u0432\u043e\u0434\u0438 \u043d\u0430 \u0415\u0432\u0430\u043d\u0433\u0435\u043b\u0438\u0435\u0442\u043e (\u0422\u0435\u043a\u0441\u0442\u043e\u043b\u043e\u0433\u0438\u044f \u0438 \u0435\u0437\u0438\u043a)<\/em> (2002), <em>E\u0437\u0438\u043a\u044a\u0442 \u043d\u0430 \u0411\u0438\u0431\u043b\u0438\u044f\u0442\u0430. \u0411\u044a\u043b\u0433\u0430\u0440\u0441\u043a\u0438 \u0441\u0438\u043d\u043e\u0434\u0430\u043b\u0435\u043d \u043f\u0440\u0435\u0432\u043e\u0434 1925 \u0433. (\u0412\u044a\u0440\u0445\u0443 \u043c\u0430\u0442\u0435\u0440\u0438\u0430\u043b \u043e\u0442 \u0415\u0432\u0430\u043d\u0433\u0435\u043b\u0438\u0435\u0442\u043e)<\/em> (2003), <em>\u041d\u0435\u0434\u043e\u043f\u0438\u0441\u0430\u043d\u0438 \u0441\u0442\u0440\u0430\u043d\u0438\u0446\u0438 \u043e\u0442 \u0438\u0441\u0442\u043e\u0440\u0438\u044f\u0442\u0430 \u043d\u0430 \u0431\u044a\u043b\u0433\u0430\u0440\u0441\u043a\u0438\u044f \u043a\u043d\u0438\u0436\u043e\u0432\u0435\u043d \u0435\u0437\u0438\u043a. \u0406 \u0447\u0430\u0441\u0442. \u0421\u043b\u0430\u0432\u0438\u0441\u0442\u0438\u0447\u043d\u0438 \u0440\u0430\u043a\u0443\u0440\u0441\u0438<\/em> (2008), <em>\u0418 \u043e\u0442 \u0437\u0430\u0437\u043e\u0440\u044f\u0432\u0430\u043d\u0435\u0442\u043e \u0437\u0430\u043f\u043e\u0447\u0432\u0430 \u0434\u0435\u043d\u044f\u0442\u2026 \u0418\u0437\u0441\u043b\u0435\u0434\u0432\u0430\u043d\u0438\u044f \u0432\u044a\u0440\u0445\u0443 \u043f\u0440\u0438\u0435\u043c\u0441\u0442\u0432\u0435\u043d\u043e\u0441\u0442\u0442\u0430 \u0432 \u0440\u0430\u0437\u0432\u043e\u044f \u043d\u0430 \u0431\u044a\u043b\u0433\u0430\u0440\u0441\u043a\u0438\u044f \u043a\u043d\u0438\u0436\u043e\u0432\u0435\u043d \u0435\u0437\u0438\u043a<\/em> (2010, \u0432 \u0441\u044a\u0430\u0432\u0442\u043e\u0440\u0441\u0442\u0432\u043e \u0441 \u0411. \u0412\u0435\u043b\u0447\u0435\u0432\u0430), <em>\u0418\u0441\u0442\u043e\u0440\u0438\u044f \u043d\u0430 \u043d\u043e\u0432\u043e\u0431\u044a\u043b\u0433\u0430\u0440\u0441\u043a\u0438\u044f \u043a\u043d\u0438\u0436\u043e\u0432\u0435\u043d \u0435\u0437\u0438\u043a<\/em> (\u0432\u0442\u043e\u0440\u043e \u043f\u0440\u0435\u0440\u0430\u0431\u043e\u0442\u0435\u043d\u043e \u0438 \u0434\u043e\u043f\u044a\u043b\u043d\u0435\u043d\u043e \u0438\u0437\u0434., 2017), <em>\u041d\u0435\u0434\u043e\u043f\u0438\u0441\u0430\u043d\u0438 \u0441\u0442\u0440\u0430\u043d\u0438\u0446\u0438 \u043e\u0442 \u0438\u0441\u0442\u043e\u0440\u0438\u044f\u0442\u0430 \u043d\u0430 \u0431\u044a\u043b\u0433\u0430\u0440\u0441\u043a\u0438\u044f \u043a\u043d\u0438\u0436\u043e\u0432\u0435\u043d \u0435\u0437\u0438\u043a. \u0406\u0406 \u0447\u0430\u0441\u0442. \u0429\u0440\u0438\u0445\u0438 \u043e\u0442 \u043f\u0430\u043b\u0438\u0442\u0440\u0430\u0442\u0430 \u043d\u0430 \u0431\u044a\u043b\u0433\u0430\u0440\u0441\u043a\u043e\u0442\u043e \u0441\u043b\u043e\u0432\u043e (XVII \u2013 XX \u0432\u0435\u043a)<\/em> (2017) \u0438 \u0434\u0440.<\/p>\n\n\n\n<p>\u041d\u043e\u0441\u0438\u0442\u0435\u043b \u0435 \u043d\u0430 \u043d\u0430\u0433\u0440\u0430\u0434\u0430\u0442\u0430 \u043d\u0430 \u0444\u043e\u043d\u0434\u0430\u0446\u0438\u044f \u201e\u041f\u0438\u0433\u043c\u0430\u043b\u0438\u043e\u043d\u201c \u0437\u0430 \u043d\u0430\u0443\u0447\u043d\u043e\u0438\u0437\u0441\u043b\u0435\u0434\u043e\u0432\u0430\u0442\u0435\u043b\u0441\u043a\u0430 \u0438 \u043f\u0440\u0435\u043f\u043e\u0434\u0430\u0432\u0430\u0442\u0435\u043b\u0441\u043a\u0430 \u0434\u0435\u0439\u043d\u043e\u0441\u0442 (2009), \u043a\u0430\u043a\u0442\u043e \u0438 \u043d\u0430 \u0434\u0440\u0443\u0433\u0438 \u043d\u0430\u0446\u0438\u043e\u043d\u0430\u043b\u043d\u0438 \u0438 \u043c\u0435\u0436\u0434\u0443\u043d\u0430\u0440\u043e\u0434\u043d\u0438 \u043d\u0430\u0433\u0440\u0430\u0434\u0438 (\u043d\u0430 \u0421\u0423\u0411, \u041f\u043e\u0437\u043d\u0430\u043d\u0441\u043a\u0438\u044f \u0443\u043d\u0438\u0432\u0435\u0440\u0441\u0438\u0442\u0435\u0442 \u201e\u0410\u0434\u0430\u043c \u041c\u0438\u0446\u043a\u0435\u0432\u0438\u0447\u201c). \u0427\u043b\u0435\u043d \u0435 \u043d\u0430 \u0421\u0423\u0411, \u0437\u0430\u043c.-\u043f\u0440\u0435\u0434\u0441\u0435\u0434\u0430\u0442\u0435\u043b \u043d\u0430 \u041a\u043e\u043c\u0438\u0441\u0438\u044f\u0442\u0430 \u0437\u0430 \u0441\u043b\u0430\u0432\u044f\u043d\u0441\u043a\u0438 \u043a\u043d\u0438\u0436\u043e\u0432\u043d\u0438 \u0435\u0437\u0438\u0446\u0438 \u043a\u044a\u043c \u041c\u0435\u0436\u0434\u0443\u043d\u0430\u0440\u043e\u0434\u043d\u0438\u044f \u043a\u043e\u043c\u0438\u0442\u0435\u0442 \u043d\u0430 \u0441\u043b\u0430\u0432\u0438\u0441\u0442\u0438\u0442\u0435 \u0438 \u0447\u043b\u0435\u043d \u043d\u0430 \u0418\u0437\u043f\u044a\u043b\u043d\u0438\u0442\u0435\u043b\u043d\u0438\u044f \u0441\u044a\u0432\u0435\u0442 \u043d\u0430 \u0424\u043e\u043d\u0434 \u201e\u041d\u0430\u0443\u0447\u043d\u0438 \u0438\u0437\u0441\u043b\u0435\u0434\u0432\u0430\u043d\u0438\u044f\u201c \u2013 \u041c\u041e\u041d.<\/p>\n\n\n\n<h3 class=\"wp-block-heading\">\u0421\u0442\u0430\u0442\u0438\u0438<\/h3>\n\n\n\n<p><a href=\"https:\/\/dialozi.uni-plovdiv.bg\/?p=14345\">\u041a\u043e\u043d\u0441\u0442\u0430\u043d\u0442\u0438\u043d \u0424\u043e\u0442\u0438\u043d\u043e\u0432 \u0438 \u0444\u043e\u0440\u043c\u0438\u0440\u0430\u043d\u0435\u0442\u043e \u043d\u0430 \u0442\u044a\u0440\u0433\u043e\u0432\u0441\u043a\u0430\u0442\u0430 \u0442\u0435\u0440\u043c\u0438\u043d\u043e\u043b\u043e\u0433\u0438\u044f \u043f\u0440\u0435\u0437 \u0412\u044a\u0437\u0440\u0430\u0436\u0434\u0430\u043d\u0435\u0442\u043e<\/a>. \/\/ <a href=\"https:\/\/dialozi.uni-plovdiv.bg\/?page_id=14209\"><em>\u0421\u043b\u0430\u0432\u044f\u043d\u0441\u043a\u0438 \u0434\u0438\u0430\u043b\u043e\u0437\u0438<\/em>, XIX, 2022, 29<\/a>.<\/p>\n\n\n\n<p><a href=\"https:\/\/dialozi.uni-plovdiv.bg\/?p=11527\">\u041c\u0435\u0436\u0434\u0443 \u0440\u0430\u0437\u0433\u043e\u0432\u043e\u0440\u043d\u043e \u0438 \u043a\u043d\u0438\u0436\u043e\u0432\u043d\u043e, \u0438\u043b\u0438 \u0437\u0430 \u0444\u043e\u043d\u0435\u0442\u0438\u0447\u043d\u0438\u0442\u0435 \u043e\u0441\u043e\u0431\u0435\u043d\u043e\u0441\u0442\u0438 \u0432 \u0435\u0437\u0438\u043a\u0430 \u043d\u0430 \u0425\u0440\u0438\u0441\u0442\u0430\u043a\u0438 \u041f\u0430\u0432\u043b\u043e\u0432\u0438\u0447 \u0432 <em>\u041f\u0438\u0441\u043c\u0435\u043d\u043d\u0438\u043a \u043e\u0431\u0449\u0435\u043f\u043e\u043b\u0435\u0437\u0435\u043d<\/em> (1835).<\/a> \/\/ <a href=\"https:\/\/dialozi.uni-plovdiv.bg\/?page_id=10607\"><em>\u0421\u043b\u0430\u0432\u044f\u043d\u0441\u043a\u0438 \u0434\u0438\u0430\u043b\u043e\u0437\u0438<\/em>, XVIII, 27, 2021<\/a>, 83-97.<\/p>\n\n\n\n<p><a href=\"https:\/\/dialozi.uni-plovdiv.bg\/?p=4024\">\u0421\u043f\u0438\u0441\u0430\u043d\u0438\u0435 \u201e\u0421\u043b\u0430\u0432\u044f\u043d\u0441\u043a\u0438 \u0433\u043b\u0430\u0441\u201c \u0438 \u0441\u043b\u0430\u0432\u044f\u043d\u0441\u043a\u0430\u0442\u0430 \u0438\u0434\u0435\u044f \u0432 \u0411\u044a\u043b\u0433\u0430\u0440\u0438\u044f&nbsp; <\/a>\/\/ <a href=\"https:\/\/dialozi.uni-plovdiv.bg\/?page_id=3349\"><em>\u0421\u043b\u0430\u0432\u044f\u043d\u0441\u043a\u0438 \u0434\u0438\u0430\u043b\u043e\u0437\u0438<\/em>, XIV, 2017, 19.<\/a><\/p>\n\n\n\n<p><a href=\"https:\/\/dialozi.uni-plovdiv.bg\/?p=2493\">\u0417\u0430\u0441\u0435\u0434\u0430\u043d\u0438\u0435 \u043d\u0430 \u041a\u043e\u043c\u0438\u0441\u0438\u044f\u0442\u0430 \u0437\u0430 \u0441\u043b\u0430\u0432\u044f\u043d\u0441\u043a\u0438 \u043a\u043d\u0438\u0436\u043e\u0432\u043d\u0438 \u0435\u0437\u0438\u0446\u0438 \u043a\u044a\u043c \u041c\u0435\u0436\u0434\u0443\u043d\u0430\u0440\u043e\u0434\u043d\u0438\u044f \u043a\u043e\u043c\u0438\u0442\u0435\u0442 \u043d\u0430 \u0441\u043b\u0430\u0432\u0438\u0441\u0442\u0438\u0442\u0435 \u0441 \u043d\u0430\u0443\u0447\u043d\u0430 \u043a\u043e\u043d\u0444\u0435\u0440\u0435\u043d\u0446\u0438\u044f \u043d\u0430 \u0442\u0435\u043c\u0430 \u201e\u0415\u0437\u0438\u043a\u043e\u0432\u0430\u0442\u0430 \u043f\u043e\u043b\u0438\u0442\u0438\u043a\u0430 \u0438 \u0441\u043b\u0430\u0432\u044f\u043d\u0441\u043a\u0438\u0442\u0435 \u0435\u0437\u0438\u0446\u0438 \u0441\u043b\u0435\u0434 90-\u0442\u0435 \u0433\u043e\u0434\u0438\u043d\u0438 \u043d\u0430 \u0425\u0425 \u0432\u0435\u043a\u201c | \u0421\u043b\u0430\u0432\u044f\u043d\u0441\u043a\u0438 \u0434\u0438\u0430\u043b\u043e\u0437\u0438 (uni-plovdiv.bg)<\/a><\/p>\n\n\n\n<p><a href=\"https:\/\/dialozi.uni-plovdiv.bg\/?p=2491\">\u041f\u0430\u0438\u0441\u0438\u0435\u0432\u0438\u0442\u0435 \u0447\u0435\u0442\u0435\u043d\u0438\u044f 2011 \u2013 \u0432 \u0441\u0432\u0435\u0442\u043b\u0438\u043d\u0430\u0442\u0430 \u043d\u0430 \u0433\u043e\u043b\u0435\u043c\u0438\u044f \u044e\u0431\u0438\u043b\u0435\u0439 | \u0421\u043b\u0430\u0432\u044f\u043d\u0441\u043a\u0438 \u0434\u0438\u0430\u043b\u043e\u0437\u0438 (uni-plovdiv.bg)<\/a><\/p>\n\n\n\n<h3 class=\"wp-block-heading\">\u0420\u0435\u0446\u0435\u043d\u0437\u0438\u0438<\/h3>\n\n\n\n<p><a href=\"https:\/\/dialozi.uni-plovdiv.bg\/?p=4071\">Ivan Petrov. Od inkunabu\u019a\u00f3w do pierwszych gramatyk. Konteksty rozwoju bu\u019agarskiego j\u0119zyka literackiego (koniec \u0425V \u2013 pocz\u0105tek \u0425VII wieku) | \u0421\u043b\u0430\u0432\u044f\u043d\u0441\u043a\u0438 \u0434\u0438\u0430\u043b\u043e\u0437\u0438 (uni-plovdiv.bg)<\/a><\/p>\n\n\n\n<p><a href=\"https:\/\/dialozi.uni-plovdiv.bg\/?p=2703\">\u0412\u0435\u0440\u0430 \u041c\u0430\u0440\u043e\u0432\u0441\u043a\u0430. \u0420\u0435\u0444\u0435\u0440\u0435\u043d\u0446\u0438\u044f \u0438 \u0440\u0435\u0444\u0435\u0440\u0438\u0440\u0430\u043d\u0435 \u0432 \u0441\u0432\u0435\u0442\u0430 \u043d\u0430 \u0435\u0437\u0438\u043a\u0430 | \u0421\u043b\u0430\u0432\u044f\u043d\u0441\u043a\u0438 \u0434\u0438\u0430\u043b\u043e\u0437\u0438 (uni-plovdiv.bg)<\/a><\/p>\n\n\n\n<p><a href=\"https:\/\/dialozi.uni-plovdiv.bg\/?p=2329\">J\u0119zyk religijny dawniej i dzi\u015b. Biblioteczka Pozna\u0144skich Studi\u00f3w Polonistycznych. Serii J\u0119zykoznawczej. Pod redakcj\u0105 St. Miko\u0142ajczaka i k\u015b. T. W\u0119c\u0142awskiego. | \u0421\u043b\u0430\u0432\u044f\u043d\u0441\u043a\u0438 \u0434\u0438\u0430\u043b\u043e\u0437\u0438 (uni-plovdiv.bg)<\/a><\/p>\n\n\n\n<p><a href=\"https:\/\/dialozi.uni-plovdiv.bg\/?p=2170\">J\u0119zyki i tradycje s\u0142owian | \u0421\u043b\u0430\u0432\u044f\u043d\u0441\u043a\u0438 \u0434\u0438\u0430\u043b\u043e\u0437\u0438 (uni-plovdiv.bg)<\/a><\/p>\n\n\n\n<p><a href=\"https:\/\/dialozi.uni-plovdiv.bg\/?p=2168\">Z zagadnie\u0144 literatury, kultury i j\u0119zyka. Studia ofiarowane profesorowi Edwardowi Mo\u017cejce | \u0421\u043b\u0430\u0432\u044f\u043d\u0441\u043a\u0438 \u0434\u0438\u0430\u043b\u043e\u0437\u0438 (uni-plovdiv.bg)<\/a><\/p>\n\n\n\n<p><a href=\"https:\/\/dialozi.uni-plovdiv.bg\/?p=2166\">J\u0119zyk i literatura s\u0142owacka w perspektywie s\u0142owia\u0144skiej | \u0421\u043b\u0430\u0432\u044f\u043d\u0441\u043a\u0438 \u0434\u0438\u0430\u043b\u043e\u0437\u0438 (uni-plovdiv.bg)<\/a><\/p>\n\n\n\n<p><a href=\"https:\/\/dialozi.uni-plovdiv.bg\/?p=2152\">Mieczys\u0142aw Ma\u0142ecki. Cz\u0142owiek, uczony, organizator. W setn\u0105 rocznic\u0119 urodzin | \u0421\u043b\u0430\u0432\u044f\u043d\u0441\u043a\u0438 \u0434\u0438\u0430\u043b\u043e\u0437\u0438 (uni-plovdiv.bg)<\/a><\/p>\n\n\n\n<p><a href=\"https:\/\/dialozi.uni-plovdiv.bg\/?p=2140\">Mieczys\u0142aw Ma\u0142ecki. Dialekty polskie i s\u0142owia\u0144skie | \u0421\u043b\u0430\u0432\u044f\u043d\u0441\u043a\u0438 \u0434\u0438\u0430\u043b\u043e\u0437\u0438 (uni-plovdiv.bg)<\/a><\/p>\n\n\n\n<p><\/p>\n\n\n\n<p><\/p>","protected":false},"excerpt":{"rendered":"\u041f\u0440\u043e\u0444. \u0434.\u0444.\u043d. \u0414\u0438\u0430\u043d\u0430 \u0418\u0412\u0410\u041d\u041e\u0412\u0410 (dpetiva1207@gmail.com) \u0435 \u0435\u0437\u0438\u043a\u043e\u0432\u0435\u0434 \u043a\u044a\u043c \u041a\u0430\u0442\u0435\u0434\u0440\u0430\u0442\u0430 \u043f\u043e \u0431\u044a\u043b\u0433\u0430\u0440\u0441\u043a\u0438 \u0435\u0437\u0438\u043a \u0432\u044a\u0432 \u0424\u0438\u043b\u043e\u043b\u043e\u0433\u0438\u0447\u0435\u0441\u043a\u0438\u044f \u0444\u0430\u043a\u0443\u043b\u0442\u0435\u0442 \u043d\u0430 \u041f\u043b\u043e\u0432\u0434\u0438\u0432\u0441\u043a\u0438\u044f \u0443\u043d\u0438\u0432\u0435\u0440\u0441\u0438\u0442\u0435\u0442 \u201e\u041f\u0430\u0438\u0441\u0438\u0439 \u0425\u0438\u043b\u0435\u043d\u0434\u0430\u0440\u0441\u043a\u0438\u201c. \u0412 \u043f\u0435\u0440\u0438\u043e\u0434\u0430 2005 \u2013 2018 \u0433. \u0435 \u0434\u0438\u0440\u0435\u043a\u0442\u043e\u0440 \u043d\u0430 \u0414\u0435\u043f\u0430\u0440\u0442\u0430\u043c\u0435\u043d\u0442\u0430 \u0437\u0430 \u0435\u0437\u0438\u043a\u043e\u0432\u0430 \u0438 \u0441\u043f\u0435\u0446\u0438\u0430\u043b\u0438\u0437\u0438\u0440\u0430\u043d\u0430 \u043f\u043e\u0434\u0433\u043e\u0442\u043e\u0432\u043a\u0430 \u043d\u0430 \u0447\u0443\u0436\u0434\u0435\u0441\u0442\u0440\u0430\u043d\u043d\u0438 \u0441\u0442\u0443\u0434\u0435\u043d\u0442\u0438 \u043a\u044a\u043c \u0441\u044a\u0449\u0438\u044f \u0443\u043d\u0438\u0432\u0435\u0440\u0441\u0438\u0442\u0435\u0442. \u041d\u0430\u0443\u0447\u043d\u0438\u0442\u0435 \u045d \u0438\u043d\u0442\u0435\u0440\u0435\u0441\u0438 \u0441\u0430 \u0432 \u043e\u0431\u043b\u0430\u0441\u0442\u0442\u0430 \u043d\u0430 \u0438\u0441\u0442\u043e\u0440\u0438\u044f\u0442\u0430 \u0438 \u0442\u0435\u043e\u0440\u0438\u044f\u0442\u0430 \u043d\u0430 \u043a\u043d\u0438\u0436\u043e\u0432\u043d\u0438\u0442\u0435 \u0435\u0437\u0438\u0446\u0438, \u0441\u0442\u0430\u043d\u0434\u0430\u0440\u0442\u043e\u043b\u043e\u0433\u0438\u044f\u0442\u0430, [&hellip;]","protected":false},"author":348,"featured_media":0,"parent":1597,"menu_order":0,"comment_status":"closed","ping_status":"closed","template":"","meta":{"_acf_changed":false,"footnotes":""},"class_list":["post-4594","page","type-page","status-publish","hentry"],"acf":[],"_links":{"self":[{"href":"https:\/\/dialozi.uni-plovdiv.bg\/index.php?rest_route=\/wp\/v2\/pages\/4594","targetHints":{"allow":["GET"]}}],"collection":[{"href":"https:\/\/dialozi.uni-plovdiv.bg\/index.php?rest_route=\/wp\/v2\/pages"}],"about":[{"href":"https:\/\/dialozi.uni-plovdiv.bg\/index.php?rest_route=\/wp\/v2\/types\/page"}],"author":[{"embeddable":true,"href":"https:\/\/dialozi.uni-plovdiv.bg\/index.php?rest_route=\/wp\/v2\/users\/348"}],"replies":[{"embeddable":true,"href":"https:\/\/dialozi.uni-plovdiv.bg\/index.php?rest_route=%2Fwp%2Fv2%2Fcomments&post=4594"}],"version-history":[{"count":20,"href":"https:\/\/dialozi.uni-plovdiv.bg\/index.php?rest_route=\/wp\/v2\/pages\/4594\/revisions"}],"predecessor-version":[{"id":16703,"href":"https:\/\/dialozi.uni-plovdiv.bg\/index.php?rest_route=\/wp\/v2\/pages\/4594\/revisions\/16703"}],"up":[{"embeddable":true,"href":"https:\/\/dialozi.uni-plovdiv.bg\/index.php?rest_route=\/wp\/v2\/pages\/1597"}],"wp:attachment":[{"href":"https:\/\/dialozi.uni-plovdiv.bg\/index.php?rest_route=%2Fwp%2Fv2%2Fmedia&parent=4594"}],"curies":[{"name":"wp","href":"https:\/\/api.w.org\/{rel}","templated":true}]}}