{"id":4596,"date":"2021-02-27T20:29:57","date_gmt":"2021-02-27T18:29:57","guid":{"rendered":"https:\/\/dialozi.uni-plovdiv.bg\/?page_id=4596"},"modified":"2023-10-11T21:59:21","modified_gmt":"2023-10-11T19:59:21","slug":"%d0%b1%d0%be%d1%80%d0%b8%d1%81%d0%bb%d0%b0%d0%b2%d0%b0-%d0%ba%d0%b0%d1%81%d0%b0%d0%b2%d1%8a%d0%bb%d1%87%d0%b5%d0%b2%d0%b0","status":"publish","type":"page","link":"https:\/\/dialozi.uni-plovdiv.bg\/?page_id=4596","title":{"rendered":"\u0411\u043e\u0440\u0438\u0441\u043b\u0430\u0432\u0430 \u041a\u0430\u0441\u0430\u0432\u044a\u043b\u0447\u0435\u0432\u0430"},"content":{"rendered":"<p>\u0411\u043e\u0440\u0438\u0441\u043b\u0430\u0432\u0430 \u041a\u0410\u0421\u0410\u0412\u042a\u041b\u0427\u0415\u0412\u0410 (kasavulcheva@abv.bg) \u0435 \u0441\u0442\u0443\u0434\u0435\u043d\u0442\u043a\u0430 \u0432 \u0441\u043f\u0435\u0446\u0438\u0430\u043b\u043d\u043e\u0441\u0442\u0442\u0430 \u201e\u0421\u043b\u0430\u0432\u0438\u0441\u0442\u0438\u043a\u0430\u201c (\u0447\u0435\u0448\u043a\u0438 \u0438 \u043f\u043e\u043b\u0441\u043a\u0438 \u0435\u0437\u0438\u043a) \u0432 \u041f\u043b\u043e\u0432\u0434\u0438\u0432\u0441\u043a\u0438\u044f \u0443\u043d\u0438\u0432\u0435\u0440\u0441\u0438\u0442\u0435\u0442 \u201e\u041f\u0430\u0438\u0441\u0438\u0439 \u0425\u0438\u043b\u0435\u043d\u0434\u0430\u0440\u0441\u043a\u0438\u201c.<\/p>\n\n\n<h3 class=\"wp-block-heading\">\u041f\u0440\u0435\u0432\u043e\u0434\u0438<\/h3>\n\n\n\n<p>[\u0420\u0435\u0446\u0435\u043d\u0437\u0438\u044f] <a href=\"https:\/\/dialozi.uni-plovdiv.bg\/?p=17127\" data-type=\"link\" data-id=\"https:\/\/dialozi.uni-plovdiv.bg\/?p=17127\">Martina Salhiov\u00e1. <em>Cesty autorsk\u00e9 poh\u00e1dky po roce 2000 v\u00a0\u010cesk\u00e9 republice a v\u00a0Bulharsku<\/em> <\/a>[\u041f\u044a\u0442\u0438\u0449\u0430\u0442\u0430 \u043d\u0430 \u0430\u0432\u0442\u043e\u0440\u0441\u043a\u0430\u0442\u0430 \u043f\u0440\u0438\u043a\u0430\u0437\u043a\u0430 \u0441\u043b\u0435\u0434 2000 \u0433. \u0432 \u0427\u0435\u0445\u0438\u044f \u0438 \u0411\u044a\u043b\u0433\u0430\u0440\u0438\u044f] (\u0421\u0432\u0430\u0442\u0430\u0432\u0430 \u0423\u0440\u0431\u0430\u043d\u043e\u0432\u0430). \/\/ <a href=\"https:\/\/dialozi.uni-plovdiv.bg\/?page_id=15974\"><em>\u0421\u043b\u0430\u0432\u044f\u043d\u0441\u043a\u0438 \u0434\u0438\u0430\u043b\u043e\u0437\u0438<\/em>, XX, 2023, 31<\/a>.<\/p>\n\n\n\n<p>[\u0421\u0442\u0430\u0442\u0438\u044f] <a href=\"https:\/\/dialozi.uni-plovdiv.bg\/?p=11561\" data-type=\"link\" data-id=\"https:\/\/dialozi.uni-plovdiv.bg\/?p=11561\"><strong>\u041c\u0430\u0440\u0442\u0438\u043d\u0430 \u0421\u0430\u043b\u0445\u0438\u043e\u0432\u0430 (\u0411\u044a\u0440\u043d\u043e). <\/strong>\u041f\u0440\u0435\u0433\u043b\u0435\u0434 \u043d\u0430 \u0441\u044a\u0432\u0440\u0435\u043c\u0435\u043d\u043d\u0430\u0442\u0430 \u0431\u044a\u043b\u0433\u0430\u0440\u0441\u043a\u0430 \u0438 \u0447\u0435\u0448\u043a\u0430 \u043a\u0430\u0440\u0442\u0438\u043d\u043d\u0430 \u043a\u043d\u0438\u0433\u0430 \u0437\u0430 \u0434\u0435\u0446\u0430. (\u0421\u044a\u0432\u043c\u0435\u0441\u0442\u0435\u043d \u043f\u0440\u0435\u0432\u043e\u0434 \u0441 \u041c\u0430\u0440\u0438\u044f \u041b\u043e\u043b\u043e\u0432\u0430).<\/a> \/\/ <a href=\"https:\/\/dialozi.uni-plovdiv.bg\/?page_id=10607\"><em>\u0421\u043b\u0430\u0432\u044f\u043d\u0441\u043a\u0438<\/em> <em>\u0434\u0438\u0430\u043b\u043e\u0437\u0438<\/em>, &nbsp;XVIII, 2021, 27<\/a>, 138-158.<\/p>\n\n\n\n<p> <\/p>","protected":false},"excerpt":{"rendered":"\u0411\u043e\u0440\u0438\u0441\u043b\u0430\u0432\u0430 \u041a\u0410\u0421\u0410\u0412\u042a\u041b\u0427\u0415\u0412\u0410 (kasavulcheva@abv.bg) \u0435 \u0441\u0442\u0443\u0434\u0435\u043d\u0442\u043a\u0430 \u0432 \u0441\u043f\u0435\u0446\u0438\u0430\u043b\u043d\u043e\u0441\u0442\u0442\u0430 \u201e\u0421\u043b\u0430\u0432\u0438\u0441\u0442\u0438\u043a\u0430\u201c (\u0447\u0435\u0448\u043a\u0438 \u0438 \u043f\u043e\u043b\u0441\u043a\u0438 \u0435\u0437\u0438\u043a) \u0432 \u041f\u043b\u043e\u0432\u0434\u0438\u0432\u0441\u043a\u0438\u044f \u0443\u043d\u0438\u0432\u0435\u0440\u0441\u0438\u0442\u0435\u0442 \u201e\u041f\u0430\u0438\u0441\u0438\u0439 \u0425\u0438\u043b\u0435\u043d\u0434\u0430\u0440\u0441\u043a\u0438\u201c. \u041f\u0440\u0435\u0432\u043e\u0434\u0438 [\u0420\u0435\u0446\u0435\u043d\u0437\u0438\u044f] Martina Salhiov\u00e1. Cesty autorsk\u00e9 poh\u00e1dky po roce 2000 v\u00a0\u010cesk\u00e9 republice a v\u00a0Bulharsku [\u041f\u044a\u0442\u0438\u0449\u0430\u0442\u0430 \u043d\u0430 \u0430\u0432\u0442\u043e\u0440\u0441\u043a\u0430\u0442\u0430 \u043f\u0440\u0438\u043a\u0430\u0437\u043a\u0430 \u0441\u043b\u0435\u0434 2000 \u0433. \u0432 \u0427\u0435\u0445\u0438\u044f \u0438 \u0411\u044a\u043b\u0433\u0430\u0440\u0438\u044f] (\u0421\u0432\u0430\u0442\u0430\u0432\u0430 \u0423\u0440\u0431\u0430\u043d\u043e\u0432\u0430). \/\/ \u0421\u043b\u0430\u0432\u044f\u043d\u0441\u043a\u0438 \u0434\u0438\u0430\u043b\u043e\u0437\u0438, XX, 2023, 31. [\u0421\u0442\u0430\u0442\u0438\u044f] \u041c\u0430\u0440\u0442\u0438\u043d\u0430 \u0421\u0430\u043b\u0445\u0438\u043e\u0432\u0430 (\u0411\u044a\u0440\u043d\u043e). \u041f\u0440\u0435\u0433\u043b\u0435\u0434 [&hellip;]","protected":false},"author":348,"featured_media":0,"parent":1597,"menu_order":0,"comment_status":"closed","ping_status":"closed","template":"","meta":{"_acf_changed":false,"footnotes":""},"class_list":["post-4596","page","type-page","status-publish","hentry"],"acf":[],"_links":{"self":[{"href":"https:\/\/dialozi.uni-plovdiv.bg\/index.php?rest_route=\/wp\/v2\/pages\/4596","targetHints":{"allow":["GET"]}}],"collection":[{"href":"https:\/\/dialozi.uni-plovdiv.bg\/index.php?rest_route=\/wp\/v2\/pages"}],"about":[{"href":"https:\/\/dialozi.uni-plovdiv.bg\/index.php?rest_route=\/wp\/v2\/types\/page"}],"author":[{"embeddable":true,"href":"https:\/\/dialozi.uni-plovdiv.bg\/index.php?rest_route=\/wp\/v2\/users\/348"}],"replies":[{"embeddable":true,"href":"https:\/\/dialozi.uni-plovdiv.bg\/index.php?rest_route=%2Fwp%2Fv2%2Fcomments&post=4596"}],"version-history":[{"count":17,"href":"https:\/\/dialozi.uni-plovdiv.bg\/index.php?rest_route=\/wp\/v2\/pages\/4596\/revisions"}],"predecessor-version":[{"id":17280,"href":"https:\/\/dialozi.uni-plovdiv.bg\/index.php?rest_route=\/wp\/v2\/pages\/4596\/revisions\/17280"}],"up":[{"embeddable":true,"href":"https:\/\/dialozi.uni-plovdiv.bg\/index.php?rest_route=\/wp\/v2\/pages\/1597"}],"wp:attachment":[{"href":"https:\/\/dialozi.uni-plovdiv.bg\/index.php?rest_route=%2Fwp%2Fv2%2Fmedia&parent=4596"}],"curies":[{"name":"wp","href":"https:\/\/api.w.org\/{rel}","templated":true}]}}