{"id":46,"date":"2016-01-21T13:26:13","date_gmt":"2016-01-21T11:26:13","guid":{"rendered":"http:\/\/dialozi.uni-plovdiv.bg\/?page_id=46"},"modified":"2021-09-01T20:20:14","modified_gmt":"2021-09-01T18:20:14","slug":"%d0%b1%d1%80%d0%be%d0%b9-7-2007","status":"publish","type":"page","link":"https:\/\/dialozi.uni-plovdiv.bg\/?page_id=46","title":{"rendered":"\u041a\u043d\u0438\u0436\u043a\u0430 8, 2007"},"content":{"rendered":"<div class=\"wp-block-media-text alignwide is-stacked-on-mobile is-vertically-aligned-bottom\"><figure class=\"wp-block-media-text__media\"><a href=\"https:\/\/dialozi.uni-plovdiv.bg\/wp-content\/uploads\/2019\/12\/Slavjanski-dialozi-br8-2007.pdf\" target=\"_blank\" rel=\"noopener\"><img loading=\"lazy\" decoding=\"async\" width=\"343\" height=\"500\" src=\"https:\/\/dialozi.uni-plovdiv.bg\/wp-content\/uploads\/2021\/01\/SD-8-2007-korica.jpg\" alt=\"\" class=\"wp-image-4437 size-full\" srcset=\"https:\/\/dialozi.uni-plovdiv.bg\/wp-content\/uploads\/2021\/01\/SD-8-2007-korica.jpg 343w, https:\/\/dialozi.uni-plovdiv.bg\/wp-content\/uploads\/2021\/01\/SD-8-2007-korica-206x300.jpg 206w\" sizes=\"auto, (max-width: 343px) 100vw, 343px\" \/><\/a><\/figure><div class=\"wp-block-media-text__content\">\n<div class=\"wp-block-file\"><a href=\"https:\/\/dialozi.uni-plovdiv.bg\/wp-content\/uploads\/2019\/12\/Slavjanski-dialozi-br8-2007.pdf\">Slavjanski-dialozi-br8-2007<\/a><a href=\"https:\/\/dialozi.uni-plovdiv.bg\/wp-content\/uploads\/2019\/12\/Slavjanski-dialozi-br8-2007.pdf\" class=\"wp-block-file__button\" download>\u0418\u0437\u0442\u0435\u0433\u043b\u044f\u043d\u0435<\/a><\/div>\n\n\n\n<h5>\u041d\u0430 \u043a\u043e\u0440\u0438\u0446\u0430\u0442\u0430: <br>\u0422\u0430\u043c\u0430\u0440\u0430 \u0434\u0435 \u041b\u0435\u043c\u043f\u0438\u0446\u043a\u0430<br><em>\u041c\u043b\u0430\u0434\u043e \u043c\u043e\u043c\u0438\u0447\u0435 \u0432 \u0437\u0435\u043b\u0435\u043d\u043e<\/em>, 1930<\/h5>\n<\/div><\/div>\n\n\n<h4>\u00a0 \u041f\u0410\u041c\u0415\u0422<\/h4>\n<p><a href=\"https:\/\/dialozi.uni-plovdiv.bg\/?p=1872\"><strong>\u0419\u0435\u0436\u0438 \u0413\u0435\u0434\u0440\u043e\u0439\u0447<\/strong><\/a> <br \/>(\u0410\u043b\u0435\u043a\u0441\u0430\u043d\u0434\u0440\u0430 \u041c\u0438\u0445\u0430\u043b\u0441\u043a\u0430)<\/p>\n<h4>\u00a0 \u0414\u0418\u0410\u041b\u041e\u0417\u0418<\/h4>\n<p><a href=\"https:\/\/dialozi.uni-plovdiv.bg\/?p=1879\"><strong>\u0413\u0430\u043b\u0430\u043a\u0442\u0438\u043a\u0430\u0442\u0430 \u043d\u0430 \u0421\u0442\u0430\u043d\u0438\u0441\u043b\u0430\u0432 \u041b\u0435\u043c<\/strong><\/a> <br \/>(\u0418\u043d\u0442\u0435\u0440\u0432\u044e \u043d\u0430 \u041e\u0433\u043d\u044f\u043d \u0421\u0430\u043f\u0430\u0440\u0435\u0432)<\/p>\n<h4>\u00a0 ART<\/h4>\n<p><a href=\"https:\/\/dialozi.uni-plovdiv.bg\/?p=1948\"><strong>\u041a\u0448\u0438\u0449\u043e\u0444 \u041a\u0435\u0448\u043b\u043e\u0432\u0441\u043a\u0438<\/strong><\/a> <br \/>(\u0410\u043b\u0435\u043a\u0441\u0430\u043d\u0434\u0440\u0430 \u041c\u0438\u0445\u0430\u043b\u0441\u043a\u0430)<\/p>\n<p><a href=\"https:\/\/dialozi.uni-plovdiv.bg\/?p=1954\"><strong>\u0422\u0430\u043c\u0430\u0440\u0430 \u0434\u0435 \u041b\u0435\u043c\u043f\u0438\u0446\u043a\u0430 \u2013 La Belle \u0420olonaise<\/strong><\/a> <br \/>(\u0421\u0438\u043b\u0432\u0438\u044f \u0414\u043e\u043d\u0447\u0435\u0432\u0430)<\/p>\n<h4>\u00a0 \u041f\u0420\u0415\u0412\u041e\u0414\u0410\u0427\u0415\u0421\u041a\u0418 \u0420\u0410\u041a\u0423\u0420\u0421\u0418<\/h4>\n<p><strong>\u0410\u0442\u0430\u043d\u0430\u0441 \u0414\u0430\u043b\u0447\u0435\u0432<\/strong> <br \/><a href=\"https:\/\/dialozi.uni-plovdiv.bg\/?p=1963\">\u0421\u0442\u0438\u0445\u043e\u0442\u0432\u043e\u0440\u0435\u043d\u0438\u044f<\/a>\u00a0<br \/>\u041f\u0440\u0435\u0432\u043e\u0434 \u043d\u0430 \u043f\u043e\u043b\u0441\u043a\u0438: \u0410\u043d\u043d\u0430 \u041a\u0430\u043c\u0435\u043d\u0441\u043a\u0430 <br \/>\u041f\u0440\u0435\u0432\u043e\u0434 \u043d\u0430 \u0441\u0440\u044a\u0431\u0441\u043a\u0438: \u0412\u0435\u0440\u0430 \u0411\u0430\u043b\u0435\u043d\u0442\u043e\u0432\u0438\u0447, \u0412\u043b\u0430\u0434\u0430 \u0423\u0440\u043e\u0448\u0435\u0432\u0438\u0447, \u041c\u0438\u043b\u0430 \u0412\u0430\u0441\u043e\u0432<br \/>\u041f\u0440\u0435\u0432\u043e\u0434 \u043d\u0430 \u0440\u0443\u0441\u043a\u0438: \u041c\u0430\u0440\u0438\u044f \u041f\u0435\u0442\u0440\u043e\u0432\u0438\u0445<\/p>\n<p><a href=\"https:\/\/dialozi.uni-plovdiv.bg\/?p=1980\"><strong><em>\u041d\u0435 \u0443\u043c\u0435\u044f \u0434\u0430 \u043f\u0438\u0448\u0430 \u043f\u0438\u0441\u043c\u0430\u2026<\/em><\/strong> <br \/>\u0418\u0437 \u043a\u043e\u0440\u0435\u0441\u043f\u043e\u043d\u0434\u0435\u043d\u0446\u0438\u044f\u0442\u0430 \u043c\u0435\u0436\u0434\u0443 \u041c\u0430\u0440\u0438\u044f \u041f\u0435\u0442\u0440\u043e\u0432\u0438\u0445 \u0438 \u0410\u0442\u0430\u043d\u0430\u0441 \u0414\u0430\u043b\u0447\u0435\u0432<\/a> <br \/>\u041f\u0440\u0435\u0432\u043e\u0434 \u043e\u0442 \u0440\u0443\u0441\u043a\u0438: \u0411\u043e\u0433\u0434\u0430\u043d \u0413\u043b\u0438\u0448\u0435\u0432<\/p>\n<h4>\u00a0 \u041d\u041e\u0412\u0418 \u041f\u0420\u0415\u0412\u041e\u0414\u0418<\/h4>\n<p><strong>\u041a\u0430\u0436\u0438\u043c\u0435\u0440\u0430 \u0418\u043b\u0430\u043a\u043e\u0432\u0438\u0447<\/strong><br \/><a href=\"https:\/\/dialozi.uni-plovdiv.bg\/?p=1982\">\u0421\u0442\u0438\u0445\u043e\u0442\u0432\u043e\u0440\u0435\u043d\u0438\u044f<\/a>\u00a0<br \/>\u041f\u0440\u0435\u0432\u043e\u0434 \u043e\u0442 \u043f\u043e\u043b\u0441\u043a\u0438: \u0418\u0432\u0430\u043d \u0412\u044a\u043b\u0435\u0432<\/p>\n<p><strong>\u0410\u043b\u0435\u043a\u0441\u0430\u043d\u0434\u0435\u0440 \u0412\u0430\u0442<\/strong><br \/><a href=\"https:\/\/dialozi.uni-plovdiv.bg\/?p=1984\">\u0421\u0442\u0438\u0445\u043e\u0442\u0432\u043e\u0440\u0435\u043d\u0438\u044f<\/a> <br \/>\u041f\u0440\u0435\u0432\u043e\u0434 \u043e\u0442 \u043f\u043e\u043b\u0441\u043a\u0438: \u0418\u0432\u0430\u043d \u0412\u044a\u043b\u0435\u0432<\/p>\n<p><strong>\u042f\u043d\u0443\u0448 \u0413\u043b\u043e\u0432\u0430\u0446\u043a\u0438<\/strong> <br \/><a href=\"https:\/\/dialozi.uni-plovdiv.bg\/?p=1987\">\u041e\u0442 \u0433\u043b\u0430\u0432\u0430\u0442\u0430<\/a> (\u043e\u0442\u043a\u044a\u0441) <br \/>\u041f\u0440\u0435\u0432\u043e\u0434 \u043e\u0442 \u043f\u043e\u043b\u0441\u043a\u0438: \u0414\u0430\u043d\u0438\u0435\u043b\u0430 \u0429\u0435\u0440\u0435\u0432\u0430<\/p>\n<p><strong>\u0410\u043d\u0434\u0436\u0435\u0439 \u0411\u0443\u0440\u0441\u0430<\/strong> <br \/><a href=\"https:\/\/dialozi.uni-plovdiv.bg\/?p=1994\">\u0421\u0442\u0438\u0445\u043e\u0442\u0432\u043e\u0440\u0435\u043d\u0438\u044f<\/a> <br \/>\u041f\u0440\u0435\u0432\u043e\u0434 \u043e\u0442 \u043f\u043e\u043b\u0441\u043a\u0438: \u0421\u0432\u0435\u0442\u043b\u0430\u043d\u0430 \u0411\u043e\u0437\u0443\u043a\u043e\u0432\u0430, \u0421\u043e\u043d\u044f \u0414\u0440\u0438\u043d\u0433\u043e\u0432a\u00a0<\/p>\n<p><strong>\u0420\u0430\u0444\u0430\u043b \u0412\u043e\u044f\u0447\u0435\u043a<\/strong> <br \/><a href=\"https:\/\/dialozi.uni-plovdiv.bg\/?p=1996\">\u0421\u0442\u0438\u0445\u043e\u0442\u0432\u043e\u0440\u0435\u043d\u0438\u044f<\/a>\u00a0<br \/>\u041f\u0440\u0435\u0432\u043e\u0434 \u043e\u0442 \u043f\u043e\u043b\u0441\u043a\u0438: \u0421\u0432\u0435\u0442\u043b\u0430\u043d\u0430 \u0411\u043e\u0437\u0443\u043a\u043e\u0432\u0430, \u0412\u0435\u043b\u0438\u0441\u043b\u0430\u0432\u0430 \u0412\u0430\u0441\u0438\u043b\u0435\u0432\u0430\u00a0<\/p>\n<p><strong>\u041c\u0430\u0440\u0447\u0438\u043d \u0428\u0432\u0435\u0442\u043b\u0438\u0446\u043a\u0438<\/strong> <br \/><a href=\"https:\/\/dialozi.uni-plovdiv.bg\/?p=1999\">\u0421\u0442\u0438\u0445\u043e\u0442\u0432\u043e\u0440\u0435\u043d\u0438\u044f<\/a>\u00a0<br \/>\u041f\u0440\u0435\u0432\u043e\u0434 \u043e\u0442 \u043f\u043e\u043b\u0441\u043a\u0438: \u0421\u043e\u043d\u044f \u0414\u0440\u0438\u043d\u0433\u043e\u0432\u0430, \u0421\u043e\u0444\u0438\u044f \u0414\u0430\u0447\u0435\u0432\u0430, \u0414\u0430\u043d\u0438\u0435\u043b\u0430 \u0429\u0435\u0440\u0435\u0432\u0430, \u0421\u0432\u0435\u0442\u043b\u0430\u043d\u0430 \u0411\u043e\u0437\u0443\u043a\u043e\u0432\u0430\u00a0<\/p>\n<p><strong>\u0410\u043d\u0434\u0436\u0435\u0439 \u0421\u0442\u0430\u0448\u0443\u043a<\/strong> <br \/><a href=\"https:\/\/dialozi.uni-plovdiv.bg\/?p=2001\">\u041f\u044a\u0442\u0443\u0432\u0430\u0439\u043a\u0438 \u043a\u044a\u043c \u0411\u0430\u0431\u0430\u0434\u0430\u0433<\/a>\u00a0<br \/>\u041f\u0440\u0435\u0432\u043e\u0434 \u043e\u0442 \u043f\u043e\u043b\u0441\u043a\u0438: \u0426\u0432\u0435\u0442\u0430\u043d \u041f\u043e\u043f\u0430\u0434\u0438\u0438\u043d\u00a0<\/p>\n<p><strong>\u041f\u0448\u0435\u043c\u0438\u0441\u043b\u0430\u0432 \u0427\u0430\u043f\u043b\u0438\u043d\u0441\u043a\u0438<\/strong> <br \/><a href=\"https:\/\/dialozi.uni-plovdiv.bg\/?p=2003\">\u041d\u0430\u0448\u0430\u0442\u0430 \u043f\u043e-\u0433\u043e\u043b\u044f\u043c\u0430 \u0440\u043e\u0434\u0438\u043d\u0430<\/a> (\u0435\u0441\u0435) <br \/>\u041f\u0440\u0435\u0432\u043e\u0434 \u043e\u0442 \u043f\u043e\u043b\u0441\u043a\u0438: \u0414\u0430\u043d\u0443\u0442\u0430 \u041d\u0430\u0439\u0434\u0435\u043d\u043e\u0432\u0430\u00a0<\/p>\n<p><strong>\u041b\u0435\u0448\u0435\u043a \u0415\u043d\u0433\u0435\u043b\u043a\u0438\u043d\u0433<\/strong> <br \/><a href=\"https:\/\/dialozi.uni-plovdiv.bg\/?p=2005\">\u0421\u0442\u0438\u0445\u043e\u0442\u0432\u043e\u0440\u0435\u043d\u0438\u044f<\/a> <br \/>\u041f\u0440\u0435\u0432\u043e\u0434 \u043e\u0442 \u043f\u043e\u043b\u0441\u043a\u0438: \u0419\u043e\u0440\u0434\u0430\u043d\u043a\u0430 \u0422\u0440\u0438\u0444\u043e\u043d\u043e\u0432\u0430\u00a0<\/p>\n<p><strong>\u0419\u043e\u043b\u0430\u043d\u0442\u0430 \u0421\u0442\u0435\u0444\u043a\u043e<\/strong> <br \/><a href=\"https:\/\/dialozi.uni-plovdiv.bg\/?p=2008\">\u0421\u0442\u0438\u0445\u043e\u0442\u0432\u043e\u0440\u0435\u043d\u0438\u044f<\/a>\u00a0<br \/>\u041f\u0440\u0435\u0432\u043e\u0434 \u043e\u0442 \u043f\u043e\u043b\u0441\u043a\u0438: \u041a\u0430\u0442\u044f \u0411\u0435\u043b\u0447\u0435\u0432\u0430\u00a0<\/p>\n<p><strong>\u0411\u043e\u0445\u0443\u043c\u0438\u043b \u0425\u0440\u0430\u0431\u0430\u043b<\/strong> <br \/><a href=\"https:\/\/dialozi.uni-plovdiv.bg\/?p=2011\">\u0421\u043b\u0443\u0436\u0438\u0445 \u043d\u0430 \u0430\u043d\u0433\u043b\u0438\u0439\u0441\u043a\u0438\u044f \u043a\u0440\u0430\u043b<\/a>\u00a0<br \/>\u041f\u0440\u0435\u0432\u043e\u0434 \u043e\u0442 \u0447\u0435\u0448\u043a\u0438: \u0412\u0430\u0441\u0438\u043b \u0421\u0430\u043c\u043e\u043a\u043e\u0432\u043b\u0438\u0435\u0432\u00a0<\/p>\n<h4>\u00a0 \u041b\u0415\u041a\u0421\u0418\u041a\u041e\u041d<\/h4>\n<p><strong>\u0418\u0432\u0430\u043d \u0412\u044a\u043b\u0435\u0432<\/strong> <br \/><a href=\"https:\/\/dialozi.uni-plovdiv.bg\/?p=2013\">\u041b\u0438\u0447\u0435\u043d \u043b\u0435\u043a\u0441\u0438\u043a\u043e\u043d \u043d\u0430 \u043f\u043e\u043b\u0441\u043a\u0430\u0442\u0430 \u043b\u0438\u0442\u0435\u0440\u0430\u0442\u0443\u0440\u0430<\/a> (\u043f\u0440\u043e\u0434\u044a\u043b\u0436\u0435\u043d\u0438\u0435)<\/p>\n<h4>\u00a0 \u0415\u0417\u0418\u041a\u041e\u0417\u041d\u0410\u041d\u0418\u0415<\/h4>\n<p><strong>\u0411\u043e\u0433\u0434\u0430\u043d \u0412\u0430\u043b\u0447\u0430\u043a\u00a0<\/strong><br \/><a href=\"https:\/\/dialozi.uni-plovdiv.bg\/?p=2017\">\u041d\u0430 \u043a\u043e\u0433\u043e \u0434\u044a\u043b\u0436\u0438\u043c \u043f\u043e\u043b\u0441\u043a\u0438\u044f \u043a\u043d\u0438\u0436\u043e\u0432\u0435\u043d \u0435\u0437\u0438\u043a?<\/a><br \/>\u041f\u0440\u0435\u0432\u043e\u0434 \u043e\u0442 \u043f\u043e\u043b\u0441\u043a\u0438: \u041b\u0430\u0437\u0430\u0440\u0438\u043d\u0430 \u041f\u043e\u043f\u043e\u0432\u0430<\/p>\n<p><strong>\u041c\u0430\u0440\u0438\u043e\u043b\u0430 \u0412\u0430\u043b\u0447\u0430\u043a-\u041c\u0438\u043a\u043e\u043b\u0430\u0439\u0447\u0430\u043a\u043e\u0432\u0430, \u0410\u043d\u043d\u0430 \u041f\u044c\u043e\u0442\u0440\u043e\u0432\u0438\u0447\u00a0\u00a0<\/strong><br \/><a href=\"https:\/\/dialozi.uni-plovdiv.bg\/?p=2021\">\u041f\u043e\u043b\u0441\u043a\u0430\u0442\u0430 \u043b\u0435\u043a\u0441\u0438\u043a\u0430 \u0438 \u0444\u0440\u0430\u0437\u0435\u043e\u043b\u043e\u0433\u0438\u044f, \u0441\u0432\u044a\u0440\u0437\u0430\u043d\u0430 \u0441 \u0435\u0442\u0438\u043a\u0435\u0442\u0430 \u0432 \u043f\u0440\u0438\u044f\u0442\u0435\u043b\u0441\u043a\u0438\u0442\u0435 \u043a\u0440\u044a\u0433\u043e\u0432\u0435, \u0432 \u0441\u044a\u043f\u043e\u0441\u0442\u0430\u0432\u0438\u0442\u0435\u043b\u0435\u043d \u043f\u043b\u0430\u043d<\/a>\u00a0<\/p>\n<p><strong>\u041b\u0438\u043b\u0438\u044f \u041a\u044a\u043d\u0447\u0435\u0432\u0430<\/strong> <br \/><a href=\"https:\/\/dialozi.uni-plovdiv.bg\/?p=2029\">\u0417\u0430 \u0434\u0432\u0435 \u043f\u0440\u043e\u0431\u043b\u0435\u043c\u043d\u0438 \u0433\u043b\u0430\u0433\u043e\u043b\u043d\u0438 \u0444\u043e\u0440\u043c\u0438 \u0438 \u043c\u044f\u0441\u0442\u043e\u0442\u043e \u0438\u043c \u0432 \u0441\u044a\u0432\u0440\u0435\u043c\u0435\u043d\u043d\u0438\u044f \u043f\u043e\u043b\u0441\u043a\u0438 \u0435\u0437\u0438\u043a<\/a>\u00a0<\/p>\n<h4>\u0415\u0422\u041d\u041e\u041b\u041e\u0413\u0418\u042f<\/h4>\n<p><strong>\u041a\u0440\u0430\u0441\u0438\u043c\u0438\u0440\u0430 \u041a\u0440\u044a\u0441\u0442\u0430\u043d\u043e\u0432\u0430<\/strong> <br \/><a href=\"https:\/\/dialozi.uni-plovdiv.bg\/?p=2034\">\u041f\u0440\u0435\u0434\u0441\u0442\u0430\u0432\u0438 \u0437\u0430 \u0432\u0440\u0435\u043c\u0435\u0442\u043e \u0432 \u0436\u0435\u043d\u0441\u043a\u0438\u0442\u0435 \u0442\u0435\u0445\u043d\u043e\u043b\u043e\u0433\u0438\u0447\u043d\u0438 \u0434\u0435\u0439\u043d\u043e\u0441\u0442\u0438<\/a>\u00a0<\/p>\n<p><strong>\u0418\u0432\u0430\u0439\u043b\u043e \u0418\u0432\u0430\u043d\u043e\u0432<\/strong> <br \/><a href=\"https:\/\/dialozi.uni-plovdiv.bg\/?p=2042\">\u041a\u0443\u0440\u0434\u0438\u0441\u0432\u0430\u043d\u0435 \u043d\u0430 \u0447\u0430\u0441\u043e\u0432\u043d\u0438\u0446\u0438, \u0438\u043b\u0438 \u043a\u0430\u043a \u0438 \u0437\u0430\u0449\u043e \u0441\u0430 \u0441\u0435 \u043f\u043e\u044f\u0432\u0438\u043b\u0438 \u043a\u0443\u043b\u043d\u0438\u0442\u0435 \u0447\u0430\u0441\u043e\u0432\u043d\u0438\u0446\u0438 \u043f\u043e \u0431\u044a\u043b\u0433\u0430\u0440\u0441\u043a\u0438\u0442\u0435 \u0437\u0435\u043c\u0438<\/a>\u00a0<\/p>\n<h4>\u00a0 \u0414\u0415\u0411\u042e\u0422\u0418<\/h4>\n<p><strong>\u041a\u0430\u0442\u044f \u0411\u0435\u043b\u0447\u0435\u0432\u0430<\/strong> <br \/><a href=\"https:\/\/dialozi.uni-plovdiv.bg\/?p=2137\">\u041f\u043e\u043b\u0441\u043a\u0430\u0442\u0430 \u0430\u0440\u0438\u0441\u0442\u043e\u043a\u0440\u0430\u0446\u0438\u044f (\u0425 \u2013 \u0425V \u0432.)<\/a>\u00a0<\/p>\n<h4>\u00a0 \u0415\u0422\u0410\u0416\u0415\u0420\u041a\u0410<\/h4>\n<h5>\u0421\u043b\u0430\u0432\u0438\u0441\u0442\u0438\u043a\u0430\u0442\u0430 \u0432 \u042f\u0433\u0435\u043b\u043e\u043d\u0441\u043a\u0438\u044f \u0443\u043d\u0438\u0432\u0435\u0440\u0441\u0438\u0442\u0435\u0442<\/h5>\n<p><a href=\"https:\/\/dialozi.uni-plovdiv.bg\/?p=2140\"><strong>Mieczys\u0142aw Ma\u0142ecki<\/strong><br \/>Dialekty polskie i s\u0142owia\u0144skie<\/a> <br \/>(\u0414\u0438\u0430\u043d\u0430 \u0418\u0432\u0430\u043d\u043e\u0432\u0430)<\/p>\n<p><a href=\"https:\/\/dialozi.uni-plovdiv.bg\/?p=2152\"><strong>Mieczys\u0142aw Ma\u0142ecki<\/strong><br \/>Cz\u0142owiek, uczony, organizator. W setn\u0105 rocznic\u0119 urodzin<\/a> <br \/>(\u0414\u0438\u0430\u043d\u0430 \u0418\u0432\u0430\u043d\u043e\u0432\u0430)\u00a0<\/p>\n<p><a href=\"https:\/\/dialozi.uni-plovdiv.bg\/?p=2166\"><strong>J\u0119zyk i literatura s\u0142owacka w perspektywie s\u0142owia\u0144skiej<\/strong><\/a> <br \/>(\u0414\u0438\u0430\u043d\u0430 \u0418\u0432\u0430\u043d\u043e\u0432\u0430)\u00a0<\/p>\n<h5>\u0421\u043b\u0430\u0432\u0438\u0441\u0442\u0438\u043a\u0430\u0442\u0430 \u0432 \u0428\u043b\u044c\u043e\u043d\u0441\u043a\u0438\u044f \u0443\u043d\u0438\u0432\u0435\u0440\u0441\u0438\u0442\u0435\u0442<\/h5>\n<p><a href=\"https:\/\/dialozi.uni-plovdiv.bg\/?p=2168\"><strong>Z zagadnie\u0144 literatury, kultury i j\u0119zyka<\/strong><br \/>Studia ofiarowane profesorowi Edwardowi Mo\u017cejce<\/a> <br \/>(\u0414\u0438\u0430\u043d\u0430 \u0418\u0432\u0430\u043d\u043e\u0432\u0430)\u00a0<\/p>\n<p><a href=\"https:\/\/dialozi.uni-plovdiv.bg\/?p=2170\"><strong>J\u0119zyki i tradycje s\u0142owian<\/strong><\/a> <br \/>(\u0414\u0438\u0430\u043d\u0430 \u0418\u0432\u0430\u043d\u043e\u0432\u0430)\u00a0<\/p>\n<p><a href=\"https:\/\/dialozi.uni-plovdiv.bg\/?p=2173\"><strong>Z\u0142ota moneta za s\u0142owo.<\/strong>Bu\u0142garskie bajki i legendy ludowe<\/a> <br \/>(\u0410\u0433\u043d\u0435\u0448\u043a\u0430 \u0428\u0430\u0444\u0440\u0430\u043d\u0441\u043a\u0430)\u00a0<\/p>\n<p><strong>Sonja W\u00f6lke<\/strong><br \/><a href=\"https:\/\/dialozi.uni-plovdiv.bg\/?p=2179\">Geschichte Der Sorbischen Grammatik \u2013 Schreibung<\/a> <br \/>(\u0415\u043b\u0435\u043d\u0430 \u041b\u044e\u0431\u0435\u043d\u043e\u0432\u0430)\u00a0<\/p>\n<p><strong>\u042e\u043b\u0438\u044f \u041d\u0438\u043a\u043e\u043b\u043e\u0432\u0430<\/strong><br \/><a href=\"https:\/\/dialozi.uni-plovdiv.bg\/?p=2183\">\u0414\u043e\u0441\u0442\u043e\u0439\u043d\u043e \u0435\u0441\u0442\u044c. \u0421\u0432\u0438\u0449\u043e\u0432 \u043f\u0440\u0435\u0437 \u0434\u0435\u0432\u0435\u0442\u043d\u0430\u0434\u0435\u0441\u0435\u0442\u0438\u044f \u0438 \u043f\u044a\u0440\u0432\u043e\u0442\u043e \u0434\u0435\u0441\u0435\u0442\u0438\u043b\u0435\u0442\u0438\u0435 \u043d\u0430 \u0425\u0425 \u0432\u0435\u043a. \u041b\u0438\u0447\u043d\u043e\u0441\u0442\u0438. \u0421\u044a\u0431\u0438\u0442\u0438\u044f. \u0424\u0430\u043a\u0442\u0438.<\/a> <br \/>(\u0421\u0432\u0435\u0442\u043b\u0430 \u0421\u0442\u0440\u0430\u0448\u0438\u043c\u0438\u0440\u043e\u0432\u0430)\u00a0<\/p>\n<p><strong>\u0410\u0434\u0430\u043c \u041c\u0438\u0446\u043a\u0435\u0432\u0438\u0447<\/strong><br \/><a href=\"https:\/\/dialozi.uni-plovdiv.bg\/?p=2185\">\u0410\u043d\u0433\u0435\u043b \u043f\u0440\u0435\u043b\u0435\u0442\u044f. \u041b\u044e\u0431\u043e\u0432\u043d\u0430 \u043b\u0438\u0440\u0438\u043a\u0430<\/a>. <br \/>(\u0416\u043e\u0440\u0436\u0435\u0442\u0430 \u0427\u043e\u043b\u0430\u043a\u043e\u0432\u0430)\u00a0<\/p>\n<p><strong>S\u0142awomir Mro\u017cek<\/strong><br \/><a href=\"https:\/\/dialozi.uni-plovdiv.bg\/?p=2187\">Baltazar. Autobiografia<\/a> <br \/>(\u041c\u0438\u043d\u0430 \u0421\u0442\u043e\u0439\u043d\u043e\u0432\u0430)\u00a0<\/p>\n<h4>\u00a0 \u0425\u0420\u041e\u041d\u0418\u041a\u0410<\/h4>\n<p><a href=\"https:\/\/dialozi.uni-plovdiv.bg\/?p=1957\"><strong>\u041d\u0430\u0433\u0440\u0430\u0434\u0430\u0442\u0430 \u201e\u041d\u0418\u041a\u0415\u201c<\/strong><\/a> <br \/>(\u041c\u0438\u043d\u0430 \u0421\u0442\u043e\u0439\u043d\u043e\u0432\u0430)<\/p>\n<p><strong>\u041c\u043e\u043d\u0438\u043a\u0430 \u0425\u0430\u0440\u043b\u043e\u0436\u0438\u043d\u0441\u043a\u0430<\/strong> <br \/><a href=\"https:\/\/dialozi.uni-plovdiv.bg\/?p=2193\">\u0420\u0438\u0448\u0430\u0440\u0434 \u041a\u0430\u043f\u0443\u0448\u0447\u0438\u043d\u0441\u043a\u0438 \u2013 \u043a\u0440\u0430\u043b\u044f\u0442 \u043d\u0430 \u0440\u0435\u043f\u043e\u0440\u0442\u0430\u0436\u0430<\/a>\u00a0(in memoriam)<\/p>\n<p><strong>\u0420\u0438\u0448\u0430\u0440\u0434 \u041a\u0430\u043f\u0443\u0448\u0447\u0438\u043d\u0441\u043a\u0438<\/strong> <br \/><a href=\"https:\/\/dialozi.uni-plovdiv.bg\/?p=2196\">\u041b\u0430\u043f\u0438\u0434\u0430\u0440\u0438\u0443\u043c V\u0406 (\u041e\u0442\u043a\u044a\u0441)<\/a> <br \/>\u041f\u0440\u0435\u0432\u043e\u0434 \u043e\u0442 \u043f\u043e\u043b\u0441\u043a\u0438: \u041c\u0438\u043d\u0430 \u0421\u0442\u043e\u0439\u043d\u043e\u0432\u0430<\/p>\n<h4><\/p>","protected":false},"excerpt":{"rendered":"\u00a0 \u041f\u0410\u041c\u0415\u0422 \u0419\u0435\u0436\u0438 \u0413\u0435\u0434\u0440\u043e\u0439\u0447 (\u0410\u043b\u0435\u043a\u0441\u0430\u043d\u0434\u0440\u0430 \u041c\u0438\u0445\u0430\u043b\u0441\u043a\u0430) \u00a0 \u0414\u0418\u0410\u041b\u041e\u0417\u0418 \u0413\u0430\u043b\u0430\u043a\u0442\u0438\u043a\u0430\u0442\u0430 \u043d\u0430 \u0421\u0442\u0430\u043d\u0438\u0441\u043b\u0430\u0432 \u041b\u0435\u043c (\u0418\u043d\u0442\u0435\u0440\u0432\u044e \u043d\u0430 \u041e\u0433\u043d\u044f\u043d \u0421\u0430\u043f\u0430\u0440\u0435\u0432) \u00a0 ART \u041a\u0448\u0438\u0449\u043e\u0444 \u041a\u0435\u0448\u043b\u043e\u0432\u0441\u043a\u0438 (\u0410\u043b\u0435\u043a\u0441\u0430\u043d\u0434\u0440\u0430 \u041c\u0438\u0445\u0430\u043b\u0441\u043a\u0430) \u0422\u0430\u043c\u0430\u0440\u0430 \u0434\u0435 \u041b\u0435\u043c\u043f\u0438\u0446\u043a\u0430 \u2013 La Belle \u0420olonaise (\u0421\u0438\u043b\u0432\u0438\u044f \u0414\u043e\u043d\u0447\u0435\u0432\u0430) \u00a0 \u041f\u0420\u0415\u0412\u041e\u0414\u0410\u0427\u0415\u0421\u041a\u0418 \u0420\u0410\u041a\u0423\u0420\u0421\u0418 \u0410\u0442\u0430\u043d\u0430\u0441 \u0414\u0430\u043b\u0447\u0435\u0432 \u0421\u0442\u0438\u0445\u043e\u0442\u0432\u043e\u0440\u0435\u043d\u0438\u044f\u00a0\u041f\u0440\u0435\u0432\u043e\u0434 \u043d\u0430 \u043f\u043e\u043b\u0441\u043a\u0438: \u0410\u043d\u043d\u0430 \u041a\u0430\u043c\u0435\u043d\u0441\u043a\u0430 \u041f\u0440\u0435\u0432\u043e\u0434 \u043d\u0430 \u0441\u0440\u044a\u0431\u0441\u043a\u0438: \u0412\u0435\u0440\u0430 \u0411\u0430\u043b\u0435\u043d\u0442\u043e\u0432\u0438\u0447, \u0412\u043b\u0430\u0434\u0430 \u0423\u0440\u043e\u0448\u0435\u0432\u0438\u0447, \u041c\u0438\u043b\u0430 \u0412\u0430\u0441\u043e\u0432\u041f\u0440\u0435\u0432\u043e\u0434 \u043d\u0430 \u0440\u0443\u0441\u043a\u0438: \u041c\u0430\u0440\u0438\u044f \u041f\u0435\u0442\u0440\u043e\u0432\u0438\u0445 \u041d\u0435 [&hellip;]","protected":false},"author":1,"featured_media":0,"parent":27,"menu_order":6,"comment_status":"closed","ping_status":"open","template":"","meta":{"_acf_changed":false,"footnotes":""},"class_list":["post-46","page","type-page","status-publish","hentry"],"acf":[],"_links":{"self":[{"href":"https:\/\/dialozi.uni-plovdiv.bg\/index.php?rest_route=\/wp\/v2\/pages\/46","targetHints":{"allow":["GET"]}}],"collection":[{"href":"https:\/\/dialozi.uni-plovdiv.bg\/index.php?rest_route=\/wp\/v2\/pages"}],"about":[{"href":"https:\/\/dialozi.uni-plovdiv.bg\/index.php?rest_route=\/wp\/v2\/types\/page"}],"author":[{"embeddable":true,"href":"https:\/\/dialozi.uni-plovdiv.bg\/index.php?rest_route=\/wp\/v2\/users\/1"}],"replies":[{"embeddable":true,"href":"https:\/\/dialozi.uni-plovdiv.bg\/index.php?rest_route=%2Fwp%2Fv2%2Fcomments&post=46"}],"version-history":[{"count":38,"href":"https:\/\/dialozi.uni-plovdiv.bg\/index.php?rest_route=\/wp\/v2\/pages\/46\/revisions"}],"predecessor-version":[{"id":8617,"href":"https:\/\/dialozi.uni-plovdiv.bg\/index.php?rest_route=\/wp\/v2\/pages\/46\/revisions\/8617"}],"up":[{"embeddable":true,"href":"https:\/\/dialozi.uni-plovdiv.bg\/index.php?rest_route=\/wp\/v2\/pages\/27"}],"wp:attachment":[{"href":"https:\/\/dialozi.uni-plovdiv.bg\/index.php?rest_route=%2Fwp%2Fv2%2Fmedia&parent=46"}],"curies":[{"name":"wp","href":"https:\/\/api.w.org\/{rel}","templated":true}]}}