{"id":4606,"date":"2021-02-27T20:34:26","date_gmt":"2021-02-27T18:34:26","guid":{"rendered":"https:\/\/dialozi.uni-plovdiv.bg\/?page_id=4606"},"modified":"2024-05-11T16:43:53","modified_gmt":"2024-05-11T14:43:53","slug":"%d1%8f%d0%ba%d1%83%d0%b1-%d0%bc%d0%b8%d0%ba%d1%83%d0%bb%d0%b5%d1%86%d0%ba%d0%b8","status":"publish","type":"page","link":"https:\/\/dialozi.uni-plovdiv.bg\/?page_id=4606","title":{"rendered":"\u042f\u043a\u0443\u0431 \u041c\u0438\u043a\u0443\u043b\u0435\u0446\u043a\u0438"},"content":{"rendered":"<p>\u0414-\u0440 \u042f\u043a\u0443\u0431 \u041c\u0418\u041a\u0423\u041b\u0415\u0426\u041a\u0418 (Jakub Mikuleck\u00fd, jakub.mikulecky@abv.bg) \u0435 \u0437\u0430\u0432\u044a\u0440\u0448\u0438\u043b \u0441\u043b\u0430\u0432\u0438\u0441\u0442\u0438\u043a\u0430 \u0432 \u0423\u043d\u0438\u0432\u0435\u0440\u0441\u0438\u0442\u0435\u0442\u0430 \u0432 \u041f\u0430\u0440\u0434\u0443\u0431\u0438\u0446\u0435, \u0427\u0435\u0445\u0438\u044f. \u041f\u0440\u0435\u0437 2016 \u0433. \u0437\u0430\u0449\u0438\u0442\u0430\u0432\u0430 \u0434\u043e\u043a\u0442\u043e\u0440\u0430\u0442 \u0432 \u041f\u0423 \u201e\u041f\u0430\u0438\u0441\u0438\u0439 \u0425\u0438\u043b\u0435\u043d\u0434\u0430\u0440\u0441\u043a\u0438\u201c \u043d\u0430 \u0442\u0435\u043c\u0430 \u201e\u0415\u0433\u043e\u043d \u0411\u043e\u043d\u0434\u0438, \u0438\u043b\u0438 \u0437\u0430 \u043f\u043e\u0435\u0442\u0438\u043a\u0430\u0442\u0430 \u043d\u0430 \u0447\u0435\u0448\u043a\u0438\u044f \u044a\u043d\u0434\u044a\u0440\u0433\u0440\u0430\u0443\u043d\u0434\u201c. \u0412 \u043c\u043e\u043c\u0435\u043d\u0442\u0430 \u0440\u0430\u0431\u043e\u0442\u0438 \u0432 \u0421\u043b\u0430\u0432\u044f\u043d\u0441\u043a\u0438\u044f \u0438\u043d\u0441\u0442\u0438\u0442\u0443\u0442 \u043f\u0440\u0438 \u0427\u0435\u0448\u043a\u0430\u0442\u0430 \u0430\u043a\u0430\u0434\u0435\u043c\u0438\u044f \u043d\u0430 \u043d\u0430\u0443\u043a\u0438\u0442\u0435 \u0432 \u041f\u0440\u0430\u0433\u0430. \u0417\u0430\u043d\u0438\u043c\u0430\u0432\u0430 \u0441\u0435 \u043f\u0440\u0435\u0434\u0438\u043c\u043d\u043e \u0441 \u0438\u0441\u0442\u043e\u0440\u0438\u044f \u043d\u0430 \u0441\u043b\u0430\u0432\u044f\u043d\u0441\u043a\u0438\u0442\u0435 \u043b\u0438\u0442\u0435\u0440\u0430\u0442\u0443\u0440\u0438 \u043e\u0442 \u0432\u0442\u043e\u0440\u0430\u0442\u0430 \u043f\u043e\u043b\u043e\u0432\u0438\u043d\u0430 \u043d\u0430 XX \u0432\u0435\u043a \u0438 \u0441 \u044a\u043d\u0434\u044a\u0440\u0433\u0440\u0430\u0443\u043d\u0434 \u043a\u0443\u043b\u0442\u0443\u0440\u0430\u0442\u0430 \u0432 \u0441\u0442\u0440\u0430\u043d\u0438\u0442\u0435 \u043e\u0442 \u0418\u0437\u0442\u043e\u0447\u043d\u0438\u044f \u0431\u043b\u043e\u043a. \u0410\u0432\u0442\u043e\u0440 \u0435 \u043d\u0430 \u043c\u043e\u043d\u043e\u0433\u0440\u0430\u0444\u0438\u044f\u0442\u0430 <em>\u041c\u0435\u0436\u0434\u0443 \u0434\u0438\u0441\u0438\u0434\u0435\u043d\u0442\u0441\u0442\u0432\u043e\u0442\u043e, \u044a\u043d\u044a\u0434\u0440\u0433\u0440\u0430\u0443\u043d\u0434\u0430 \u0438 \u0441\u0438\u0432\u0430\u0442\u0430 \u0437\u043e\u043d\u0430. \u041d\u0435\u043e\u0444\u0438\u0446\u0438\u0430\u043b\u043d\u0430\u0442\u0430 \u0431\u044a\u043b\u0433\u0430\u0440\u0441\u043a\u0430 \u043b\u0438\u0442\u0435\u0440\u0430\u0442\u0443\u0440\u0430 1944 \u2013 1989<\/em> (<em>Mezi disentem, undergroundem a \u0161edou z\u00f3nou. Neofici\u00e1ln\u00ed bulharsk\u00e1 literatura 1944 \u2013 1989<\/em>, 2021).<\/p>\n\n\n<h3 class=\"wp-block-heading\">\u0421\u0442\u0430\u0442\u0438\u0438<\/h3>\n\n\n\n<p><a href=\"https:\/\/dialozi.uni-plovdiv.bg\/?p=17603\">\u0418\u0440\u0435\u043d\u0435 \u0414\u043e\u043b\u0441\u043a\u0430, \u0438\u043b\u0438 \u041f\u0430\u043c\u0435\u0442\u0442\u0430 \u0437\u0430 \u0441\u0442\u0430\u043b\u0438\u043d\u0438\u0437\u043c\u0430 \u0432 \u0411\u044a\u043b\u0433\u0430\u0440\u0438\u044f. \u041f\u043e\u0433\u043b\u0435\u0434 \u0432\u044a\u0440\u0445\u0443 \u043b\u0438\u0442\u0435\u0440\u0430\u0442\u0443\u0440\u043d\u043e\u0442\u043e \u0442\u0432\u043e\u0440\u0447\u0435\u0441\u0442\u0432\u043e \u043d\u0430 \u0435\u0434\u043d\u0430 \u0431\u044a\u043b\u0433\u0430\u0440\u0441\u043a\u0430 \u0435\u043c\u0438\u0433\u0440\u0430\u043d\u0442\u043a\u0430 \u0432 \u0418\u0442\u0430\u043b\u0438\u044f<\/a>. \/\/ <a href=\"https:\/\/dialozi.uni-plovdiv.bg\/?page_id=17148\"><em>\u0421\u043b\u0430\u0432\u044f\u043d\u0441\u043a\u0438 \u0434\u0438\u0430\u043b\u043e\u0437\u0438<\/em>, \u0425\u0425, 2003, 32<\/a>.<\/p>\n\n\n\n<p><a href=\"https:\/\/dialozi.uni-plovdiv.bg\/?p=4907\">\u041a\u0443\u043b\u0442\u0443\u0440\u0430 \u0438 \u043a\u043e\u043d\u0442\u0440\u0430\u043a\u0443\u043b\u0442\u0443\u0440\u0430. \u0418\u043d\u0432\u0430\u0437\u0438\u044f \u043d\u0430 \u043a\u0435\u043d\u0442\u0430\u0432\u0440\u0438\u0442\u0435 \u0432 \u0441\u043e\u0446\u0438\u0430\u043b\u0438\u0441\u0442\u0438\u0447\u0435\u0441\u043a\u0438\u044f \u0440\u0430\u0439.<\/a> \/\/ <a href=\"https:\/\/dialozi.uni-plovdiv.bg\/?page_id=4159\"><em>\u0421\u043b\u0430\u0432\u044f\u043d\u0441\u043a\u0438 \u0434\u0438\u0430\u043b\u043e\u0437\u0438<\/em>, XVI, 2019, 24<\/a>, 7-34.<\/p>\n\n\n\n<p><a href=\"https:\/\/dialozi.uni-plovdiv.bg\/?p=2586\">\u0414\u0440\u0430\u043c\u0430\u0442\u0443\u0440\u0433\u0438\u044f\u0442\u0430 \u043d\u0430 \u0415\u0433\u043e\u043d \u0411\u043e\u043d\u0434\u0438 \u0432 \u043a\u043e\u043d\u0442\u0435\u043a\u0441\u0442\u0430 \u043d\u0430 \u0447\u0435\u0448\u043a\u0430\u0442\u0430 \u043b\u0438\u0442\u0435\u0440\u0430\u0442\u0443\u0440\u0430.<\/a> \/\/ <a href=\"https:\/\/dialozi.uni-plovdiv.bg\/?page_id=490\"><em>\u0421\u043b\u0430\u0432\u044f\u043d\u0441\u043a\u0438 \u0434\u0438\u0430\u043b\u043e\u0437\u0438<\/em>, XI, 2014, 15<\/a>, 145-155.<\/p>\n\n\n\n<h3 class=\"wp-block-heading\">\u041f\u0440\u0435\u0432\u043e\u0434\u0438<\/h3>\n\n\n\n<p><a href=\"https:\/\/dialozi.uni-plovdiv.bg\/?p=4941\">\u0415\u0433\u043e\u043d \u0411\u043e\u043d\u0434\u0438. \u0420\u0430\u0431\u043e\u0442\u043d\u0430 \u0432\u0438\u0437\u0438\u0442\u0430. <\/a>(\u0421\u044a\u0432\u043c\u0435\u0441\u0442\u0435\u043d \u043f\u0440\u0435\u0432\u043e\u0434 \u0441 <a href=\"https:\/\/dialozi.uni-plovdiv.bg\/?page_id=4623\">\u0416\u043e\u0440\u0436\u0435\u0442\u0430 \u0427\u043e\u043b\u0430\u043a\u043e\u0432\u0430<\/a>). \/\/ <em> <a href=\"https:\/\/dialozi.uni-plovdiv.bg\/?page_id=4159\"><em>\u0421\u043b\u0430\u0432\u044f\u043d\u0441\u043a\u0438 \u0434\u0438\u0430\u043b\u043e\u0437\u0438<\/em>, <\/a><\/em><a href=\"https:\/\/dialozi.uni-plovdiv.bg\/?page_id=4159\">XVI, 2019, 24<\/a>,<em>  <\/em>170-195.<\/p>\n\n\n\n<p><\/p>","protected":false},"excerpt":{"rendered":"\u0414-\u0440 \u042f\u043a\u0443\u0431 \u041c\u0418\u041a\u0423\u041b\u0415\u0426\u041a\u0418 (Jakub Mikuleck\u00fd, jakub.mikulecky@abv.bg) \u0435 \u0437\u0430\u0432\u044a\u0440\u0448\u0438\u043b \u0441\u043b\u0430\u0432\u0438\u0441\u0442\u0438\u043a\u0430 \u0432 \u0423\u043d\u0438\u0432\u0435\u0440\u0441\u0438\u0442\u0435\u0442\u0430 \u0432 \u041f\u0430\u0440\u0434\u0443\u0431\u0438\u0446\u0435, \u0427\u0435\u0445\u0438\u044f. \u041f\u0440\u0435\u0437 2016 \u0433. \u0437\u0430\u0449\u0438\u0442\u0430\u0432\u0430 \u0434\u043e\u043a\u0442\u043e\u0440\u0430\u0442 \u0432 \u041f\u0423 \u201e\u041f\u0430\u0438\u0441\u0438\u0439 \u0425\u0438\u043b\u0435\u043d\u0434\u0430\u0440\u0441\u043a\u0438\u201c \u043d\u0430 \u0442\u0435\u043c\u0430 \u201e\u0415\u0433\u043e\u043d \u0411\u043e\u043d\u0434\u0438, \u0438\u043b\u0438 \u0437\u0430 \u043f\u043e\u0435\u0442\u0438\u043a\u0430\u0442\u0430 \u043d\u0430 \u0447\u0435\u0448\u043a\u0438\u044f \u044a\u043d\u0434\u044a\u0440\u0433\u0440\u0430\u0443\u043d\u0434\u201c. \u0412 \u043c\u043e\u043c\u0435\u043d\u0442\u0430 \u0440\u0430\u0431\u043e\u0442\u0438 \u0432 \u0421\u043b\u0430\u0432\u044f\u043d\u0441\u043a\u0438\u044f \u0438\u043d\u0441\u0442\u0438\u0442\u0443\u0442 \u043f\u0440\u0438 \u0427\u0435\u0448\u043a\u0430\u0442\u0430 \u0430\u043a\u0430\u0434\u0435\u043c\u0438\u044f \u043d\u0430 \u043d\u0430\u0443\u043a\u0438\u0442\u0435 \u0432 \u041f\u0440\u0430\u0433\u0430. \u0417\u0430\u043d\u0438\u043c\u0430\u0432\u0430 \u0441\u0435 \u043f\u0440\u0435\u0434\u0438\u043c\u043d\u043e \u0441 \u0438\u0441\u0442\u043e\u0440\u0438\u044f \u043d\u0430 \u0441\u043b\u0430\u0432\u044f\u043d\u0441\u043a\u0438\u0442\u0435 \u043b\u0438\u0442\u0435\u0440\u0430\u0442\u0443\u0440\u0438 \u043e\u0442 [&hellip;]","protected":false},"author":348,"featured_media":0,"parent":1597,"menu_order":0,"comment_status":"closed","ping_status":"closed","template":"","meta":{"_acf_changed":false,"footnotes":""},"class_list":["post-4606","page","type-page","status-publish","hentry"],"acf":[],"_links":{"self":[{"href":"https:\/\/dialozi.uni-plovdiv.bg\/index.php?rest_route=\/wp\/v2\/pages\/4606","targetHints":{"allow":["GET"]}}],"collection":[{"href":"https:\/\/dialozi.uni-plovdiv.bg\/index.php?rest_route=\/wp\/v2\/pages"}],"about":[{"href":"https:\/\/dialozi.uni-plovdiv.bg\/index.php?rest_route=\/wp\/v2\/types\/page"}],"author":[{"embeddable":true,"href":"https:\/\/dialozi.uni-plovdiv.bg\/index.php?rest_route=\/wp\/v2\/users\/348"}],"replies":[{"embeddable":true,"href":"https:\/\/dialozi.uni-plovdiv.bg\/index.php?rest_route=%2Fwp%2Fv2%2Fcomments&post=4606"}],"version-history":[{"count":34,"href":"https:\/\/dialozi.uni-plovdiv.bg\/index.php?rest_route=\/wp\/v2\/pages\/4606\/revisions"}],"predecessor-version":[{"id":18102,"href":"https:\/\/dialozi.uni-plovdiv.bg\/index.php?rest_route=\/wp\/v2\/pages\/4606\/revisions\/18102"}],"up":[{"embeddable":true,"href":"https:\/\/dialozi.uni-plovdiv.bg\/index.php?rest_route=\/wp\/v2\/pages\/1597"}],"wp:attachment":[{"href":"https:\/\/dialozi.uni-plovdiv.bg\/index.php?rest_route=%2Fwp%2Fv2%2Fmedia&parent=4606"}],"curies":[{"name":"wp","href":"https:\/\/api.w.org\/{rel}","templated":true}]}}