{"id":4641,"date":"2021-02-27T21:08:59","date_gmt":"2021-02-27T19:08:59","guid":{"rendered":"https:\/\/dialozi.uni-plovdiv.bg\/?page_id=4641"},"modified":"2022-08-25T11:53:15","modified_gmt":"2022-08-25T09:53:15","slug":"%d0%b4%d0%b8%d0%bc%d0%b0%d0%bd%d0%b0-%d0%b8%d0%b2%d0%b0%d0%bd%d0%be%d0%b2%d0%b0","status":"publish","type":"page","link":"https:\/\/dialozi.uni-plovdiv.bg\/?page_id=4641","title":{"rendered":"\u0414\u0438\u043c\u0430\u043d\u0430 \u0418\u0432\u0430\u043d\u043e\u0432\u0430"},"content":{"rendered":"<p>\u0414-\u0440 \u0414\u0438\u043c\u0430\u043d\u0430 \u0418\u0412\u0410\u041d\u041e\u0412\u0410 (ivanova@czech.cz) \u0435 \u0437\u0430\u0432\u044a\u0440\u0448\u0438\u043b\u0430 \u0441\u043b\u0430\u0432\u044f\u043d\u0441\u043a\u0430<br>\u0444\u0438\u043b\u043e\u043b\u043e\u0433\u0438\u044f (\u0431\u043e\u0445\u0435\u043c\u0438\u0441\u0442\u0438\u043a\u0430) \u0432 \u0421\u043e\u0444\u0438\u0439\u0441\u043a\u0438\u044f \u0443\u043d\u0438\u0432\u0435\u0440\u0441\u0438\u0442\u0435\u0442 \u201e\u0421\u0432. \u041a\u043b\u0438\u043c\u0435\u043d\u0442 \u041e\u0445\u0440\u0438\u0434\u0441\u043a\u0438\u201c. \u0414\u0438\u0441\u0435\u0440\u0442\u0430\u0446\u0438\u043e\u043d\u043d\u0438\u044f \u0441\u0438 \u0442\u0440\u0443\u0434 \u043d\u0430 \u0442\u0435\u043c\u0430 \u201eKoncepce lyrick\u00e9ho subjektu v poezii \u010desk\u00fdch dekadent\u016f v srovn\u00e1vac\u00edm aspektu\u201c (\u201e\u041a\u043e\u043d\u0446\u0435\u043f\u0446\u0438\u044f\u0442\u0430 \u0437\u0430 \u043b\u0438\u0440\u0438\u0447\u0435\u0441\u043a\u0438\u044f \u0441\u0443\u0431\u0435\u043a\u0442 \u0432 \u043f\u043e\u0435\u0437\u0438\u044f\u0442\u0430 \u043d\u0430 \u0447\u0435\u0448\u043a\u0438\u0442\u0435 \u0434\u0435\u043a\u0430\u0434\u0435\u043d\u0442\u0438 \u0432 \u0441\u0440\u0430\u0432\u043d\u0438\u0442\u0435\u043b\u0435\u043d \u0430\u0441\u043f\u0435\u043a\u0442\u201c) \u0435 \u0437\u0430\u0449\u0438\u0442\u0438\u043b\u0430 \u043f\u0440\u0435\u0437 2011 \u0433. \u0432\u044a\u0432 \u0424\u0438\u043b\u043e\u0441\u043e\u0444\u0441\u043a\u0438\u044f \u0444\u0430\u043a\u0443\u043b\u0442\u0435\u0442 \u043d\u0430 \u041a\u0430\u0440\u043b\u043e\u0432\u0438\u044f \u0443\u043d\u0438\u0432\u0435\u0440\u0441\u0438\u0442\u0435\u0442 \u0432 \u041f\u0440\u0430\u0433\u0430. \u0418\u0437\u0441\u043b\u0435\u0434\u043e\u0432\u0430\u0442\u0435\u043b\u0441\u043a\u0438\u0442\u0435 \u045d \u0438\u043d\u0442\u0435\u0440\u0435\u0441\u0438 \u0441\u0430 \u0432 \u043e\u0431\u043b\u0430\u0441\u0442\u0442\u0430 \u043d\u0430 \u0441\u0440\u0430\u0432\u043d\u0438\u0442\u0435\u043b\u043d\u043e\u0442\u043e \u043b\u0438\u0442\u0435\u0440\u0430\u0442\u0443\u0440\u043e\u0437\u043d\u0430\u043d\u0438\u0435, \u0441\u044a\u0432\u0440\u0435\u043c\u0435\u043d\u043d\u0430\u0442\u0430 \u0447\u0435\u0448\u043a\u0430 \u0438 \u0441\u043b\u043e\u0432\u0430\u0448\u043a\u0430 \u043f\u043e\u0435\u0437\u0438\u044f, \u0442\u0435\u043e\u0440\u0438\u044f\u0442\u0430 \u043d\u0430 \u043f\u0440\u0435\u0432\u043e\u0434\u0430. \u0417\u0430\u043d\u0438\u043c\u0430\u0432\u0430 \u0441\u0435 \u0441 \u043f\u0438\u0441\u0430\u043d\u0435 \u0438 \u043f\u0440\u0435\u0432\u043e\u0434 \u043d\u0430 \u043f\u043e\u0435\u0437\u0438\u044f, \u0430\u0432\u0442\u043e\u0440 \u0435 \u043d\u0430 \u0442\u0440\u0438 \u0441\u0442\u0438\u0445\u043e\u0441\u0431\u0438\u0440\u043a\u0438: <em>\u041f\u043e\u043a\u0430\u043d\u0430 \u0437\u0430 \u0431\u0430\u0449\u0430<\/em> (2012) \u0438 <em>\u0410\u0437\u0431\u0443\u043a\u0430 \u043d\u0430 \u0436\u0435\u043b\u0430\u043d\u0438\u044f\u0442\u0430<\/em> (2016) \u0438 \u0438\u0437\u0434\u0430\u0434\u0435\u043d\u0430\u0442\u0430 \u043d\u0430 \u0441\u043b\u043e\u0432\u0430\u0448\u043a\u0438 <em>Som jako morsk\u00e1 voda<\/em> (<em>\u0410\u0437 \u0441\u044a\u043c \u043a\u0430\u0442\u043e \u043c\u043e\u0440\u0441\u043a\u0430 \u0432\u043e\u0434\u0430<\/em>, 2018). \u041d\u043e\u0441\u0438\u0442\u0435\u043b\u043a\u0430 \u0435 \u043d\u0430 \u043d\u044f\u043a\u043e\u043b\u043a\u043e \u043c\u0435\u0436\u0434\u0443\u043d\u0430\u0440\u043e\u0434\u043d\u0438 \u043d\u0430\u0433\u0440\u0430\u0434\u0438 \u0437\u0430 \u043f\u043e\u0435\u0437\u0438\u044f, \u043a\u0430\u043a\u0442\u043e \u0438 \u043d\u0430 \u043d\u0430\u0433\u0440\u0430\u0434\u0430\u0442\u0430 \u043d\u0430 \u0421\u044a\u044e\u0437\u0430 \u043d\u0430 \u043f\u0440\u0435\u0432\u043e\u0434\u0430\u0447\u0438\u0442\u0435 \u0432 \u0411\u044a\u043b\u0433\u0430\u0440\u0438\u044f \u0437\u0430 \u044f\u0440\u043a\u0438 \u043f\u043e\u0441\u0442\u0438\u0436\u0435\u043d\u0438\u044f \u0432 \u043e\u0431\u043b\u0430\u0441\u0442\u0442\u0430 \u043d\u0430 \u043f\u0440\u0435\u0432\u043e\u0434\u0430 \u043e\u0442 \u0431\u044a\u043b\u0433\u0430\u0440\u0441\u043a\u0438 \u043d\u0430 \u0447\u0443\u0436\u0434 \u0435\u0437\u0438\u043a \u0437\u0430 2018 \u0433. \u0427\u043b\u0435\u043d \u0435 \u043d\u0430 \u0421\u044a\u044e\u0437\u0430 \u043d\u0430 \u0431\u044a\u043b\u0433\u0430\u0440\u0441\u043a\u0438\u0442\u0435 \u043f\u0440\u0435\u0432\u043e\u0434\u0430\u0447\u0438, \u043d\u0430 \u0427\u0435\u0448\u043a\u043e-\u0441\u043b\u043e\u0432\u0430\u0448\u043a\u0430\u0442\u0430 \u0430\u0441\u043e\u0446\u0438\u0430\u0446\u0438\u044f \u043f\u043e \u0441\u0440\u0430\u0432\u043d\u0438\u0442\u0435\u043b\u043d\u043e \u043b\u0438\u0442\u0435\u0440\u0430\u0442\u0443\u0440\u043e\u0437\u043d\u0430\u043d\u0438\u0435 \u0438 \u043d\u0430 \u0421\u044a\u044e\u0437\u0430 \u043d\u0430 \u0447\u0435\u0448\u043a\u0438\u0442\u0435 \u0436\u0443\u0440\u043d\u0430\u043b\u0438\u0441\u0442\u0438. \u0412 \u043c\u043e\u043c\u0435\u043d\u0442\u0430 \u0440\u0430\u0431\u043e\u0442\u0438 \u0432 \u0427\u0435\u0448\u043a\u0438\u044f \u0446\u0435\u043d\u0442\u044a\u0440 \u0432 \u0421\u043e\u0444\u0438\u044f \u043a\u0430\u0442\u043e \u043a\u043e\u043e\u0440\u0434\u0438\u043d\u0430\u0442\u043e\u0440 \u043d\u0430 \u043b\u0438\u0442\u0435\u0440\u0430\u0442\u0443\u0440\u043d\u0438 \u0438 \u043e\u0431\u0440\u0430\u0437\u043e\u0432\u0430\u0442\u0435\u043b\u043d\u0438 \u043f\u0440\u043e\u0435\u043a\u0442\u0438.<\/p>\n\n\n<h3 class=\"wp-block-heading\">\u0421\u0442\u0430\u0442\u0438\u0438<\/h3>\n\n\n\n<p><a href=\"https:\/\/dialozi.uni-plovdiv.bg\/?p=5607\">\u0417\u0430 \u0440\u043e\u043b\u044f\u0442\u0430 \u043d\u0430 \u043c\u043e\u0434\u0430\u0442\u0430 \u0438 \u043e\u0431\u043b\u0435\u043a\u043b\u043e\u0442\u043e \u0432 \u0434\u0435\u043d\u0434\u0438\u0437\u043c\u0430 \u043a\u0430\u0442\u043e \u043b\u0438\u0442\u0435\u0440\u0430\u0442\u0443\u0440\u043d\u043e\u0438\u0441\u0442\u043e\u0440\u0438\u0447\u0435\u0441\u043a\u043e \u0438 \u0441\u043e\u0446\u0438\u0430\u043b\u043d\u043e \u044f\u0432\u043b\u0435\u043d\u0438\u0435. \u0421\u0442\u0438\u043b\u0438\u0437\u0430\u0446\u0438\u0438 \u043d\u0430 \u0434\u0435\u043d\u0434\u0438\u0442\u043e  \/\/ <a href=\"https:\/\/dialozi.uni-plovdiv.bg\/?page_id=29&amp;lang=ru\"><em>\u0421\u043b\u0430\u0432\u044f\u043d\u0441\u043a\u0438 \u0434\u0438\u0430\u043b\u043e\u0437\u0438<\/em>, VII, 2010, 10-11<\/a>, 149-156.<\/a><\/p>\n\n\n\n<p><a href=\"https:\/\/dialozi.uni-plovdiv.bg\/?p=2350\">\u0417\u0430 \u0435\u0434\u043d\u0430 \u0432\u043f\u0435\u0447\u0430\u0442\u043b\u044f\u0432\u0430\u0449\u0430 \u0447\u0435\u0448\u043a\u043e-\u0431\u044a\u043b\u0433\u0430\u0440\u0441\u043a\u0430 \u043a\u043e\u043d\u0444\u0435\u0440\u0435\u043d\u0446\u0438\u044f | \u0421\u043b\u0430\u0432\u044f\u043d\u0441\u043a\u0438 \u0434\u0438\u0430\u043b\u043e\u0437\u0438 (uni-plovdiv.bg)<\/a><\/p>\n\n\n\n<h3 class=\"wp-block-heading\">\u0418\u043d\u0442\u0435\u0440\u0432\u044e\u0442\u0430<\/h3>\n\n\n\n<p><a href=\"https:\/\/dialozi.uni-plovdiv.bg\/?p=3771\">\u0419\u0435\u0436\u0438 \u0421\u0442\u0430\u0448\u0435\u0432\u0438\u0447 \u201e\u041d\u0430\u0434 \u0441\u0435\u0431\u0435 \u0441\u0438 \u0441\u0435 \u0441\u043a\u043b\u0430\u043d\u044f\u043c\u201c | \u0421\u043b\u0430\u0432\u044f\u043d\u0441\u043a\u0438 \u0434\u0438\u0430\u043b\u043e\u0437\u0438 (uni-plovdiv.bg)<\/a><\/p>\n\n\n\n<h3 class=\"wp-block-heading\">\u041f\u0440\u0435\u0432\u043e\u0434\u0438<\/h3>\n\n\n\n<p><a href=\"https:\/\/dialozi.uni-plovdiv.bg\/?p=3787\">\u0417\u0443\u0437\u0430\u043d\u0430 \u041a\u0443\u0433\u043b\u0435\u0440\u043e\u0432\u0430. \u0421\u0442\u0438\u0445\u043e\u0442\u0432\u043e\u0440\u0435\u043d\u0438\u044f | \u0421\u043b\u0430\u0432\u044f\u043d\u0441\u043a\u0438 \u0434\u0438\u0430\u043b\u043e\u0437\u0438 (uni-plovdiv.bg)<\/a><\/p>\n\n\n\n<p><a href=\"https:\/\/dialozi.uni-plovdiv.bg\/?p=2631\">\u0410\u0434\u0430\u043c \u0413\u0435\u043e\u0440\u0433\u0438\u0435\u0432. \u0410\u0440\u0442\u0443\u0440\u0435, \u0442\u0438, \u0431\u043b\u0443\u0434\u043d\u0438\u0446\u0435 \u043d\u0430 \u0438\u0437\u043a\u0443\u0441\u0442\u0432\u043e\u0442\u043e. \u041f\u0438\u0441\u043c\u0430 \u043d\u0430 \u041f\u043e\u043b \u0412\u0435\u0440\u043b\u0435\u043d \u0434\u043e \u0410\u0440\u0442\u0443\u0440 \u0420\u0435\u043c\u0431\u043e (\u043e\u0442\u043a\u044a\u0441) | \u0421\u043b\u0430\u0432\u044f\u043d\u0441\u043a\u0438 \u0434\u0438\u0430\u043b\u043e\u0437\u0438 (uni-plovdiv.bg)<\/a><\/p>\n\n\n\n<p><a href=\"https:\/\/dialozi.uni-plovdiv.bg\/?p=5713\">\u0422\u0435\u0440\u0435\u0437\u0430 \u0420\u0438\u0439\u0434\u044a\u043b\u0431\u0430\u0443\u0445\u043e\u0432\u0430. \u0421\u0442\u0438\u0445\u043e\u0442\u0432\u043e\u0440\u0435\u043d\u0438\u044f | \u0421\u043b\u0430\u0432\u044f\u043d\u0441\u043a\u0438 \u0434\u0438\u0430\u043b\u043e\u0437\u0438 (uni-plovdiv.bg)<\/a><\/p>\n\n\n\n<h3 class=\"wp-block-heading\">\u0420\u0435\u0446\u0435\u043d\u0437\u0438\u0438<\/h3>\n\n\n\n<p><em>Do p\u0159\u00ed\u0161t\u00ed tr\u00e1vy\u2026<\/em> Antologie modern\u00ed bulharsk\u00e9 poezie<br>[\u0414\u043e \u0434\u0440\u0443\u0433\u0430\u0442\u0430 \u0442\u0440\u0435\u0432\u0430\u2026 \u0410\u043d\u0442\u043e\u043b\u043e\u0433\u0438\u044f \u043d\u0430 \u0441\u044a\u0432\u0440\u0435\u043c\u0435\u043d\u043d\u0430\u0442\u0430 \u0431\u044a\u043b\u0433\u0430\u0440\u0441\u043a\u0430 \u043f\u043e\u0435\u0437\u0438\u044f]. \/\/  <em>\u0421\u043b\u0430\u0432\u044f\u043d\u0441\u043a\u0438 \u0434\u0438\u0430\u043b\u043e\u0437\u0438<\/em>, \u0425I\u0425, 2022, 29, 176-179. <\/p>\n\n\n\n<p><\/p>","protected":false},"excerpt":{"rendered":"\u0414-\u0440 \u0414\u0438\u043c\u0430\u043d\u0430 \u0418\u0412\u0410\u041d\u041e\u0412\u0410 (ivanova@czech.cz) \u0435 \u0437\u0430\u0432\u044a\u0440\u0448\u0438\u043b\u0430 \u0441\u043b\u0430\u0432\u044f\u043d\u0441\u043a\u0430\u0444\u0438\u043b\u043e\u043b\u043e\u0433\u0438\u044f (\u0431\u043e\u0445\u0435\u043c\u0438\u0441\u0442\u0438\u043a\u0430) \u0432 \u0421\u043e\u0444\u0438\u0439\u0441\u043a\u0438\u044f \u0443\u043d\u0438\u0432\u0435\u0440\u0441\u0438\u0442\u0435\u0442 \u201e\u0421\u0432. \u041a\u043b\u0438\u043c\u0435\u043d\u0442 \u041e\u0445\u0440\u0438\u0434\u0441\u043a\u0438\u201c. \u0414\u0438\u0441\u0435\u0440\u0442\u0430\u0446\u0438\u043e\u043d\u043d\u0438\u044f \u0441\u0438 \u0442\u0440\u0443\u0434 \u043d\u0430 \u0442\u0435\u043c\u0430 \u201eKoncepce lyrick\u00e9ho subjektu v poezii \u010desk\u00fdch dekadent\u016f v srovn\u00e1vac\u00edm aspektu\u201c (\u201e\u041a\u043e\u043d\u0446\u0435\u043f\u0446\u0438\u044f\u0442\u0430 \u0437\u0430 \u043b\u0438\u0440\u0438\u0447\u0435\u0441\u043a\u0438\u044f \u0441\u0443\u0431\u0435\u043a\u0442 \u0432 \u043f\u043e\u0435\u0437\u0438\u044f\u0442\u0430 \u043d\u0430 \u0447\u0435\u0448\u043a\u0438\u0442\u0435 \u0434\u0435\u043a\u0430\u0434\u0435\u043d\u0442\u0438 \u0432 \u0441\u0440\u0430\u0432\u043d\u0438\u0442\u0435\u043b\u0435\u043d \u0430\u0441\u043f\u0435\u043a\u0442\u201c) \u0435 \u0437\u0430\u0449\u0438\u0442\u0438\u043b\u0430 \u043f\u0440\u0435\u0437 2011 \u0433. \u0432\u044a\u0432 \u0424\u0438\u043b\u043e\u0441\u043e\u0444\u0441\u043a\u0438\u044f \u0444\u0430\u043a\u0443\u043b\u0442\u0435\u0442 \u043d\u0430 \u041a\u0430\u0440\u043b\u043e\u0432\u0438\u044f \u0443\u043d\u0438\u0432\u0435\u0440\u0441\u0438\u0442\u0435\u0442 \u0432 \u041f\u0440\u0430\u0433\u0430. \u0418\u0437\u0441\u043b\u0435\u0434\u043e\u0432\u0430\u0442\u0435\u043b\u0441\u043a\u0438\u0442\u0435 [&hellip;]","protected":false},"author":348,"featured_media":0,"parent":1597,"menu_order":0,"comment_status":"closed","ping_status":"closed","template":"","meta":{"_acf_changed":false,"footnotes":""},"class_list":["post-4641","page","type-page","status-publish","hentry"],"acf":[],"_links":{"self":[{"href":"https:\/\/dialozi.uni-plovdiv.bg\/index.php?rest_route=\/wp\/v2\/pages\/4641","targetHints":{"allow":["GET"]}}],"collection":[{"href":"https:\/\/dialozi.uni-plovdiv.bg\/index.php?rest_route=\/wp\/v2\/pages"}],"about":[{"href":"https:\/\/dialozi.uni-plovdiv.bg\/index.php?rest_route=\/wp\/v2\/types\/page"}],"author":[{"embeddable":true,"href":"https:\/\/dialozi.uni-plovdiv.bg\/index.php?rest_route=\/wp\/v2\/users\/348"}],"replies":[{"embeddable":true,"href":"https:\/\/dialozi.uni-plovdiv.bg\/index.php?rest_route=%2Fwp%2Fv2%2Fcomments&post=4641"}],"version-history":[{"count":12,"href":"https:\/\/dialozi.uni-plovdiv.bg\/index.php?rest_route=\/wp\/v2\/pages\/4641\/revisions"}],"predecessor-version":[{"id":14682,"href":"https:\/\/dialozi.uni-plovdiv.bg\/index.php?rest_route=\/wp\/v2\/pages\/4641\/revisions\/14682"}],"up":[{"embeddable":true,"href":"https:\/\/dialozi.uni-plovdiv.bg\/index.php?rest_route=\/wp\/v2\/pages\/1597"}],"wp:attachment":[{"href":"https:\/\/dialozi.uni-plovdiv.bg\/index.php?rest_route=%2Fwp%2Fv2%2Fmedia&parent=4641"}],"curies":[{"name":"wp","href":"https:\/\/api.w.org\/{rel}","templated":true}]}}