{"id":465,"date":"2018-07-10T14:27:32","date_gmt":"2018-07-10T12:27:32","guid":{"rendered":"http:\/\/dialozi.uni-plovdiv.bg\/?page_id=465"},"modified":"2021-09-06T22:20:31","modified_gmt":"2021-09-06T20:20:31","slug":"%d0%b1%d1%80%d0%be%d0%b9-4","status":"publish","type":"page","link":"https:\/\/dialozi.uni-plovdiv.bg\/?page_id=465","title":{"rendered":"\u041a\u043d\u0438\u0436\u043a\u0430 4 (1), 2005"},"content":{"rendered":"<div class=\"wp-block-media-text alignwide is-stacked-on-mobile is-vertically-aligned-bottom\"><figure class=\"wp-block-media-text__media\"><a href=\"https:\/\/dialozi.uni-plovdiv.bg\/wp-content\/uploads\/2021\/06\/Slavyanski_dialozi-kn.4-2005.pdf\"><img loading=\"lazy\" decoding=\"async\" width=\"332\" height=\"500\" src=\"https:\/\/dialozi.uni-plovdiv.bg\/wp-content\/uploads\/2020\/12\/SD-kn.4-1.jpg\" alt=\"\" class=\"wp-image-3895 size-full\" srcset=\"https:\/\/dialozi.uni-plovdiv.bg\/wp-content\/uploads\/2020\/12\/SD-kn.4-1.jpg 332w, https:\/\/dialozi.uni-plovdiv.bg\/wp-content\/uploads\/2020\/12\/SD-kn.4-1-199x300.jpg 199w\" sizes=\"auto, (max-width: 332px) 100vw, 332px\" \/><\/a><\/figure><div class=\"wp-block-media-text__content\">\n<div class=\"wp-block-file\"><a href=\"https:\/\/dialozi.uni-plovdiv.bg\/wp-content\/uploads\/2021\/06\/Slavyanski_dialozi-kn.4-2005.pdf\">Slavyanski_dialozi-kn.4-2005<\/a><a href=\"https:\/\/dialozi.uni-plovdiv.bg\/wp-content\/uploads\/2021\/06\/Slavyanski_dialozi-kn.4-2005.pdf\" class=\"wp-block-file__button\" download>\u0418\u0437\u0442\u0435\u0433\u043b\u044f\u043d\u0435<\/a><\/div>\n\n\n\n<h5>\u041d\u0430 \u043a\u043e\u0440\u0438\u0446\u0430\u0442\u0430:<br data-rich-text-line-break=\"true\">\u042f\u043d \u0417\u044a\u0440\u0437\u0430\u0432\u0438, <em>\u041a\u043b\u0435\u043e\u043f\u0430\u0442\u0440\u0430,<\/em> 1942-1957<\/h5>\n<\/div><\/div>\n\n\n<h4>\u00a0 \u041f\u0410\u041c\u0415\u0422<\/h4>\n<p><a href=\"https:\/\/dialozi.uni-plovdiv.bg\/?p=6078\"><strong>\u041e\u0441\u0435\u043c\u0434\u0435\u0441\u0435\u0442 \u0438 \u043f\u0435\u0442 \u0433\u043e\u0434\u0438\u043d\u0438 \u043e\u0442 \u0440\u043e\u0436\u0434\u0435\u043d\u0438\u0435\u0442\u043e <\/strong><br \/><strong>\u043d\u0430 \u043f\u0440\u043e\u0444\u0435\u0441\u043e\u0440 \u0421\u0432\u0435\u0442\u043e\u043c\u0438\u0440 \u0418\u0432\u0430\u043d\u0447\u0435\u0432<\/strong><\/a><br \/>(\u0421\u043b\u0430\u0432\u043a\u0430 \u0412\u0435\u043b\u0438\u0447\u043a\u043e\u0432\u0430)<\/p>\n<h4>\u00a0 \u041d\u0415\u041f\u041e\u0416\u042a\u041b\u0422\u0415\u041b\u0418 \u0421\u0422\u0420\u0410\u041d\u0418\u0426\u0418<\/h4>\n<p><a href=\"https:\/\/dialozi.uni-plovdiv.bg\/?p=5924\"><strong>110 \u0433\u043e\u0434\u0438\u043d\u0438 \u043e\u0442 \u0440\u043e\u0436\u0434\u0435\u043d\u0438\u0435\u0442\u043e \u043d\u0430 \u0419\u043e\u0440\u0434\u0430\u043d \u041a\u043e\u0432\u0430\u0447\u0435\u0432<\/strong><\/a><br \/>(\u0422\u0430\u043d\u044f \u041b\u0430\u043c\u0431\u0440\u0435\u0432\u0430)<\/p>\n<p><strong>\u0424\u044c\u043e\u0434\u043e\u0440 \u0422\u044e\u0442\u0447\u0435\u0432<\/strong><br \/><a href=\"https:\/\/dialozi.uni-plovdiv.bg\/?p=5929\">\u0418\u0437 \u0418\u0437\u0431\u0440\u0430\u043d\u0438 \u0441\u0442\u0438\u0445\u043e\u0442\u0432\u043e\u0440\u0435\u043d\u0438\u044f (1934)<\/a><br \/>\u041f\u0440\u0435\u0432\u043e\u0434 \u043e\u0442 \u0440\u0443\u0441\u043a\u0438: \u0419\u043e\u0440\u0434\u0430\u043d \u041a\u043e\u0432\u0430\u0447\u0435\u0432<\/p>\n<h4>\u00a0 \u041f\u0420\u0415\u0412\u041e\u0414\u0410\u0427\u0415\u0421\u041a\u0418 \u0420\u0410\u041a\u0423\u0420\u0421\u0418<\/h4>\n<p><strong>\u0413\u0435\u043e \u041c\u0438\u043b\u0435\u0432<\/strong><br \/><a href=\"https:\/\/dialozi.uni-plovdiv.bg\/?p=5940\">\u0421\u0435\u043f\u0442\u0435\u043c\u0432\u0440\u0438<\/a> (\u0444\u0440\u0430\u0433\u043c\u0435\u043d\u0442)<br \/>\u041f\u0440\u0435\u0432\u043e\u0434 \u043d\u0430 \u0441\u0440\u044a\u0431\u0441\u043a\u0438: \u0421\u0438\u043d\u0438\u0448\u0430 \u041f\u0430\u0443\u043d\u043e\u0432\u0438\u0447<br \/>\u041f\u0440\u0435\u0432\u043e\u0434 \u043d\u0430 \u0447\u0435\u0448\u043a\u0438: \u0414\u0430\u043d\u0430 \u0425\u0440\u043e\u043d\u043a\u043e\u0432\u0430<br \/>\u041f\u0440\u0435\u0432\u043e\u0434 \u043d\u0430 \u0441\u043b\u043e\u0432\u0430\u0448\u043a\u0438: \u042f\u043d \u041a\u043e\u0448\u043a\u0430<br \/>\u041f\u0440\u0435\u0432\u043e\u0434 \u043d\u0430 \u043f\u043e\u043b\u0441\u043a\u0438: \u0419\u0435\u0436\u0438 \u0424\u0438\u0446\u043e\u0432\u0441\u043a\u0438<\/p>\n<h4>\u00a0 \u041d\u041e\u0412\u0418 \u041f\u0420\u0415\u0412\u041e\u0414\u0418<\/h4>\n<p><strong>\u041c\u0438\u0440\u043e\u0441\u043b\u0430\u0432 \u041a\u044a\u0440\u043b\u0435\u0436\u0430<\/strong><br \/><a href=\"https:\/\/dialozi.uni-plovdiv.bg\/?p=5936\">\u0425\u043e\u0442\u0435\u043b &#8222;\u0421\u0430\u0432\u043e\u044f&#8220; (<\/a><a href=\"https:\/\/dialozi.uni-plovdiv.bg\/?p=5936\">\u043e\u0442\u043a\u044a\u0441 \u043e\u0442 \u0440\u043e\u043c\u0430\u043d\u0430<\/a><a href=\"https:\/\/dialozi.uni-plovdiv.bg\/?p=5936\"> \u0411\u0430\u043d\u043a\u0435\u0442 \u0432 \u0411\u043b\u0438\u0442\u0432\u0430)<\/a><br \/>\u041f\u0440\u0435\u0432\u043e\u0434 \u043e\u0442 \u0445\u044a\u0440\u0432\u0430\u0442\u0441\u043a\u0438: \u0421\u0438\u0439\u043a\u0430 \u0420\u0430\u0447\u0435\u0432\u0430<\/p>\n<p><strong>\u041a\u0438\u0442\u043e \u041b\u043e\u0440\u0435\u043d\u0446<\/strong><br \/><a href=\"https:\/\/dialozi.uni-plovdiv.bg\/?p=5962\">\u0421\u0442\u0438\u0445\u043e\u0442\u0432\u043e\u0440\u0435\u043d\u0438\u044f<\/a><br \/>\u041f\u0440\u0435\u0432\u043e\u0434 \u043e\u0442 \u0433\u043e\u0440\u043d\u043e\u043b\u0443\u0436\u0438\u0448\u043a\u0438: \u0422\u0430\u043d\u044f \u041b\u0430\u043c\u0431\u0440\u0435\u0432\u0430<\/p>\n<h4>\u00a0 \u041b\u0415\u041a\u0421\u0418\u041a\u041e\u041d<\/h4>\n<p><strong>\u0418\u0432\u0430\u043d \u0412\u044a\u043b\u0435\u0432<\/strong><br \/><a href=\"https:\/\/dialozi.uni-plovdiv.bg\/?p=5973\">\u041b\u0438\u0447\u0435\u043d \u043b\u0435\u043a\u0441\u0438\u043a\u043e\u043d \u043d\u0430 \u043f\u043e\u043b\u0441\u043a\u0430\u0442\u0430 \u043b\u0438\u0442\u0435\u0440\u0430\u0442\u0443\u0440\u0430<\/a><\/p>\n<h4>\u00a0 \u0418\u0421\u0422\u041e\u0420\u0418\u042f<\/h4>\n<p><strong>\u0412\u0430\u0441\u0438\u043b\u043a\u0430 \u0422\u044a\u043f\u043a\u043e\u0432\u0430-\u0417\u0430\u0438\u043c\u043e\u0432\u0430, \u0414\u0438\u043c\u043e \u0427\u0435\u0448\u043c\u0435\u0434\u0436\u0438\u0435\u0432<\/strong><br \/><a href=\"https:\/\/dialozi.uni-plovdiv.bg\/?p=5985\">\u0415\u0442\u043d\u0438\u0447\u0435\u0441\u043a\u0438\u044f\u0442 \u043f\u0440\u043e\u0438\u0437\u0445\u043e\u0434 \u043d\u0430 \u041a\u0438\u0440\u0438\u043b \u0438 \u041c\u0435\u0442\u043e\u0434\u0438\u0439 (\u0418\u0441\u0442\u043e\u0440\u0438\u043e\u0433\u0440\u0430\u0444\u0441\u043a\u0438 \u0431\u0435\u043b\u0435\u0436\u043a\u0438)<\/a><\/p>\n<h4>\u00a0 \u0415\u0417\u0418\u041a\u041e\u0417\u041d\u0410\u041d\u0418\u0415<\/h4>\n<p><strong>\u041a\u0440\u0430\u0441\u0438\u043c\u0438\u0440\u0430 \u0427\u0430\u043a\u044a\u0440\u043e\u0432\u0430 (\u041f\u043b\u043e\u0432\u0434\u0438\u0432)<\/strong><br \/><a href=\"https:\/\/dialozi.uni-plovdiv.bg\/?p=5995\">\u041d\u043e\u0432 \u043f\u043e\u0433\u043b\u0435\u0434 \u043a\u044a\u043c \u0432\u0438\u0434\u043e\u0432\u0430\u0442\u0430 \u0442\u0435\u043e\u0440\u0438\u044f \u043d\u0430 \u0421\u0432\u0435\u0442\u043e\u043c\u0438\u0440 \u0418\u0432\u0430\u043d\u0447\u0435\u0432<\/a><\/p>\n<p><strong>\u041d\u0430\u0434\u0435\u0436\u0434\u0430 \u0421\u0442\u0430\u043b\u044f\u043d\u043e\u0432\u0430 (\u0421\u043e\u0444\u0438\u044f), \u0418\u043b\u0438\u044f\u043d\u0430 \u041f\u0443\u0445\u0430\u043b\u0435\u0432\u0430 (\u041a\u0430\u0442\u043e\u0432\u0438\u0446\u0435)<\/strong><br \/><a href=\"https:\/\/dialozi.uni-plovdiv.bg\/?p=6023\">\u041c\u0435\u0442\u0430\u0444\u043e\u0440\u0438\u0437\u0430\u0446\u0438\u044f \u043d\u0430 \u0431\u0438\u0437\u043d\u0435\u0441\u0430 \u0432 \u0431\u044a\u043b\u0433\u0430\u0440\u0441\u043a\u0438\u044f \u0438 \u043f\u043e\u043b\u0441\u043a\u0438\u044f \u0435\u0437\u0438\u043a<\/a><\/p>\n<h4>\u00a0 \u041b\u0418\u0422\u0415\u0420\u0410\u0422\u0423\u0420\u041e\u0417\u041d\u0410\u041d\u0418\u0415<\/h4>\n<p><strong>\u042f\u043d \u041a\u043e\u0448\u043a\u0430 (\u0411\u0440\u0430\u0442\u0438\u0441\u043b\u0430\u0432\u0430)<\/strong><br \/><a href=\"https:\/\/dialozi.uni-plovdiv.bg\/?p=6023\">\u0415\u043a\u0441\u043f\u0440\u0435\u0441\u0438\u043e\u043d\u0438\u0437\u043c\u044a\u0442 \u0432 \u0442\u0432\u043e\u0440\u0447\u0435\u0441\u0442\u0432\u043e\u0442\u043e \u043d\u0430 \u0413\u0435\u043e \u041c\u0438\u043b\u0435\u0432<\/a><br \/>\u041f\u0440\u0435\u0432\u043e\u0434 \u043e\u0442 \u0441\u043b\u043e\u0432\u0430\u0448\u043a\u0438: \u0422\u0430\u0442\u044f\u043d\u0430 \u0418\u0447\u0435\u0432\u0441\u043a\u0430<\/p>\n<p><strong>\u0413\u0430\u043b\u044f \u0421\u0438\u043c\u0435\u043e\u043d\u043e\u0432\u0430-\u041a\u043e\u043d\u0430\u0445 (\u0412\u0430\u0440\u0448\u0430\u0432\u0430)<\/strong><br \/><a href=\"https:\/\/dialozi.uni-plovdiv.bg\/?p=6029\">\u0412\u0438\u0442\u043e\u043b\u0434 \u0413\u043e\u043c\u0431\u0440\u043e\u0432\u0438\u0447: \u0441\u0442\u0440\u0443\u043a\u0442\u0443\u0440\u0430 \u043d\u0430 \u043c\u0430\u043d\u0442\u0430\u043b\u0438\u0442\u0435\u0442\u0430 \u0438 \u0430\u0432\u0442\u043e\u043f\u0435\u0440\u0444\u043e\u0440\u043c\u0430\u043d\u0441<\/a><\/p>\n<h4>\u00a0 \u0415\u0422\u0410\u0416\u0415\u0420\u041a\u0410<\/h4>\n<p><a href=\"https:\/\/dialozi.uni-plovdiv.bg\/?p=6033\"><strong>Jana Pleskalov\u00e1<\/strong><br \/>Star\u00e1 \u010de\u0161tina pro nefilology<\/a><br \/>(\u0411\u043e\u0440\u0438\u0441\u043b\u0430\u0432 \u0411\u043e\u0440\u0438\u0441\u043e\u0432)<\/p>\n<p><a href=\"https:\/\/dialozi.uni-plovdiv.bg\/?p=6168\"><strong>\u041f\u0440\u0430\u0436\u043a\u0430\u0442\u0430 \u0448\u043a\u043e\u043b\u0430: \u0433\u0435\u043d\u0435\u0430\u043b\u043e\u0433\u0438\u044f, \u0441\u0430\u043c\u043e\u043f\u043e\u0437\u043d\u0430\u043d\u0438\u0435, \u043f\u043e\u043b\u0435\u043c\u0438\u043a\u0438<\/strong><\/a><br \/>(\u0414\u0438\u043c\u0438\u0442\u044a\u0440 \u041a\u0440\u044a\u0441\u0442\u0435\u0432)<\/p>\n<p><a href=\"https:\/\/dialozi.uni-plovdiv.bg\/?p=6039\"><strong>\u042e\u043b\u0438\u044f \u041d\u0438\u043a\u043e\u043b\u043e\u0432\u0430<\/strong><br \/>\u0417\u0430\u043f\u0438\u0441\u043a\u0438 \u043f\u043e \u0431\u044a\u043b\u0433\u0430\u0440\u0441\u043a\u0430 \u0432\u044a\u0437\u0440\u043e\u0436\u0434\u0435\u043d\u0441\u043a\u0430 \u043b\u0438\u0442\u0435\u0440\u0430\u0442\u0443\u0440\u0430<\/a><br \/>(\u0415\u043b\u0435\u043d\u0430 \u0413\u0435\u0442\u043e\u0432\u0430)<\/p>\n<p><a href=\"https:\/\/dialozi.uni-plovdiv.bg\/?p=6051\"><strong>\u041c\u043e\u0433\u044a\u0449\u0438\u044f\u0442 \u0442\u0440\u0438\u043f\u0442\u0438\u0445<\/strong><br \/>\u0418\u0437\u0431\u0440\u0430\u043d\u0438 \u0441\u0442\u0438\u0445\u043e\u0432\u0435 \u043e\u0442 \u0431\u0435\u043b\u0430\u0440\u0443\u0441\u043a\u0438 \u043f\u043e\u0435\u0442\u0438: \u042f\u043d\u043a\u0430 \u041a\u0443\u043f\u0430\u043b\u0430, \u042f\u043a\u0443\u0431 \u041a\u043e\u043b\u0430\u0441 \u0438 \u041c\u0430\u043a\u0441\u0438\u043c \u0411\u0430\u0433\u0434\u0430\u043d\u043e\u0432\u0438\u0447<\/a><br \/>(\u0420\u043e\u0437\u0430 \u0421\u0442\u0430\u043d\u043a\u0435\u0432\u0438\u0447)<\/p>\n<p><a href=\"https:\/\/dialozi.uni-plovdiv.bg\/?p=6061\"><strong>\u0418\u0432\u0430\u043d \u041a\u0443\u0446\u0430\u0440\u043e\u0432<\/strong><br \/>\u042d\u0442\u044e\u0434\u044b \u043f\u043e \u0441\u043b\u0430\u0432\u0438\u0441\u0442\u0438\u043a\u0435<\/a><br \/>(\u0415\u043b\u0435\u043d\u0430 \u041b\u044e\u0431\u0435\u043d\u043e\u0432\u0430)<\/p>\n<p><a href=\"https:\/\/dialozi.uni-plovdiv.bg\/?p=6064\">\u0411\u043e\u044f\u043d \u041d\u0438\u0447\u0435\u0432. \u0427\u0435\u0445\u0438\u044f<\/a><br \/>(\u0411\u043e\u0440\u0438\u0441\u043b\u0430\u0432 \u0411\u043e\u0440\u0438\u0441\u043e\u0432)<\/p>\n<p><a href=\"https:\/\/dialozi.uni-plovdiv.bg\/?p=6175\">\u0413\u0435\u043e\u0440\u0433\u0438 \u0413\u0435\u043d\u043e\u0432. \u041f\u043e\u0433\u0440\u043e\u043c\u044a\u0442 \u043d\u0430\u0434 \u0442\u0432\u043e\u0440\u0446\u0438\u0442\u0435 \u043d\u0430 \u0438\u0437\u043e\u0431\u0440\u0430\u0437\u0438\u0442\u0435\u043b\u043d\u043e\u0442\u043e \u0438\u0437\u043a\u0443\u0441\u0442\u0432\u043e \u0441\u043b\u0435\u0434 9.IX.1944 \u0433.<\/a><br \/>(\u041a\u0438\u0447\u043a\u0430 \u041f\u0435\u0448\u0435\u0432\u0430)<\/p>\n<p><a href=\"https:\/\/dialozi.uni-plovdiv.bg\/?p=6068\">\u041b\u044e\u0434\u043c\u0438\u043b\u0430 \u041a\u0440\u043e\u0443\u0436\u0438\u043b\u043e\u0432\u0430. \u0421\u043e\u043b \u0432 \u0440\u0430\u043d\u0438\u0442\u0435<\/a><br \/>(\u0410\u043d\u0433\u0435\u043b \u041c\u0430\u0440\u0438\u043d\u043e\u0432)<\/p>\n<p><a href=\"https:\/\/dialozi.uni-plovdiv.bg\/?p=6071\">\u0418\u0432\u0430\u043d \u0412. \u041b\u0430\u043b\u0438\u0447. \u041a\u043e\u043d\u0446\u0435\u0440\u0442 \u0432\u0438\u0437\u0430\u043d\u0442\u0438\u0439\u0441\u043a\u0430 \u043c\u0443\u0437\u0438\u043a\u0430<\/a><br \/>(\u0418\u0432\u0430\u043d \u0420\u0430\u0439\u0447\u0435\u0432)<\/p>\n<p><a href=\"https:\/\/dialozi.uni-plovdiv.bg\/?p=6075\">\u0418\u0437\u0435\u0442 \u0421\u0430\u0440\u0430\u0439\u043b\u0438\u0447. \u0421\u044a\u0440\u0446\u0435 \u043f\u043e\u0434 \u0441\u043d\u0430\u0440\u044f\u0434\u0438\u0442\u0435<\/a><br \/>(\u041a\u0438\u0447\u043a\u0430 \u041f\u0435\u0448\u0435\u0432\u0430)<\/p>\n<h4>\u0425\u0420\u041e\u041d\u0418\u041a\u0410<\/h4>\n<p><a href=\"https:\/\/dialozi.uni-plovdiv.bg\/?p=6082\">\u0428\u0435\u0441\u0442\u0438 \u043c\u0435\u0436\u0434\u0443\u043d\u0430\u0440\u043e\u0434\u0435\u043d \u0431\u0430\u043b\u043a\u0430\u043d\u0438\u0441\u0442\u0438\u0447\u0435\u043d \u0441\u0438\u043c\u043f\u043e\u0437\u0438\u0443\u043c \u0432 \u0411\u044a\u0440\u043d\u043e<\/a><br \/>(\u0411\u043e\u0440\u044f\u043d \u042f\u043d\u0435\u0432, \u0418\u0442\u043a\u0430 \u041a\u043e\u043b\u043e\u0443\u0445\u043e\u0432\u0430)<\/p>\n<p><a href=\"https:\/\/dialozi.uni-plovdiv.bg\/?p=6085\">\u0427\u0435\u0448\u043a\u043e-\u0431\u044a\u043b\u0433\u0430\u0440\u0441\u043a\u0438 \u043a\u043e\u043b\u043e\u043a\u0432\u0438\u0443\u043c \u0432 \u041f\u0440\u0430\u0433\u0430<\/a><br \/>(\u0416\u043e\u0440\u0436\u0435\u0442\u0430 \u0427\u043e\u043b\u0430\u043a\u043e\u0432\u0430)<\/p>\n<p><a href=\"https:\/\/dialozi.uni-plovdiv.bg\/?p=6088\">\u041f\u0435\u0435\u0449\u0438 \u0441\u043b\u0430\u0432\u044f\u043d\u0441\u043a\u0438 \u0434\u0438\u0430\u043b\u043e\u0437\u0438: 24-\u0442\u0438 \u043c\u0435\u0436\u0434\u0443\u043d\u0430\u0440\u043e\u0434\u0435\u043d \u0444\u0435\u0441\u0442\u0438\u0432\u0430\u043b \u043d\u0430 \u043f\u0440\u0430\u0432\u043e\u0441\u043b\u0430\u0432\u043d\u0430\u0442\u0430 \u043c\u0443\u0437\u0438\u043a\u0430 &#8211; \u0425\u0430\u0439\u043d\u0443\u0432\u043a\u0430, \u041f\u043e\u043b\u0448\u0430<\/a><br \/>(\u0410\u043b\u0435\u043a\u0441\u0430\u043d\u0434\u0440\u0430 \u041c\u0438\u0445\u0430\u043b\u0441\u043a\u0430)<\/p>\n<h4>\u0421\u041b\u0410\u0412\u042f\u041d\u0421\u041a\u0418 \u041a\u0410\u041b\u0415\u041d\u0414\u0410\u0420<\/h4>\n<p><a href=\"https:\/\/dialozi.uni-plovdiv.bg\/?p=6091\">\u0411\u0435\u043b\u0430\u0440\u0443\u0441\u043a\u0438 \u043a\u0430\u043b\u0435\u043d\u0434\u0430\u0440<\/a> <br \/>(\u042e\u043b\u0438\u0430\u043d\u0430 \u0427\u0430\u043a\u044a\u0440\u043e\u0432\u0430-\u0411\u0443\u0440\u043b\u0430\u043a\u043e\u0432\u0430)<\/p>\n<p><a href=\"https:\/\/dialozi.uni-plovdiv.bg\/?p=6094\">\u0411\u044a\u043b\u0433\u0430\u0440\u0441\u043a\u0438 \u043a\u0430\u043b\u0435\u043d\u0434\u0430\u0440<\/a> <br \/>(\u0412\u043b\u0430\u0434\u0438\u043c\u0438\u0440 \u042f\u043d\u0435\u0432)<\/p>\n<p><a href=\"https:\/\/dialozi.uni-plovdiv.bg\/?p=6099\">\u0413\u043e\u0440\u043d\u043e\u043b\u0443\u0436\u0438\u0448\u043a\u0438 \u043a\u0430\u043b\u0435\u043d\u0434\u0430\u0440<\/a><br \/>(\u0422\u0430\u043d\u044f \u041b\u0430\u043c\u0431\u0440\u0435\u0432\u0430)<\/p>\n<p><a href=\"https:\/\/dialozi.uni-plovdiv.bg\/?p=6102\">\u041f\u043e\u043b\u0441\u043a\u0438 \u043a\u0430\u043b\u0435\u043d\u0434\u0430\u0440<\/a><br \/>(\u0416\u043e\u0440\u0436\u0435\u0442\u0430 \u0427\u043e\u043b\u0430\u043a\u043e\u0432\u0430)<\/p>\n<p><a href=\"https:\/\/dialozi.uni-plovdiv.bg\/?p=6105\">\u0420\u0443\u0441\u043a\u0438 \u043a\u0430\u043b\u0435\u043d\u0434\u0430\u0440<\/a><br \/>(\u042e\u043b\u0438\u0430\u043d\u0430 \u0427\u0430\u043a\u044a\u0440\u043e\u0432\u0430-\u0411\u0443\u0440\u043b\u0430\u043a\u043e\u0432\u0430)<\/p>\n<p><a href=\"https:\/\/dialozi.uni-plovdiv.bg\/?p=6108\">\u0421\u043b\u043e\u0432\u0430\u0448\u043a\u0438 \u043a\u0430\u043b\u0435\u043d\u0434\u0430\u0440<\/a><br \/>(\u0416\u043e\u0440\u0436\u0435\u0442\u0430 \u0427\u043e\u043b\u0430\u043a\u043e\u0432\u0430)<\/p>\n<p><a href=\"https:\/\/dialozi.uni-plovdiv.bg\/?p=6112\">\u0421\u043b\u043e\u0432\u0435\u043d\u0441\u043a\u0438 \u043a\u0430\u043b\u0435\u043d\u0434\u0430\u0440<\/a><br \/>(\u0415\u0432\u0435\u043b\u0438\u043d\u0430 \u0413\u0440\u043e\u0437\u0434\u0430\u043d\u043e\u0432\u0430)<\/p>\n<p><a href=\"https:\/\/dialozi.uni-plovdiv.bg\/?p=6116\">\u0421\u0440\u044a\u0431\u0441\u043a\u0438 \u043a\u0430\u043b\u0435\u043d\u0434\u0430\u0440<\/a><br \/>(\u0415\u0432\u0435\u043b\u0438\u043d\u0430 \u0413\u0440\u043e\u0437\u0434\u0430\u043d\u043e\u0432\u0430)<\/p>\n<p><a href=\"https:\/\/dialozi.uni-plovdiv.bg\/?p=6119\">\u0423\u043a\u0440\u0430\u0438\u043d\u0441\u043a\u0438 \u043a\u0430\u043b\u0435\u043d\u0434\u0430\u0440<\/a><br \/>(\u042e\u043b\u0438\u0430\u043d\u0430 \u0427\u0430\u043a\u044a\u0440\u043e\u0432\u0430-\u0411\u0443\u0440\u043b\u0430\u043a\u043e\u0432\u0430)<\/p>\n<p><a href=\"https:\/\/dialozi.uni-plovdiv.bg\/?p=6134\">\u0425\u044a\u0440\u0432\u0430\u0442\u0441\u043a\u0438 \u043a\u0430\u043b\u0435\u043d\u0434\u0430\u0440<\/a><br \/>(\u0415\u0432\u0435\u043b\u0438\u043d\u0430 \u0413\u0440\u043e\u0437\u0434\u0430\u043d\u043e\u0432\u0430)<\/p>\n<p><a href=\"https:\/\/dialozi.uni-plovdiv.bg\/?p=6130\">\u0427\u0435\u0448\u043a\u0438 \u043a\u0430\u043b\u0435\u043d\u0434\u0430\u0440<\/a><br \/>(\u0416\u043e\u0440\u0436\u0435\u0442\u0430 \u0427\u043e\u043b\u0430\u043a\u043e\u0432\u0430)<\/p>\n<h4><\/p>\n\n\n<p><\/p>","protected":false},"excerpt":{"rendered":"\u00a0 \u041f\u0410\u041c\u0415\u0422 \u041e\u0441\u0435\u043c\u0434\u0435\u0441\u0435\u0442 \u0438 \u043f\u0435\u0442 \u0433\u043e\u0434\u0438\u043d\u0438 \u043e\u0442 \u0440\u043e\u0436\u0434\u0435\u043d\u0438\u0435\u0442\u043e \u043d\u0430 \u043f\u0440\u043e\u0444\u0435\u0441\u043e\u0440 \u0421\u0432\u0435\u0442\u043e\u043c\u0438\u0440 \u0418\u0432\u0430\u043d\u0447\u0435\u0432(\u0421\u043b\u0430\u0432\u043a\u0430 \u0412\u0435\u043b\u0438\u0447\u043a\u043e\u0432\u0430) \u00a0 \u041d\u0415\u041f\u041e\u0416\u042a\u041b\u0422\u0415\u041b\u0418 \u0421\u0422\u0420\u0410\u041d\u0418\u0426\u0418 110 \u0433\u043e\u0434\u0438\u043d\u0438 \u043e\u0442 \u0440\u043e\u0436\u0434\u0435\u043d\u0438\u0435\u0442\u043e \u043d\u0430 \u0419\u043e\u0440\u0434\u0430\u043d \u041a\u043e\u0432\u0430\u0447\u0435\u0432(\u0422\u0430\u043d\u044f \u041b\u0430\u043c\u0431\u0440\u0435\u0432\u0430) \u0424\u044c\u043e\u0434\u043e\u0440 \u0422\u044e\u0442\u0447\u0435\u0432\u0418\u0437 \u0418\u0437\u0431\u0440\u0430\u043d\u0438 \u0441\u0442\u0438\u0445\u043e\u0442\u0432\u043e\u0440\u0435\u043d\u0438\u044f (1934)\u041f\u0440\u0435\u0432\u043e\u0434 \u043e\u0442 \u0440\u0443\u0441\u043a\u0438: \u0419\u043e\u0440\u0434\u0430\u043d \u041a\u043e\u0432\u0430\u0447\u0435\u0432 \u00a0 \u041f\u0420\u0415\u0412\u041e\u0414\u0410\u0427\u0415\u0421\u041a\u0418 \u0420\u0410\u041a\u0423\u0420\u0421\u0418 \u0413\u0435\u043e \u041c\u0438\u043b\u0435\u0432\u0421\u0435\u043f\u0442\u0435\u043c\u0432\u0440\u0438 (\u0444\u0440\u0430\u0433\u043c\u0435\u043d\u0442)\u041f\u0440\u0435\u0432\u043e\u0434 \u043d\u0430 \u0441\u0440\u044a\u0431\u0441\u043a\u0438: \u0421\u0438\u043d\u0438\u0448\u0430 \u041f\u0430\u0443\u043d\u043e\u0432\u0438\u0447\u041f\u0440\u0435\u0432\u043e\u0434 \u043d\u0430 \u0447\u0435\u0448\u043a\u0438: \u0414\u0430\u043d\u0430 \u0425\u0440\u043e\u043d\u043a\u043e\u0432\u0430\u041f\u0440\u0435\u0432\u043e\u0434 \u043d\u0430 \u0441\u043b\u043e\u0432\u0430\u0448\u043a\u0438: \u042f\u043d \u041a\u043e\u0448\u043a\u0430\u041f\u0440\u0435\u0432\u043e\u0434 \u043d\u0430 \u043f\u043e\u043b\u0441\u043a\u0438: \u0419\u0435\u0436\u0438 \u0424\u0438\u0446\u043e\u0432\u0441\u043a\u0438 [&hellip;]","protected":false},"author":6,"featured_media":0,"parent":27,"menu_order":4,"comment_status":"closed","ping_status":"closed","template":"","meta":{"_acf_changed":false,"footnotes":""},"class_list":["post-465","page","type-page","status-publish","hentry"],"acf":[],"_links":{"self":[{"href":"https:\/\/dialozi.uni-plovdiv.bg\/index.php?rest_route=\/wp\/v2\/pages\/465","targetHints":{"allow":["GET"]}}],"collection":[{"href":"https:\/\/dialozi.uni-plovdiv.bg\/index.php?rest_route=\/wp\/v2\/pages"}],"about":[{"href":"https:\/\/dialozi.uni-plovdiv.bg\/index.php?rest_route=\/wp\/v2\/types\/page"}],"author":[{"embeddable":true,"href":"https:\/\/dialozi.uni-plovdiv.bg\/index.php?rest_route=\/wp\/v2\/users\/6"}],"replies":[{"embeddable":true,"href":"https:\/\/dialozi.uni-plovdiv.bg\/index.php?rest_route=%2Fwp%2Fv2%2Fcomments&post=465"}],"version-history":[{"count":28,"href":"https:\/\/dialozi.uni-plovdiv.bg\/index.php?rest_route=\/wp\/v2\/pages\/465\/revisions"}],"predecessor-version":[{"id":10260,"href":"https:\/\/dialozi.uni-plovdiv.bg\/index.php?rest_route=\/wp\/v2\/pages\/465\/revisions\/10260"}],"up":[{"embeddable":true,"href":"https:\/\/dialozi.uni-plovdiv.bg\/index.php?rest_route=\/wp\/v2\/pages\/27"}],"wp:attachment":[{"href":"https:\/\/dialozi.uni-plovdiv.bg\/index.php?rest_route=%2Fwp%2Fv2%2Fmedia&parent=465"}],"curies":[{"name":"wp","href":"https:\/\/api.w.org\/{rel}","templated":true}]}}