{"id":4769,"date":"2021-03-04T14:30:27","date_gmt":"2021-03-04T12:30:27","guid":{"rendered":"https:\/\/dialozi.uni-plovdiv.bg\/?page_id=4769"},"modified":"2021-03-11T20:37:30","modified_gmt":"2021-03-11T18:37:30","slug":"%d0%bf%d0%b5%d1%82%d1%8f-%d0%ba%d0%bb%d0%b8%d0%bd%d0%ba%d0%be%d0%b2%d0%b0","status":"publish","type":"page","link":"https:\/\/dialozi.uni-plovdiv.bg\/?page_id=4769","title":{"rendered":"\u041f\u0435\u0442\u044f \u041a\u043b\u0438\u043d\u043a\u043e\u0432\u0430"},"content":{"rendered":"\u0414-\u0440 \u041f\u0435\u0442\u044f \u041a\u041b\u0418\u041d\u041a\u041e\u0412\u0410 (petia_klinkova@abv.bg) \u0435 \u0437\u0430\u0432\u044a\u0440\u0448\u0438\u043b\u0430 \u0441\u043f\u0435\u0446\u0438\u0430\u043b\u043d\u043e\u0441\u0442\u0442\u0430 \u201e\u0421\u043b\u0430\u0432\u044f\u043d\u0441\u043a\u0430 \u0444\u0438\u043b\u043e\u043b\u043e\u0433\u0438\u044f\u201c (\u0431\u043e\u0445\u0435\u043c\u0438\u0441\u0442\u0438\u043a\u0430) \u0432 \u041f\u043b\u043e\u0432\u0434\u0438\u0432\u0441\u043a\u0438\u044f \u0443\u043d\u0438\u0432\u0435\u0440\u0441\u0438\u0442\u0435\u0442 \u201e\u041f\u0430\u0438\u0441\u0438\u0439 \u0425\u0438\u043b\u0435\u043d\u0434\u0430\u0440\u0441\u043a\u0438\u201c. \u041f\u0440\u0435\u0437 2014 \u0433. \u0432 \u0441\u044a\u0449\u0438\u044f \u0443\u043d\u0438\u0432\u0435\u0440\u0441\u0438\u0442\u0435\u0442\n\u0437\u0430\u0449\u0438\u0442\u0430\u0432\u0430 \u0434\u0438\u0441\u0435\u0440\u0442\u0430\u0446\u0438\u044f \u043d\u0430 \u0442\u0435\u043c\u0430 \u201e\u0423\u043f\u043e\u0442\u0440\u0435\u0431\u0438 \u043d\u0430 \u0442\u0440\u0430\u0434\u0438\u0446\u0438\u044f\u0442\u0430 \u0438 \u0444\u043e\u0440\u043c\u0438\u0440\u0430\u043d\u0435 \u043d\u0430 \u043b\u043e\u043a\u0430\u043b\u043d\u0430\u0442\u0430 \u0438\u0434\u0435\u043d\u0442\u0438\u0447\u043d\u043e\u0441\u0442\u201c \u0441 \u043d\u0430\u0443\u0447\u0435\u043d \u0440\u044a\u043a\u043e\u0432\u043e\u0434\u0438\u0442\u0435\u043b \u0434\u043e\u0446. \u0434-\u0440 \u0412\u043b\u0430\u0434\u0438\u043c\u0438\u0440 \u041f\u0435\u043d\u0447\u0435\u0432. \u0418\u0437\u0441\u043b\u0435\u0434\u043e\u0432\u0430\u0442\u0435\u043b\u0441\u043a\u0438\u0442\u0435 \u045d \u0438\u043d\u0442\u0435\u0440\u0435\u0441\u0438 \u0441\u0430 \u0432 \u043e\u0431\u043b\u0430\u0441\u0442\u0442\u0430 \u043d\u0430 \u0441\u043b\u0430\u0432\u044f\u043d\u0441\u043a\u0430\u0442\u0430 \u043a\u0443\u043b\u0442\u0443\u0440\u043d\u0430 \u0430\u043d\u0442\u0440\u043e\u043f\u043e\u043b\u043e\u0433\u0438\u044f, \u0441\u043b\u0430\u0432\u044f\u043d\u0441\u043a\u0438\u044f \u0444\u043e\u043b\u043a\u043b\u043e\u0440 \u0438 \u0431\u044a\u043b\u0433\u0430\u0440\u043e-\u0447\u0435\u0448\u043a\u0438\u0442\u0435 \u043a\u0443\u043b\u0442\u0443\u0440\u043d\u0438 \u0432\u0437\u0430\u0438\u043c\u043e\u043e\u0442\u043d\u043e\u0448\u0435\u043d\u0438\u044f.\n<h3>\u0420\u0435\u0446\u0435\u043d\u0437\u0438\u0438<\/h3>\n<a href=\"https:\/\/dialozi.uni-plovdiv.bg\/?p=4075\">Franti\u0161ek \u010cajka, Marcel \u010cern\u00fd (edd.). Slovn\u00edk jazyka staroslov\u011bnsk\u00e9ho. Historie, osobnosti a perspektivy) | \u0421\u043b\u0430\u0432\u044f\u043d\u0441\u043a\u0438 \u0434\u0438\u0430\u043b\u043e\u0437\u0438 (uni-plovdiv.bg)<\/a>","protected":false},"excerpt":{"rendered":"\u0414-\u0440 \u041f\u0435\u0442\u044f \u041a\u041b\u0418\u041d\u041a\u041e\u0412\u0410 (petia_klinkova@abv.bg) \u0435 \u0437\u0430\u0432\u044a\u0440\u0448\u0438\u043b\u0430 \u0441\u043f\u0435\u0446\u0438\u0430\u043b\u043d\u043e\u0441\u0442\u0442\u0430 \u201e\u0421\u043b\u0430\u0432\u044f\u043d\u0441\u043a\u0430 \u0444\u0438\u043b\u043e\u043b\u043e\u0433\u0438\u044f\u201c (\u0431\u043e\u0445\u0435\u043c\u0438\u0441\u0442\u0438\u043a\u0430) \u0432 \u041f\u043b\u043e\u0432\u0434\u0438\u0432\u0441\u043a\u0438\u044f \u0443\u043d\u0438\u0432\u0435\u0440\u0441\u0438\u0442\u0435\u0442 \u201e\u041f\u0430\u0438\u0441\u0438\u0439 \u0425\u0438\u043b\u0435\u043d\u0434\u0430\u0440\u0441\u043a\u0438\u201c. \u041f\u0440\u0435\u0437 2014 \u0433. \u0432 \u0441\u044a\u0449\u0438\u044f \u0443\u043d\u0438\u0432\u0435\u0440\u0441\u0438\u0442\u0435\u0442 \u0437\u0430\u0449\u0438\u0442\u0430\u0432\u0430 \u0434\u0438\u0441\u0435\u0440\u0442\u0430\u0446\u0438\u044f \u043d\u0430 \u0442\u0435\u043c\u0430 \u201e\u0423\u043f\u043e\u0442\u0440\u0435\u0431\u0438 \u043d\u0430 \u0442\u0440\u0430\u0434\u0438\u0446\u0438\u044f\u0442\u0430 \u0438 \u0444\u043e\u0440\u043c\u0438\u0440\u0430\u043d\u0435 \u043d\u0430 \u043b\u043e\u043a\u0430\u043b\u043d\u0430\u0442\u0430 \u0438\u0434\u0435\u043d\u0442\u0438\u0447\u043d\u043e\u0441\u0442\u201c \u0441 \u043d\u0430\u0443\u0447\u0435\u043d \u0440\u044a\u043a\u043e\u0432\u043e\u0434\u0438\u0442\u0435\u043b \u0434\u043e\u0446. \u0434-\u0440 \u0412\u043b\u0430\u0434\u0438\u043c\u0438\u0440 \u041f\u0435\u043d\u0447\u0435\u0432. \u0418\u0437\u0441\u043b\u0435\u0434\u043e\u0432\u0430\u0442\u0435\u043b\u0441\u043a\u0438\u0442\u0435 \u045d \u0438\u043d\u0442\u0435\u0440\u0435\u0441\u0438 \u0441\u0430 \u0432 \u043e\u0431\u043b\u0430\u0441\u0442\u0442\u0430 \u043d\u0430 \u0441\u043b\u0430\u0432\u044f\u043d\u0441\u043a\u0430\u0442\u0430 \u043a\u0443\u043b\u0442\u0443\u0440\u043d\u0430 \u0430\u043d\u0442\u0440\u043e\u043f\u043e\u043b\u043e\u0433\u0438\u044f, \u0441\u043b\u0430\u0432\u044f\u043d\u0441\u043a\u0438\u044f \u0444\u043e\u043b\u043a\u043b\u043e\u0440 \u0438 \u0431\u044a\u043b\u0433\u0430\u0440\u043e-\u0447\u0435\u0448\u043a\u0438\u0442\u0435 \u043a\u0443\u043b\u0442\u0443\u0440\u043d\u0438 [&hellip;]","protected":false},"author":348,"featured_media":0,"parent":1597,"menu_order":0,"comment_status":"closed","ping_status":"closed","template":"","meta":{"_acf_changed":false,"footnotes":""},"class_list":["post-4769","page","type-page","status-publish","hentry"],"acf":[],"_links":{"self":[{"href":"https:\/\/dialozi.uni-plovdiv.bg\/index.php?rest_route=\/wp\/v2\/pages\/4769","targetHints":{"allow":["GET"]}}],"collection":[{"href":"https:\/\/dialozi.uni-plovdiv.bg\/index.php?rest_route=\/wp\/v2\/pages"}],"about":[{"href":"https:\/\/dialozi.uni-plovdiv.bg\/index.php?rest_route=\/wp\/v2\/types\/page"}],"author":[{"embeddable":true,"href":"https:\/\/dialozi.uni-plovdiv.bg\/index.php?rest_route=\/wp\/v2\/users\/348"}],"replies":[{"embeddable":true,"href":"https:\/\/dialozi.uni-plovdiv.bg\/index.php?rest_route=%2Fwp%2Fv2%2Fcomments&post=4769"}],"version-history":[{"count":2,"href":"https:\/\/dialozi.uni-plovdiv.bg\/index.php?rest_route=\/wp\/v2\/pages\/4769\/revisions"}],"predecessor-version":[{"id":5014,"href":"https:\/\/dialozi.uni-plovdiv.bg\/index.php?rest_route=\/wp\/v2\/pages\/4769\/revisions\/5014"}],"up":[{"embeddable":true,"href":"https:\/\/dialozi.uni-plovdiv.bg\/index.php?rest_route=\/wp\/v2\/pages\/1597"}],"wp:attachment":[{"href":"https:\/\/dialozi.uni-plovdiv.bg\/index.php?rest_route=%2Fwp%2Fv2%2Fmedia&parent=4769"}],"curies":[{"name":"wp","href":"https:\/\/api.w.org\/{rel}","templated":true}]}}