{"id":4817,"date":"2021-03-04T16:32:33","date_gmt":"2021-03-04T14:32:33","guid":{"rendered":"https:\/\/dialozi.uni-plovdiv.bg\/?page_id=4817"},"modified":"2021-03-11T21:13:10","modified_gmt":"2021-03-11T19:13:10","slug":"%d0%b8%d0%b2%d0%b0-%d0%bc%d0%b0%d0%bb%d0%ba%d0%be%d0%b2%d0%b0","status":"publish","type":"page","link":"https:\/\/dialozi.uni-plovdiv.bg\/?page_id=4817","title":{"rendered":"\u0418\u0432\u0430 \u041c\u0430\u043b\u043a\u043e\u0432\u0430"},"content":{"rendered":"\u0414\u043e\u0446. \u0434-\u0440 \u0418\u0432\u0430 M\u0430\u043b\u043a\u043e\u0432\u0430 (Iva M\u00e1lkov\u00e1, iva.malkova@osu.cz) \u0435 \u0434\u043e\u0446\u0435\u043d\u0442\n\u0434\u043e\u043a\u0442\u043e\u0440 \u0432 \u041a\u0430\u0442\u0435\u0434\u0440\u0430\u0442\u0430 \u043f\u043e \u0447\u0435\u0448\u043a\u0430 \u043b\u0438\u0442\u0435\u0440\u0430\u0442\u0443\u0440\u0430 \u0438 \u043b\u0438\u0442\u0435\u0440\u0430\u0442\u0443\u0440\u043e\u0437\u043d\u0430\u043d\u0438\u0435 \u043a\u044a\u043c \u0424\u0438\u043b\u043e\u0441\u043e\u0444\u0441\u043a\u0438\u044f \u0444\u0430\u043a\u0443\u043b\u0442\u0435\u0442 \u043d\u0430 \u041e\u0441\u0442\u0440\u0430\u0432\u0441\u043a\u0438\u044f \u0443\u043d\u0438\u0432\u0435\u0440\u0441\u0438\u0442\u0435\u0442. \u0418\u0437\u0441\u043b\u0435\u0434\u043e\u0432\u0430\u0442\u0435\u043b\u0441\u043a\u0438\u0442\u0435 \u045d \u0438\u043d\u0442\u0435\u0440\u0435\u0441\u0438 \u0441\u0430 \u0432 \u043e\u0431\u043b\u0430\u0441\u0442\u0442\u0430 \u043d\u0430 \u0447\u0435\u0448\u043a\u0430\u0442\u0430 \u043b\u0438\u0442\u0435\u0440\u0430\u0442\u0443\u0440\u0430 \u043d\u0430 \u0425\u0425 \u0432\u0435\u043a, \u043e\u0441\u043e\u0431\u0435\u043d\u043e \u043d\u0430 \u043f\u043e\u0435\u0437\u0438\u044f\u0442\u0430 \u0441\u043b\u0435\u0434 1945 \u0433. \u0410\u0432\u0442\u043e\u0440 \u0435 \u043d\u0430 \u043c\u043e\u043d\u043e\u0433\u0440\u0430\u0444\u0438\u044f\u0442\u0430 \u0412 \u0442\u044a\u0440\u0441\u0435\u043d\u0435 \u043d\u0430 \u0412\u0438\u043b\u0435\u043c \u0417\u0430\u0432\u0430\u0434\u0430 (Hled\u00e1n\u00ed Vil\u00e9ma Z\u00e1vady, 2003), \u0430 \u0437\u0430 \u043f\u043e\u0440\u0435\u0434\u0438\u0446\u0430\u0442\u0430 \u201e\u0427\u0435\u0441\u043a\u0430 \u043a\u043d\u0438\u0436\u043d\u0438\u0446\u0435\u201c \u043f\u043e\u0434\u0433\u043e\u0442\u0432\u0438 \u0438\u0437\u0434\u0430\u043d\u0438\u0435\u0442\u043e \u0421\u0442\u0438\u0445\u043e\u0442\u0432\u043e\u0440\u0435\u043d\u0438\u044f \u043d\u0430 \u0412\u0438\u043b\u0435\u043c \u0417\u0430\u0432\u0430\u0434\u0430 (B\u00e1sn\u011b Vil\u00e9ma Z\u00e1vady, 2007), \u043a\u044a\u043c \u043f\u043e\u0440\u0435\u0434\u0438\u0446\u0430\u0442\u0430 \u041f\u043e\u043b\u0438\u0444\u043e\u043d\u0438\u044f (V\u00edcehlas\u00ed) \u0438\u0437\u0434\u0430\u0434\u0435 \u041a\u043e\u0440\u0435\u0441\u043f\u043e\u043d\u0434\u0435\u043d\u0446\u0438\u044f\u0442\u0430 \u043d\u0430 \u0412\u0438\u043b\u0435\u043c \u0417\u0430\u0432\u0430\u0434\u0430 (Korespondence Vil\u00e9ma Z\u00e1vady, 2007), \u0430 \u0437\u0430\u0435\u0434\u043d\u043e \u0441 \u0414\u0430\u043d\u0438\u0435\u043b \u0420\u0436\u0435\u0445\u0430\u043a \u2013 \u043a\u043d\u0438\u0433\u0430\u0442\u0430 \u041b\u0438\u0447\u043d\u043e\u0441\u0442\u0442\u0430 \u0438 \u0442\u0432\u043e\u0440\u0447\u0435\u0441\u0442\u0432\u043e\u0442\u043e \u043d\u0430 \u0412\u0438\u043b\u0435\u043c \u0417\u0430\u0432\u0430\u0434\u0430 \u0432 \u0431\u0438\u0431\u043b\u0438\u043e\u0433\u0440\u0430\u0444\u0441\u043a\u0438 \u0434\u0430\u043d\u043d\u0438 (Osobnost a d\u00edlo Vil\u00e9ma Z\u00e1vady v bibliografick\u00fdch datech, 2006). \u0422\u044f \u0435 \u0441\u044a\u0430\u0432\u0442\u043e\u0440 \u043d\u0430 \u041b\u0438\u0442\u0435\u0440\u0430\u0442\u0443\u0440\u0435\u043d \u0440\u0435\u0447\u043d\u0438\u043a \u043d\u0430 \u0421\u0435\u0432\u0435\u0440\u043d\u0430 \u041c\u043e\u0440\u0430\u0432\u0438\u044f \u0438 \u0421\u0438\u043b\u0435\u0437\u0438\u044f (Slovn\u00edk severn\u00ed Moravy a Slezska, 2001), \u043d\u0430\u043f\u0438\u0441\u0430\u043b\u0430 \u0435 \u043d\u044f\u043a\u043e\u043b\u043a\u043e \u0433\u043b\u0430\u0432\u0438 \u0437\u0430 \u043c\u043e\u043d\u043e\u0433\u0440\u0430\u0444\u0438\u044f\u0442\u0430 \u043d\u0430 \u0421\u0432\u0430\u0442\u0430\u0432\u0430 \u0423\u0440\u0431\u0430\u043d\u043e\u0432\u0430 \u041a\u043e\u043e\u0440\u0434\u0438\u043d\u0430\u0442\u0438 \u043d\u0430 \u043c\u0435\u0441\u0442\u0430\u0442\u0430 (Sou\u0159adnice m\u00edst, 2003), \u0440\u0435\u0447\u043d\u0438\u043a\u043e\u0432\u0438 \u0441\u0442\u0430\u0442\u0438\u0438 \u0437\u0430 \u041a\u0443\u043b\u0442\u0443\u0440\u043d\u043e-\u0438\u0441\u0442\u043e\u0440\u0438\u0447\u0435\u0441\u043a\u0430 \u0435\u043d\u0446\u0438\u043a\u043b\u043e\u043f\u0435\u0434\u0438\u044f \u043d\u0430 \u0421\u0435\u0432\u0435\u0440\u043e\u0438\u0437\u0442\u043e\u0447\u043d\u0430 \u041c\u043e\u0440\u0430\u0432\u0438\u044f \u0438 \u0421\u0438\u043b\u0435\u0437\u0438\u044f (Kulturn\u011bhistorick\u00e1 encyklopedie Slezska a severov\u00fdchodn\u00ed Moravy, 2005, 2013). \u041a\u044a\u043c \u043f\u043e\u0440\u0435\u0434\u0438\u0446\u0430\u0442\u0430 \u201e\u0427\u0435\u0441\u043a\u0430 \u043a\u043d\u0438\u0436\u043d\u0438\u0446\u0435\u201c \u0438\u0437\u0434\u0430\u0432\u0430 \u0421\u0442\u0438\u0445\u043e\u0442\u0432\u043e\u0440\u0435\u043d\u0438\u044f \u043d\u0430 \u0424\u0440\u0430\u043d\u0442\u0438\u0448\u0435\u043a \u0425\u0440\u0443\u0431\u0438\u043d (B\u00e1sn\u011b F. Hrub\u00edna, 2010), \u0430 \u0432 \u0438\u0437\u0434\u0430\u0442\u0435\u043b\u0441\u0442\u0432\u043e \u201e\u0425\u043e\u0441\u0442\u201c \u2013 \u043a\u043d\u0438\u0433\u0430\u0442\u0430 \u0410\u0434\u0440\u0435\u0441\u0430\u0442 \u0424\u0440\u0430\u043d\u0442\u0438\u0448\u0435\u043a \u0425\u0440\u0443\u0431\u0438\u043d (Adres\u00e1t Franti\u0161ek Hrub\u00edn, 2010). \u041f\u0440\u0435\u0437 2011 \u0433. \u043f\u0443\u0431\u043b\u0438\u043a\u0443\u0432\u0430 \u043c\u043e\u043d\u043e\u0433\u0440\u0430\u0444\u0438\u044f\u0442\u0430 \u0424\u0440\u0430\u043d\u0442\u0438\u0448\u0435\u043a \u0425\u0440\u0443\u0431\u0438\u043d (\u0438\u0437 \u0430\u0440\u0445\u0438\u043d\u044b\u0442\u0435 \u0444\u043e\u043d\u0434\u043e\u0432\u0435) (Franti\u0161ek Hrub\u00edn (z archivn\u00edch fond\u016f). \u0427\u043b\u0435\u043d \u0435 \u043d\u0430 \u0440\u0435\u0434\u043a\u043e\u043b\u0435\u0433\u0438\u044f\u0442\u0430 \u043d\u0430 \u041b\u0438\u0442\u0435\u0440\u0430\u0442\u0443\u0440\u043d\u0438\u044f \u0430\u0440\u0445\u0438\u0432.\n<h3>\u0421\u0442\u0430\u0442\u0438\u0438<\/h3>\n<a href=\"https:\/\/dialozi.uni-plovdiv.bg\/?p=1521\">\u0427\u0435\u0448\u043a\u0430\u0442\u0430 \u043f\u043e\u0435\u0437\u0438\u044f \u043e\u0442 90-\u0442\u0435 \u0433\u043e\u0434\u0438\u043d\u0438 \u043d\u0430 \u0425\u0425 \u0432. \u0434\u043e \u043f\u044a\u0440\u0432\u043e\u0442\u043e \u0434\u0435\u0441\u0435\u0442\u0438\u043b\u0435\u0442\u0438\u0435 \u043d\u0430 XXI \u0432. (\u0425\u0443\u0434\u043e\u0436\u0435\u0441\u0442\u0432\u0435\u043d\u0438 \u0442\u0435\u043d\u0434\u0435\u043d\u0446\u0438\u0438 \u0432 \u0442\u0432\u043e\u0440\u0447\u0435\u0441\u0442\u0432\u043e\u0442\u043e \u043d\u0430 \u043f\u043e\u0435\u0442\u0438 \u0438 \u043f\u043e\u0435\u0442\u0435\u0441\u0438, \u0441\u0432\u044a\u0440\u0437\u0430\u043d\u0438 \u0441 \u041e\u0441\u0442\u0440\u0430\u0432\u0441\u043a\u0438\u044f \u043a\u0440\u0430\u0439) | \u0421\u043b\u0430\u0432\u044f\u043d\u0441\u043a\u0438 \u0434\u0438\u0430\u043b\u043e\u0437\u0438 (uni-plovdiv.bg)<\/a>","protected":false},"excerpt":{"rendered":"\u0414\u043e\u0446. \u0434-\u0440 \u0418\u0432\u0430 M\u0430\u043b\u043a\u043e\u0432\u0430 (Iva M\u00e1lkov\u00e1, iva.malkova@osu.cz) \u0435 \u0434\u043e\u0446\u0435\u043d\u0442 \u0434\u043e\u043a\u0442\u043e\u0440 \u0432 \u041a\u0430\u0442\u0435\u0434\u0440\u0430\u0442\u0430 \u043f\u043e \u0447\u0435\u0448\u043a\u0430 \u043b\u0438\u0442\u0435\u0440\u0430\u0442\u0443\u0440\u0430 \u0438 \u043b\u0438\u0442\u0435\u0440\u0430\u0442\u0443\u0440\u043e\u0437\u043d\u0430\u043d\u0438\u0435 \u043a\u044a\u043c \u0424\u0438\u043b\u043e\u0441\u043e\u0444\u0441\u043a\u0438\u044f \u0444\u0430\u043a\u0443\u043b\u0442\u0435\u0442 \u043d\u0430 \u041e\u0441\u0442\u0440\u0430\u0432\u0441\u043a\u0438\u044f \u0443\u043d\u0438\u0432\u0435\u0440\u0441\u0438\u0442\u0435\u0442. \u0418\u0437\u0441\u043b\u0435\u0434\u043e\u0432\u0430\u0442\u0435\u043b\u0441\u043a\u0438\u0442\u0435 \u045d \u0438\u043d\u0442\u0435\u0440\u0435\u0441\u0438 \u0441\u0430 \u0432 \u043e\u0431\u043b\u0430\u0441\u0442\u0442\u0430 \u043d\u0430 \u0447\u0435\u0448\u043a\u0430\u0442\u0430 \u043b\u0438\u0442\u0435\u0440\u0430\u0442\u0443\u0440\u0430 \u043d\u0430 \u0425\u0425 \u0432\u0435\u043a, \u043e\u0441\u043e\u0431\u0435\u043d\u043e \u043d\u0430 \u043f\u043e\u0435\u0437\u0438\u044f\u0442\u0430 \u0441\u043b\u0435\u0434 1945 \u0433. \u0410\u0432\u0442\u043e\u0440 \u0435 \u043d\u0430 \u043c\u043e\u043d\u043e\u0433\u0440\u0430\u0444\u0438\u044f\u0442\u0430 \u0412 \u0442\u044a\u0440\u0441\u0435\u043d\u0435 \u043d\u0430 \u0412\u0438\u043b\u0435\u043c \u0417\u0430\u0432\u0430\u0434\u0430 (Hled\u00e1n\u00ed Vil\u00e9ma Z\u00e1vady, 2003), \u0430 [&hellip;]","protected":false},"author":348,"featured_media":0,"parent":1597,"menu_order":0,"comment_status":"closed","ping_status":"closed","template":"","meta":{"_acf_changed":false,"footnotes":""},"class_list":["post-4817","page","type-page","status-publish","hentry"],"acf":[],"_links":{"self":[{"href":"https:\/\/dialozi.uni-plovdiv.bg\/index.php?rest_route=\/wp\/v2\/pages\/4817","targetHints":{"allow":["GET"]}}],"collection":[{"href":"https:\/\/dialozi.uni-plovdiv.bg\/index.php?rest_route=\/wp\/v2\/pages"}],"about":[{"href":"https:\/\/dialozi.uni-plovdiv.bg\/index.php?rest_route=\/wp\/v2\/types\/page"}],"author":[{"embeddable":true,"href":"https:\/\/dialozi.uni-plovdiv.bg\/index.php?rest_route=\/wp\/v2\/users\/348"}],"replies":[{"embeddable":true,"href":"https:\/\/dialozi.uni-plovdiv.bg\/index.php?rest_route=%2Fwp%2Fv2%2Fcomments&post=4817"}],"version-history":[{"count":2,"href":"https:\/\/dialozi.uni-plovdiv.bg\/index.php?rest_route=\/wp\/v2\/pages\/4817\/revisions"}],"predecessor-version":[{"id":5053,"href":"https:\/\/dialozi.uni-plovdiv.bg\/index.php?rest_route=\/wp\/v2\/pages\/4817\/revisions\/5053"}],"up":[{"embeddable":true,"href":"https:\/\/dialozi.uni-plovdiv.bg\/index.php?rest_route=\/wp\/v2\/pages\/1597"}],"wp:attachment":[{"href":"https:\/\/dialozi.uni-plovdiv.bg\/index.php?rest_route=%2Fwp%2Fv2%2Fmedia&parent=4817"}],"curies":[{"name":"wp","href":"https:\/\/api.w.org\/{rel}","templated":true}]}}