{"id":4859,"date":"2021-03-04T17:46:09","date_gmt":"2021-03-04T15:46:09","guid":{"rendered":"https:\/\/dialozi.uni-plovdiv.bg\/?page_id=4859"},"modified":"2024-05-11T16:31:19","modified_gmt":"2024-05-11T14:31:19","slug":"%d0%bc%d0%b0%d1%80%d0%b8%d1%8f%d0%bd%d0%b0-%d0%b1%d0%b8%d0%b9%d0%b5%d0%bb%d0%b8%d1%87","status":"publish","type":"page","link":"https:\/\/dialozi.uni-plovdiv.bg\/?page_id=4859","title":{"rendered":"\u041c\u0430\u0440\u0438\u044f\u043d\u0430 \u0411\u0438\u0439\u0435\u043b\u0438\u0447"},"content":{"rendered":"<p> \u0414\u043e\u0446. \u0434-\u0440 \u041c\u0430\u0440\u0438\u044f\u043d\u0430 \u0411\u0418\u0419\u0415\u041b\u0418\u0427 (Marijana Bijeli\u0107, marijanabijelic@yahoo.com) \u043f\u0440\u0435\u043f\u043e\u0434\u0430\u0432\u0430 \u0431\u044a\u043b\u0433\u0430\u0440\u0441\u043a\u0430 \u043b\u0438\u0442\u0435\u0440\u0430\u0442\u0443\u0440\u0430 \u0432 \u0417\u0430\u0433\u0440\u0435\u0431\u0441\u043a\u0438\u044f \u0443\u043d\u0438\u0432\u0435\u0440\u0441\u0438\u0442\u0435\u0442. \u0422\u044f \u0435 \u0447\u043b\u0435\u043d \u043d\u0430 \u041a\u0430\u0442\u0435\u0434\u0440\u0430\u0442\u0430 \u043f\u043e \u044e\u0436\u043d\u043e\u0441\u043b\u0430\u0432\u044f\u043d\u0441\u043a\u0438 \u0435\u0437\u0438\u0446\u0438 \u0438 \u043b\u0438\u0442\u0435\u0440\u0430\u0442\u0443\u0440\u0438 \u043d\u0430 \u0424\u0438\u043b\u043e\u0441\u043e\u0444\u0441\u043a\u0438\u044f \u0444\u0430\u043a\u0443\u043b\u0442\u0435\u0442. \u0417\u0430\u0432\u044a\u0440\u0448\u0438\u043b\u0430 \u0435 \u043f\u0440\u0435\u0437 2005 \u0433. \u0445\u044a\u0440\u0432\u0430\u0442\u0441\u043a\u0430 \u0444\u0438\u043b\u043e\u043b\u043e\u0433\u0438\u044f \u0438 \u0441\u043b\u0430\u0432\u044f\u043d\u0441\u043a\u0438 \u0444\u0438\u043b\u043e\u043b\u043e\u0433\u0438\u0438 \u0432\u044a\u0432 \u0424\u0438\u043b\u043e\u0441\u043e\u0444\u0441\u043a\u0438\u044f \u0444\u0430\u043a\u0443\u043b\u0442\u0435\u0442 \u043d\u0430 \u0417\u0430\u0433\u0440\u0435\u0431\u0441\u043a\u0438\u044f \u0443\u043d\u0438\u0432\u0435\u0440\u0441\u0438\u0442\u0435\u0442. \u00a0\u041f\u0440\u0435\u0437 2011 \u0433. \u0437\u0430\u0449\u0438\u0442\u0430\u0432\u0430 \u0434\u043e\u043a\u0442\u043e\u0440\u0441\u043a\u0430 \u0434\u0438\u0441\u0435\u0440\u0442\u0430\u0446\u0438\u044f \u043d\u0430 \u0442\u0435\u043c\u0430 \u201e\u0416\u0435\u0440\u0442\u0432\u043e\u043f\u0440\u0438\u043d\u043e\u0448\u0435\u043d\u0438\u0435\u0442\u043e \u043a\u0430\u0442\u043e \u0441\u0442\u0440\u0443\u043a\u0442\u0443\u0440\u0435\u043d \u043c\u043e\u0434\u0435\u043b \u043d\u0430 \u02bd\u0441\u0435\u043f\u0442\u0435\u043c\u0432\u0440\u0438\u0439\u0441\u043a\u0430\u0442\u0430 \u043b\u0438\u0442\u0435\u0440\u0430\u0442\u0443\u0440\u0430\u02bc \u0432 \u043a\u043e\u043d\u0442\u0435\u043a\u0441\u0442\u0430 \u043d\u0430 \u0431\u044a\u043b\u0433\u0430\u0440\u0441\u043a\u0438\u044f \u043b\u0438\u0442\u0435\u0440\u0430\u0442\u0443\u0440\u0435\u043d \u0430\u0432\u0430\u043d\u0433\u0430\u0440\u0434\u0438\u0437\u044a\u043c\u201c (\u201e\u017drtvovanje kao strukturni model \u02bdseptembarske knji\u017eevnosti\u02bc u okrviru bugarske knji\u017eevne avangarde&#8217;\u201c) \u0432\u044a\u0432 \u0424\u0438\u043b\u043e\u0441\u043e\u0444\u0441\u043a\u0438\u044f \u0444\u0430\u043a\u0443\u043b\u0442\u0435\u0442 \u043d\u0430 \u0417\u0430\u0433\u0440\u0435\u0431\u0441\u043a\u0438\u044f \u0443\u043d\u0438\u0432\u0435\u0440\u0441\u0438\u0442\u0435\u0442. \u0417\u0430\u043d\u0438\u043c\u0430\u0432\u0430 \u0441\u0435 \u0441 \u043b\u0438\u0442\u0435\u0440\u0430\u0442\u0443\u0440\u0435\u043d \u043f\u0440\u0435\u0432\u043e\u0434: \u043f\u0440\u0435\u0432\u0435\u043b\u0430 \u0435 <em>\u041f\u0440\u0435\u0433\u043b\u0435\u0434 \u043d\u0430 \u0431\u044a\u043b\u0433\u0430\u0440\u0441\u043a\u0430\u0442\u0430 \u043f\u043e\u0435\u0437\u0438\u044f \u043e\u0442 19<\/em><em>. \u0438 20. \u0432\u0435\u043a<\/em> (Nade\u017eda Zaharieva i Elena Alekova <em>Pregled bugarske knji\u017eevnosti 19. i 20. Stolje\u0107a<\/em>\u201c, ur. Antun Pave\u0161kovi\u0107, Zagreb, Dru\u0161tvo hrvatskih knji\u017eevnika, 2012). \u041f\u0440\u0435\u0437 2016 \u0433. \u0435 \u0438\u0437\u0431\u0440\u0430\u043d\u0430 \u0437\u0430 \u0434\u043e\u0446\u0435\u043d\u0442 \u043a\u044a\u043c <span class=\"VIiyi\" lang=\"bg\"><span class=\"JLqJ4b ChMk0b\" data-language-for-alternatives=\"bg\" data-language-to-translate-into=\"hr\" data-phrase-index=\"0\" data-number-of-phrases=\"1\">\u041a\u0430\u0442\u0435\u0434\u0440\u0430\u0442\u0430 \u043f\u043e \u044e\u0436\u043d\u043e\u0441\u043b\u0430\u0432\u044f\u043d\u0441\u043a\u0438 \u0435\u0437\u0438\u0446\u0438 \u0438 \u043b\u0438\u0442\u0435\u0440\u0430\u0442\u0443\u0440\u0438 \u043d\u0430 \u0424\u0438\u043b\u043e\u0441\u043e\u0444\u0441\u043a\u0438\u044f \u0444\u0430\u043a\u0443\u043b\u0442\u0435\u0442 \u0432 \u0417\u0430\u0433\u0440\u0435\u0431\u0441\u043a\u0438\u044f \u0443\u043d\u0438\u0432\u0435\u0440\u0441\u0438\u0442\u0435\u0442. <\/span><\/span>\u041d\u0430\u0443\u0447\u043d\u0438\u0442\u0435 \u045d \u0438\u043d\u0442\u0435\u0440\u0435\u0441\u0438 \u0438 \u043f\u0443\u0431\u043b\u0438\u043a\u0430\u0446\u0438\u0438 \u0441\u0430 \u0432 \u043e\u0431\u043b\u0430\u0441\u0442\u0442\u0430 \u043d\u0430 \u043d\u043e\u0432\u0430\u0442\u0430 \u0431\u044a\u043b\u0433\u0430\u0440\u0441\u043a\u0430 \u043b\u0438\u0442\u0435\u0440\u0430\u0442\u0443\u0440\u0430, \u043f\u0440\u0435\u0434\u0438\u043c\u043d\u043e \u043d\u0430 \u0431\u044a\u043b\u0433\u0430\u0440\u0441\u043a\u0438\u044f \u043b\u0438\u0442\u0435\u0440\u0430\u0442\u0443\u0440\u0435\u043d \u0430\u0432\u0430\u043d\u0433\u0430\u0440\u0434\u0438\u0437\u044a\u043c \u0438 \u0441\u0440\u0430\u0432\u043d\u0438\u0442\u0435\u043b\u043d\u043e\u0442\u043e \u043f\u0440\u043e\u0443\u0447\u0432\u0430\u043d\u0435 \u043d\u0430 \u044e\u0436\u043d\u043e\u0441\u043b\u0430\u0432\u044f\u043d\u0441\u043a\u0438\u0442\u0435 \u043b\u0438\u0442\u0435\u0440\u0430\u0442\u0443\u0440\u0438.<\/p>\n<h3>\u0421\u0442\u0430\u0442\u0438\u0438<\/h3>\n<p><a href=\"https:\/\/dialozi.uni-plovdiv.bg\/?p=17557\">\u0410\u0440\u0445\u0435\u0442\u0438\u043f\u043d\u0438 \u043a\u043e\u043d\u0444\u043b\u0438\u043a\u0442\u0438 \u043c\u0435\u0436\u0434\u0443 \u043c\u044a\u0436\u043a\u0438\u0442\u0435 \u0447\u043b\u0435\u043d\u043e\u0432\u0435 \u043d\u0430 \u0441\u0435\u043c\u0435\u0439\u0441\u0442\u0432\u043e\u0442\u043e \u0432 \u0431\u044a\u043b\u0433\u0430\u0440\u0441\u043a\u0430\u0442\u0430 \u043c\u043e\u0434\u0435\u0440\u043d\u0438\u0441\u0442\u0438\u0447\u043d\u0430 \u043f\u0440\u043e\u0437\u0430<\/a>. \/\/ <a href=\"https:\/\/dialozi.uni-plovdiv.bg\/?page_id=17148\"><em>\u0421\u043b\u0430\u0432\u044f\u043d\u0441\u043a\u0438 \u0434\u0438\u0430\u043b\u043e\u0437\u0438<\/em>, \u00a0XX, 2023, 32.<\/a><\/p>\n<p><a href=\"https:\/\/dialozi.uni-plovdiv.bg\/?p=13179\">\u041c\u0435\u0436\u0434\u0443 \u0434\u0438\u043e\u043d\u0438\u0441\u0438\u0435\u0432\u0438\u044f \u0435\u043a\u0441\u0442\u0430\u0437 \u0438 \u0435\u0442\u0438\u0447\u043d\u043e\u0442\u043e \u043f\u0440\u0435\u043e\u0431\u0440\u0430\u0437\u044f\u0432\u0430\u043d\u0435 \u0432 \u0442\u044a\u0440\u0441\u0435\u043d\u0435 \u043d\u0430 \u0440\u0435\u0448\u0435\u043d\u0438\u0435 \u043d\u0430 \u043a\u0440\u0438\u0437\u0430\u0442\u0430 \u0432 \u0441\u0431\u043e\u0440\u043d\u0438\u043a\u0430 <em>\u0420\u044a\u0436 <\/em>\u043d\u0430 \u0410\u043d\u0433\u0435\u043b \u041a\u0430\u0440\u0430\u043b\u0438\u0439\u0447\u0435\u0432<\/a>. \/\/ <a href=\"https:\/\/dialozi.uni-plovdiv.bg\/?page_id=432\"><em>\u0421\u043b\u0430\u0432\u044f\u043d\u0441\u043a\u0438 \u0434\u0438\u0430\u043b\u043e\u0437\u0438<\/em>, \u0425, 2013, \u043a\u043d. 14.<\/a><\/p>\n<h3>\u041f\u0440\u0435\u0432\u043e\u0434\u0438<\/h3>\n<p><a href=\"https:\/\/dialozi.uni-plovdiv.bg\/?p=3100\">\u0418\u0437 \u0430\u043d\u0442\u043e\u043b\u043e\u0433\u0438\u044f\u0442\u0430 \u201e\u041e\u0431\u0437\u043e\u0440 \u043d\u0430 \u0431\u044a\u043b\u0433\u0430\u0440\u0441\u043a\u0430\u0442\u0430 \u043f\u043e\u0435\u0437\u0438\u044f \u043e\u0442 XIX \u0438 \u0425\u0425 \u0432\u0435\u043a\u201c | \u0421\u043b\u0430\u0432\u044f\u043d\u0441\u043a\u0438 \u0434\u0438\u0430\u043b\u043e\u0437\u0438 (uni-plovdiv.bg)<\/a><\/p>\n\n\n<p><\/p>","protected":false},"excerpt":{"rendered":"\u0414\u043e\u0446. \u0434-\u0440 \u041c\u0430\u0440\u0438\u044f\u043d\u0430 \u0411\u0418\u0419\u0415\u041b\u0418\u0427 (Marijana Bijeli\u0107, marijanabijelic@yahoo.com) \u043f\u0440\u0435\u043f\u043e\u0434\u0430\u0432\u0430 \u0431\u044a\u043b\u0433\u0430\u0440\u0441\u043a\u0430 \u043b\u0438\u0442\u0435\u0440\u0430\u0442\u0443\u0440\u0430 \u0432 \u0417\u0430\u0433\u0440\u0435\u0431\u0441\u043a\u0438\u044f \u0443\u043d\u0438\u0432\u0435\u0440\u0441\u0438\u0442\u0435\u0442. \u0422\u044f \u0435 \u0447\u043b\u0435\u043d \u043d\u0430 \u041a\u0430\u0442\u0435\u0434\u0440\u0430\u0442\u0430 \u043f\u043e \u044e\u0436\u043d\u043e\u0441\u043b\u0430\u0432\u044f\u043d\u0441\u043a\u0438 \u0435\u0437\u0438\u0446\u0438 \u0438 \u043b\u0438\u0442\u0435\u0440\u0430\u0442\u0443\u0440\u0438 \u043d\u0430 \u0424\u0438\u043b\u043e\u0441\u043e\u0444\u0441\u043a\u0438\u044f \u0444\u0430\u043a\u0443\u043b\u0442\u0435\u0442. \u0417\u0430\u0432\u044a\u0440\u0448\u0438\u043b\u0430 \u0435 \u043f\u0440\u0435\u0437 2005 \u0433. \u0445\u044a\u0440\u0432\u0430\u0442\u0441\u043a\u0430 \u0444\u0438\u043b\u043e\u043b\u043e\u0433\u0438\u044f \u0438 \u0441\u043b\u0430\u0432\u044f\u043d\u0441\u043a\u0438 \u0444\u0438\u043b\u043e\u043b\u043e\u0433\u0438\u0438 \u0432\u044a\u0432 \u0424\u0438\u043b\u043e\u0441\u043e\u0444\u0441\u043a\u0438\u044f \u0444\u0430\u043a\u0443\u043b\u0442\u0435\u0442 \u043d\u0430 \u0417\u0430\u0433\u0440\u0435\u0431\u0441\u043a\u0438\u044f \u0443\u043d\u0438\u0432\u0435\u0440\u0441\u0438\u0442\u0435\u0442. \u00a0\u041f\u0440\u0435\u0437 2011 \u0433. \u0437\u0430\u0449\u0438\u0442\u0430\u0432\u0430 \u0434\u043e\u043a\u0442\u043e\u0440\u0441\u043a\u0430 \u0434\u0438\u0441\u0435\u0440\u0442\u0430\u0446\u0438\u044f \u043d\u0430 \u0442\u0435\u043c\u0430 \u201e\u0416\u0435\u0440\u0442\u0432\u043e\u043f\u0440\u0438\u043d\u043e\u0448\u0435\u043d\u0438\u0435\u0442\u043e \u043a\u0430\u0442\u043e \u0441\u0442\u0440\u0443\u043a\u0442\u0443\u0440\u0435\u043d \u043c\u043e\u0434\u0435\u043b \u043d\u0430 [&hellip;]","protected":false},"author":348,"featured_media":0,"parent":1597,"menu_order":0,"comment_status":"closed","ping_status":"closed","template":"","meta":{"_acf_changed":false,"footnotes":""},"class_list":["post-4859","page","type-page","status-publish","hentry"],"acf":[],"_links":{"self":[{"href":"https:\/\/dialozi.uni-plovdiv.bg\/index.php?rest_route=\/wp\/v2\/pages\/4859","targetHints":{"allow":["GET"]}}],"collection":[{"href":"https:\/\/dialozi.uni-plovdiv.bg\/index.php?rest_route=\/wp\/v2\/pages"}],"about":[{"href":"https:\/\/dialozi.uni-plovdiv.bg\/index.php?rest_route=\/wp\/v2\/types\/page"}],"author":[{"embeddable":true,"href":"https:\/\/dialozi.uni-plovdiv.bg\/index.php?rest_route=\/wp\/v2\/users\/348"}],"replies":[{"embeddable":true,"href":"https:\/\/dialozi.uni-plovdiv.bg\/index.php?rest_route=%2Fwp%2Fv2%2Fcomments&post=4859"}],"version-history":[{"count":19,"href":"https:\/\/dialozi.uni-plovdiv.bg\/index.php?rest_route=\/wp\/v2\/pages\/4859\/revisions"}],"predecessor-version":[{"id":18094,"href":"https:\/\/dialozi.uni-plovdiv.bg\/index.php?rest_route=\/wp\/v2\/pages\/4859\/revisions\/18094"}],"up":[{"embeddable":true,"href":"https:\/\/dialozi.uni-plovdiv.bg\/index.php?rest_route=\/wp\/v2\/pages\/1597"}],"wp:attachment":[{"href":"https:\/\/dialozi.uni-plovdiv.bg\/index.php?rest_route=%2Fwp%2Fv2%2Fmedia&parent=4859"}],"curies":[{"name":"wp","href":"https:\/\/api.w.org\/{rel}","templated":true}]}}