{"id":490,"date":"2018-07-24T10:55:59","date_gmt":"2018-07-24T08:55:59","guid":{"rendered":"http:\/\/dialozi.uni-plovdiv.bg\/?page_id=490"},"modified":"2022-01-18T14:44:32","modified_gmt":"2022-01-18T12:44:32","slug":"%d0%ba%d0%bd-15-2014","status":"publish","type":"page","link":"https:\/\/dialozi.uni-plovdiv.bg\/?page_id=490","title":{"rendered":"\u041a\u043d\u0438\u0436\u043a\u0430 15, 2014"},"content":{"rendered":"<div class=\"wp-block-media-text alignwide is-stacked-on-mobile is-vertically-aligned-bottom\"><figure class=\"wp-block-media-text__media\"><img loading=\"lazy\" decoding=\"async\" width=\"339\" height=\"500\" src=\"https:\/\/dialozi.uni-plovdiv.bg\/wp-content\/uploads\/2021\/09\/koritza-br.15_500.jpg\" alt=\"\" class=\"wp-image-8542 size-full\" srcset=\"https:\/\/dialozi.uni-plovdiv.bg\/wp-content\/uploads\/2021\/09\/koritza-br.15_500.jpg 339w, https:\/\/dialozi.uni-plovdiv.bg\/wp-content\/uploads\/2021\/09\/koritza-br.15_500-203x300.jpg 203w\" sizes=\"auto, (max-width: 339px) 100vw, 339px\" \/><\/figure><div class=\"wp-block-media-text__content\">\n<div class=\"wp-block-file\"><a href=\"https:\/\/dialozi.uni-plovdiv.bg\/wp-content\/uploads\/2022\/01\/Slavjanski-dialozi-br15-2014.pdf\">Slavjanski dialozi br15-2014<\/a><a href=\"https:\/\/dialozi.uni-plovdiv.bg\/wp-content\/uploads\/2022\/01\/Slavjanski-dialozi-br15-2014.pdf\" class=\"wp-block-file__button\" download>\u0418\u0437\u0442\u0435\u0433\u043b\u044f\u043d\u0435<\/a><\/div>\n\n\n\n<p class=\"has-large-font-size\"><\/p>\n\n\n\n<p> \u041d\u0430 \u043a\u043e\u0440\u0438\u0446\u0430\u0442\u0430: \u0410\u0434\u0430\u043c \u041c\u0430\u0440\u0442\u0438\u043d\u0430\u043a\u0438\u0441 (\u041f\u043e\u043b\u0448\u0430)<\/p>\n<\/div><\/div>\n\n\n<h4>\u00a0 \u041f\u0410\u041c\u0415\u0422<\/h4>\n<p><strong>\u0421\u0442\u043e \u0438 \u0434\u0432\u0430\u0434\u0435\u0441\u0435\u0442 \u0433\u043e\u0434\u0438\u043d\u0438 \u043e\u0442 \u0440\u043e\u0436\u0434\u0435\u043d\u0438\u0435\u0442\u043e \u043d\u0430 \u0411\u043e\u0440\u0438\u0441 \u0419\u043e\u0446\u043e\u0432 (1894 \u2013 1945)<br \/><\/strong><a href=\"https:\/\/dialozi.uni-plovdiv.bg\/?p=2531&amp;lang=bg\">\u041f\u0440\u043e\u0444. \u0411\u043e\u0440\u0438\u0441 \u0419\u043e\u0446\u043e\u0432 \u0438 \u0441\u043f\u0438\u0441\u0430\u043d\u0438\u0435 \u201e\u0420\u043e\u0434\u0438\u043d\u0430\u201c (\u0431\u0438\u043e-\u0431\u0438\u0431\u043b\u0438\u043e\u0433\u0440\u0430\u0444\u0441\u043a\u0430 \u043f\u0440\u0435\u0437\u0435\u043d\u0442\u0430\u0446\u0438\u044f) <\/a><br \/>(\u041a\u0438\u0447\u043a\u0430 \u041f\u0435\u0448\u0435\u0432\u0430)<\/p>\n<p><strong>\u0411\u043e\u0440\u0438\u0441 \u0419\u043e\u0446\u043e\u0432<\/strong><br \/><a href=\"https:\/\/dialozi.uni-plovdiv.bg\/?p=2541&amp;lang=bg\">\u0415\u0434\u043d\u0430 \u0432\u0430\u0440\u0434\u0430\u0440\u0441\u043a\u0430 \u0431\u0430\u043b\u0430\u0434\u0430<\/a><\/p>\n<p><strong>\u0411\u043e\u0440\u0438\u0441 \u0419\u043e\u0446\u043e\u0432<\/strong><br \/><a href=\"https:\/\/dialozi.uni-plovdiv.bg\/?p=2544&amp;lang=bg\">\u041d\u0430\u0439-\u043d\u043e\u0432\u0430\u0442\u0430 \u0441\u0440\u044a\u0431\u0441\u043a\u0430 \u043b\u0438\u0440\u0438\u043a\u0430<\/a><\/p>\n<p><strong>\u0425\u0440\u0438\u0441\u0442\u0438\u043d\u0430 \u0411\u0430\u043b\u0430\u0431\u0430\u043d\u043e\u0432\u0430 (\u0421\u043e\u0444\u0438\u044f)<\/strong><br \/><a href=\"https:\/\/dialozi.uni-plovdiv.bg\/?p=2547&amp;lang=bg\">\u0421\u043b\u0430\u0432\u0438\u0441\u0442\u0438\u0447\u043d\u0438\u0442\u0435 \u0442\u0435\u043a\u0441\u0442\u043e\u0432\u0435 \u043d\u0430 \u0411\u043e\u0440\u0438\u0441 \u0419\u043e\u0446\u043e\u0432 \u043a\u0430\u0442\u043e \u043d\u0430\u0443\u0447\u043d\u043e \u043d\u0435\u0443\u0441\u0432\u043e\u0435\u043d\u043e \u043f\u0440\u043e\u0441\u0442\u0440\u0430\u043d\u0441\u0442\u0432\u043e<\/a><\/p>\n<h4>\u00a0 \u041a\u0423\u041b\u0422\u0423\u0420\u041d\u0410 \u0418\u0421\u0422\u041e\u0420\u0418\u042f<\/h4>\n<p><strong>\u0415\u043b\u0435\u043d\u0430 \u041a\u0440\u0435\u0439\u0447\u043e\u0432\u0430 (\u0411\u044a\u0440\u043d\u043e)<\/strong><br \/><a href=\"https:\/\/dialozi.uni-plovdiv.bg\/?p=2555&amp;lang=bg\">\u0411\u044a\u043b\u0433\u0430\u0440\u0441\u043a\u043e\u0442\u043e \u043c\u0430\u043b\u0446\u0438\u043d\u0441\u0442\u0432\u043e \u0432 \u0447\u0435\u0448\u043a\u0438\u044f \u0433\u0440\u0430\u0434 \u0411\u044a\u0440\u043d\u043e <br \/><\/a><\/p>\n<h4>\u00a0 \u0415\u0417\u0418\u041a\u041e\u0417\u041d\u0410\u041d\u0418\u0415<\/h4>\n<p><strong>\u0412\u0435\u0440\u0430 \u041c\u0430\u0440\u043e\u0432\u0441\u043a\u0430 (\u041f\u043b\u043e\u0432\u0434\u0438\u0432)<\/strong><br \/><a href=\"https:\/\/dialozi.uni-plovdiv.bg\/?p=2557&amp;lang=bg\">\u0422\u0435\u043e\u0440\u0438\u0438\u0442\u0435 \u0437\u0430 \u0440\u0435\u0444\u0435\u0440\u0435\u043d\u0446\u0438\u044f\u0442\u0430 \u0438 \u043f\u0435\u0440\u0441\u043f\u0435\u043a\u0442\u0438\u0432\u0438\u0442\u0435 \u0438\u043c \u0437\u0430 \u0441\u044a\u0432\u0440\u0435\u043c\u0435\u043d\u043d\u0430\u0442\u0430 \u043b\u0438\u043d\u0433\u0432\u0438\u0441\u0442\u0438\u043a\u0430<\/a><\/p>\n<p><strong>\u0412\u0435\u043b\u0438\u043d \u041f\u0435\u0442\u0440\u043e\u0432 (\u0412\u0435\u043b\u0438\u043a\u043e \u0422\u044a\u0440\u043d\u043e\u0432\u043e)<\/strong><br \/><a href=\"https:\/\/dialozi.uni-plovdiv.bg\/?p=2560&amp;lang=bg\">\u0421\u044a\u0431\u0438\u0440\u0430\u0442\u0435\u043b\u043d\u0438\u0442\u0435 \u0438\u043c\u0435\u043d\u0430 \u0437\u0430 \u043d\u0430\u0437\u043e\u0432\u0430\u0432\u0430\u043d\u0435 \u043d\u0430 \u0441\u044a\u0432\u043a\u0443\u043f\u043d\u043e\u0441\u0442\u0438 \u043e\u0442 \u0440\u0430\u0441\u0442\u0435\u043d\u0438\u044f \u0432 \u0431\u044a\u043b\u0433\u0430\u0440\u0441\u043a\u0438\u044f \u0435\u0437\u0438\u043a<\/a><\/p>\n<h4>\u00a0 \u041b\u0418\u0422\u0415\u0420\u0410\u0422\u0423\u0420\u041e\u0417\u041d\u0410\u041d\u0418\u0415<\/h4>\n<p><strong>\u041c\u0430\u0440\u0433\u0440\u0435\u0442\u0430 \u0413\u0440\u0438\u0433\u043e\u0440\u043e\u0432\u0430 (\u0412\u0435\u043b\u0438\u043a\u043e \u0422\u044a\u0440\u043d\u043e\u0432\u043e)<\/strong><br \/><a href=\"https:\/\/dialozi.uni-plovdiv.bg\/?p=2567&amp;lang=bg\"><em>\u0421\u044a\u0440\u0446\u0435\u0442\u043e \u043d\u0430 \u043c\u0440\u0430\u043a\u0430<\/em> \u2013 \u0434\u043e\u0441\u0438\u0435 \u0441 \u043f\u0440\u043e\u0434\u044a\u043b\u0436\u0435\u043d\u0438\u0435. \u041a\u043e\u043d\u0433\u043e\u0430\u043d\u0441\u043a\u043e\u0442\u043e \u043f\u044a\u0442\u0443\u0432\u0430\u043d\u0435 \u043d\u0430 \u0414\u0436\u043e\u0443\u0437\u0435\u0444 \u041a\u043e\u043d\u0440\u0430\u0434, <br \/>\u0410\u043d\u0434\u0440\u0435 \u0416\u0438\u0434, \u0410\u043b\u0431\u0435\u0440\u0442\u043e \u041c\u043e\u0440\u0430\u0432\u0438\u044f, \u041a\u0430\u0436\u0438\u043c\u0435\u0436 \u041d\u043e\u0432\u0430\u043a \u0438 \u0420\u0438\u0448\u0430\u0440\u0434 \u041a\u0430\u043f\u0443\u0448\u0447\u0438\u043d\u0441\u043a\u0438<\/a><\/p>\n<p><strong>\u0419\u043e\u0440\u0434\u0430\u043d \u041a\u043e\u0441\u0442\u0443\u0440\u043a\u043e\u0432 (\u041f\u043b\u043e\u0432\u0434\u0438\u0432)<\/strong><br \/><a href=\"https:\/\/dialozi.uni-plovdiv.bg\/?p=2571&amp;lang=bg\">\u0421\u043b\u0430\u0432\u044f\u043d\u0441\u043a\u0438\u0442\u0435 \u0433\u0435\u0440\u043e\u0438 \u0432 \u043f\u0440\u043e\u0437\u0430\u0442\u0430 \u043d\u0430 \u0423\u0438\u043b\u0430 \u041a\u0430\u0442\u044a\u0440\u00a0<\/a><\/p>\n<p><strong>\u0415\u0432\u0430 \u041a\u0440\u0430\u0441\u043a\u043e\u0432\u0441\u043a\u0430 (\u041f\u043e\u0437\u043d\u0430\u043d)<\/strong><br \/><a href=\"https:\/\/dialozi.uni-plovdiv.bg\/?p=2574&amp;lang=bg\">\u0414\u0438\u0441\u043a\u0443\u0440\u0441\u044a\u0442 \u043d\u0430 \u043f\u043e\u043b\u0430 \u0432 \u043b\u0438\u0442\u0435\u0440\u0430\u0442\u0443\u0440\u0430\u0442\u0430, \u043a\u0440\u0438\u0442\u0438\u043a\u0430\u0442\u0430 \u0438 \u0442\u0435\u043e\u0440\u0438\u044f\u0442\u0430 \u0432 \u0441\u043b\u0430\u0432\u044f\u043d\u0441\u043a\u0438\u044f \u0441\u0432\u044f\u0442 <br \/>\u043d\u0430 \u0433\u0440\u0430\u043d\u0438\u0446\u0430\u0442\u0430 \u043c\u0435\u0436\u0434\u0443 XX \u0438 XXI \u0432\u0435\u043a<br \/><\/a>\u041f\u0440\u0435\u0432\u043e\u0434 \u043e\u0442 \u043f\u043e\u043b\u0441\u043a\u0438: \u0416\u0430\u043d\u0430 \u0421\u0442\u0430\u043d\u0447\u0435\u0432\u0430<\/p>\n<h4>\u00a0 \u0414\u0415\u0411\u042e\u0422\u0418<\/h4>\n<p><strong>\u0420\u043e\u0441\u0438\u043d\u0430 \u041a\u043e\u043a\u0443\u0434\u0435\u0432\u0430 (\u0421\u043e\u0444\u0438\u044f)<\/strong><br \/><a href=\"https:\/\/dialozi.uni-plovdiv.bg\/?p=2577&amp;lang=bg\">\u041f\u0440\u043e\u0431\u043b\u0435\u043c\u044a\u0442 \u0437\u0430 \u0438\u0437\u043f\u0438\u0442\u0430\u043d\u0438\u0435\u0442\u043e \u0432 \u0441\u044e\u0436\u0435\u0442\u0430 \u0437\u0430 \u041f\u0435\u043f\u0435\u043b\u044f\u0448\u043a\u0430 \u0432 \u043f\u0440\u0438\u043a\u0430\u0437\u043a\u0438\u0442\u0435 \u043d\u0430 \u0411\u043e\u0436\u0435\u043d\u0430 \u041d\u0435\u043c\u0446\u043e\u0432\u0430 \u0438 \u0410\u043d\u0433\u0435\u043b \u041a\u0430\u0440\u0430\u043b\u0438\u0439\u0447\u0435\u0432\u00a0<\/a><\/p>\n<p><strong>\u042f\u043a\u0443\u0431 \u041c\u0438\u043a\u0443\u043b\u0435\u0446\u043a\u0438 (\u041f\u043b\u043e\u0432\u0434\u0438\u0432)<\/strong><br \/><a href=\"https:\/\/dialozi.uni-plovdiv.bg\/?p=2586&amp;lang=bg\">\u0414\u0440\u0430\u043c\u0430\u0442\u0443\u0440\u0433\u0438\u044f\u0442\u0430 \u043d\u0430 \u0415\u0433\u043e\u043d \u0411\u043e\u043d\u0434\u0438 \u0432 \u043a\u043e\u043d\u0442\u0435\u043a\u0441\u0442\u0430 \u043d\u0430 \u0447\u0435\u0448\u043a\u0430\u0442\u0430 \u043b\u0438\u0442\u0435\u0440\u0430\u0442\u0443\u0440\u0430<\/a><\/p>\n<h4>\u00a0 \u041d\u041e\u0412\u0418 \u041f\u0420\u0415\u0412\u041e\u0414\u0418<\/h4>\n<p><a href=\"https:\/\/dialozi.uni-plovdiv.bg\/?p=2589&amp;lang=bg\"><strong>\u0421\u0442\u043e \u0433\u043e\u0434\u0438\u043d\u0438 \u043e\u0442 \u0440\u043e\u0436\u0434\u0435\u043d\u0438\u0435\u0442\u043e \u043d\u0430 \u0411\u043e\u0445\u0443\u043c\u0438\u043b \u0425\u0440\u0430\u0431\u0430\u043b (1914 \u2013 1997)<\/strong><\/a><br \/><strong>\u0411\u043e\u0445\u0443\u043c\u0438\u043b \u0425\u0440\u0430\u0431\u0430\u043b<\/strong><br \/><a href=\"https:\/\/dialozi.uni-plovdiv.bg\/?p=2613&amp;lang=bg\">\u041a\u0440\u0430\u043a\u043c\u0430\u043a \u201e\u0421\u0432\u044f\u0442\u201c<\/a><br \/>\u041f\u0440\u0435\u0432\u043e\u0434 \u043e\u0442 \u0447\u0435\u0448\u043a\u0438: \u0421\u0435\u0432\u0434\u0430\u043b\u0438\u043d\u0430 \u0412\u0435\u043b\u0435\u0432\u0430, \u0412\u0435\u043d\u0446\u0438\u0441\u043b\u0430\u0432\u0430 \u0414\u0438\u043c\u0438\u0442\u0440\u043e\u0432\u0430<\/p>\n<p><strong>\u0411\u043e\u0445\u0443\u043c\u0438\u043b \u0425\u0440\u0430\u0431\u0430\u043b<\/strong><br \/><a href=\"https:\/\/dialozi.uni-plovdiv.bg\/?p=2600&amp;lang=bg\">\u0420\u043e\u043c\u0430\u043d\u0441<\/a><br \/>\u041f\u0440\u0435\u0432\u043e\u0434 \u043e\u0442 \u0447\u0435\u0448\u043a\u0438: \u0414\u0430\u043d\u0438\u0435\u043b\u0430 \u0417\u0430\u043f\u0440\u044f\u043d\u043e\u0432\u0430<\/p>\n<p><strong>\u0410\u0434\u0430\u043c \u0413\u0435\u043e\u0440\u0433\u0438\u0435\u0432<\/strong><br \/><a href=\"https:\/\/dialozi.uni-plovdiv.bg\/?p=2631&amp;lang=bg\">\u0410\u0440\u0442\u0443\u0440\u0435, \u0442\u0438, \u0431\u043b\u0443\u0434\u043d\u0438\u0446\u0435 \u043d\u0430 \u0438\u0437\u043a\u0443\u0441\u0442\u0432\u043e\u0442\u043e. \u041f\u0438\u0441\u043c\u0430 \u043d\u0430 \u041f\u043e\u043b \u0412\u0435\u0440\u043b\u0435\u043d \u0434\u043e \u0410\u0440\u0442\u0443\u0440 \u0420\u0435\u043c\u0431\u043e (\u043e\u0442\u043a\u044a\u0441)<\/a><br \/>\u041f\u0440\u0435\u0432\u043e\u0434 \u043e\u0442 \u0447\u0435\u0448\u043a\u0438: \u0414\u0438\u043c\u0430\u043d\u0430 \u0418\u0432\u0430\u043d\u043e\u0432\u0430<\/p>\n<h4>\u00a0 \u0415\u0422\u0410\u0416\u0415\u0420\u041a\u0410<\/h4>\n<p><a href=\"https:\/\/dialozi.uni-plovdiv.bg\/?p=2626&amp;lang=bg\"><strong>\u041a\u043e\u043d\u0441\u0442\u0430\u043d\u0442\u0438\u043d \u041a\u0443\u0446\u0430\u0440\u043e\u0432<\/strong><br \/>\u0411\u044a\u043b\u0433\u0430\u0440\u0441\u043a\u043e\u0442\u043e \u043f\u0440\u0438\u0447\u0430\u0441\u0442\u0438\u0435 <\/a><br \/>(\u0421\u0442\u043e\u044f\u043d \u0411\u0443\u0440\u043e\u0432)<\/p>\n<p><a href=\"https:\/\/dialozi.uni-plovdiv.bg\/?p=2634&amp;lang=bg\"><strong>Elena Krej\u010dov\u00e1<\/strong><br \/>\u010cesko-bulharsk\u00fd a bulharsko-\u010desk\u00fd tematick\u00fd slovn\u00edk s \u00fakoly na procvi\u010dov\u00e1n\u00ed slovn\u00ed z\u00e1soby <\/a><br \/>(\u041c\u0438\u0445\u0430\u0435\u043b\u0430 \u041a\u0443\u0437\u043c\u043e\u0432\u0430)<\/p>\n<p><strong><a href=\"https:\/\/dialozi.uni-plovdiv.bg\/?p=2638&amp;lang=bg\">Elena Krej\u010dov\u00e1<\/a><\/strong><br \/><a href=\"https:\/\/dialozi.uni-plovdiv.bg\/?p=2638&amp;lang=bg\"> \u010cesko-bulharsk\u00fd pr\u00e1vnick\u00fd slovn\u00edk <\/a><br \/>(\u041a\u0430\u0442\u0435\u0440\u0438\u043d\u0430 \u0422\u043e\u043c\u043e\u0432\u0430)<\/p>\n<p><a href=\"https:\/\/dialozi.uni-plovdiv.bg\/?p=2641&amp;lang=bg\"><strong>Bo\u017cena Tokarz (red.)<\/strong><br \/>Przek\u0142ady Literatur S\u0142owia\u0144skich <\/a><br \/>(\u0419\u043e\u0430\u043d\u043d\u0430 \u041c\u043b\u0435\u0447\u043a\u043e)<\/p>\n<p><a href=\"https:\/\/dialozi.uni-plovdiv.bg\/?p=2644&amp;lang=bg\"><strong>\u041c\u0430\u0440\u0433\u0440\u0435\u0442\u0430 \u0413\u0440\u0438\u0433\u043e\u0440\u043e\u0432\u0430<\/strong><br \/>\u041e\u0447\u0438\u0442\u0435 \u043d\u0430 \u0441\u043b\u043e\u0432\u043e\u0442\u043e. \u041f\u043e\u043b\u043e\u043d\u0438\u0441\u0442\u0438\u0447\u043d\u0438 \u0441\u0442\u0443\u0434\u0438\u0438 <\/a><br \/>(\u0412\u043b\u0430\u0434\u0438\u043c\u0438\u0440 \u0414\u043e\u043d\u0435\u0432)<\/p>\n<p><a href=\"https:\/\/dialozi.uni-plovdiv.bg\/?p=2647&amp;lang=bg\"><strong>\u0417\u0434\u0440\u0430\u0432\u043a\u043e \u0414\u0435\u0447\u0435\u0432<\/strong><\/a><br \/><a href=\"https:\/\/dialozi.uni-plovdiv.bg\/?p=2647&amp;lang=bg\"> \u0423\u0441\u0442\u043d\u043e\u0441\u0442 \u2013 \u043f\u0438\u0441\u043c\u0435\u043d\u043e\u0441\u0442 \u0432\u044a\u0432 \u0432\u044a\u0437\u0440\u043e\u0436\u0434\u0435\u043d\u0441\u043a\u0430\u0442\u0430 \u043a\u0443\u043b\u0442\u0443\u0440\u0430. \u0424\u0435\u043d\u043e\u043c\u0435\u043d\u043e\u043b\u043e\u0433\u0438\u044f \u043d\u0430 \u0431\u044a\u043b\u0433\u0430\u0440\u0441\u043a\u0438\u044f \u0433\u043b\u0430\u0441 <\/a><br \/>(\u041c\u0430\u0440\u0433\u0430\u0440\u0438\u0442\u0430 \u0414\u0438\u043c\u0438\u0442\u0440\u043e\u0432\u0430)<\/p>\n<h4>\u00a0 <a href=\"https:\/\/dialozi.uni-plovdiv.bg\/?p=13595\">\u0410\u0412\u0422\u041e\u0420\u0418, \u041f\u0420\u0415\u0412\u041e\u0414\u0410\u0427\u0418, \u0420\u0415\u0414\u0410\u041a\u0422\u041e\u0420\u0418<\/a><\/h4>\n<p><\/h4>\n<p>\u00a0<\/p>\n<p><\/p>\n<p>\u00a0<\/p>","protected":false},"excerpt":{"rendered":"\u00a0 \u041f\u0410\u041c\u0415\u0422 \u0421\u0442\u043e \u0438 \u0434\u0432\u0430\u0434\u0435\u0441\u0435\u0442 \u0433\u043e\u0434\u0438\u043d\u0438 \u043e\u0442 \u0440\u043e\u0436\u0434\u0435\u043d\u0438\u0435\u0442\u043e \u043d\u0430 \u0411\u043e\u0440\u0438\u0441 \u0419\u043e\u0446\u043e\u0432 (1894 \u2013 1945)\u041f\u0440\u043e\u0444. \u0411\u043e\u0440\u0438\u0441 \u0419\u043e\u0446\u043e\u0432 \u0438 \u0441\u043f\u0438\u0441\u0430\u043d\u0438\u0435 \u201e\u0420\u043e\u0434\u0438\u043d\u0430\u201c (\u0431\u0438\u043e-\u0431\u0438\u0431\u043b\u0438\u043e\u0433\u0440\u0430\u0444\u0441\u043a\u0430 \u043f\u0440\u0435\u0437\u0435\u043d\u0442\u0430\u0446\u0438\u044f) (\u041a\u0438\u0447\u043a\u0430 \u041f\u0435\u0448\u0435\u0432\u0430) \u0411\u043e\u0440\u0438\u0441 \u0419\u043e\u0446\u043e\u0432\u0415\u0434\u043d\u0430 \u0432\u0430\u0440\u0434\u0430\u0440\u0441\u043a\u0430 \u0431\u0430\u043b\u0430\u0434\u0430 \u0411\u043e\u0440\u0438\u0441 \u0419\u043e\u0446\u043e\u0432\u041d\u0430\u0439-\u043d\u043e\u0432\u0430\u0442\u0430 \u0441\u0440\u044a\u0431\u0441\u043a\u0430 \u043b\u0438\u0440\u0438\u043a\u0430 \u0425\u0440\u0438\u0441\u0442\u0438\u043d\u0430 \u0411\u0430\u043b\u0430\u0431\u0430\u043d\u043e\u0432\u0430 (\u0421\u043e\u0444\u0438\u044f)\u0421\u043b\u0430\u0432\u0438\u0441\u0442\u0438\u0447\u043d\u0438\u0442\u0435 \u0442\u0435\u043a\u0441\u0442\u043e\u0432\u0435 \u043d\u0430 \u0411\u043e\u0440\u0438\u0441 \u0419\u043e\u0446\u043e\u0432 \u043a\u0430\u0442\u043e \u043d\u0430\u0443\u0447\u043d\u043e \u043d\u0435\u0443\u0441\u0432\u043e\u0435\u043d\u043e \u043f\u0440\u043e\u0441\u0442\u0440\u0430\u043d\u0441\u0442\u0432\u043e \u00a0 \u041a\u0423\u041b\u0422\u0423\u0420\u041d\u0410 \u0418\u0421\u0422\u041e\u0420\u0418\u042f \u0415\u043b\u0435\u043d\u0430 \u041a\u0440\u0435\u0439\u0447\u043e\u0432\u0430 (\u0411\u044a\u0440\u043d\u043e)\u0411\u044a\u043b\u0433\u0430\u0440\u0441\u043a\u043e\u0442\u043e \u043c\u0430\u043b\u0446\u0438\u043d\u0441\u0442\u0432\u043e \u0432 \u0447\u0435\u0448\u043a\u0438\u044f \u0433\u0440\u0430\u0434 \u0411\u044a\u0440\u043d\u043e \u00a0 \u0415\u0417\u0418\u041a\u041e\u0417\u041d\u0410\u041d\u0418\u0415 [&hellip;]","protected":false},"author":6,"featured_media":8526,"parent":27,"menu_order":12,"comment_status":"closed","ping_status":"closed","template":"","meta":{"_acf_changed":false,"footnotes":""},"class_list":["post-490","page","type-page","status-publish","has-post-thumbnail","hentry"],"acf":[],"_links":{"self":[{"href":"https:\/\/dialozi.uni-plovdiv.bg\/index.php?rest_route=\/wp\/v2\/pages\/490","targetHints":{"allow":["GET"]}}],"collection":[{"href":"https:\/\/dialozi.uni-plovdiv.bg\/index.php?rest_route=\/wp\/v2\/pages"}],"about":[{"href":"https:\/\/dialozi.uni-plovdiv.bg\/index.php?rest_route=\/wp\/v2\/types\/page"}],"author":[{"embeddable":true,"href":"https:\/\/dialozi.uni-plovdiv.bg\/index.php?rest_route=\/wp\/v2\/users\/6"}],"replies":[{"embeddable":true,"href":"https:\/\/dialozi.uni-plovdiv.bg\/index.php?rest_route=%2Fwp%2Fv2%2Fcomments&post=490"}],"version-history":[{"count":64,"href":"https:\/\/dialozi.uni-plovdiv.bg\/index.php?rest_route=\/wp\/v2\/pages\/490\/revisions"}],"predecessor-version":[{"id":13601,"href":"https:\/\/dialozi.uni-plovdiv.bg\/index.php?rest_route=\/wp\/v2\/pages\/490\/revisions\/13601"}],"up":[{"embeddable":true,"href":"https:\/\/dialozi.uni-plovdiv.bg\/index.php?rest_route=\/wp\/v2\/pages\/27"}],"wp:featuredmedia":[{"embeddable":true,"href":"https:\/\/dialozi.uni-plovdiv.bg\/index.php?rest_route=\/wp\/v2\/media\/8526"}],"wp:attachment":[{"href":"https:\/\/dialozi.uni-plovdiv.bg\/index.php?rest_route=%2Fwp%2Fv2%2Fmedia&parent=490"}],"curies":[{"name":"wp","href":"https:\/\/api.w.org\/{rel}","templated":true}]}}