{"id":5155,"date":"2021-03-12T17:01:22","date_gmt":"2021-03-12T15:01:22","guid":{"rendered":"https:\/\/dialozi.uni-plovdiv.bg\/?page_id=5155"},"modified":"2024-05-11T16:02:33","modified_gmt":"2024-05-11T14:02:33","slug":"%d0%bf%d0%b0%d0%b2%d0%b5%d0%bb-%d0%ba%d1%80%d0%b5%d0%b9%d1%87%d0%b8","status":"publish","type":"page","link":"https:\/\/dialozi.uni-plovdiv.bg\/?page_id=5155","title":{"rendered":"\u041f\u0430\u0432\u0435\u043b \u041a\u0440\u0435\u0439\u0447\u0438"},"content":{"rendered":"<p><strong><\/strong> \u0414\u043e\u0446. \u0434-\u0440 \u041f\u0430\u0432\u0435\u043b \u041a\u0420\u0415\u0419\u0427\u0418 <a href=\"mailto:pkrejci@phil.muni.cz\">(pkrejci@phil.muni.cz<\/a>) \u0435 \u0447\u043b\u0435\u043d \u043d\u0430 \u041a\u0430\u0442\u0435\u0434\u0440\u0430\u0442\u0430 \u043f\u043e \u0441\u043b\u0430\u0432\u0438\u0441\u0442\u0438\u043a\u0430 \u043a\u044a\u043c \u0424\u0438\u043b\u043e\u0441\u043e\u0444\u0441\u043a\u0438\u044f \u0444\u0430\u043a\u0443\u043b\u0442\u0435\u0442 \u043d\u0430 \u041c\u0430\u0441\u0430\u0440\u0438\u043a\u043e\u0432\u0438\u044f \u0443\u043d\u0438\u0432\u0435\u0440\u0441\u0438\u0442\u0435\u0442 \u0432 \u0411\u044a\u0440\u043d\u043e, \u0440\u044a\u043a\u043e\u0432\u043e\u0434\u0438\u0442\u0435\u043b \u043d\u0430 \u0421\u0435\u043a\u0442\u043e\u0440\u0430 \u043f\u043e \u044e\u0436\u043d\u043e\u0441\u043b\u0430\u0432\u044f\u043d\u0441\u043a\u0438 \u0444\u0438\u043b\u043e\u043b\u043e\u0433\u0438\u0438 \u0438 \u0431\u0430\u043b\u043a\u0430\u043d\u0438\u0441\u0442\u0438\u043a\u0430 \u0432 \u0440\u0430\u043c\u043a\u0438\u0442\u0435 \u043d\u0430 \u0441\u044a\u0449\u0430\u0442\u0430 \u043a\u0430\u0442\u0435\u0434\u0440\u0430\u0442\u0430. \u0417\u0430\u0432\u044a\u0440\u0448\u0438\u043b \u0435 \u043d\u044f\u043a\u043e\u043b\u043a\u043e \u0444\u0438\u043b\u043e\u043b\u043e\u0433\u0438\u0447\u0435\u0441\u043a\u0438 \u0441\u043f\u0435\u0446\u0438\u0430\u043b\u043d\u043e\u0441\u0442\u0438: \u044e\u0433\u043e\u0441\u043b\u0430\u0432\u0438\u0441\u0442\u0438\u043a\u0430, \u0447\u0435\u0448\u043a\u0438 \u0435\u0437\u0438\u043a \u0438 \u043b\u0438\u0442\u0435\u0440\u0430\u0442\u0443\u0440\u0430, \u0431\u044a\u043b\u0433\u0430\u0440\u0441\u043a\u0438 \u0435\u0437\u0438\u043a \u0438 \u043b\u0438\u0442\u0435\u0440\u0430\u0442\u0443\u0440\u0430; \u043f\u0430\u043b\u0435\u043e\u0441\u043b\u0430\u0432\u0438\u0441\u0442\u0438\u043a\u0430 \u0438 \u0441\u043b\u0430\u0432\u044f\u043d\u0441\u043a\u0438 \u0435\u0437\u0438\u0446\u0438.<br>\u041d\u0430\u0443\u0447\u043d\u0438\u0442\u0435 \u043c\u0443 \u0438\u043d\u0442\u0435\u0440\u0435\u0441\u0438 \u0441\u0430 \u0441\u0432\u044a\u0440\u0437\u0430\u043d\u0438 \u0441 \u0431\u044a\u043b\u0433\u0430\u0440\u0441\u043a\u0438\u044f, \u0441\u0440\u044a\u0431\u0441\u043a\u0438\u044f \u0438 \u0445\u044a\u0440\u0432\u0430\u0442\u0441\u043a\u0438\u044f (\u0438 \u0441\u044a\u043e\u0442\u0432\u0435\u0442\u043d\u043e \u0431\u043e\u0441\u043d\u0435\u043d\u0441\u043a\u0438\u044f \u0438 \u0447\u0435\u0440\u043d\u043e\u0433\u043e\u0440\u0441\u043a\u0438\u044f \u0435\u0437\u0438\u043a) \u0438 \u0441 \u0442\u044f\u0445\u043d\u0430\u0442\u0430 \u0441\u044a\u043f\u043e\u0441\u0442\u0430\u0432\u043a\u0430 \u0441 \u0447\u0435\u0448\u043a\u0438\u044f. \u041e\u0441\u043d\u043e\u0432\u043d\u0430\u0442\u0430 \u0438\u0437\u0441\u043b\u0435\u0434\u043e\u0432\u0430\u0442\u0435\u043b\u0441\u043a\u0430 \u043f\u0440\u043e\u0431\u043b\u0435\u043c\u0430\u0442\u0438\u043a\u0430 \u0435 \u0432 \u043f\u043e\u043b\u0435\u0442\u043e \u043d\u0430 \u0444\u0440\u0430\u0437\u0435\u043e\u043b\u043e\u0433\u0438\u044f\u0442\u0430 \u043d\u0430 \u043f\u043e\u0441\u043e\u0447\u0435\u043d\u0438\u0442\u0435 \u0435\u0437\u0438\u0446\u0438 \u0432 \u0441\u044a\u043f\u043e\u0441\u0442\u0430\u0432\u0438\u0442\u0435\u043b\u0435\u043d \u0430\u0441\u043f\u0435\u043a\u0442, \u0430 \u043f\u0440\u0435\u0437 \u043f\u043e\u0441\u043b\u0435\u0434\u043d\u0438\u0442\u0435 \u0433\u043e\u0434\u0438\u043d\u0438 \u2013 \u043f\u0440\u0435\u0434\u0438\u043c\u043d\u043e \u0432 \u043f\u0443\u0431\u043b\u0438\u0446\u0438\u0441\u0442\u0438\u0447\u043d\u0438\u0442\u0435 \u0442\u0435\u043a\u0441\u0442\u043e\u0432\u0435. \u041e\u0441\u0432\u0435\u043d \u0441 \u0444\u0440\u0430\u0437\u0435\u043e\u043b\u043e\u0433\u0438\u044f\u0442\u0430 \u0441\u044a\u0449\u043e \u0442\u0430\u043a\u0430 \u0441\u0435 \u0437\u0430\u043d\u0438\u043c\u0430\u0432\u0430 \u0441 \u043f\u0440\u043e\u0446\u0435\u0441\u0438\u0442\u0435 \u043d\u0430 \u0441\u0442\u0430\u043d\u0434\u0430\u0440\u0434\u0438\u0437\u0430\u0446\u0438\u044f\u0442\u0430 \u043d\u0430 \u044e\u0436\u043d\u043e\u0441\u043b\u0430\u0432\u044f\u043d\u0441\u043a\u0438\u0442\u0435 \u043a\u043d\u0438\u0436\u043e\u0432\u043d\u0438 \u0435\u0437\u0438\u0446\u0438 (\u043f\u0430\u043a \u0432 \u0441\u044a\u043f\u043e\u0441\u0442\u0430\u0432\u0438\u0442\u0435\u043b\u0435\u043d \u0430\u0441\u043f\u0435\u043a\u0442).<br>\u0410\u0432\u0442\u043e\u0440 \u0435 \u043d\u0430 <em>Slovn\u00edk balk\u00e1nsk\u00fdch spisovatel\u016f <\/em>(\u043a\u043e\u043b. \u0430\u0432\u0442., \u0433\u043b. \u0440\u0435\u0434. \u0418\u0432\u0430\u043d \u0414\u043e\u0440\u043e\u0432\u0441\u043a\u0438, 2001), <em>\u010cesk\u00e9 a slovensk\u00e9 odborn\u00e9 pr\u00e1ce o jihov\u00fdchodn\u00ed Evrop\u011b. Bibliografie za l\u00e9ta 1991\u20132000 <\/em>(\u043a\u043e\u043b. \u0430\u0432\u0442., \u0433\u043b. \u0440\u0435\u0434. \u041b\u0430\u0434\u0438\u0441\u043b\u0430\u0432 \u0425\u043b\u0430\u0434\u043a\u0438, 2003), <em>Bulharsk\u00e1 a \u010desk\u00e1 publicistick\u00e1 frazeologie ve vz\u00e1jemn\u00e9m srovn\u00e1n\u00ed <\/em>(2006), <em>Slovan\u00e9 a Evropa na po\u010d\u00e1tku 21. stolet\u00ed <\/em>(\u043a\u043e\u043b. \u0430\u0432\u0442., \u0433\u043b. \u0440\u0435\u0434. \u0418\u0432\u043e \u041f\u043e\u0441\u043f\u0438\u0448\u0438\u043b, 2007), <em>Kl\u00ed\u010dov\u00e9 probl\u00e9my slovansk\u00fdch are\u00e1l\u016f <\/em>(\u043a\u043e\u043b. \u0430\u0432\u0442., \u0433\u043b. \u0440\u0435\u0434. \u0418\u0432\u043e \u041f\u043e\u0441\u043f\u0438\u0448\u0438\u043b, 2009). \u0423\u0447\u0430\u0441\u0442\u0432\u0430 \u043a\u0430\u0442\u043e \u0441\u044a\u0441\u0442\u0430\u0432\u0438\u0442\u0435\u043b \u0432 \u0441\u0431\u043e\u0440\u043d\u0438\u0446\u0438\u0442\u0435 <em>Narodili jsme se jako draci. Antologie bulharsk\u00e9 modern\u00ed pov\u00eddky <\/em>(\u0441\u044a\u0441\u0442.: \u041f\u0430\u0432\u0435\u043b \u041a\u0440\u0435\u0439\u0447\u0438, \u0415\u043b\u0435\u043d\u0430 \u041a\u0440\u0435\u0439\u0447\u043e\u0432\u0430 \u0438 \u041d\u0430\u0434\u0435\u0436\u0434\u0430 \u0421\u0442\u0430\u043b\u044f\u043d\u043e\u0432\u0430, \u0433\u043b. \u0440\u0435\u0434. \u0418\u0432\u0430\u043d \u0414\u043e\u0440\u043e\u0432\u0441\u043a\u0438 \u0438 \u0424\u0440\u0430\u043d\u0442\u0438\u0448\u0435\u043a \u0428\u0430\u043b\u0435, 2003), <em>Studia Balcanica Bohemo-Slovaca VI, sv. 1 a 2. P\u0159\u00edsp\u011bvky p\u0159ednesen\u00e9 na VI. mezin\u00e1rodn\u00edm balkanistick\u00e9m sympoziu v Brn\u011b ve dnech 25.\u201327. dubna 2005 <\/em>(\u0441\u044a\u0441\u0442.: \u041f\u0430\u0432\u0435\u043b \u0411\u043e\u0447\u0435\u043a, \u041b\u0430\u0434\u0438\u0441\u043b\u0430\u0432 \u0425\u043b\u0430\u0434\u043a\u0438, \u041f\u0430\u0432\u0435\u043b \u041a\u0440\u0435\u0439\u0447\u0438, \u041f\u0435\u0442\u044a\u0440 \u0421\u0442\u0435\u0445\u043b\u0438\u043a \u0438 \u0412\u0430\u0446\u043b\u0430\u0432 \u0429\u0435\u043f\u0430\u043d\u0435\u043a, \u0433\u043b. \u0440\u0435\u0434. \u0412\u0430\u0446\u043b\u0430\u0432 \u0429\u0435\u043f\u0430\u043d\u0435\u043a, 2006), <em>Chorvatsko, Chorvat\u00e9, chorvat\u0161tina. Sborn\u00edk refer\u00e1t\u016f p\u0159ednesen\u00fdch b\u011bhem T\u00fddne chorvatsk\u00e9 kultury (Brno, duben 2006) a dal\u0161\u00edch kroatisticky zam\u011b\u0159en\u00fdch text\u016f <\/em>(\u0441\u044a\u0441\u0442\u0430\u0432\u0438\u0442\u0435\u043b\u0438: \u041f\u0430\u0432\u0435\u043b \u041a\u0440\u0435\u0439\u0447\u0438 \u0438 \u042f\u043d\u0430 \u041a\u043e\u043c\u0430\u0440\u043a\u043e\u0432\u0430, \u0433\u043b. \u0440\u0435\u0434. \u041f\u0430\u0432\u0435\u043b\u00a0\u041a\u0440\u0435\u0439\u0447\u0438, 2007), <em>\u041f\u0440\u0435\u043f\u043e\u0434\u0430\u0432\u0430\u043d\u0435\u0442\u043e \u043d\u0430 \u0431\u044a\u043b\u0433\u0430\u0440\u0441\u043a\u0438 \u0435\u0437\u0438\u043a \u043a\u0430\u0442\u043e \u0447\u0443\u0436\u0434 \u0432 \u0441\u043b\u0430\u0432\u044f\u043d\u0441\u043a\u0438 \u0438 \u043d\u0435\u0441\u043b\u0430- \u0432\u044f\u043d\u0441\u043a\u0438 \u043a\u043e\u043d\u0442\u0435\u043a\u0441\u0442 <\/em>(\u0441\u044a\u0441\u0442\u0430\u0432\u0438\u0442\u0435\u043b\u0438: \u0415\u043b\u0435\u043d\u0430 \u041a\u0440\u0435\u0439\u0447\u043e\u0432\u0430 \u0438 \u041f\u0430\u0432\u0435\u043b \u041a\u0440\u0435\u0439\u0447\u0438, 2010).<\/p>\n\n\n\n<h3 class=\"wp-block-heading\">\u0421\u0442\u0430\u0442\u0438\u0438<\/h3>\n\n\n\n<p><a href=\"https:\/\/dialozi.uni-plovdiv.bg\/?p=17142\">\u0421\u044a\u0432\u0440\u0435\u043c\u0435\u043d\u043d\u0430\u0442\u0430 \u0435\u0437\u0438\u043a\u043e\u0432\u0435\u0434\u0441\u043a\u0430 \u0431\u044a\u043b\u0433\u0430\u0440\u0438\u0441\u0442\u0438\u043a\u0430 \u0432 \u041c\u0430\u0441\u0430\u0440\u0438\u043a\u043e\u0432\u0438\u044f \u0443\u043d\u0438\u0432\u0435\u0440\u0441\u0438\u0442\u0435\u0442 \u0432 \u0411\u044a\u0440\u043d\u043e.<\/a> \/\/ <a href=\"https:\/\/dialozi.uni-plovdiv.bg\/?page_id=17148\"><em>\u0421\u043b\u0430\u0432\u044f\u043d\u0441\u043a\u0438 \u0434\u0438\u0430\u043b\u043e\u0437\u0438<\/em>, \u0425\u0425, 2023, 32<\/a> (\u0432 \u0441\u044a\u0430\u0432\u0442\u043e\u0440\u0441\u0442\u0432\u043e \u0441 \u0415\u043b\u0435\u043d\u0430 \u041a\u0440\u0435\u0439\u0447\u043e\u0432\u0430).<\/p>\n\n\n\n<p><a href=\"https:\/\/dialozi.uni-plovdiv.bg\/?p=5587\">\u0427\u0435\u0448\u043a\u0438\u0442\u0435 \u0433\u0435\u043e\u0433\u0440\u0430\u0444\u0441\u043a\u0438 \u043d\u0430\u0437\u0432\u0430\u043d\u0438\u044f \u010cesko, \u010cechy \u0438 \u0442\u0435\u0445\u043d\u0438\u0442\u0435 \u0435\u043a\u0432\u0438\u0432\u0430\u043b\u0435\u043d\u0442\u0438 \u0432 \u0434\u0440\u0443\u0433\u0438 \u0441\u043b\u0430\u0432\u044f\u043d\u0441\u043a\u0438 \u0435\u0437\u0438\u0446\u0438.&nbsp;<\/a>\/\/ <a href=\"https:\/\/dialozi.uni-plovdiv.bg\/?page_id=29\"><em>\u0421\u043b\u0430\u0432\u044f\u043d\u0441\u043a\u0438 \u0434\u0438\u0430\u043b\u043e\u0437\u0438<\/em>, VII, 2010, 10-11<\/a>.<\/p>\n\n\n\n<p><\/p>\n\n\n\n<p><\/p>","protected":false},"excerpt":{"rendered":"\u0414\u043e\u0446. \u0434-\u0440 \u041f\u0430\u0432\u0435\u043b \u041a\u0420\u0415\u0419\u0427\u0418 (pkrejci@phil.muni.cz) \u0435 \u0447\u043b\u0435\u043d \u043d\u0430 \u041a\u0430\u0442\u0435\u0434\u0440\u0430\u0442\u0430 \u043f\u043e \u0441\u043b\u0430\u0432\u0438\u0441\u0442\u0438\u043a\u0430 \u043a\u044a\u043c \u0424\u0438\u043b\u043e\u0441\u043e\u0444\u0441\u043a\u0438\u044f \u0444\u0430\u043a\u0443\u043b\u0442\u0435\u0442 \u043d\u0430 \u041c\u0430\u0441\u0430\u0440\u0438\u043a\u043e\u0432\u0438\u044f \u0443\u043d\u0438\u0432\u0435\u0440\u0441\u0438\u0442\u0435\u0442 \u0432 \u0411\u044a\u0440\u043d\u043e, \u0440\u044a\u043a\u043e\u0432\u043e\u0434\u0438\u0442\u0435\u043b \u043d\u0430 \u0421\u0435\u043a\u0442\u043e\u0440\u0430 \u043f\u043e \u044e\u0436\u043d\u043e\u0441\u043b\u0430\u0432\u044f\u043d\u0441\u043a\u0438 \u0444\u0438\u043b\u043e\u043b\u043e\u0433\u0438\u0438 \u0438 \u0431\u0430\u043b\u043a\u0430\u043d\u0438\u0441\u0442\u0438\u043a\u0430 \u0432 \u0440\u0430\u043c\u043a\u0438\u0442\u0435 \u043d\u0430 \u0441\u044a\u0449\u0430\u0442\u0430 \u043a\u0430\u0442\u0435\u0434\u0440\u0430\u0442\u0430. \u0417\u0430\u0432\u044a\u0440\u0448\u0438\u043b \u0435 \u043d\u044f\u043a\u043e\u043b\u043a\u043e \u0444\u0438\u043b\u043e\u043b\u043e\u0433\u0438\u0447\u0435\u0441\u043a\u0438 \u0441\u043f\u0435\u0446\u0438\u0430\u043b\u043d\u043e\u0441\u0442\u0438: \u044e\u0433\u043e\u0441\u043b\u0430\u0432\u0438\u0441\u0442\u0438\u043a\u0430, \u0447\u0435\u0448\u043a\u0438 \u0435\u0437\u0438\u043a \u0438 \u043b\u0438\u0442\u0435\u0440\u0430\u0442\u0443\u0440\u0430, \u0431\u044a\u043b\u0433\u0430\u0440\u0441\u043a\u0438 \u0435\u0437\u0438\u043a \u0438 \u043b\u0438\u0442\u0435\u0440\u0430\u0442\u0443\u0440\u0430; \u043f\u0430\u043b\u0435\u043e\u0441\u043b\u0430\u0432\u0438\u0441\u0442\u0438\u043a\u0430 \u0438 \u0441\u043b\u0430\u0432\u044f\u043d\u0441\u043a\u0438 \u0435\u0437\u0438\u0446\u0438.\u041d\u0430\u0443\u0447\u043d\u0438\u0442\u0435 \u043c\u0443 \u0438\u043d\u0442\u0435\u0440\u0435\u0441\u0438 \u0441\u0430 \u0441\u0432\u044a\u0440\u0437\u0430\u043d\u0438 \u0441 [&hellip;]","protected":false},"author":348,"featured_media":0,"parent":1597,"menu_order":0,"comment_status":"closed","ping_status":"closed","template":"","meta":{"_acf_changed":false,"footnotes":""},"class_list":["post-5155","page","type-page","status-publish","hentry"],"acf":[],"_links":{"self":[{"href":"https:\/\/dialozi.uni-plovdiv.bg\/index.php?rest_route=\/wp\/v2\/pages\/5155","targetHints":{"allow":["GET"]}}],"collection":[{"href":"https:\/\/dialozi.uni-plovdiv.bg\/index.php?rest_route=\/wp\/v2\/pages"}],"about":[{"href":"https:\/\/dialozi.uni-plovdiv.bg\/index.php?rest_route=\/wp\/v2\/types\/page"}],"author":[{"embeddable":true,"href":"https:\/\/dialozi.uni-plovdiv.bg\/index.php?rest_route=\/wp\/v2\/users\/348"}],"replies":[{"embeddable":true,"href":"https:\/\/dialozi.uni-plovdiv.bg\/index.php?rest_route=%2Fwp%2Fv2%2Fcomments&post=5155"}],"version-history":[{"count":19,"href":"https:\/\/dialozi.uni-plovdiv.bg\/index.php?rest_route=\/wp\/v2\/pages\/5155\/revisions"}],"predecessor-version":[{"id":18081,"href":"https:\/\/dialozi.uni-plovdiv.bg\/index.php?rest_route=\/wp\/v2\/pages\/5155\/revisions\/18081"}],"up":[{"embeddable":true,"href":"https:\/\/dialozi.uni-plovdiv.bg\/index.php?rest_route=\/wp\/v2\/pages\/1597"}],"wp:attachment":[{"href":"https:\/\/dialozi.uni-plovdiv.bg\/index.php?rest_route=%2Fwp%2Fv2%2Fmedia&parent=5155"}],"curies":[{"name":"wp","href":"https:\/\/api.w.org\/{rel}","templated":true}]}}