{"id":5179,"date":"2021-03-12T17:26:26","date_gmt":"2021-03-12T15:26:26","guid":{"rendered":"https:\/\/dialozi.uni-plovdiv.bg\/?page_id=5179"},"modified":"2021-11-06T19:48:50","modified_gmt":"2021-11-06T17:48:50","slug":"%d0%b0%d0%bd%d0%b8-%d0%b1%d1%83%d1%80%d0%be%d0%b2%d0%b0","status":"publish","type":"page","link":"https:\/\/dialozi.uni-plovdiv.bg\/?page_id=5179","title":{"rendered":"\u0410\u043d\u0438 \u0411\u0443\u0440\u043e\u0432\u0430"},"content":{"rendered":"<p><strong> <\/strong>\u0414\u043e\u0446. \u0434-\u0440 \u0410\u043d\u0438 \u0411\u0423\u0420\u041e\u0412\u0410 (<a href=\"mailto:ani_burova@yahoo.com\">ani_burova@yahoo.com<\/a>) \u0435 \u043f\u0440\u0435\u043f\u043e\u0434\u0430\u0432\u0430\u0442\u0435\u043b \u043f\u043e \u0438\u0441\u0442\u043e\u0440\u0438\u044f \u043d\u0430 \u0447\u0435\u0448\u043a\u0430\u0442\u0430 \u043b\u0438\u0442\u0435\u0440\u0430\u0442\u0443\u0440\u0430 \u0438 \u043f\u043e \u0438\u0441\u0442\u043e\u0440\u0438\u044f \u043d\u0430 \u0441\u043b\u0430\u0432\u044f\u043d\u0441\u043a\u0438\u0442\u0435 \u043b\u0438\u0442\u0435\u0440\u0430\u0442\u0443\u0440\u0438 \u0432 \u041a\u0430\u0442\u0435\u0434\u0440\u0430\u0442\u0430 \u043f\u043e \u0441\u043b\u0430\u0432\u044f\u043d\u0441\u043a\u0438 \u043b\u0438\u0442\u0435\u0440\u0430\u0442\u0443\u0440\u0438 &nbsp;\u043d\u0430 &nbsp;\u0421\u0423 &nbsp;\u201e\u0421\u0432. &nbsp;\u041a\u043b\u0438\u043c\u0435\u043d\u0442 &nbsp;\u041e\u0445\u0440\u0438\u0434\u0441\u043a\u0438\u201c. &nbsp;\u041e\u0441\u043d\u043e\u0432\u043d\u0438\u0442\u0435&nbsp; \u045d&nbsp; \u043d\u0430\u0443\u0447\u043d\u0438 &nbsp;\u0438\u043d\u0442\u0435\u0440\u0435\u0441\u0438 &nbsp;\u0441\u0430 \u0441\u0432\u044a\u0440\u0437\u0430\u043d\u0438 \u0441 \u043d\u043e\u0432\u0430\u0442\u0430 \u0438 \u0441\u044a\u0432\u0440\u0435\u043c\u0435\u043d\u043d\u0430\u0442\u0430 \u043b\u0438\u0442\u0435\u0440\u0430\u0442\u0443\u0440\u0430 \u0438 \u0441\u0440\u0430\u0432\u043d\u0438\u0442\u0435\u043b\u043d\u0430\u0442\u0430 \u043b\u0438\u0442\u0435\u0440\u0430\u0442\u0443\u0440\u043d\u0430 \u0438\u0441\u0442\u043e\u0440\u0438\u044f. \u0410\u0432\u0442\u043e\u0440 \u0435 \u043d\u0430 \u0434\u0438\u0441\u0435\u0440\u0442\u0430\u0446\u0438\u044f \u0432\u044a\u0440\u0445\u0443 \u043b\u0438\u0442\u0435\u0440\u0430\u0442\u0443\u0440\u0430\u0442\u0430 \u043d\u0430 \u0447\u0435\u0448\u043a\u0438\u044f \u043c\u043e\u0434\u0435\u0440\u043d\u0438\u0437\u044a\u043c, \u043a\u0430\u043a\u0442\u043e \u0438 \u043d\u0430 \u043c\u043d\u043e\u0436\u0435\u0441\u0442\u0432\u043e \u043f\u0443\u0431\u043b\u0438\u043a\u0430\u0446\u0438\u0438 \u0432 \u043d\u0430\u0448\u0438 \u0438 \u0447\u0443\u0436\u0434\u0438 \u0441\u043f\u0435\u0446\u0438\u0430\u043b\u0438\u0437\u0438\u0440\u0430\u043d\u0438 \u0438\u0437\u0434\u0430\u043d\u0438\u044f \u0438 \u043d\u0430\u0443\u0447\u043d\u0438 \u0441\u0431\u043e\u0440\u043d\u0438\u0446\u0438. \u0427\u043b\u0435\u043d e \u043d\u0430 \u0440\u0435\u0434\u0430\u043a\u0446\u0438\u043e\u043d\u043d\u0430\u0442\u0430 \u043a\u043e\u043b\u0435\u0433\u0438\u044f \u043d\u0430 \u0441\u0435\u0434\u043c\u0438\u0447\u043d\u0438\u043a\u0430 \u201e\u041b\u0438\u0442\u0435\u0440\u0430\u0442\u0443\u0440\u0435\u043d \u0432\u0435\u0441\u0442\u043d\u0438\u043a\u201c \u0438 \u0435 \u0433\u043b\u0430\u0432\u0435\u043d \u0440\u0435\u0434\u0430\u043a\u0442\u043e\u0440 \u043d\u0430 \u0441\u043f\u0435\u0446\u0438\u0430\u043b\u0438\u0437\u0438\u0440\u0430\u043d\u043e\u0442\u043e \u0431\u043e\u0445\u0435\u043c\u0438\u0441\u0442\u0438\u0447\u043d\u043e \u0441\u043f\u0438\u0441\u0430\u043d\u0438\u0435 \u201eHomo Bohemicus\u201c. \u0410\u0432\u0442\u043e\u0440 \u0435 \u043d\u0430 \u043c\u043e\u043d\u043e\u0433\u0440\u0430\u0444\u0438\u044f\u0442\u0430 <em><span id=\"mainContentPlaceHolder_gridPublications_lbTitle_0\">\u041b\u0438\u0442\u0435\u0440\u0430\u0442\u0443\u0440\u0430\u0442\u0430 \u0438 \u0444\u0440\u0430\u0433\u043c\u0435\u043d\u0442\u0430\u0440\u0438\u0437\u0438\u0440\u0430\u043d\u0438\u044f\u0442 \u0441\u0432\u044f\u0442 <\/span><\/em><span id=\"mainContentPlaceHolder_gridPublications_lbTitle_0\">(2014).<\/span><\/p>\n\n\n<h3 class=\"wp-block-heading\">\u0421\u0442\u0430\u0442\u0438\u0438<\/h3>\n\n\n\n<p><a href=\"https:\/\/dialozi.uni-plovdiv.bg\/?p=5602\">\u0425\u043e\u043c\u043e\u0433\u0435\u043d\u043d\u043e\u0441\u0442 \u0438 \u0440\u0430\u0437\u043d\u043e\u0440\u043e\u0434\u043d\u043e\u0441\u0442 \u043d\u0430 \u0447\u0435\u0448\u043a\u0438\u044f \u043c\u043e\u0434\u0435\u0440\u043d\u0438\u0437\u044a\u043c. <\/a>\/\/ <em>\u0421\u043b\u0430\u0432\u044f\u043d\u0441\u043a\u0438 \u0434\u0438\u0430\u043b\u043e\u0437\u0438<\/em>, VII, 2010, 10-11.<\/p>\n\n\n\n<h3 class=\"wp-block-heading\">\u0420\u0435\u0446\u0435\u043d\u0437\u0438\u0438<\/h3>\n\n\n\n<p><a href=\"https:\/\/dialozi.uni-plovdiv.bg\/?p=5737\">Homo Bohemicus. \/\/ <\/a><em>\u0421\u043b\u0430\u0432\u044f\u043d\u0441\u043a\u0438 \u0434\u0438\u0430\u043b\u043e\u0437\u0438<\/em>, VII, 2010, 10-11, 272-274.<\/p>\n\n\n\n<p><a href=\"https:\/\/dialozi.uni-plovdiv.bg\/?p=5544\">\u017dor\u017eeta \u010colakova. \u010cesk\u00fd surrealismus 30. let: Struktura b\u00e1snick\u00e9ho v\u00fdrazu. [\u0416\u043e\u0440\u0436\u0435\u0442\u0430 \u0427\u043e\u043b\u0430\u043a\u043e\u0432\u0430. \u0427\u0435\u0448\u043a\u0438\u044f\u0442 \u0441\u044e\u0440\u0440\u0435\u0430\u043b\u0438\u0437\u044a\u043c \u043e\u0442 30-\u0442\u0435 \u0433\u043e\u0434\u0438\u043d\u0438. \u0421\u0442\u0440\u0443\u043a\u0442\u0443\u0440\u0430 \u043d\u0430 \u043f\u043e\u0435\u0442\u0438\u0447\u0435\u0441\u043a\u0430\u0442\u0430 \u043e\u0431\u0440\u0430\u0437\u043d\u043e\u0441\u0442.]<\/a> \/\/ <em>\u0421\u043b\u0430\u0432\u044f\u043d\u0441\u043a\u0438 \u0434\u0438\u0430\u043b\u043e\u0437\u0438<\/em>, I, 2004, 2\/3, 237-240.<\/p>\n\n\n\n<p><\/p>","protected":false},"excerpt":{"rendered":"\u0414\u043e\u0446. \u0434-\u0440 \u0410\u043d\u0438 \u0411\u0423\u0420\u041e\u0412\u0410 (ani_burova@yahoo.com) \u0435 \u043f\u0440\u0435\u043f\u043e\u0434\u0430\u0432\u0430\u0442\u0435\u043b \u043f\u043e \u0438\u0441\u0442\u043e\u0440\u0438\u044f \u043d\u0430 \u0447\u0435\u0448\u043a\u0430\u0442\u0430 \u043b\u0438\u0442\u0435\u0440\u0430\u0442\u0443\u0440\u0430 \u0438 \u043f\u043e \u0438\u0441\u0442\u043e\u0440\u0438\u044f \u043d\u0430 \u0441\u043b\u0430\u0432\u044f\u043d\u0441\u043a\u0438\u0442\u0435 \u043b\u0438\u0442\u0435\u0440\u0430\u0442\u0443\u0440\u0438 \u0432 \u041a\u0430\u0442\u0435\u0434\u0440\u0430\u0442\u0430 \u043f\u043e \u0441\u043b\u0430\u0432\u044f\u043d\u0441\u043a\u0438 \u043b\u0438\u0442\u0435\u0440\u0430\u0442\u0443\u0440\u0438 &nbsp;\u043d\u0430 &nbsp;\u0421\u0423 &nbsp;\u201e\u0421\u0432. &nbsp;\u041a\u043b\u0438\u043c\u0435\u043d\u0442 &nbsp;\u041e\u0445\u0440\u0438\u0434\u0441\u043a\u0438\u201c. &nbsp;\u041e\u0441\u043d\u043e\u0432\u043d\u0438\u0442\u0435&nbsp; \u045d&nbsp; \u043d\u0430\u0443\u0447\u043d\u0438 &nbsp;\u0438\u043d\u0442\u0435\u0440\u0435\u0441\u0438 &nbsp;\u0441\u0430 \u0441\u0432\u044a\u0440\u0437\u0430\u043d\u0438 \u0441 \u043d\u043e\u0432\u0430\u0442\u0430 \u0438 \u0441\u044a\u0432\u0440\u0435\u043c\u0435\u043d\u043d\u0430\u0442\u0430 \u043b\u0438\u0442\u0435\u0440\u0430\u0442\u0443\u0440\u0430 \u0438 \u0441\u0440\u0430\u0432\u043d\u0438\u0442\u0435\u043b\u043d\u0430\u0442\u0430 \u043b\u0438\u0442\u0435\u0440\u0430\u0442\u0443\u0440\u043d\u0430 \u0438\u0441\u0442\u043e\u0440\u0438\u044f. \u0410\u0432\u0442\u043e\u0440 \u0435 \u043d\u0430 \u0434\u0438\u0441\u0435\u0440\u0442\u0430\u0446\u0438\u044f \u0432\u044a\u0440\u0445\u0443 \u043b\u0438\u0442\u0435\u0440\u0430\u0442\u0443\u0440\u0430\u0442\u0430 \u043d\u0430 \u0447\u0435\u0448\u043a\u0438\u044f \u043c\u043e\u0434\u0435\u0440\u043d\u0438\u0437\u044a\u043c, \u043a\u0430\u043a\u0442\u043e \u0438 \u043d\u0430 [&hellip;]","protected":false},"author":348,"featured_media":0,"parent":1597,"menu_order":0,"comment_status":"closed","ping_status":"closed","template":"","meta":{"_acf_changed":false,"footnotes":""},"class_list":["post-5179","page","type-page","status-publish","hentry"],"acf":[],"_links":{"self":[{"href":"https:\/\/dialozi.uni-plovdiv.bg\/index.php?rest_route=\/wp\/v2\/pages\/5179","targetHints":{"allow":["GET"]}}],"collection":[{"href":"https:\/\/dialozi.uni-plovdiv.bg\/index.php?rest_route=\/wp\/v2\/pages"}],"about":[{"href":"https:\/\/dialozi.uni-plovdiv.bg\/index.php?rest_route=\/wp\/v2\/types\/page"}],"author":[{"embeddable":true,"href":"https:\/\/dialozi.uni-plovdiv.bg\/index.php?rest_route=\/wp\/v2\/users\/348"}],"replies":[{"embeddable":true,"href":"https:\/\/dialozi.uni-plovdiv.bg\/index.php?rest_route=%2Fwp%2Fv2%2Fcomments&post=5179"}],"version-history":[{"count":10,"href":"https:\/\/dialozi.uni-plovdiv.bg\/index.php?rest_route=\/wp\/v2\/pages\/5179\/revisions"}],"predecessor-version":[{"id":11853,"href":"https:\/\/dialozi.uni-plovdiv.bg\/index.php?rest_route=\/wp\/v2\/pages\/5179\/revisions\/11853"}],"up":[{"embeddable":true,"href":"https:\/\/dialozi.uni-plovdiv.bg\/index.php?rest_route=\/wp\/v2\/pages\/1597"}],"wp:attachment":[{"href":"https:\/\/dialozi.uni-plovdiv.bg\/index.php?rest_route=%2Fwp%2Fv2%2Fmedia&parent=5179"}],"curies":[{"name":"wp","href":"https:\/\/api.w.org\/{rel}","templated":true}]}}