{"id":5181,"date":"2021-03-12T17:28:45","date_gmt":"2021-03-12T15:28:45","guid":{"rendered":"https:\/\/dialozi.uni-plovdiv.bg\/?page_id=5181"},"modified":"2021-06-09T15:24:29","modified_gmt":"2021-06-09T13:24:29","slug":"%d0%bc%d0%b0%d1%80%d1%82%d0%b8%d0%bd%d0%b0-%d0%b1%d0%b5%d1%87%d0%b2%d0%b0%d1%80%d0%b6%d0%be%d0%b2%d0%b0","status":"publish","type":"page","link":"https:\/\/dialozi.uni-plovdiv.bg\/?page_id=5181","title":{"rendered":"\u041c\u0430\u0440\u0442\u0438\u043d\u0430 \u0411\u0435\u0447\u0432\u0430\u0440\u0436\u043e\u0432\u0430"},"content":{"rendered":"<p><strong>\u041c\u0430\u0440\u0442\u0438\u043d\u0430 \u0411\u0435\u0447\u0432\u0430\u0440\u0436\u043e\u0432\u0430 <\/strong>\u0435 \u0434\u043e\u0446\u0435\u043d\u0442 \u0434\u043e\u043a\u0442\u043e\u0440, \u0441\u043f\u0435\u0446\u0438\u0430\u043b\u0438\u0441\u0442 \u043f\u043e \u0438\u0441\u0442\u043e\u0440\u0438\u044f \u043d\u0430 \u043c\u0430\u0442\u0435\u043c\u0430\u0442\u0438\u043a\u0430\u0442\u0430 (\u043b\u0438\u043d\u0435\u0439\u043d\u0430 \u0430\u043b\u0433\u0435\u0431\u0440\u0430, \u0447\u0435\u0448\u043a\u0430 \u043c\u0430\u0442\u0435\u043c\u0430\u0442\u0438\u043a\u0430 \u043d\u0430 \u0425\u0406\u0425 \u0432.). \u041f\u0440\u0435\u043f\u043e\u0434\u0430\u0432\u0430\u0442\u0435\u043b \u043a\u044a\u043c \u041a\u0430\u0442\u0435\u0434\u0440\u0430\u0442\u0430 \u043f\u043e \u043f\u0440\u0438\u043b\u043e\u0436\u043d\u0430 \u043c\u0430\u0442\u0435\u043c\u0430\u0442\u0438\u043a\u0430 \u0432 \u0422\u0440\u0430\u043d\u0441\u043f\u043e\u0440\u0442\u043d\u0438\u044f \u0444\u0430\u043a\u0443\u043b\u0442\u0435\u0442 \u043d\u0430 \u0427\u0435\u0448\u043a\u043e\u0442\u043e \u0432\u0438\u0441\u0448\u0435 \u0442\u0435\u0445\u043d\u0438\u0447\u0435\u0441\u043a\u043e \u0443\u0447\u0438\u043b\u0438\u0449\u0435 \u0432 \u041f\u0440\u0430\u0433\u0430 (\u010cesk\u00e9 vysok\u00e9 u\u010den\u00ed technick\u00e9).<br \/>\u0410\u0432\u0442\u043e\u0440 \u0435 \u043d\u0430 \u043c\u043e\u043d\u043e\u0433\u0440\u0430\u0444\u0438\u0438, \u043f\u043e\u0441\u0432\u0435\u0442\u0435\u043d\u0438 \u043d\u0430 \u0424\u0440\u0430\u043d\u0442\u0438\u0448\u0435\u043a \u0419\u043e\u0437\u0435\u0444 \u0421\u0442\u0443\u0434\u043d\u0438\u0447\u043a\u0430 (<em>Franti\u0161\u0435k Josef Studni\u010dk\u0430; 1836<\/em>\u2013<em>1903<\/em>, 1998), \u043d\u0430 \u0415\u0432\u043a\u043b\u0438\u0434\u043e\u0432\u043e\u0442\u043e \u0443\u0447\u0435\u043d\u0438\u0435 \u0438 \u043d\u0435\u0433\u043e\u0432\u0438\u0442\u0435 \u043f\u0440\u0435\u0432\u043e\u0434\u0438 (<em>Euklidovy Z\u00e1klady, jejich vyd\u00e1n\u00ed a p\u0159eklady<\/em>, 2002), \u043d\u0430 \u043c\u0430\u0442\u0435\u043c\u0430\u0442\u0438\u0446\u0438\u0442\u0435 \u043e\u0442 \u0434\u0440\u0435\u0432\u043d\u043e\u0441\u0442\u0442\u0430 (<em>Matematika ve starov\u011bku. Egypt a Mezopot\u00e1mie<\/em>, 2003), \u043d\u0430 \u0447\u0435\u0448\u043a\u0430\u0442\u0430 \u043c\u0430\u0442\u0435\u043c\u0430\u0442\u0438\u0447\u0435\u0441\u043a\u0430 \u043e\u0431\u0449\u043d\u043e\u0441\u0442 \u043f\u0440\u0435\u0437 \u043f\u0435\u0440\u0438\u043e\u0434\u0430 1848\u20131918 \u0433. (<em>\u010cesk\u00e1 matematick\u00e1 komunita v letech 1848 \u2013 1918<\/em>, 2008), \u043d\u0430 \u0447\u0435\u0448\u043a\u0438\u0442\u0435 \u043c\u0430\u0442\u0435\u043c\u0430\u0442\u0438\u0446\u0438 \u0432 \u0411\u044a\u043b\u0433\u0430\u0440\u0438\u044f (<em>\u010cesk\u00e9 ko\u0159eny bulharsk\u00e9 matemati- ky<\/em>, 2009) \u0438 \u0434\u0440.<br \/>E-mail: <a href=\"mailto:becvamar@fd.cvut.cz\">becvamar@fd.cvut.cz<\/a><\/p>\n<h3>\u0421\u0442\u0430\u0442\u0438\u0438<\/h3>\n<p><a href=\"https:\/\/dialozi.uni-plovdiv.bg\/?p=5539\">\u0424\u0440\u0430\u043d\u0442\u0438\u0448\u043a\u0430 \u0421\u0435\u043d\u043b\u0435\u0440\u043e\u0432\u0430-\u0428\u043e\u0443\u0440\u0435\u043a\u043e\u0432\u0430 (1844\u20131919) | \u0421\u043b\u0430\u0432\u044f\u043d\u0441\u043a\u0438 \u0434\u0438\u0430\u043b\u043e\u0437\u0438 (uni-plovdiv.bg)<\/a><\/p>\n\n\n<p><\/p>\n","protected":false},"excerpt":{"rendered":"\u041c\u0430\u0440\u0442\u0438\u043d\u0430 \u0411\u0435\u0447\u0432\u0430\u0440\u0436\u043e\u0432\u0430 \u0435 \u0434\u043e\u0446\u0435\u043d\u0442 \u0434\u043e\u043a\u0442\u043e\u0440, \u0441\u043f\u0435\u0446\u0438\u0430\u043b\u0438\u0441\u0442 \u043f\u043e \u0438\u0441\u0442\u043e\u0440\u0438\u044f \u043d\u0430 \u043c\u0430\u0442\u0435\u043c\u0430\u0442\u0438\u043a\u0430\u0442\u0430 (\u043b\u0438\u043d\u0435\u0439\u043d\u0430 \u0430\u043b\u0433\u0435\u0431\u0440\u0430, \u0447\u0435\u0448\u043a\u0430 \u043c\u0430\u0442\u0435\u043c\u0430\u0442\u0438\u043a\u0430 \u043d\u0430 \u0425\u0406\u0425 \u0432.). \u041f\u0440\u0435\u043f\u043e\u0434\u0430\u0432\u0430\u0442\u0435\u043b \u043a\u044a\u043c \u041a\u0430\u0442\u0435\u0434\u0440\u0430\u0442\u0430 \u043f\u043e \u043f\u0440\u0438\u043b\u043e\u0436\u043d\u0430 \u043c\u0430\u0442\u0435\u043c\u0430\u0442\u0438\u043a\u0430 \u0432 \u0422\u0440\u0430\u043d\u0441\u043f\u043e\u0440\u0442\u043d\u0438\u044f \u0444\u0430\u043a\u0443\u043b\u0442\u0435\u0442 \u043d\u0430 \u0427\u0435\u0448\u043a\u043e\u0442\u043e \u0432\u0438\u0441\u0448\u0435 \u0442\u0435\u0445\u043d\u0438\u0447\u0435\u0441\u043a\u043e \u0443\u0447\u0438\u043b\u0438\u0449\u0435 \u0432 \u041f\u0440\u0430\u0433\u0430 (\u010cesk\u00e9 vysok\u00e9 u\u010den\u00ed technick\u00e9).\u0410\u0432\u0442\u043e\u0440 \u0435 \u043d\u0430 \u043c\u043e\u043d\u043e\u0433\u0440\u0430\u0444\u0438\u0438, \u043f\u043e\u0441\u0432\u0435\u0442\u0435\u043d\u0438 \u043d\u0430 \u0424\u0440\u0430\u043d\u0442\u0438\u0448\u0435\u043a \u0419\u043e\u0437\u0435\u0444 \u0421\u0442\u0443\u0434\u043d\u0438\u0447\u043a\u0430 (Franti\u0161\u0435k Josef Studni\u010dk\u0430; 1836\u20131903, 1998), \u043d\u0430 \u0415\u0432\u043a\u043b\u0438\u0434\u043e\u0432\u043e\u0442\u043e \u0443\u0447\u0435\u043d\u0438\u0435 \u0438 \u043d\u0435\u0433\u043e\u0432\u0438\u0442\u0435 [&hellip;]","protected":false},"author":348,"featured_media":0,"parent":1597,"menu_order":0,"comment_status":"closed","ping_status":"closed","template":"","meta":{"_acf_changed":false,"footnotes":""},"class_list":["post-5181","page","type-page","status-publish","hentry"],"acf":[],"_links":{"self":[{"href":"https:\/\/dialozi.uni-plovdiv.bg\/index.php?rest_route=\/wp\/v2\/pages\/5181","targetHints":{"allow":["GET"]}}],"collection":[{"href":"https:\/\/dialozi.uni-plovdiv.bg\/index.php?rest_route=\/wp\/v2\/pages"}],"about":[{"href":"https:\/\/dialozi.uni-plovdiv.bg\/index.php?rest_route=\/wp\/v2\/types\/page"}],"author":[{"embeddable":true,"href":"https:\/\/dialozi.uni-plovdiv.bg\/index.php?rest_route=\/wp\/v2\/users\/348"}],"replies":[{"embeddable":true,"href":"https:\/\/dialozi.uni-plovdiv.bg\/index.php?rest_route=%2Fwp%2Fv2%2Fcomments&post=5181"}],"version-history":[{"count":2,"href":"https:\/\/dialozi.uni-plovdiv.bg\/index.php?rest_route=\/wp\/v2\/pages\/5181\/revisions"}],"predecessor-version":[{"id":5842,"href":"https:\/\/dialozi.uni-plovdiv.bg\/index.php?rest_route=\/wp\/v2\/pages\/5181\/revisions\/5842"}],"up":[{"embeddable":true,"href":"https:\/\/dialozi.uni-plovdiv.bg\/index.php?rest_route=\/wp\/v2\/pages\/1597"}],"wp:attachment":[{"href":"https:\/\/dialozi.uni-plovdiv.bg\/index.php?rest_route=%2Fwp%2Fv2%2Fmedia&parent=5181"}],"curies":[{"name":"wp","href":"https:\/\/api.w.org\/{rel}","templated":true}]}}