{"id":5683,"date":"2021-06-05T14:02:55","date_gmt":"2021-06-05T12:02:55","guid":{"rendered":"https:\/\/dialozi.uni-plovdiv.bg\/?page_id=5683"},"modified":"2022-12-19T21:47:07","modified_gmt":"2022-12-19T19:47:07","slug":"%d0%ba%d0%bd%d0%b8%d0%b6%d0%ba%d0%b0-25-2020","status":"publish","type":"page","link":"https:\/\/dialozi.uni-plovdiv.bg\/?page_id=5683","title":{"rendered":"\u041a\u043d\u0438\u0436\u043a\u0430 25, 2020"},"content":{"rendered":"<div class=\"wp-block-media-text alignwide is-stacked-on-mobile is-vertically-aligned-bottom\"><figure class=\"wp-block-media-text__media\"><a href=\"https:\/\/dialozi.uni-plovdiv.bg\/wp-content\/uploads\/2021\/07\/Slavyanski_dialozi-kn.-25-2020.pdf\"><img loading=\"lazy\" decoding=\"async\" width=\"364\" height=\"500\" src=\"https:\/\/dialozi.uni-plovdiv.bg\/wp-content\/uploads\/2021\/07\/SD_25_cover-x500.jpg\" alt=\"\" class=\"wp-image-6780 size-full\" srcset=\"https:\/\/dialozi.uni-plovdiv.bg\/wp-content\/uploads\/2021\/07\/SD_25_cover-x500.jpg 364w, https:\/\/dialozi.uni-plovdiv.bg\/wp-content\/uploads\/2021\/07\/SD_25_cover-x500-218x300.jpg 218w\" sizes=\"auto, (max-width: 364px) 100vw, 364px\" \/><\/a><\/figure><div class=\"wp-block-media-text__content\">\n<div class=\"wp-block-file\"><a id=\"wp-block-file--media-321e8a28-83e3-406c-9d3e-71b09f2faf84\" href=\"https:\/\/dialozi.uni-plovdiv.bg\/wp-content\/uploads\/2021\/12\/Slavyanski-dialozi_2020_25-2.pdf\" target=\"_blank\" rel=\"noreferrer noopener\">Slavyanski-dialozi_2020_25-2<\/a><a href=\"https:\/\/dialozi.uni-plovdiv.bg\/wp-content\/uploads\/2021\/12\/Slavyanski-dialozi_2020_25-2.pdf\" class=\"wp-block-file__button\" download aria-describedby=\"wp-block-file--media-321e8a28-83e3-406c-9d3e-71b09f2faf84\">\u0418\u0437\u0442\u0435\u0433\u043b\u044f\u043d\u0435<\/a><\/div>\n\n\n\n<h5 id=\"block-c6b2ddfb-e98d-4991-9591-d7a3e158427b\" class=\"block-editor-rich-text__editable block-editor-block-list__block wp-block is-selected wp-block-heading rich-text\" tabindex=\"0\" role=\"group\" aria-multiline=\"true\" aria-label=\"\u0411\u043b\u043e\u043a: \u0417\u0430\u0433\u043b\u0430\u0432\u0438\u0435\" data-block=\"c6b2ddfb-e98d-4991-9591-d7a3e158427b\" data-type=\"core\/heading\" data-title=\"\u0417\u0430\u0433\u043b\u0430\u0432\u0438\u0435\" contenteditable=\"true\">\u041d\u0430 \u043a\u043e\u0440\u0438\u0446\u0430\u0442\u0430:<br data-rich-text-line-break=\"true\">\u041a\u043e\u043d\u0441\u0442\u0430\u043d\u0442\u0438\u043d \u041a\u0430\u0447\u0435\u0432 (\u0421\u0435\u0432\u0435\u0440\u043d\u0430 \u041c\u0430\u043a\u0435\u0434\u043e\u043d\u0438\u044f, 1967)<br data-rich-text-line-break=\"true\"><em>\u0425\u043e\u0440\u043e\u0441\u043a\u043e\u043f,<\/em> 2004<\/em><\/h5>\n<\/div><\/div>\n\n\n<h4>\u00a0 \u041a\u0423\u041b\u0422\u0423\u0420\u041d\u0410 \u0418\u0421\u0422\u041e\u0420\u0418\u042f<\/h4>\n<p><strong><a href=\"https:\/\/dialozi.uni-plovdiv.bg\/?page_id=4739\">\u041a\u0440\u0430\u0441\u0438\u043c\u0438\u0440\u0430 \u041c\u0430\u0440\u0445\u043e\u043b\u0435\u0432\u0430<\/a> (\u041f\u0440\u0430\u0433\u0430)<\/strong> <br \/><a href=\"https:\/\/dialozi.uni-plovdiv.bg\/?p=6823\">\u0411\u044a\u043b\u0433\u0430\u0440\u0441\u043a\u0430\u0442\u0430 \u0438\u043d\u0442\u0435\u043b\u0438\u0433\u0435\u043d\u0446\u0438\u044f \u0432 \u0447\u0435\u0448\u043a\u0438\u0442\u0435 \u0437\u0435\u043c\u0438 \u0438 \u043d\u0430\u0447\u0430\u043b\u043e\u0442\u043e \u043d\u0430 \u0431\u044a\u043b\u0433\u0430\u0440\u043e-\u0447\u0435\u0448\u043a\u0438\u044f \u043c\u0435\u0436\u0434\u0443\u043a\u0443\u043b\u0442\u0443\u0440\u0435\u043d \u0434\u0438\u0430\u043b\u043e\u0433 (50 \u2013 70-\u0442\u0435 \u0433\u043e\u0434\u0438\u043d\u0438 \u043d\u0430 \u0425I\u0425 \u0432.)<\/a><\/p>\n<h4>\u00a0 \u0415\u0417\u0418\u041a\u041e\u0417\u041d\u0410\u041d\u0418\u0415<\/h4>\n<p><strong><a href=\"https:\/\/dialozi.uni-plovdiv.bg\/?page_id=15167\">\u041c\u0438\u0433\u043b\u0435\u043d\u0430 \u041c\u0438\u0445\u0430\u0439\u043b\u043e\u0432\u0430-\u041f\u0430\u043b\u0430\u043d\u0441\u043a\u0430<\/a> (\u0411\u0440\u0430\u0442\u0438\u0441\u043b\u0430\u0432\u0430 \u2013 \u0421\u043e\u0444\u0438\u044f)<\/strong><br \/><a href=\"https:\/\/dialozi.uni-plovdiv.bg\/?p=6825\">\u041e\u0431\u0440\u0430\u0437\u044a\u0442 \u043d\u0430 \u0437\u043c\u0438\u044f\u0442\u0430 \u0432 \u043a\u0443\u043b\u0442\u0443\u0440\u0430\u0442\u0430 \u0438 \u0435\u0437\u0438\u043a\u0430 \u043d\u0430 \u0431\u044a\u043b\u0433\u0430\u0440\u0438\u0442\u0435 \u0438 \u0441\u043b\u043e\u0432\u0430\u0446\u0438\u0442\u0435<\/a><\/p>\n<p><strong><a href=\"https:\/\/dialozi.uni-plovdiv.bg\/?page_id=15192\">\u041d\u0430\u0434\u0435\u0436\u0434\u0430 \u041d\u0438\u043a\u043e\u043b\u043e\u0432\u0430 (<\/a>\u0421\u043e\u0444\u0438\u044f)<\/strong> <br \/><a href=\"https:\/\/dialozi.uni-plovdiv.bg\/?p=6828\">\u041b\u0435\u0447\u0435\u0431\u043d\u0438 \u0440\u0430\u0441\u0442\u0435\u043d\u0438\u044f \u0432 <em>\u0415\u0442\u043d\u043e\u043b\u0438\u043d\u0433\u0432\u0438\u0441\u0442\u0438\u0447\u0435\u043d \u0440\u0435\u0447\u043d\u0438\u043a \u043d\u0430 \u0431\u044a\u043b\u0433\u0430\u0440\u0441\u043a\u0430\u0442\u0430 \u043d\u0430\u0440\u043e\u0434\u043d\u0430 \u043c\u0435\u0434\u0438\u0446\u0438\u043d\u0430<\/em> (\u043b\u0438\u043d\u0433\u0432\u043e\u043a\u0443\u043b\u0442\u0443\u0440\u043e\u043b\u043e\u0433\u0438\u0447\u0435\u043d \u0430\u043d\u0430\u043b\u0438\u0437)<\/a><\/p>\n<h4>\u00a0 \u041b\u0418\u0422\u0415\u0420\u0410\u0422\u0423\u0420\u041e\u0417\u041d\u0410\u041d\u0418\u0415<\/h4>\n<p><strong><a href=\"https:\/\/dialozi.uni-plovdiv.bg\/?page_id=4635\">\u041d\u0430\u0442\u0430\u043b\u0438\u044f \u041d\u044f\u0433\u043e\u043b\u043e\u0432\u0430<\/a> (\u0412\u0435\u043b\u0438\u043a\u043e \u0422\u044a\u0440\u043d\u043e\u0432\u043e)<\/strong><br \/><a href=\"https:\/\/dialozi.uni-plovdiv.bg\/?p=6833\">\u041a\u043e\u043d\u0446\u0435\u043f\u0442\u044a\u0442 \u201e\u0431\u0435\u0437\u0434\u043d\u0430\u201c \u0432 \u0434\u0440\u0430\u043c\u0430\u0442\u0443\u0440\u0433\u0438\u044f\u0442\u0430 \u043d\u0430 \u0410. \u041d. \u041e\u0441\u0442\u0440\u043e\u0432\u0441\u043a\u0438 \u0438 \u0411. \u041d\u0443\u0448\u0438\u0447 \u2013 <\/a><br \/>\u0445\u0443\u0434\u043e\u0436\u0435\u0441\u0442\u0432\u0435\u043d\u0430 \u0441\u0435\u043c\u0430\u043d\u0442\u0438\u043a\u0430 \u0438 \u0441\u043e\u0446\u0438\u043e\u043a\u0443\u043b\u0442\u0443\u0440\u0435\u043d \u043a\u043e\u043d\u0442\u0435\u043a\u0441\u0442<\/p>\n<p><strong><a href=\"https:\/\/dialozi.uni-plovdiv.bg\/?page_id=4498\">\u0414\u0430\u0432\u0438\u0434 \u041a\u0440\u043e\u0447\u0430<\/a> (\u0411\u044a\u0440\u043d\u043e)<\/strong><br \/><a href=\"https:\/\/dialozi.uni-plovdiv.bg\/?p=6840\">\u0422\u0435\u043c\u0430\u0442\u0438\u0437\u0430\u0446\u0438\u044f \u043d\u0430 \u0437\u0430\u0442\u0432\u043e\u0440\u0435\u043d\u043e\u0442\u043e \u043f\u0440\u043e\u0441\u0442\u0440\u0430\u043d\u0441\u0442\u0432\u043e <\/a><br \/>\u0432 \u0433\u0440\u043e\u0442\u0435\u0441\u043a\u043e\u0432\u0438\u0442\u0435 \u043f\u0438\u0435\u0441\u0438 \u043d\u0430 \u043f\u0440\u0430\u0436\u043a\u0438\u044f \u0442\u0435\u0430\u0442\u044a\u0440 \u201e\u0427\u0438\u043d\u043e\u0445\u0435\u0440\u043d\u0438 \u043a\u043b\u0443\u0431\u201c<em><br \/><\/em>\u041f\u0440\u0435\u0432\u043e\u0434 \u043e\u0442 \u0447\u0435\u0448\u043a\u0438: <a href=\"https:\/\/dialozi.uni-plovdiv.bg\/?page_id=4819\">\u0420\u043e\u0441\u0438\u043d\u0430 \u041a\u043e\u043a\u0443\u0434\u0435\u0432\u0430<\/a><\/p>\n<h4>\u00a0 \u041d\u041e\u0412\u0418 \u041f\u0420\u0415\u0412\u041e\u0414\u0418<\/h4>\n<p><strong>\u0425\u0435\u043d\u0440\u0438\u043a \u0421\u0435\u043d\u043a\u0435\u0432\u0438\u0447<\/strong><em><br \/><\/em><a href=\"https:\/\/dialozi.uni-plovdiv.bg\/?p=6843\">\u0417\u0430 \u0438\u0441\u0442\u043e\u0440\u0438\u0447\u0435\u0441\u043a\u0438\u044f \u0440\u043e\u043c\u0430\u043d<\/a><em><br \/><\/em>\u041f\u0440\u0435\u0432\u043e\u0434 \u043e\u0442 \u043f\u043e\u043b\u0441\u043a\u0438: <a href=\"https:\/\/dialozi.uni-plovdiv.bg\/?page_id=15180\">\u041a\u0440\u0438\u0441\u0442\u0438\u044f\u043d \u042f\u043d\u0435\u0432<\/a><\/p>\n<p><strong>\u0411\u043e\u0440\u0438\u0441\u0430\u0432 \u0421\u0442\u0430\u043d\u043a\u043e\u0432\u0438\u0447\u00a0<\/strong><br \/><a href=\"https:\/\/dialozi.uni-plovdiv.bg\/?p=6846\">\u0421\u0442\u0430\u0440\u0438\u0442\u0435 \u0432\u0440\u0435\u043c\u0435\u043d\u0430<\/a><br \/>\u041f\u0440\u0435\u0432\u043e\u0434 \u043e\u0442 \u0441\u0440\u044a\u0431\u0441\u043a\u0438: <a href=\"https:\/\/dialozi.uni-plovdiv.bg\/?page_id=4845\">\u0414\u0430\u0440\u0438\u043d\u0430 \u0414\u043e\u043d\u0447\u0435\u0432\u0430<\/a><\/p>\n<p><strong>\u0418\u0440\u0436\u0438 \u041f\u0430\u0434\u0435\u0432\u0435\u0442<\/strong> <br \/><a href=\"https:\/\/dialozi.uni-plovdiv.bg\/?p=6850\">\u0420\u0430\u0437\u043a\u0430\u0437\u0438<\/a><br \/>\u041f\u0440\u0435\u0432\u043e\u0434 \u043e\u0442 \u0447\u0435\u0448\u043a\u0438: <a href=\"https:\/\/dialozi.uni-plovdiv.bg\/?page_id=4574\">\u0411\u043e\u0440\u0438\u0441\u043b\u0430\u0432 \u0411\u043e\u0440\u0438\u0441\u043e\u0432<\/a><\/p>\n<p><strong>\u042e\u0440\u0438\u0439 \u0412\u0430\u0444\u0438\u043d\u00a0<\/strong><br \/><a href=\"https:\/\/dialozi.uni-plovdiv.bg\/?p=6853\">\u041f\u043e\u043b\u0438\u0442\u0438\u0447\u0435\u0441\u043a\u0430 \u0441\u0430\u0442\u0438\u0440\u0438\u0447\u043d\u0430 \u043f\u0438\u0435\u0441\u0430. \u0414\u0430 \u0441\u0435 \u0447\u0435\u0442\u0435 \u043e\u0442 \u043d\u0430\u0432\u044a\u0440\u0448\u0438\u043b\u0438\u0442\u0435 26 \u0433\u043e\u0434\u0438\u043d\u0438<\/a><br \/>\u041f\u0440\u0435\u0432\u043e\u0434 \u043e\u0442 \u0440\u0443\u0441\u043a\u0438: <a href=\"https:\/\/dialozi.uni-plovdiv.bg\/?page_id=4544\">\u0418\u043b\u043e\u043d\u043a\u0430 \u0413\u0435\u043e\u0440\u0433\u0438\u0435\u0432\u0430<\/a><\/p>\n<p><strong>\u0413\u0435\u043d\u0430\u0434\u0438\u0439 \u041d. \u0410\u0439\u0433\u0438\u00a0<\/strong><br \/><a href=\"https:\/\/dialozi.uni-plovdiv.bg\/?p=6853\">\u0421\u0442\u0438\u0445\u043e\u0442\u0432\u043e\u0440\u0435\u043d\u0438\u044f<\/a><br \/>\u041f\u0440\u0435\u0432\u043e\u0434 \u043e\u0442 \u0440\u0443\u0441\u043a\u0438: <a href=\"https:\/\/dialozi.uni-plovdiv.bg\/?page_id=4614\">\u041d\u0430\u0442\u0430\u043b\u0438\u044f \u0425\u0440\u0438\u0441\u0442\u043e\u0432\u0430<\/a><\/p>\n<p><strong>\u041c\u0430\u0440\u0438\u044f \u0414\u0435\u044f\u043d\u043e\u0432\u0438\u0447\u00a0<\/strong><br \/><a href=\"https:\/\/dialozi.uni-plovdiv.bg\/?p=6860\">\u0421\u0442\u0438\u0445\u043e\u0442\u0432\u043e\u0440\u0435\u043d\u0438\u044f<\/a><br \/>\u041f\u0440\u0435\u0432\u043e\u0434 \u043e\u0442 \u0445\u044a\u0440\u0432\u0430\u0442\u0441\u043a\u0438: <a href=\"https:\/\/dialozi.uni-plovdiv.bg\/?page_id=4737\">\u041b\u044e\u0434\u043c\u0438\u043b\u0430 \u041c\u0438\u043d\u0434\u043e\u0432\u0430<\/a><\/p>\n<h4>\u00a0 \u0415\u0422\u0410\u0416\u0415\u0420\u041a\u0410<\/h4>\n<p><a href=\"https:\/\/dialozi.uni-plovdiv.bg\/?p=6863\"><strong>\u0410\u043b\u0435\u043a\u0441\u0430\u043d\u0434\u044a\u0440 \u041f\u0443\u0448\u043a\u0438\u043d.<\/strong> \u0414\u0440\u0430\u043c\u0430\u0442\u0443\u0440\u0433\u0438\u044f. \u0422\u0435\u0430\u0442\u0440\u0430\u043b\u043d\u0430 \u0435\u0441\u0442\u0435\u0442\u0438\u043a\u0430.<br \/><\/a>\u0421\u044a\u0441\u0442\u0430\u0432\u0438\u0442\u0435\u043b\u0441\u0442\u0432\u043e, \u043f\u0440\u0435\u0434\u0433\u043e\u0432\u043e\u0440, \u043a\u043e\u043c\u0435\u043d\u0442\u0430\u0440\u0435\u043d \u0430\u043f\u0430\u0440\u0430\u0442 \u0438 \u043f\u0440\u0435\u0432\u043e\u0434 <br \/>\u043e\u0442 \u0440\u0443\u0441\u043a\u0438: \u041b\u044e\u0434\u043c\u0438\u043b \u0414\u0438\u043c\u0438\u0442\u0440\u043e\u0432 <br \/>(<a href=\"https:\/\/dialozi.uni-plovdiv.bg\/?page_id=4608\">\u041d\u0438\u043a\u043e\u043b\u0430\u0439 \u041d\u0435\u0439\u0447\u0435\u0432<\/a>)<\/p>\n<p><a href=\"https:\/\/dialozi.uni-plovdiv.bg\/?p=6881\"><strong>\u0420\u0443\u043c\u044f\u043d\u0430 \u0415\u0432\u0442\u0438\u043c\u043e\u0432\u0430.<\/strong> \u0420\u0435\u0446\u0435\u043f\u0446\u0438\u0438 \u0438 \u0440\u0435\u0444\u043b\u0435\u043a\u0441\u0438\u0438 (\u0420\u0443\u0441\u043a\u0430 \u043b\u0438\u0442\u0435\u0440\u0430\u0442\u0443\u0440\u0430 \u0425\u0425 \u0432\u0435\u043a)<\/a> <br \/>(<a href=\"https:\/\/dialozi.uni-plovdiv.bg\/?page_id=11981\">\u0417\u043e\u044f \u0418\u0432\u0430\u043d\u043e\u0432\u0430<\/a>)<\/p>\n<p><a href=\"https:\/\/dialozi.uni-plovdiv.bg\/?p=6889\"><strong>Karel Hynek M\u00e1cha<\/strong>. M\u00e1j. Nov\u00e9 edi\u010dn\u00ed zpracov\u00e1n\u00ed<\/a> <br \/><a href=\"https:\/\/dialozi.uni-plovdiv.bg\/?page_id=4623\">(\u0416\u043e\u0440\u0436\u0435\u0442\u0430 \u0427\u043e\u043b\u0430\u043a\u043e\u0432\u0430)<\/a><\/p>\n<h4><a href=\"https:\/\/dialozi.uni-plovdiv.bg\/?p=6893\">\u00a0 \u0410\u0412\u0422\u041e\u0420\u0418, \u041f\u0420\u0415\u0412\u041e\u0414\u0410\u0427\u0418, \u0420\u0415\u0414\u0410\u041a\u0422\u041e\u0420\u0418<\/a><\/h4>\n<h4><a href=\"https:\/\/dialozi.uni-plovdiv.bg\/?p=6896\">\u00a0 \u0421\u0422\u0410\u041d\u0414\u0410\u0420\u0422 \u0417\u0410 \u041e\u0424\u041e\u0420\u041c\u042f\u041d\u0415 \u041d\u0410 \u0422\u0415\u041a\u0421\u0422\u041e\u0412\u0415\u0422\u0415<\/a><\/h4>\n<h4><\/h4>\n\n\n<p><\/p>","protected":false},"excerpt":{"rendered":"\u00a0 \u041a\u0423\u041b\u0422\u0423\u0420\u041d\u0410 \u0418\u0421\u0422\u041e\u0420\u0418\u042f \u041a\u0440\u0430\u0441\u0438\u043c\u0438\u0440\u0430 \u041c\u0430\u0440\u0445\u043e\u043b\u0435\u0432\u0430 (\u041f\u0440\u0430\u0433\u0430) \u0411\u044a\u043b\u0433\u0430\u0440\u0441\u043a\u0430\u0442\u0430 \u0438\u043d\u0442\u0435\u043b\u0438\u0433\u0435\u043d\u0446\u0438\u044f \u0432 \u0447\u0435\u0448\u043a\u0438\u0442\u0435 \u0437\u0435\u043c\u0438 \u0438 \u043d\u0430\u0447\u0430\u043b\u043e\u0442\u043e \u043d\u0430 \u0431\u044a\u043b\u0433\u0430\u0440\u043e-\u0447\u0435\u0448\u043a\u0438\u044f \u043c\u0435\u0436\u0434\u0443\u043a\u0443\u043b\u0442\u0443\u0440\u0435\u043d \u0434\u0438\u0430\u043b\u043e\u0433 (50 \u2013 70-\u0442\u0435 \u0433\u043e\u0434\u0438\u043d\u0438 \u043d\u0430 \u0425I\u0425 \u0432.) \u00a0 \u0415\u0417\u0418\u041a\u041e\u0417\u041d\u0410\u041d\u0418\u0415 \u041c\u0438\u0433\u043b\u0435\u043d\u0430 \u041c\u0438\u0445\u0430\u0439\u043b\u043e\u0432\u0430-\u041f\u0430\u043b\u0430\u043d\u0441\u043a\u0430 (\u0411\u0440\u0430\u0442\u0438\u0441\u043b\u0430\u0432\u0430 \u2013 \u0421\u043e\u0444\u0438\u044f)\u041e\u0431\u0440\u0430\u0437\u044a\u0442 \u043d\u0430 \u0437\u043c\u0438\u044f\u0442\u0430 \u0432 \u043a\u0443\u043b\u0442\u0443\u0440\u0430\u0442\u0430 \u0438 \u0435\u0437\u0438\u043a\u0430 \u043d\u0430 \u0431\u044a\u043b\u0433\u0430\u0440\u0438\u0442\u0435 \u0438 \u0441\u043b\u043e\u0432\u0430\u0446\u0438\u0442\u0435 \u041d\u0430\u0434\u0435\u0436\u0434\u0430 \u041d\u0438\u043a\u043e\u043b\u043e\u0432\u0430 (\u0421\u043e\u0444\u0438\u044f) \u041b\u0435\u0447\u0435\u0431\u043d\u0438 \u0440\u0430\u0441\u0442\u0435\u043d\u0438\u044f \u0432 \u0415\u0442\u043d\u043e\u043b\u0438\u043d\u0433\u0432\u0438\u0441\u0442\u0438\u0447\u0435\u043d \u0440\u0435\u0447\u043d\u0438\u043a \u043d\u0430 \u0431\u044a\u043b\u0433\u0430\u0440\u0441\u043a\u0430\u0442\u0430 \u043d\u0430\u0440\u043e\u0434\u043d\u0430 \u043c\u0435\u0434\u0438\u0446\u0438\u043d\u0430 (\u043b\u0438\u043d\u0433\u0432\u043e\u043a\u0443\u043b\u0442\u0443\u0440\u043e\u043b\u043e\u0433\u0438\u0447\u0435\u043d \u0430\u043d\u0430\u043b\u0438\u0437) [&hellip;]","protected":false},"author":348,"featured_media":0,"parent":27,"menu_order":25,"comment_status":"closed","ping_status":"closed","template":"","meta":{"_acf_changed":false,"footnotes":""},"class_list":["post-5683","page","type-page","status-publish","hentry"],"acf":[],"_links":{"self":[{"href":"https:\/\/dialozi.uni-plovdiv.bg\/index.php?rest_route=\/wp\/v2\/pages\/5683","targetHints":{"allow":["GET"]}}],"collection":[{"href":"https:\/\/dialozi.uni-plovdiv.bg\/index.php?rest_route=\/wp\/v2\/pages"}],"about":[{"href":"https:\/\/dialozi.uni-plovdiv.bg\/index.php?rest_route=\/wp\/v2\/types\/page"}],"author":[{"embeddable":true,"href":"https:\/\/dialozi.uni-plovdiv.bg\/index.php?rest_route=\/wp\/v2\/users\/348"}],"replies":[{"embeddable":true,"href":"https:\/\/dialozi.uni-plovdiv.bg\/index.php?rest_route=%2Fwp%2Fv2%2Fcomments&post=5683"}],"version-history":[{"count":84,"href":"https:\/\/dialozi.uni-plovdiv.bg\/index.php?rest_route=\/wp\/v2\/pages\/5683\/revisions"}],"predecessor-version":[{"id":15214,"href":"https:\/\/dialozi.uni-plovdiv.bg\/index.php?rest_route=\/wp\/v2\/pages\/5683\/revisions\/15214"}],"up":[{"embeddable":true,"href":"https:\/\/dialozi.uni-plovdiv.bg\/index.php?rest_route=\/wp\/v2\/pages\/27"}],"wp:attachment":[{"href":"https:\/\/dialozi.uni-plovdiv.bg\/index.php?rest_route=%2Fwp%2Fv2%2Fmedia&parent=5683"}],"curies":[{"name":"wp","href":"https:\/\/api.w.org\/{rel}","templated":true}]}}